{"id":906,"date":"2015-11-29T17:08:01","date_gmt":"2015-11-29T16:08:01","guid":{"rendered":"http:\/\/serveiseducatius.xtec.cat\/se-noubarris\/?page_id=906"},"modified":"2023-11-20T18:43:59","modified_gmt":"2023-11-20T17:43:59","slug":"recursos","status":"publish","type":"page","link":"https:\/\/serveiseducatius.xtec.cat\/noubarris\/recursos\/","title":{"rendered":"Recursos i materials en pr\u00e9stec"},"content":{"rendered":"<div class=\"article-content\" style=\"padding-left: 30px;\">\n<p><img loading=\"lazy\" decoding=\"async\" class=\"alignleft wp-image-4499 size-full\" src=\"https:\/\/serveiseducatius.xtec.cat\/noubarris\/wp-content\/uploads\/usu786\/2019\/09\/maletes-pedag\u00f2giques.jpg\" alt=\"\" width=\"218\" height=\"231\" \/><\/p>\n<ul>\n<li>Assessorament sobre recursos documentals i tecnol\u00f2gics.<\/li>\n<li>Pr\u00e9stec de materials educatius i d\u2019equipament tecnol\u00f2gic.<\/li>\n<li>Actualitzaci\u00f3 dels recursos disponibles en el CRP a partir de les demandes del \u00a0 professorat i de les\u00a0 prioritats educatives.<\/li>\n<li>Atenci\u00f3 personalitzada a les consultes del professorat.<\/li>\n<li>Recull i difusi\u00f3 a trav\u00e9s de la p\u00e0gina web i blocs espec\u00edfics: activitats, recursos i novetats.<\/li>\n<\/ul>\n<p>M\u00e9s informaci\u00f3: <a href=\"https:\/\/serveiseducatius.xtec.cat\/noubarris\/prestec\/\">enlla\u00e7 pagina informaci\u00f3 del Pr\u00e9stec\u00a0<\/a><\/p>\n<hr \/>\n<p>&nbsp;<\/p>\n<\/div>\n<div class=\"article-content\">\n<p>&nbsp;<\/p>\n<\/div>\n","protected":false},"excerpt":{"rendered":"<p>Assessorament sobre recursos documentals i tecnol\u00f2gics. Pr\u00e9stec de materials educatius i d\u2019equipament tecnol\u00f2gic. Actualitzaci\u00f3 dels recursos disponibles en el CRP a partir de les demandes del \u00a0 professorat i de les\u00a0 prioritats educatives. Atenci\u00f3 personalitzada a les consultes del professorat. Recull i difusi\u00f3 a trav\u00e9s de la p\u00e0gina web i blocs espec\u00edfics: activitats, recursos i [&hellip;]<\/p>\n","protected":false},"author":1,"featured_media":0,"parent":0,"menu_order":0,"comment_status":"closed","ping_status":"closed","template":"","meta":{"_bbp_topic_count":0,"_bbp_reply_count":0,"_bbp_total_topic_count":0,"_bbp_total_reply_count":0,"_bbp_voice_count":0,"_bbp_anonymous_reply_count":0,"_bbp_topic_count_hidden":0,"_bbp_reply_count_hidden":0,"_bbp_forum_subforum_count":0,"site-sidebar-layout":"default","site-content-layout":"","ast-site-content-layout":"","site-content-style":"default","site-sidebar-style":"default","ast-global-header-display":"","ast-banner-title-visibility":"","ast-main-header-display":"","ast-hfb-above-header-display":"","ast-hfb-below-header-display":"","ast-hfb-mobile-header-display":"","site-post-title":"","ast-breadcrumbs-content":"","ast-featured-img":"","footer-sml-layout":"","theme-transparent-header-meta":"","adv-header-id-meta":"","stick-header-meta":"","header-above-stick-meta":"","header-main-stick-meta":"","header-below-stick-meta":"","astra-migrate-meta-layouts":"default","ast-page-background-enabled":"default","ast-page-background-meta":{"desktop":{"background-color":"var(--ast-global-color-4)","background-image":"","background-repeat":"repeat","background-position":"center center","background-size":"auto","background-attachment":"scroll","background-type":"","background-media":"","overlay-type":"","overlay-color":"","overlay-opacity":"","overlay-gradient":""},"tablet":{"background-color":"","background-image":"","background-repeat":"repeat","background-position":"center center","background-size":"auto","background-attachment":"scroll","background-type":"","background-media":"","overlay-type":"","overlay-color":"","overlay-opacity":"","overlay-gradient":""},"mobile":{"background-color":"","background-image":"","background-repeat":"repeat","background-position":"center center","background-size":"auto","background-attachment":"scroll","background-type":"","background-media":"","overlay-type":"","overlay-color":"","overlay-opacity":"","overlay-gradient":""}},"ast-content-background-meta":{"desktop":{"background-color":"var(--ast-global-color-5)","background-image":"","background-repeat":"repeat","background-position":"center center","background-size":"auto","background-attachment":"scroll","background-type":"","background-media":"","overlay-type":"","overlay-color":"","overlay-opacity":"","overlay-gradient":""},"tablet":{"background-color":"var(--ast-global-color-5)","background-image":"","background-repeat":"repeat","background-position":"center center","background-size":"auto","background-attachment":"scroll","background-type":"","background-media":"","overlay-type":"","overlay-color":"","overlay-opacity":"","overlay-gradient":""},"mobile":{"background-color":"var(--ast-global-color-5)","background-image":"","background-repeat":"repeat","background-position":"center center","background-size":"auto","background-attachment":"scroll","background-type":"","background-media":"","overlay-type":"","overlay-color":"","overlay-opacity":"","overlay-gradient":""}},"footnotes":""},"class_list":["post-906","page","type-page","status-publish","hentry"],"post_mailing_queue_ids":[],"_links":{"self":[{"href":"https:\/\/serveiseducatius.xtec.cat\/noubarris\/wp-json\/wp\/v2\/pages\/906","targetHints":{"allow":["GET"]}}],"collection":[{"href":"https:\/\/serveiseducatius.xtec.cat\/noubarris\/wp-json\/wp\/v2\/pages"}],"about":[{"href":"https:\/\/serveiseducatius.xtec.cat\/noubarris\/wp-json\/wp\/v2\/types\/page"}],"author":[{"embeddable":true,"href":"https:\/\/serveiseducatius.xtec.cat\/noubarris\/wp-json\/wp\/v2\/users\/1"}],"replies":[{"embeddable":true,"href":"https:\/\/serveiseducatius.xtec.cat\/noubarris\/wp-json\/wp\/v2\/comments?post=906"}],"version-history":[{"count":5,"href":"https:\/\/serveiseducatius.xtec.cat\/noubarris\/wp-json\/wp\/v2\/pages\/906\/revisions"}],"predecessor-version":[{"id":6907,"href":"https:\/\/serveiseducatius.xtec.cat\/noubarris\/wp-json\/wp\/v2\/pages\/906\/revisions\/6907"}],"wp:attachment":[{"href":"https:\/\/serveiseducatius.xtec.cat\/noubarris\/wp-json\/wp\/v2\/media?parent=906"}],"curies":[{"name":"wp","href":"https:\/\/api.w.org\/{rel}","templated":true}]}}