{"id":608,"date":"2015-11-27T10:04:51","date_gmt":"2015-11-27T09:04:51","guid":{"rendered":"http:\/\/serveiseducatius.xtec.cat\/se-noubarris\/?page_id=608"},"modified":"2025-09-05T13:53:03","modified_gmt":"2025-09-05T11:53:03","slug":"horari-i-calendari","status":"publish","type":"page","link":"https:\/\/serveiseducatius.xtec.cat\/noubarris\/el-servei-educatiu\/horari-i-calendari\/","title":{"rendered":"Horari i calendari"},"content":{"rendered":"<h3><strong>Horari curs 2025-2026<\/strong><\/h3>\n<p>De dilluns a dijous (atenci\u00f3 al p\u00fablic):<\/p>\n<ul>\n<li>Mat\u00ed: de<strong> 9<\/strong> a <strong>14 <\/strong>h<\/li>\n<li>Tarda: de<strong> 15<\/strong> a <strong>18<\/strong> h<\/li>\n<\/ul>\n<p>Divendres de<strong> <span class=\"Estilo8\">9 <\/span><\/strong><span class=\"Estilo8\">a <\/span><span class=\"Estilo8\"><strong>14 <\/strong>h.\u00a0<\/span><\/p>\n<p>Horari intensiu, de <strong>8.30<\/strong> a <strong>14.30<\/strong> h:<\/p>\n<ul>\n<li>Del 1 al 5 de setembre de 2025.<\/li>\n<li style=\"font-weight: 400;\" aria-level=\"1\"><span style=\"font-weight: 400;\">Del 8 de juny al 15 de juliol de 2026.<\/span><\/li>\n<\/ul>\n<p>El\u00a0 servei educatiu romandr\u00e0 tancat al p\u00fablic, a part dels per\u00edodes de vacances escolars i dels dies de festes laborals oficials a Catalunya, els seg\u00fcents <strong>dies de lliure disposici\u00f3<\/strong>, acordats pel Consell Escolar Municipal.<\/p>\n<ul>\n<li><strong>1r trimestre: <span style=\"font-weight: 400;\">Divendres 10 d\u2019octubre de 2025 i dilluns 3 de novembre de 2025<\/span><\/strong><\/li>\n<li><strong>2n trimestre: <span style=\"font-weight: 400;\">Dilluns 16 de febrer de 2026\u00a0<\/span><\/strong><\/li>\n<li><strong>3r trimestre: <\/strong><span style=\"font-weight: 400;\">Divendres 22 de maig de 2026<\/span><\/li>\n<li><strong>Festes locals: <\/strong>Dimecres 24 de setembre de 2025 i dilluns 25 de maig de 2026<\/li>\n<\/ul>\n<p><span style=\"font-weight: 400;\"><strong>Vacances Nadal:<\/strong> del 20 de desembre de 2025 al 7 de gener de 2026 (ambd\u00f3s inclosos)<\/span><\/p>\n<p><span style=\"font-weight: 400;\"><strong>Vacances Setmana Santa:<\/strong> del 28 de mar\u00e7 al 6 d&#8217;abril de 2026 (ambd\u00f3s inclosos)<\/span><\/p>\n<p><span style=\"font-weight: 400;\"><strong>Vacances d\u2019estiu<\/strong>: del 16 de juliol al 31 d\u2019agost de 2026 (ambd\u00f3s inclosos)<\/span><\/p>\n<hr \/>\n","protected":false},"excerpt":{"rendered":"<p>Horari curs 2025-2026 De dilluns a dijous (atenci\u00f3 al p\u00fablic): Mat\u00ed: de 9 a 14 h Tarda: de 15 a 18 h Divendres de 9 a 14 h.\u00a0 Horari intensiu, de 8.30 a 14.30 h: Del 1 al 5 de setembre de 2025. Del 8 de juny al 15 de juliol de 2026. El\u00a0 servei [&hellip;]<\/p>\n","protected":false},"author":1,"featured_media":0,"parent":806,"menu_order":30,"comment_status":"closed","ping_status":"closed","template":"","meta":{"_bbp_topic_count":0,"_bbp_reply_count":0,"_bbp_total_topic_count":0,"_bbp_total_reply_count":0,"_bbp_voice_count":0,"_bbp_anonymous_reply_count":0,"_bbp_topic_count_hidden":0,"_bbp_reply_count_hidden":0,"_bbp_forum_subforum_count":0,"site-sidebar-layout":"default","site-content-layout":"","ast-site-content-layout":"default","site-content-style":"default","site-sidebar-style":"default","ast-global-header-display":"","ast-banner-title-visibility":"","ast-main-header-display":"","ast-hfb-above-header-display":"","ast-hfb-below-header-display":"","ast-hfb-mobile-header-display":"","site-post-title":"","ast-breadcrumbs-content":"","ast-featured-img":"","footer-sml-layout":"","theme-transparent-header-meta":"","adv-header-id-meta":"","stick-header-meta":"","header-above-stick-meta":"","header-main-stick-meta":"","header-below-stick-meta":"","astra-migrate-meta-layouts":"set","ast-page-background-enabled":"default","ast-page-background-meta":{"desktop":{"background-color":"var(--ast-global-color-4)","background-image":"","background-repeat":"repeat","background-position":"center center","background-size":"auto","background-attachment":"scroll","background-type":"","background-media":"","overlay-type":"","overlay-color":"","overlay-opacity":"","overlay-gradient":""},"tablet":{"background-color":"","background-image":"","background-repeat":"repeat","background-position":"center center","background-size":"auto","background-attachment":"scroll","background-type":"","background-media":"","overlay-type":"","overlay-color":"","overlay-opacity":"","overlay-gradient":""},"mobile":{"background-color":"","background-image":"","background-repeat":"repeat","background-position":"center center","background-size":"auto","background-attachment":"scroll","background-type":"","background-media":"","overlay-type":"","overlay-color":"","overlay-opacity":"","overlay-gradient":""}},"ast-content-background-meta":{"desktop":{"background-color":"var(--ast-global-color-5)","background-image":"","background-repeat":"repeat","background-position":"center center","background-size":"auto","background-attachment":"scroll","background-type":"","background-media":"","overlay-type":"","overlay-color":"","overlay-opacity":"","overlay-gradient":""},"tablet":{"background-color":"var(--ast-global-color-5)","background-image":"","background-repeat":"repeat","background-position":"center center","background-size":"auto","background-attachment":"scroll","background-type":"","background-media":"","overlay-type":"","overlay-color":"","overlay-opacity":"","overlay-gradient":""},"mobile":{"background-color":"var(--ast-global-color-5)","background-image":"","background-repeat":"repeat","background-position":"center center","background-size":"auto","background-attachment":"scroll","background-type":"","background-media":"","overlay-type":"","overlay-color":"","overlay-opacity":"","overlay-gradient":""}},"footnotes":""},"class_list":["post-608","page","type-page","status-publish","hentry"],"post_mailing_queue_ids":[],"_links":{"self":[{"href":"https:\/\/serveiseducatius.xtec.cat\/noubarris\/wp-json\/wp\/v2\/pages\/608","targetHints":{"allow":["GET"]}}],"collection":[{"href":"https:\/\/serveiseducatius.xtec.cat\/noubarris\/wp-json\/wp\/v2\/pages"}],"about":[{"href":"https:\/\/serveiseducatius.xtec.cat\/noubarris\/wp-json\/wp\/v2\/types\/page"}],"author":[{"embeddable":true,"href":"https:\/\/serveiseducatius.xtec.cat\/noubarris\/wp-json\/wp\/v2\/users\/1"}],"replies":[{"embeddable":true,"href":"https:\/\/serveiseducatius.xtec.cat\/noubarris\/wp-json\/wp\/v2\/comments?post=608"}],"version-history":[{"count":4,"href":"https:\/\/serveiseducatius.xtec.cat\/noubarris\/wp-json\/wp\/v2\/pages\/608\/revisions"}],"predecessor-version":[{"id":8129,"href":"https:\/\/serveiseducatius.xtec.cat\/noubarris\/wp-json\/wp\/v2\/pages\/608\/revisions\/8129"}],"up":[{"embeddable":true,"href":"https:\/\/serveiseducatius.xtec.cat\/noubarris\/wp-json\/wp\/v2\/pages\/806"}],"wp:attachment":[{"href":"https:\/\/serveiseducatius.xtec.cat\/noubarris\/wp-json\/wp\/v2\/media?parent=608"}],"curies":[{"name":"wp","href":"https:\/\/api.w.org\/{rel}","templated":true}]}}