{"id":5739,"date":"2021-09-28T10:58:44","date_gmt":"2021-09-28T08:58:44","guid":{"rendered":"https:\/\/serveiseducatius.xtec.cat\/noubarris\/?page_id=5739"},"modified":"2026-01-29T12:04:19","modified_gmt":"2026-01-29T11:04:19","slug":"prestec","status":"publish","type":"page","link":"https:\/\/serveiseducatius.xtec.cat\/noubarris\/prestec\/","title":{"rendered":""},"content":{"rendered":"\n<p class=\"has-ast-global-color-1-color has-text-color has-link-color has-large-font-size wp-elements-63c76239ff99b286b3e7709ca31e81c8\">Pr\u00e9stec 2025-2026<\/p>\n\n\n<p><strong>Ja podeu realitzar les sol\u00b7licituds de gesti\u00f3 de materials en pr\u00e9stec.<\/strong><\/p>\n<p><span style=\"color: #000000;\"><strong>Instruccions per a fer una sol\u00b7licitud de pr\u00e9stec:<\/strong> <\/span><span style=\"color: #ff6600;\"><strong><a href=\"http:\/\/presteccrpbcn.cat\/documents\/filmacions_doc\/GestioPrestecsTU\/GestioPrestecsTU.mp4\">mireu aquest v\u00eddeo<\/a><\/strong>.<\/span><\/p>\n<p><a href=\"https:\/\/presteccrpbcn.cat\/prestecs_peticio.php?codi_crp=CEB08\"><img loading=\"lazy\" decoding=\"async\" class=\"aligncenter size-full wp-image-5747\" src=\"https:\/\/serveiseducatius.xtec.cat\/noubarris\/wp-content\/uploads\/usu786\/2021\/09\/Menu-aplicacio.png\" alt=\"\" width=\"714\" height=\"469\" srcset=\"https:\/\/serveiseducatius.xtec.cat\/noubarris\/wp-content\/uploads\/usu786\/2021\/09\/Menu-aplicacio.png 714w, https:\/\/serveiseducatius.xtec.cat\/noubarris\/wp-content\/uploads\/usu786\/2021\/09\/Menu-aplicacio-300x197.png 300w\" sizes=\"auto, (max-width: 714px) 100vw, 714px\" \/><\/a><\/p>\n<p>Els terminis de pr\u00e9stec pels <span style=\"text-decoration: underline;\">materials de<strong> TAC i les maletes pedag\u00f2giques<\/strong><\/span> tenen unes dates concretes per trimestres:<\/p>\n<p style=\"padding-left: 40px;\"><strong>1T:\u00a0 primer per\u00edode\u00a0 01\/10\/25\u00a0 al\u00a0 07\/11\/25\u00a0 \u00a0 \u00a0 \u00a0 \u00a0 \u00a0 \u00a0 \u00a0 \u00a0 \u00a0 segon per\u00edode\u00a0 \u00a0 \u00a0 \u00a0 12\/11\/25\u00a0 \u00a0al\u00a0 \u00a015\/12\/25<\/strong><\/p>\n<p style=\"padding-left: 40px;\"><strong>2T: primer per\u00edode\u00a0 12\/01\/26 al\u00a0 16\/02\/26\u00a0 \u00a0 \u00a0 \u00a0 \u00a0 \u00a0 \u00a0 \u00a0 \u00a0 \u00a0 \u00a0 \u00a0 segon per\u00edode\u00a0 \u00a0 \u00a0 \u00a0 \u00a019\/02\/26 al 26\/03\/26<\/strong><\/p>\n<p style=\"padding-left: 40px;\"><strong>3T: primer per\u00edode\u00a0 \u00a008\/04\/26 al 16\/05\/26\u00a0 \u00a0 \u00a0 \u00a0 \u00a0 \u00a0 \u00a0 \u00a0 \u00a0 \u00a0 \u00a0 \u00a0 segon per\u00edode\u00a0 \u00a0 \u00a0 \u00a018\/05\/26\u00a0 al 19\/06\/26<\/strong><\/p>\n<p>Us recordem que un cop finalitzat\u00a0 el pr\u00e9stec del material TAC us enviem un formulari que ens heu de respondre adjuntant un document amb la valoraci\u00f3 de l&#8217;\u00fas i on ens expliqueu la implementaci\u00f3 d&#8217;activitats que heu realitzat a les aules.<\/p>\n<hr \/>\n<p>La <span style=\"text-decoration: underline;\"><strong>resta de recursos<\/strong><\/span> es poden demanar per un per\u00edode m\u00e0xim d&#8217;un trimestre.<\/p>\n<hr \/>\n<p>En cas que vulgueu <span style=\"color: #3366ff;\"><strong>prorrogar el pr\u00e9stec<\/strong><\/span> del material que ja teniu haureu de tornar a fer la sol\u00b7licitud a trav\u00e9s de l&#8217;aplicaci\u00f3 i, en cas que hi hagi dates lliures, us el tornarem a assignar.<\/p>\n<p>Per contactar amb nosaltres, per resoldre dubtes o fer-nos consultes: enviar un correu electr\u00f2nic a <a href=\"mailto:crp-noubarris@xtec.cat\">crp-noubarris@xtec.cat<\/a><\/p>\n<hr \/>\n<p><span style=\"color: #ff0000;\">Us informem que, en cas de perdre o retornar en mal estat algun dels materials prestats, ser\u00e0 el centre l&#8217;encarregat de reposar-lo per tal que un altre centre en pugui gaudir m\u00e9s endavant.<\/span><\/p>\n\n\n<p><\/p>\n","protected":false},"excerpt":{"rendered":"<p>Pr\u00e9stec 2025-2026 Ja podeu realitzar les sol\u00b7licituds de gesti\u00f3 de materials en pr\u00e9stec. Instruccions per a fer una sol\u00b7licitud de pr\u00e9stec: mireu aquest v\u00eddeo. Els terminis de pr\u00e9stec pels materials de TAC i les maletes pedag\u00f2giques tenen unes dates concretes per trimestres: 1T:\u00a0 primer per\u00edode\u00a0 01\/10\/25\u00a0 al\u00a0 07\/11\/25\u00a0 \u00a0 \u00a0 \u00a0 \u00a0 \u00a0 \u00a0 \u00a0 [&hellip;]<\/p>\n","protected":false},"author":1,"featured_media":0,"parent":0,"menu_order":0,"comment_status":"closed","ping_status":"closed","template":"","meta":{"_bbp_topic_count":0,"_bbp_reply_count":0,"_bbp_total_topic_count":0,"_bbp_total_reply_count":0,"_bbp_voice_count":0,"_bbp_anonymous_reply_count":0,"_bbp_topic_count_hidden":0,"_bbp_reply_count_hidden":0,"_bbp_forum_subforum_count":0,"site-sidebar-layout":"default","site-content-layout":"","ast-site-content-layout":"default","site-content-style":"default","site-sidebar-style":"default","ast-global-header-display":"","ast-banner-title-visibility":"","ast-main-header-display":"","ast-hfb-above-header-display":"","ast-hfb-below-header-display":"","ast-hfb-mobile-header-display":"","site-post-title":"","ast-breadcrumbs-content":"","ast-featured-img":"","footer-sml-layout":"","theme-transparent-header-meta":"","adv-header-id-meta":"","stick-header-meta":"","header-above-stick-meta":"","header-main-stick-meta":"","header-below-stick-meta":"","astra-migrate-meta-layouts":"set","ast-page-background-enabled":"default","ast-page-background-meta":{"desktop":{"background-color":"var(--ast-global-color-4)","background-image":"","background-repeat":"repeat","background-position":"center center","background-size":"auto","background-attachment":"scroll","background-type":"","background-media":"","overlay-type":"","overlay-color":"","overlay-opacity":"","overlay-gradient":""},"tablet":{"background-color":"","background-image":"","background-repeat":"repeat","background-position":"center center","background-size":"auto","background-attachment":"scroll","background-type":"","background-media":"","overlay-type":"","overlay-color":"","overlay-opacity":"","overlay-gradient":""},"mobile":{"background-color":"","background-image":"","background-repeat":"repeat","background-position":"center center","background-size":"auto","background-attachment":"scroll","background-type":"","background-media":"","overlay-type":"","overlay-color":"","overlay-opacity":"","overlay-gradient":""}},"ast-content-background-meta":{"desktop":{"background-color":"var(--ast-global-color-5)","background-image":"","background-repeat":"repeat","background-position":"center center","background-size":"auto","background-attachment":"scroll","background-type":"","background-media":"","overlay-type":"","overlay-color":"","overlay-opacity":"","overlay-gradient":""},"tablet":{"background-color":"var(--ast-global-color-5)","background-image":"","background-repeat":"repeat","background-position":"center center","background-size":"auto","background-attachment":"scroll","background-type":"","background-media":"","overlay-type":"","overlay-color":"","overlay-opacity":"","overlay-gradient":""},"mobile":{"background-color":"var(--ast-global-color-5)","background-image":"","background-repeat":"repeat","background-position":"center center","background-size":"auto","background-attachment":"scroll","background-type":"","background-media":"","overlay-type":"","overlay-color":"","overlay-opacity":"","overlay-gradient":""}},"footnotes":""},"class_list":["post-5739","page","type-page","status-publish","hentry"],"post_mailing_queue_ids":[],"_links":{"self":[{"href":"https:\/\/serveiseducatius.xtec.cat\/noubarris\/wp-json\/wp\/v2\/pages\/5739","targetHints":{"allow":["GET"]}}],"collection":[{"href":"https:\/\/serveiseducatius.xtec.cat\/noubarris\/wp-json\/wp\/v2\/pages"}],"about":[{"href":"https:\/\/serveiseducatius.xtec.cat\/noubarris\/wp-json\/wp\/v2\/types\/page"}],"author":[{"embeddable":true,"href":"https:\/\/serveiseducatius.xtec.cat\/noubarris\/wp-json\/wp\/v2\/users\/1"}],"replies":[{"embeddable":true,"href":"https:\/\/serveiseducatius.xtec.cat\/noubarris\/wp-json\/wp\/v2\/comments?post=5739"}],"version-history":[{"count":6,"href":"https:\/\/serveiseducatius.xtec.cat\/noubarris\/wp-json\/wp\/v2\/pages\/5739\/revisions"}],"predecessor-version":[{"id":8470,"href":"https:\/\/serveiseducatius.xtec.cat\/noubarris\/wp-json\/wp\/v2\/pages\/5739\/revisions\/8470"}],"wp:attachment":[{"href":"https:\/\/serveiseducatius.xtec.cat\/noubarris\/wp-json\/wp\/v2\/media?parent=5739"}],"curies":[{"name":"wp","href":"https:\/\/api.w.org\/{rel}","templated":true}]}}