{"id":4605,"date":"2019-10-09T16:26:06","date_gmt":"2019-10-09T14:26:06","guid":{"rendered":"http:\/\/serveiseducatius.xtec.cat\/noubarris\/?page_id=4605"},"modified":"2023-03-06T13:03:12","modified_gmt":"2023-03-06T12:03:12","slug":"recursos-externs","status":"publish","type":"page","link":"https:\/\/serveiseducatius.xtec.cat\/noubarris\/recursos-externs\/","title":{"rendered":"Recursos externs"},"content":{"rendered":"<p>Aqu\u00ed podeu trobar recursos en pr\u00e9stec d&#8217;altres entitats externes que us poden resultar d&#8217;utilitat.<br \/>\nUs facilitem l&#8217;enlla\u00e7 a l&#8217;entitat corresponent per tal que us pugueu posar en contacte directament.<\/p>\n<p><strong>Maletes pedag\u00f2giques:<\/strong><\/p>\n<ul>\n<li><a href=\"https:\/\/www.mmb.cat\/aprendre\/museu-i-escola\/\">Museu Mar\u00edtim de Barcelona: caixes did\u00e0ctiques<\/a><\/li>\n<li><a href=\"https:\/\/www.parcnaturalcollserola.cat\/can-coll-centre-deducacio-ambiental\/\">Centre d&#8217;educaci\u00f3 ambiental Can Coll: <\/a><a href=\"https:\/\/www.parcnaturalcollserola.cat\/cdre-2\/\">recursos educatius.<\/a><\/li>\n<li><a href=\"http:\/\/espaiorigens.es\/\">Espai Or\u00edgens:<\/a> <a href=\"http:\/\/espaiorigens.es\/maletes-didactiques\/\">La prehist\u00f2ria a classe!<\/a> (pr\u00e9stec amb cost).<\/li>\n<li><a href=\"https:\/\/serveiseducatius.xtec.cat\/cesire\/prestec\/\">CESIRE<\/a>: Materials en pr\u00e9stec, materials amb propostes did\u00e0ctiques&#8230;<\/li>\n<li><a href=\"https:\/\/cdmt.cat\/publics-activitats\/escoles\/tallers\/\">Museu t\u00e8xtil de Terrassa: un recurs per als centres educatius<\/a><\/li>\n<li>Espai docent de la <a href=\"https:\/\/www.filmoteca.cat\/web\/ca\">Biblioteca de cinema la Filmoteca<\/a>:\n<ul>\n<li style=\"list-style-type: none;\">\n<ul>\n<li><a href=\"https:\/\/www.filmoteca.cat\/web\/ca\/dossiers-didactics\">Dossiers did\u00e0ctics<\/a><\/li>\n<li><a href=\"https:\/\/www.filmoteca.cat\/web\/ca\/article\/maletes-didactiques\">Maletes did\u00e0ctiques<\/a><\/li>\n<li><a href=\"https:\/\/www.filmoteca.cat\/web\/ca\/article\/asessorament-en-treballs-de-recerca\">Servei d&#8217;Assessorament per a Treballs de Recerca\u00a0<\/a><\/li>\n<\/ul>\n<\/li>\n<\/ul>\n<\/li>\n<li>Oficina d&#8217;Afers Religiosos (Barcelona): <a href=\"https:\/\/ajuntament.barcelona.cat\/oficina-afers-religiosos\/ca\/educacio-i-activitats-pedagogiques\">Maleta viatgera &#8220;Coneix les religions&#8221;<\/a><\/li>\n<\/ul>\n<p><strong>Educaci\u00f3 F\u00edsica:<\/strong><\/p>\n<ul>\n<li>Esports Diputaci\u00f3 de Barcelona: <a href=\"https:\/\/www.diba.cat\/web\/esports\/prestec-de-material\">material esportiu i jocs<\/a><\/li>\n<li>Ludoteca La Guineu: <a href=\"http:\/\/www.ludoteques.cat\/ca\/ludoteques\/guineu.html\">joguines i jocs<\/a><\/li>\n<\/ul>\n<p><strong>Educaci\u00f3 Visual i Pl\u00e0stica \/ Art:<\/strong><\/p>\n<ul>\n<li>Museus del m\u00f3n: <a href=\"https:\/\/www.illa.cat\/museus\">col\u00b7leccions en l\u00ednia<\/a><\/li>\n<\/ul>\n<p><strong>Dansa:<\/strong><\/p>\n<ul>\n<li><a href=\"https:\/\/mercatflors.cat\/eines-i-recursos-2019-20\/\">Eines i recursos Mercat de Les Flors-Casa de la Dansa<\/a>\n<ul>\n<li><a href=\"https:\/\/mercatflors.cat\/maleta-didactica\/\">Maleta did\u00e0ctica Dan Dan Dansa <\/a>(tamb\u00e9 amb <a href=\"https:\/\/mercatflors.cat\/maleta-didactica-versio-online\/\">versi\u00f3 online<\/a>)<\/li>\n<li><a href=\"https:\/\/mercatflors.cat\/map-to-the-stars-red\/\">Map to Stars<\/a> (app)<\/li>\n<li>La motxilla de la Mogut (contactar amb <a href=\"mailto:educatius@mercatflors.cat\">educatius@mercatflors.cat<\/a>)<\/li>\n<\/ul>\n<\/li>\n<\/ul>\n<p><strong>Material audiovisual i altres:<\/strong><\/p>\n<ul>\n<li><a href=\"https:\/\/lafontana.org\/serveis-2\/craj\/\">CRAJ-Espai Jove La Fontana<\/a>: <a href=\"http:\/\/crajbcn.cat\/cessio-de-material\/\">lloguer de material AV i d&#8217;altres<\/a><\/li>\n<\/ul>\n<hr \/>\n<p>&nbsp;<\/p>\n","protected":false},"excerpt":{"rendered":"<p>Aqu\u00ed podeu trobar recursos en pr\u00e9stec d&#8217;altres entitats externes que us poden resultar d&#8217;utilitat. Us facilitem l&#8217;enlla\u00e7 a l&#8217;entitat corresponent per tal que us pugueu posar en contacte directament. Maletes pedag\u00f2giques: Museu Mar\u00edtim de Barcelona: caixes did\u00e0ctiques Centre d&#8217;educaci\u00f3 ambiental Can Coll: recursos educatius. Espai Or\u00edgens: La prehist\u00f2ria a classe! (pr\u00e9stec amb cost). CESIRE: Materials [&hellip;]<\/p>\n","protected":false},"author":1,"featured_media":0,"parent":0,"menu_order":0,"comment_status":"closed","ping_status":"closed","template":"","meta":{"_bbp_topic_count":0,"_bbp_reply_count":0,"_bbp_total_topic_count":0,"_bbp_total_reply_count":0,"_bbp_voice_count":0,"_bbp_anonymous_reply_count":0,"_bbp_topic_count_hidden":0,"_bbp_reply_count_hidden":0,"_bbp_forum_subforum_count":0,"site-sidebar-layout":"default","site-content-layout":"","ast-site-content-layout":"","site-content-style":"default","site-sidebar-style":"default","ast-global-header-display":"","ast-banner-title-visibility":"","ast-main-header-display":"","ast-hfb-above-header-display":"","ast-hfb-below-header-display":"","ast-hfb-mobile-header-display":"","site-post-title":"","ast-breadcrumbs-content":"","ast-featured-img":"","footer-sml-layout":"","theme-transparent-header-meta":"","adv-header-id-meta":"","stick-header-meta":"","header-above-stick-meta":"","header-main-stick-meta":"","header-below-stick-meta":"","astra-migrate-meta-layouts":"default","ast-page-background-enabled":"default","ast-page-background-meta":{"desktop":{"background-color":"var(--ast-global-color-4)","background-image":"","background-repeat":"repeat","background-position":"center center","background-size":"auto","background-attachment":"scroll","background-type":"","background-media":"","overlay-type":"","overlay-color":"","overlay-opacity":"","overlay-gradient":""},"tablet":{"background-color":"","background-image":"","background-repeat":"repeat","background-position":"center center","background-size":"auto","background-attachment":"scroll","background-type":"","background-media":"","overlay-type":"","overlay-color":"","overlay-opacity":"","overlay-gradient":""},"mobile":{"background-color":"","background-image":"","background-repeat":"repeat","background-position":"center center","background-size":"auto","background-attachment":"scroll","background-type":"","background-media":"","overlay-type":"","overlay-color":"","overlay-opacity":"","overlay-gradient":""}},"ast-content-background-meta":{"desktop":{"background-color":"var(--ast-global-color-5)","background-image":"","background-repeat":"repeat","background-position":"center center","background-size":"auto","background-attachment":"scroll","background-type":"","background-media":"","overlay-type":"","overlay-color":"","overlay-opacity":"","overlay-gradient":""},"tablet":{"background-color":"var(--ast-global-color-5)","background-image":"","background-repeat":"repeat","background-position":"center center","background-size":"auto","background-attachment":"scroll","background-type":"","background-media":"","overlay-type":"","overlay-color":"","overlay-opacity":"","overlay-gradient":""},"mobile":{"background-color":"var(--ast-global-color-5)","background-image":"","background-repeat":"repeat","background-position":"center center","background-size":"auto","background-attachment":"scroll","background-type":"","background-media":"","overlay-type":"","overlay-color":"","overlay-opacity":"","overlay-gradient":""}},"footnotes":""},"class_list":["post-4605","page","type-page","status-publish","hentry"],"post_mailing_queue_ids":[],"_links":{"self":[{"href":"https:\/\/serveiseducatius.xtec.cat\/noubarris\/wp-json\/wp\/v2\/pages\/4605","targetHints":{"allow":["GET"]}}],"collection":[{"href":"https:\/\/serveiseducatius.xtec.cat\/noubarris\/wp-json\/wp\/v2\/pages"}],"about":[{"href":"https:\/\/serveiseducatius.xtec.cat\/noubarris\/wp-json\/wp\/v2\/types\/page"}],"author":[{"embeddable":true,"href":"https:\/\/serveiseducatius.xtec.cat\/noubarris\/wp-json\/wp\/v2\/users\/1"}],"replies":[{"embeddable":true,"href":"https:\/\/serveiseducatius.xtec.cat\/noubarris\/wp-json\/wp\/v2\/comments?post=4605"}],"version-history":[{"count":4,"href":"https:\/\/serveiseducatius.xtec.cat\/noubarris\/wp-json\/wp\/v2\/pages\/4605\/revisions"}],"predecessor-version":[{"id":5528,"href":"https:\/\/serveiseducatius.xtec.cat\/noubarris\/wp-json\/wp\/v2\/pages\/4605\/revisions\/5528"}],"wp:attachment":[{"href":"https:\/\/serveiseducatius.xtec.cat\/noubarris\/wp-json\/wp\/v2\/media?parent=4605"}],"curies":[{"name":"wp","href":"https:\/\/api.w.org\/{rel}","templated":true}]}}