{"id":4422,"date":"2019-06-20T14:18:49","date_gmt":"2019-06-20T12:18:49","guid":{"rendered":"http:\/\/serveiseducatius.xtec.cat\/noubarris\/?page_id=4422"},"modified":"2019-09-06T14:05:46","modified_gmt":"2019-09-06T12:05:46","slug":"ateneus-de-fabricacio-a-nou-barris","status":"publish","type":"page","link":"https:\/\/serveiseducatius.xtec.cat\/noubarris\/ateneus-de-fabricacio-a-nou-barris\/","title":{"rendered":"Ateneus de Fabricaci\u00f3 a Nou Barris"},"content":{"rendered":"<p><img loading=\"lazy\" decoding=\"async\" class=\" wp-image-4423 alignleft\" src=\"https:\/\/serveiseducatius.xtec.cat\/noubarris\/wp-content\/uploads\/usu786\/2019\/06\/ateneus-de-fabricaci\u00f3.jpg\" alt=\"\" width=\"249\" height=\"249\" srcset=\"https:\/\/serveiseducatius.xtec.cat\/noubarris\/wp-content\/uploads\/usu786\/2019\/06\/ateneus-de-fabricaci\u00f3.jpg 225w, https:\/\/serveiseducatius.xtec.cat\/noubarris\/wp-content\/uploads\/usu786\/2019\/06\/ateneus-de-fabricaci\u00f3-150x150.jpg 150w\" sizes=\"auto, (max-width: 249px) 100vw, 249px\" \/><\/p>\n<p>En el Districte de Nou Barris es situen 2 Ateneus de Fabricaci\u00f3:<\/p>\n<ol>\n<li><a href=\"https:\/\/guia.barcelona.cat\/es\/detall\/ateneu-de-fabricacio-ciutat-meridiana_99400364619.html\">Ateneu de Fabricaci\u00f3 de Zona Nord (Ciutat Meridiana)<\/a> Contacte:<br \/>\n<h6 class=\"iw\"><a href=\"mailto:ateneufcm2@gmail.com\" target=\"_blank\" rel=\"noopener noreferrer\">ateneufcm2@gmail.com<\/a><\/h6>\n<\/li>\n<li style=\"text-align: left;\"><a href=\"https:\/\/ajuntament.barcelona.cat\/noubarris\/ca\/noticia\/neix-lateneu-de-fabricacio-digital-del-parc-tecnologic-de-barcelona-activa_813702\">Ateneu de Fabricaci\u00f3 Parc Tecnol\u00f2gic de Nou Barris<\/a> (des de febrer 2019). Aquest ateneu t\u00e9 un programa d&#8217;activitats pedag\u00f2giques. Contacte: <a href=\"mailto:adfparctecnologic@barcelonactiva.cat\" target=\"_blank\" rel=\"noopener noreferrer\">adfparctecnologic@<wbr \/>barcelonactiva.cat<\/a><\/li>\n<\/ol>\n<p>Els ateneus desenvolupen tres programes formatius: el pedag\u00f2gic (adre\u00e7at a estudiants i professors de prim\u00e0ria i secund\u00e0ria); el d\u2019innovaci\u00f3 social (per a persones amb un projecte per impulsar) i el de fam\u00edlies.<\/p>\n<p>Els ateneus de Fabricaci\u00f3 s\u00f3n espais de cocreaci\u00f3 i aprenentatge on la ciutadania, les organitzacions, les universitats i les empreses amb esperit innovador, poden fer realitzat els seus projectes de fabricaci\u00f3 i disseny. Els Ateneus faciliten l&#8217;acc\u00e9s a la tecnologia digital.<\/p>\n<p>Informaci\u00f3 Ateneus de Fabricaci\u00f3 a Barcelona: <a href=\"https:\/\/ajuntament.barcelona.cat\/digital\/ca\/apoderament-digital\/educacio-i-capacitacio-digital\/ateneus-de-fabricacio\">https:\/\/ajuntament.barcelona.cat\/digital\/ca\/apoderament-digital\/educacio-i-capacitacio-digital\/ateneus-de-fabricacio<\/a>\u00a0 i <a href=\"http:\/\/ajuntament.barcelona.cat\/casalsgentgransantmarti\/ca\/noticia\/els-ateneus-de-fabricacio-una-nova-xarxa-despais-publics_68102\">http:\/\/ajuntament.barcelona.cat\/casalsgentgransantmarti\/ca\/noticia\/els-ateneus-de-fabricacio-una-nova-xarxa-despais-publics_68102<\/a><\/p>\n<p>&nbsp;<\/p>\n<p>&nbsp;<\/p>\n","protected":false},"excerpt":{"rendered":"<p>En el Districte de Nou Barris es situen 2 Ateneus de Fabricaci\u00f3: Ateneu de Fabricaci\u00f3 de Zona Nord (Ciutat Meridiana) Contacte: ateneufcm2@gmail.com Ateneu de Fabricaci\u00f3 Parc Tecnol\u00f2gic de Nou Barris (des de febrer 2019). Aquest ateneu t\u00e9 un programa d&#8217;activitats pedag\u00f2giques. Contacte: adfparctecnologic@barcelonactiva.cat Els ateneus desenvolupen tres programes formatius: el pedag\u00f2gic (adre\u00e7at a estudiants i [&hellip;]<\/p>\n","protected":false},"author":1,"featured_media":0,"parent":0,"menu_order":0,"comment_status":"closed","ping_status":"closed","template":"","meta":{"_bbp_topic_count":0,"_bbp_reply_count":0,"_bbp_total_topic_count":0,"_bbp_total_reply_count":0,"_bbp_voice_count":0,"_bbp_anonymous_reply_count":0,"_bbp_topic_count_hidden":0,"_bbp_reply_count_hidden":0,"_bbp_forum_subforum_count":0,"site-sidebar-layout":"default","site-content-layout":"","ast-site-content-layout":"","site-content-style":"default","site-sidebar-style":"default","ast-global-header-display":"","ast-banner-title-visibility":"","ast-main-header-display":"","ast-hfb-above-header-display":"","ast-hfb-below-header-display":"","ast-hfb-mobile-header-display":"","site-post-title":"","ast-breadcrumbs-content":"","ast-featured-img":"","footer-sml-layout":"","theme-transparent-header-meta":"","adv-header-id-meta":"","stick-header-meta":"","header-above-stick-meta":"","header-main-stick-meta":"","header-below-stick-meta":"","astra-migrate-meta-layouts":"default","ast-page-background-enabled":"default","ast-page-background-meta":{"desktop":{"background-color":"var(--ast-global-color-4)","background-image":"","background-repeat":"repeat","background-position":"center center","background-size":"auto","background-attachment":"scroll","background-type":"","background-media":"","overlay-type":"","overlay-color":"","overlay-opacity":"","overlay-gradient":""},"tablet":{"background-color":"","background-image":"","background-repeat":"repeat","background-position":"center center","background-size":"auto","background-attachment":"scroll","background-type":"","background-media":"","overlay-type":"","overlay-color":"","overlay-opacity":"","overlay-gradient":""},"mobile":{"background-color":"","background-image":"","background-repeat":"repeat","background-position":"center center","background-size":"auto","background-attachment":"scroll","background-type":"","background-media":"","overlay-type":"","overlay-color":"","overlay-opacity":"","overlay-gradient":""}},"ast-content-background-meta":{"desktop":{"background-color":"var(--ast-global-color-5)","background-image":"","background-repeat":"repeat","background-position":"center center","background-size":"auto","background-attachment":"scroll","background-type":"","background-media":"","overlay-type":"","overlay-color":"","overlay-opacity":"","overlay-gradient":""},"tablet":{"background-color":"var(--ast-global-color-5)","background-image":"","background-repeat":"repeat","background-position":"center center","background-size":"auto","background-attachment":"scroll","background-type":"","background-media":"","overlay-type":"","overlay-color":"","overlay-opacity":"","overlay-gradient":""},"mobile":{"background-color":"var(--ast-global-color-5)","background-image":"","background-repeat":"repeat","background-position":"center center","background-size":"auto","background-attachment":"scroll","background-type":"","background-media":"","overlay-type":"","overlay-color":"","overlay-opacity":"","overlay-gradient":""}},"footnotes":""},"class_list":["post-4422","page","type-page","status-publish","hentry"],"post_mailing_queue_ids":[],"_links":{"self":[{"href":"https:\/\/serveiseducatius.xtec.cat\/noubarris\/wp-json\/wp\/v2\/pages\/4422","targetHints":{"allow":["GET"]}}],"collection":[{"href":"https:\/\/serveiseducatius.xtec.cat\/noubarris\/wp-json\/wp\/v2\/pages"}],"about":[{"href":"https:\/\/serveiseducatius.xtec.cat\/noubarris\/wp-json\/wp\/v2\/types\/page"}],"author":[{"embeddable":true,"href":"https:\/\/serveiseducatius.xtec.cat\/noubarris\/wp-json\/wp\/v2\/users\/1"}],"replies":[{"embeddable":true,"href":"https:\/\/serveiseducatius.xtec.cat\/noubarris\/wp-json\/wp\/v2\/comments?post=4422"}],"version-history":[{"count":3,"href":"https:\/\/serveiseducatius.xtec.cat\/noubarris\/wp-json\/wp\/v2\/pages\/4422\/revisions"}],"predecessor-version":[{"id":4486,"href":"https:\/\/serveiseducatius.xtec.cat\/noubarris\/wp-json\/wp\/v2\/pages\/4422\/revisions\/4486"}],"wp:attachment":[{"href":"https:\/\/serveiseducatius.xtec.cat\/noubarris\/wp-json\/wp\/v2\/media?parent=4422"}],"curies":[{"name":"wp","href":"https:\/\/api.w.org\/{rel}","templated":true}]}}