{"id":4266,"date":"2019-04-29T12:51:33","date_gmt":"2019-04-29T10:51:33","guid":{"rendered":"http:\/\/serveiseducatius.xtec.cat\/noubarris\/?page_id=4266"},"modified":"2025-05-02T19:44:56","modified_gmt":"2025-05-02T17:44:56","slug":"modalitats-de-formacio-pfz","status":"publish","type":"page","link":"https:\/\/serveiseducatius.xtec.cat\/noubarris\/formacio\/pla-de-formacio-de-zona-pfz\/modalitats-de-formacio-pfz\/","title":{"rendered":"Modalitats de formaci\u00f3 PFZ"},"content":{"rendered":"<p><span style=\"color: #ff6600;\"><strong>Curs 2025-2026:<\/strong><\/span><\/p>\n<p>Les activitats poden ser:<\/p>\n<ul>\n<li style=\"list-style-type: none;\">\n<ul>\n<li>Presencials<\/li>\n<li>Semipresencials (s\u00edncrona, as\u00edncrona o mixta)<\/li>\n<li>En l\u00ednia (s\u00edncrona, as\u00edncrona o mixta)<\/li>\n<\/ul>\n<\/li>\n<\/ul>\n<p><span style=\"font-weight: 400;\">(*) Les hores as\u00edncrones de les formacions en l\u00ednia o semipresencials no poden superar:<\/span><\/p>\n<ul>\n<li style=\"font-weight: 400;\" aria-level=\"1\"><span style=\"font-weight: 400;\">10 hores en l\u00ednia per setmana en per\u00edode de perman\u00e8ncia al centre<\/span><\/li>\n<li style=\"font-weight: 400;\" aria-level=\"1\"><span style=\"font-weight: 400;\">15 hores en l\u00ednia per setmana en per\u00edode de no perman\u00e8ncia al centre<\/span><\/li>\n<\/ul>\n<p><strong>Cal consultar atentament a la fitxa de les activitats el format en qu\u00e8 es duran a terme!<\/strong><\/p>\n<p><span style=\"font-weight: 400;\">La limitaci\u00f3 d\u2019hores a realitzar per setmana nom\u00e9s afecta al disseny de cada activitat, per\u00f2 no a les persones participants, que poden inscriure&#8217;s a les activitats que vulguin sense l\u00edmit d&#8217;hores.<\/span><\/p>\n<hr \/>\n<p>Les diferents modalitats de formaci\u00f3 han de respondre a la finalitat de l\u2019acci\u00f3 formativa i impliquen una din\u00e0mica espec\u00edfica de treball del professorat participant.<\/p>\n<p>Les activitats de formaci\u00f3 es poden classificar en les modalitats seg\u00fcents:<\/p>\n<ol>\n<li><strong>Formaci\u00f3 en centre: <\/strong>Assessorament, Formaci\u00f3 interna de centre (FIC), Taller a centre i Visita formativa a centre.<\/li>\n<li><strong>Formaci\u00f3 per a centres:<\/strong>\u00a0Seminari de coordinaci\u00f3, Curs\/seminari d\u2019equips de centre, Taller d\u2019equips de centre.<\/li>\n<li><strong>Formaci\u00f3 individual:<\/strong> Taller, Curs, Seminari, Grup de treball, Confer\u00e8ncia, taula rodona, trobada pedag\u00f2gica, intercanvi d\u2019experi\u00e8ncies, jornades i cicle de confer\u00e8ncies, estada formativa a l\u2019empresa, estada formativa a l\u2019estranger&#8230;<\/li>\n<\/ol>\n","protected":false},"excerpt":{"rendered":"<p>Curs 2025-2026: Les activitats poden ser: Presencials Semipresencials (s\u00edncrona, as\u00edncrona o mixta) En l\u00ednia (s\u00edncrona, as\u00edncrona o mixta) (*) Les hores as\u00edncrones de les formacions en l\u00ednia o semipresencials no poden superar: 10 hores en l\u00ednia per setmana en per\u00edode de perman\u00e8ncia al centre 15 hores en l\u00ednia per setmana en per\u00edode de no perman\u00e8ncia [&hellip;]<\/p>\n","protected":false},"author":1,"featured_media":0,"parent":414,"menu_order":2,"comment_status":"closed","ping_status":"closed","template":"","meta":{"_bbp_topic_count":0,"_bbp_reply_count":0,"_bbp_total_topic_count":0,"_bbp_total_reply_count":0,"_bbp_voice_count":0,"_bbp_anonymous_reply_count":0,"_bbp_topic_count_hidden":0,"_bbp_reply_count_hidden":0,"_bbp_forum_subforum_count":0,"site-sidebar-layout":"default","site-content-layout":"","ast-site-content-layout":"","site-content-style":"default","site-sidebar-style":"default","ast-global-header-display":"","ast-banner-title-visibility":"","ast-main-header-display":"","ast-hfb-above-header-display":"","ast-hfb-below-header-display":"","ast-hfb-mobile-header-display":"","site-post-title":"","ast-breadcrumbs-content":"","ast-featured-img":"","footer-sml-layout":"","theme-transparent-header-meta":"","adv-header-id-meta":"","stick-header-meta":"","header-above-stick-meta":"","header-main-stick-meta":"","header-below-stick-meta":"","astra-migrate-meta-layouts":"default","ast-page-background-enabled":"default","ast-page-background-meta":{"desktop":{"background-color":"var(--ast-global-color-4)","background-image":"","background-repeat":"repeat","background-position":"center center","background-size":"auto","background-attachment":"scroll","background-type":"","background-media":"","overlay-type":"","overlay-color":"","overlay-opacity":"","overlay-gradient":""},"tablet":{"background-color":"","background-image":"","background-repeat":"repeat","background-position":"center center","background-size":"auto","background-attachment":"scroll","background-type":"","background-media":"","overlay-type":"","overlay-color":"","overlay-opacity":"","overlay-gradient":""},"mobile":{"background-color":"","background-image":"","background-repeat":"repeat","background-position":"center center","background-size":"auto","background-attachment":"scroll","background-type":"","background-media":"","overlay-type":"","overlay-color":"","overlay-opacity":"","overlay-gradient":""}},"ast-content-background-meta":{"desktop":{"background-color":"var(--ast-global-color-5)","background-image":"","background-repeat":"repeat","background-position":"center center","background-size":"auto","background-attachment":"scroll","background-type":"","background-media":"","overlay-type":"","overlay-color":"","overlay-opacity":"","overlay-gradient":""},"tablet":{"background-color":"var(--ast-global-color-5)","background-image":"","background-repeat":"repeat","background-position":"center center","background-size":"auto","background-attachment":"scroll","background-type":"","background-media":"","overlay-type":"","overlay-color":"","overlay-opacity":"","overlay-gradient":""},"mobile":{"background-color":"var(--ast-global-color-5)","background-image":"","background-repeat":"repeat","background-position":"center center","background-size":"auto","background-attachment":"scroll","background-type":"","background-media":"","overlay-type":"","overlay-color":"","overlay-opacity":"","overlay-gradient":""}},"footnotes":""},"class_list":["post-4266","page","type-page","status-publish","hentry"],"post_mailing_queue_ids":[],"_links":{"self":[{"href":"https:\/\/serveiseducatius.xtec.cat\/noubarris\/wp-json\/wp\/v2\/pages\/4266","targetHints":{"allow":["GET"]}}],"collection":[{"href":"https:\/\/serveiseducatius.xtec.cat\/noubarris\/wp-json\/wp\/v2\/pages"}],"about":[{"href":"https:\/\/serveiseducatius.xtec.cat\/noubarris\/wp-json\/wp\/v2\/types\/page"}],"author":[{"embeddable":true,"href":"https:\/\/serveiseducatius.xtec.cat\/noubarris\/wp-json\/wp\/v2\/users\/1"}],"replies":[{"embeddable":true,"href":"https:\/\/serveiseducatius.xtec.cat\/noubarris\/wp-json\/wp\/v2\/comments?post=4266"}],"version-history":[{"count":4,"href":"https:\/\/serveiseducatius.xtec.cat\/noubarris\/wp-json\/wp\/v2\/pages\/4266\/revisions"}],"predecessor-version":[{"id":7985,"href":"https:\/\/serveiseducatius.xtec.cat\/noubarris\/wp-json\/wp\/v2\/pages\/4266\/revisions\/7985"}],"up":[{"embeddable":true,"href":"https:\/\/serveiseducatius.xtec.cat\/noubarris\/wp-json\/wp\/v2\/pages\/414"}],"wp:attachment":[{"href":"https:\/\/serveiseducatius.xtec.cat\/noubarris\/wp-json\/wp\/v2\/media?parent=4266"}],"curies":[{"name":"wp","href":"https:\/\/api.w.org\/{rel}","templated":true}]}}