{"id":416,"date":"2015-11-25T15:58:53","date_gmt":"2015-11-25T14:58:53","guid":{"rendered":"http:\/\/serveiseducatius.xtec.cat\/se-noubarris\/?page_id=416"},"modified":"2023-07-14T13:11:15","modified_gmt":"2023-07-14T11:11:15","slug":"formacio","status":"publish","type":"page","link":"https:\/\/serveiseducatius.xtec.cat\/noubarris\/formacio\/","title":{"rendered":"Formaci\u00f3"},"content":{"rendered":"<h4><strong>L&#8217;oferta formativa del Pla de Formaci\u00f3 de Nou Barris curs 2023-2024 la trobareu a l&#8217;apartat<\/strong>: <a href=\"https:\/\/serveiseducatius.xtec.cat\/noubarris\/formacio\/activitats\/\">Oferta d&#8217;activitats de formaci\u00f3 de zona<\/a><\/h4>\n<p>Podeu consultar el document sobre la formaci\u00f3 permanent del professorat pel curs 2023-2024, on es regulen les modalitats, formatives vigents, la durada de les activitats, la certificaci\u00f3&#8230; <a href=\"https:\/\/docs.google.com\/document\/d\/11c_y4nazGOpW9aQR5w0lVY8rwAsxenWydbrJVx7WNnk\/edit?usp=sharing\" target=\"_blank\" rel=\"noopener noreferrer\"><em>Criteris, instruccions i orientacions curs 2023-2024<\/em><\/a>.<\/p>\n<div class=\"entry-content\">\n<table style=\"width: 100%;\">\n<tbody>\n<tr>\n<td style=\"width: 99.2748%;\" colspan=\"3\">Podeu consultar les caracter\u00edstiques de cada modalitat formativa a les p\u00e0gines corresponents:<\/td>\n<\/tr>\n<tr>\n<td style=\"width: 33.3575%;\">Les p\u00e0gines 43 a 48 (Apartat 10.1 Modalitats de formaci\u00f3 en centre)<\/td>\n<td style=\"width: 33.2125%;\">Les p\u00e0gines 49 a 51(Apartat 10.2 Modalitats de formaci\u00f3 per a centres)<\/td>\n<td style=\"width: 32.7049%;\">Les p\u00e0gines\u00a052 a 58 (Apartat 10.3 Modalitats de formaci\u00f3 individual)<\/td>\n<\/tr>\n<tr>\n<td style=\"width: 33.3575%;\">\n<ul>\n<li>Assessorament<\/li>\n<li>Taller a centre<\/li>\n<li>Formaci\u00f3 interna de centre (<strong>FIC<\/strong>)<\/li>\n<li>Visita formativa a centre \u2013\u00a0<em>Material per a organitzar i gestionar la proposta formativa de\u00a0<a href=\"http:\/\/ateneu.xtec.cat\/wikiform\/wikiexport\/materials\/vfac\/index\" target=\"_blank\" rel=\"noopener noreferrer\"><span class=\"c32 c27 c44\">Visita a centre<\/span><\/a><\/em><\/li>\n<\/ul>\n<\/td>\n<td style=\"width: 33.2125%;\">\n<ul>\n<li>Seminaris de coordinaci\u00f3<\/li>\n<li>Curs \/ seminari d\u2019equips de centre<\/li>\n<li>Taller d\u2019equips de centre<\/li>\n<\/ul>\n<\/td>\n<td style=\"width: 32.7049%;\">\n<ul>\n<li>Taller<\/li>\n<li>Curs<\/li>\n<li>Seminari<\/li>\n<li>Grup de treball<\/li>\n<li>Confer\u00e8ncia, taula rodona, trobada pedag\u00f2gica, intercanvi d\u2019experi\u00e8ncies, jornades (m\u00ednim 5 hores) i cicles de confer\u00e8ncies<\/li>\n<\/ul>\n<\/td>\n<\/tr>\n<\/tbody>\n<\/table>\n<\/div>\n<p>&nbsp;<\/p>\n","protected":false},"excerpt":{"rendered":"<p>L&#8217;oferta formativa del Pla de Formaci\u00f3 de Nou Barris curs 2023-2024 la trobareu a l&#8217;apartat: Oferta d&#8217;activitats de formaci\u00f3 de zona Podeu consultar el document sobre la formaci\u00f3 permanent del professorat pel curs 2023-2024, on es regulen les modalitats, formatives vigents, la durada de les activitats, la certificaci\u00f3&#8230; Criteris, instruccions i orientacions curs 2023-2024. Podeu [&hellip;]<\/p>\n","protected":false},"author":1,"featured_media":0,"parent":0,"menu_order":0,"comment_status":"closed","ping_status":"closed","template":"page-templates\/side-menu.php","meta":{"_bbp_topic_count":0,"_bbp_reply_count":0,"_bbp_total_topic_count":0,"_bbp_total_reply_count":0,"_bbp_voice_count":0,"_bbp_anonymous_reply_count":0,"_bbp_topic_count_hidden":0,"_bbp_reply_count_hidden":0,"_bbp_forum_subforum_count":0,"site-sidebar-layout":"default","site-content-layout":"","ast-site-content-layout":"","site-content-style":"default","site-sidebar-style":"default","ast-global-header-display":"","ast-banner-title-visibility":"","ast-main-header-display":"","ast-hfb-above-header-display":"","ast-hfb-below-header-display":"","ast-hfb-mobile-header-display":"","site-post-title":"","ast-breadcrumbs-content":"","ast-featured-img":"","footer-sml-layout":"","theme-transparent-header-meta":"","adv-header-id-meta":"","stick-header-meta":"","header-above-stick-meta":"","header-main-stick-meta":"","header-below-stick-meta":"","astra-migrate-meta-layouts":"default","ast-page-background-enabled":"default","ast-page-background-meta":{"desktop":{"background-color":"var(--ast-global-color-4)","background-image":"","background-repeat":"repeat","background-position":"center center","background-size":"auto","background-attachment":"scroll","background-type":"","background-media":"","overlay-type":"","overlay-color":"","overlay-opacity":"","overlay-gradient":""},"tablet":{"background-color":"","background-image":"","background-repeat":"repeat","background-position":"center center","background-size":"auto","background-attachment":"scroll","background-type":"","background-media":"","overlay-type":"","overlay-color":"","overlay-opacity":"","overlay-gradient":""},"mobile":{"background-color":"","background-image":"","background-repeat":"repeat","background-position":"center center","background-size":"auto","background-attachment":"scroll","background-type":"","background-media":"","overlay-type":"","overlay-color":"","overlay-opacity":"","overlay-gradient":""}},"ast-content-background-meta":{"desktop":{"background-color":"var(--ast-global-color-5)","background-image":"","background-repeat":"repeat","background-position":"center center","background-size":"auto","background-attachment":"scroll","background-type":"","background-media":"","overlay-type":"","overlay-color":"","overlay-opacity":"","overlay-gradient":""},"tablet":{"background-color":"var(--ast-global-color-5)","background-image":"","background-repeat":"repeat","background-position":"center center","background-size":"auto","background-attachment":"scroll","background-type":"","background-media":"","overlay-type":"","overlay-color":"","overlay-opacity":"","overlay-gradient":""},"mobile":{"background-color":"var(--ast-global-color-5)","background-image":"","background-repeat":"repeat","background-position":"center center","background-size":"auto","background-attachment":"scroll","background-type":"","background-media":"","overlay-type":"","overlay-color":"","overlay-opacity":"","overlay-gradient":""}},"footnotes":""},"class_list":["post-416","page","type-page","status-publish","hentry"],"post_mailing_queue_ids":[],"_links":{"self":[{"href":"https:\/\/serveiseducatius.xtec.cat\/noubarris\/wp-json\/wp\/v2\/pages\/416","targetHints":{"allow":["GET"]}}],"collection":[{"href":"https:\/\/serveiseducatius.xtec.cat\/noubarris\/wp-json\/wp\/v2\/pages"}],"about":[{"href":"https:\/\/serveiseducatius.xtec.cat\/noubarris\/wp-json\/wp\/v2\/types\/page"}],"author":[{"embeddable":true,"href":"https:\/\/serveiseducatius.xtec.cat\/noubarris\/wp-json\/wp\/v2\/users\/1"}],"replies":[{"embeddable":true,"href":"https:\/\/serveiseducatius.xtec.cat\/noubarris\/wp-json\/wp\/v2\/comments?post=416"}],"version-history":[{"count":4,"href":"https:\/\/serveiseducatius.xtec.cat\/noubarris\/wp-json\/wp\/v2\/pages\/416\/revisions"}],"predecessor-version":[{"id":6762,"href":"https:\/\/serveiseducatius.xtec.cat\/noubarris\/wp-json\/wp\/v2\/pages\/416\/revisions\/6762"}],"wp:attachment":[{"href":"https:\/\/serveiseducatius.xtec.cat\/noubarris\/wp-json\/wp\/v2\/media?parent=416"}],"curies":[{"name":"wp","href":"https:\/\/api.w.org\/{rel}","templated":true}]}}