{"id":4105,"date":"2019-03-14T09:53:48","date_gmt":"2019-03-14T08:53:48","guid":{"rendered":"http:\/\/serveiseducatius.xtec.cat\/noubarris\/?page_id=4105"},"modified":"2019-12-12T12:44:28","modified_gmt":"2019-12-12T11:44:28","slug":"pla-de-convivencia","status":"publish","type":"page","link":"https:\/\/serveiseducatius.xtec.cat\/noubarris\/comunitat\/pla-dentorn-pee\/pla-de-convivencia\/","title":{"rendered":"Pla de conviv\u00e8ncia"},"content":{"rendered":"<p><span style=\"font-weight: 400;\">En la\u00a0<\/span><a href=\"http:\/\/dogc.gencat.cat\/ca\/pdogc_canals_interns\/pdogc_resultats_fitxa\/?action=fitxa&amp;mode=single&amp;documentId=781530&amp;language=ca_ES\"><b>Resoluci\u00f3 ENS\/585\/2017<\/b><\/a><span style=\"font-weight: 400;\"> de 17 de mar\u00e7, per la qual s\u2019estableix l\u2019elaboraci\u00f3 i la implementaci\u00f3 del Projecte de Conviv\u00e8ncia (<\/span><b>PdC<\/b><span style=\"font-weight: 400;\">) dins el marc del Projecte Educatiu de Centre s\u2019extreu que els centres educatius han de posar en marxa aquest projecte en el termini final del mar\u00e7 de 2020.\u00a0<\/span><\/p>\n<p><span style=\"font-weight: 400;\">Donat que estem immersos en el per\u00edode d\u2019elaboraci\u00f3 dels Projectes de Conviv\u00e8ncia de Centres des del Servei Educatiu de Nou Barris us volem adre\u00e7ar un seguit de refer\u00e8ncies tant a nivell legal com de recursos, per tal de guiar aquesta tasca que ens implica a totes.<\/span><\/p>\n<p><span style=\"font-weight: 400;\">Per a l\u2019elaboraci\u00f3 i concreci\u00f3 del <\/span><b>PdC<\/b><span style=\"font-weight: 400;\"> el Departament d\u2019Educaci\u00f3 posa a l\u2019abast de tots els centres educatius una<\/span><span style=\"font-weight: 400;\">\u00a0<\/span><a href=\"https:\/\/aplicacions.gestioeducativa.gencat.cat\/siteminderagent\/forms\/LoginEducaciov2.fcc?TYPE=33554433&amp;REALMOID=06-d341c47b-eb8e-41cd-9f6e-1a94408e02fb&amp;GUID=&amp;SMAUTHREASON=0&amp;METHOD=GET&amp;SMAGENTNAME=-SM-1FMsixKYKBau7gkEG2m1%2brQu7p1EGfrdOo5%2fWj6Qu1TjpJ7k6t3XMhro45XzPnMS&amp;TARGET=-SM-HTTPS%3a%2f%2faplicacions%2eensenyament%2egencat%2ecat%2fpls%2fapex%2fapex_authentication%2ecallback%3fp_session_id%3d402934979561727%26p_app_id%3d2012010%26p_ajax_identifier%3dXfShcoO4J5OfCc_I9POY32tPNsaoBMosYw_EKUvlIYY%26p_page_id%3d3\" rel=\"noopener noreferrer\"><b>aplicaci\u00f3 inform\u00e0tica<\/b><\/a><span style=\"font-weight: 400;\"> que us pot facilitar la diagnosi de centre, establiment dels objectius generals i espec\u00edfics, aix\u00ed com materials i recursos que poden ajudar a materialitzar el projecte. <\/span><\/p>\n<p><span style=\"font-weight: 400;\">Podeu consultar m\u00e9s informaci\u00f3 (documentaci\u00f3 i recursos) a l\u2019apartat\u00a0<\/span><a href=\"http:\/\/xtec.gencat.cat\/ca\/centres\/projeducatiu\/convivencia\/\"><b>Projecte de conviv\u00e8ncia<\/b><\/a><span style=\"font-weight: 400;\">\u00a0de la XTEC i del<a href=\"https:\/\/www.edubcn.cat\/ca\/suport_educatiu_recursos\/plans_programes\/convivencia_ciutadania\/info\"><strong> Consorci d&#8217;Educaci\u00f3 de Barcelona. <\/strong><\/a><\/span><\/p>\n<p><span style=\"font-weight: 400;\">Us facilitem tamb\u00e9 les presentacions del Projecte de Conviv\u00e8ncia al Servei Educatiu de Nou Barris:<\/span><\/p>\n<ul>\n<li style=\"font-weight: 400;\"><a href=\"https:\/\/drive.google.com\/open?id=10dwaEVqd0ltVHTwdQ6RT10G64Y_sH_es\"><b>Powerpoint introductori (Jornades SE Nou Barris, maig 2018)<\/b><\/a><\/li>\n<li style=\"font-weight: 400;\"><a href=\"https:\/\/drive.google.com\/open?id=1cOH8IKKNsSIP10hcZY4G2cMlnfcUTp8V\"><b>Powerpoint de presentaci\u00f3 del PdC per part d\u2019inspecci\u00f3 (maig 2018)<\/b><\/a><\/li>\n<\/ul>\n<p><span style=\"font-weight: 400;\">Si teniu qualsevol dubte, aqu\u00ed podeu consultar un model de PdC (elaborat a partir de l\u2019aplicaci\u00f3 inform\u00e0tica abans esmentada)<\/span><\/p>\n<ul>\n<li style=\"font-weight: 400;\"><a href=\"https:\/\/drive.google.com\/file\/d\/1XsDUW7bJQLF7K4ES2i4SmkhKE36QCmVf\/view?usp=sharing\"><b>Model de document \u00a0del Projecte de Conviv\u00e8ncia del centre<\/b><\/a><\/li>\n<\/ul>\n<p><span style=\"font-weight: 400;\">A m\u00e9s a m\u00e9s, us deixem l\u2019acc\u00e9s directe als recursos diversos organitzats per nivells i un tutorial per a l&#8217;elaboraci\u00f3 del projecte: <\/span><\/p>\n<ul>\n<li><a href=\"http:\/\/xtec.gencat.cat\/ca\/centres\/projeducatiu\/convivencia\/recursos\/\"><b>Recursos\u00a0XTEC<\/b><\/a><\/li>\n<li><a href=\"https:\/\/www.edubcn.cat\/ca\/centres_serveis_educatius\"><strong>Recursos Consorci d&#8217;Educaci\u00f3<\/strong><\/a><\/li>\n<li><a href=\"http:\/\/xtec.gencat.cat\/ca\/centres\/projeducatiu\/convivencia\/documentacio\/\"><strong>Documentaci\u00f3<\/strong><\/a><\/li>\n<\/ul>\n<p><span style=\"font-weight: 400;\">I, per \u00faltim, tot aprofitant que el tema \u201cEducar en la gesti\u00f3 positiva dels conflictes\u201d ha estat una elecci\u00f3 for\u00e7a escollida pels centres del nostre districte, aprofitem per compartir les seg\u00fcents graelles que us poden ajudar en el desplegament de les actuacions per \u00e0mbits:<\/span><\/p>\n<ul>\n<li><a href=\"https:\/\/docs.google.com\/document\/d\/1-qhJzU4JoGecCyHsjDvGZmkDFlDXYyeLq2Rpdvckr-8\/edit#bookmark=kix.yrik2ytow3ct\"><b>Educar en la gesti\u00f3 positiva dels conflictes, \u00e0mbit CENTRE<\/b><\/a><\/li>\n<li><a href=\"https:\/\/docs.google.com\/document\/d\/1buClUI7fqBbmV1OI_vK8TUPY7sy5jk-9eVgF9X6b3u8\/edit#\"><b>Educar en la gesti\u00f3 positiva dels conflictes, \u00e0mbit AULA<\/b><\/a><\/li>\n<li><a href=\"https:\/\/docs.google.com\/document\/d\/1ya1HTUGMeUQOoV_2E2vwzRxahnCEhe4UGXVg2P5HPN4\/edit#bookmark=kix.p84znhney83y\"><b>Educar en la gesti\u00f3 positiva dels conflictes, \u00e0mbit ENTORN<\/b><\/a><\/li>\n<\/ul>\n<p><span style=\"font-weight: 400;\">Confiem en qu\u00e8 fareu una bona feina.<\/span><\/p>\n<p><span style=\"font-weight: 400;\">Restem a la vostra atenci\u00f3 en cas de qualsevol dubte a trav\u00e9s dels professionals referents del Projecte de Conviv\u00e8ncia a Nou Barris<\/span><\/p>\n<p><b style=\"font-family: inherit; font-size: 1em;\">\u00c0ngels Mart\u00ednez (LIC):<\/b> <a style=\"font-family: inherit; font-size: 1em;\" href=\"mailto:mmarti60@xtec.cat\"><b>mmarti60@xtec.cat<\/b><\/a><b style=\"font-family: inherit; font-size: 1em;\"> <\/b><\/p>\n<p><b>Marta Urrios (EAP): <\/b><a href=\"mailto:murrios@xtec.cat\"><b>murrios@xtec.cat<\/b><\/a><\/p>\n","protected":false},"excerpt":{"rendered":"<p>En la\u00a0Resoluci\u00f3 ENS\/585\/2017 de 17 de mar\u00e7, per la qual s\u2019estableix l\u2019elaboraci\u00f3 i la implementaci\u00f3 del Projecte de Conviv\u00e8ncia (PdC) dins el marc del Projecte Educatiu de Centre s\u2019extreu que els centres educatius han de posar en marxa aquest projecte en el termini final del mar\u00e7 de 2020.\u00a0 Donat que estem immersos en el per\u00edode [&hellip;]<\/p>\n","protected":false},"author":1,"featured_media":0,"parent":345,"menu_order":0,"comment_status":"closed","ping_status":"closed","template":"","meta":{"_bbp_topic_count":0,"_bbp_reply_count":0,"_bbp_total_topic_count":0,"_bbp_total_reply_count":0,"_bbp_voice_count":0,"_bbp_anonymous_reply_count":0,"_bbp_topic_count_hidden":0,"_bbp_reply_count_hidden":0,"_bbp_forum_subforum_count":0,"site-sidebar-layout":"default","site-content-layout":"","ast-site-content-layout":"","site-content-style":"default","site-sidebar-style":"default","ast-global-header-display":"","ast-banner-title-visibility":"","ast-main-header-display":"","ast-hfb-above-header-display":"","ast-hfb-below-header-display":"","ast-hfb-mobile-header-display":"","site-post-title":"","ast-breadcrumbs-content":"","ast-featured-img":"","footer-sml-layout":"","theme-transparent-header-meta":"","adv-header-id-meta":"","stick-header-meta":"","header-above-stick-meta":"","header-main-stick-meta":"","header-below-stick-meta":"","astra-migrate-meta-layouts":"default","ast-page-background-enabled":"default","ast-page-background-meta":{"desktop":{"background-color":"var(--ast-global-color-4)","background-image":"","background-repeat":"repeat","background-position":"center center","background-size":"auto","background-attachment":"scroll","background-type":"","background-media":"","overlay-type":"","overlay-color":"","overlay-opacity":"","overlay-gradient":""},"tablet":{"background-color":"","background-image":"","background-repeat":"repeat","background-position":"center center","background-size":"auto","background-attachment":"scroll","background-type":"","background-media":"","overlay-type":"","overlay-color":"","overlay-opacity":"","overlay-gradient":""},"mobile":{"background-color":"","background-image":"","background-repeat":"repeat","background-position":"center center","background-size":"auto","background-attachment":"scroll","background-type":"","background-media":"","overlay-type":"","overlay-color":"","overlay-opacity":"","overlay-gradient":""}},"ast-content-background-meta":{"desktop":{"background-color":"var(--ast-global-color-5)","background-image":"","background-repeat":"repeat","background-position":"center center","background-size":"auto","background-attachment":"scroll","background-type":"","background-media":"","overlay-type":"","overlay-color":"","overlay-opacity":"","overlay-gradient":""},"tablet":{"background-color":"var(--ast-global-color-5)","background-image":"","background-repeat":"repeat","background-position":"center center","background-size":"auto","background-attachment":"scroll","background-type":"","background-media":"","overlay-type":"","overlay-color":"","overlay-opacity":"","overlay-gradient":""},"mobile":{"background-color":"var(--ast-global-color-5)","background-image":"","background-repeat":"repeat","background-position":"center center","background-size":"auto","background-attachment":"scroll","background-type":"","background-media":"","overlay-type":"","overlay-color":"","overlay-opacity":"","overlay-gradient":""}},"footnotes":""},"class_list":["post-4105","page","type-page","status-publish","hentry"],"post_mailing_queue_ids":[],"_links":{"self":[{"href":"https:\/\/serveiseducatius.xtec.cat\/noubarris\/wp-json\/wp\/v2\/pages\/4105","targetHints":{"allow":["GET"]}}],"collection":[{"href":"https:\/\/serveiseducatius.xtec.cat\/noubarris\/wp-json\/wp\/v2\/pages"}],"about":[{"href":"https:\/\/serveiseducatius.xtec.cat\/noubarris\/wp-json\/wp\/v2\/types\/page"}],"author":[{"embeddable":true,"href":"https:\/\/serveiseducatius.xtec.cat\/noubarris\/wp-json\/wp\/v2\/users\/1"}],"replies":[{"embeddable":true,"href":"https:\/\/serveiseducatius.xtec.cat\/noubarris\/wp-json\/wp\/v2\/comments?post=4105"}],"version-history":[{"count":3,"href":"https:\/\/serveiseducatius.xtec.cat\/noubarris\/wp-json\/wp\/v2\/pages\/4105\/revisions"}],"predecessor-version":[{"id":4784,"href":"https:\/\/serveiseducatius.xtec.cat\/noubarris\/wp-json\/wp\/v2\/pages\/4105\/revisions\/4784"}],"up":[{"embeddable":true,"href":"https:\/\/serveiseducatius.xtec.cat\/noubarris\/wp-json\/wp\/v2\/pages\/345"}],"wp:attachment":[{"href":"https:\/\/serveiseducatius.xtec.cat\/noubarris\/wp-json\/wp\/v2\/media?parent=4105"}],"curies":[{"name":"wp","href":"https:\/\/api.w.org\/{rel}","templated":true}]}}