{"id":3149,"date":"2017-11-15T10:49:26","date_gmt":"2017-11-15T09:49:26","guid":{"rendered":"http:\/\/serveiseducatius.xtec.cat\/noubarris\/?page_id=3149"},"modified":"2020-09-15T16:13:09","modified_gmt":"2020-09-15T14:13:09","slug":"educacio-dadults","status":"publish","type":"page","link":"https:\/\/serveiseducatius.xtec.cat\/noubarris\/comunitat\/centres-educatius\/educacio-dadults\/","title":{"rendered":"Educaci\u00f3 d&#8217;adults"},"content":{"rendered":"<p><a href=\"http:\/\/www.edubcn.cat\/ca\/centres_serveis_educatius\/centres_educatius\/cercador#\/centres\/\/\/\/\/\/8\/\/-32768\/\/\/\">Mapa del centres de la zona Consorci d\u2019Educaci\u00f3 de Barcelona<\/a><\/p>\n<p><strong>AFA Ciutat Meridiana<br \/>\n<\/strong>C. Perafita, 1-3<br \/>\nTel. 933594566<br \/>\nCorreu electr\u00f2nic: a8062109@xtec.cat<br \/>\n<a href=\"http:\/\/sites.google.com\/a\/xtec.cat\/ciutatmeridiana\">Web<\/a><\/p>\n<p><strong>Centre Catal\u00e0 Comercial<br \/>\n<\/strong>C. Esc\u00f2cia,<span class=\"ng-binding\">\u00a0130<\/span><br \/>\nTel. 933525658<br \/>\nCorreu electr\u00f2nic: escocia@accc.es<br \/>\n<a href=\"http:\/\/www.accc.es\">Web<\/a><\/p>\n<p><strong>CFA Canyelles<br \/>\n<\/strong>C.\u00a0Juan Ram\u00f3n Jim\u00e9nez<span class=\"ng-binding\">\u00a014<\/span><br \/>\nTel. 934285904<br \/>\nCorreu electr\u00f2nic: a8055063@xtec.cat<br \/>\n<a href=\"http:\/\/www.xtec.cat\/cfa-canyelles\">Web<\/a><\/p>\n<p><strong>CFA Freire<br \/>\n<\/strong>Via Fav\u00e8ncia,<span class=\"ng-binding\">\u00a0254<\/span><br \/>\nTel. 933534419<br \/>\nCorreu electr\u00f2nic: cfafreire@xtec.cat<br \/>\n<a href=\"http:\/\/www.xtec.cat\/cfafreire\">Web<\/a><\/p>\n<p><strong>CFA Madrid<br \/>\n<\/strong>C. Dei\u00e0,<span class=\"ng-binding\">\u00a028-38<\/span><br \/>\nTel. 934071431<br \/>\nCorreu electr\u00f2nic: a8061944@xtec.cat<br \/>\n<a href=\"http:\/\/blocs.xtec.cat\/afamadrid\">Web<\/a><\/p>\n<p><strong>CFA Prosperitat<br \/>\n<\/strong>C. Joaquim Valls,<span class=\"ng-binding\">\u00a082<\/span><br \/>\nTel. 933545216<br \/>\nCorreu electr\u00f2nic: a8061956@xtec.cat<br \/>\n<a href=\"http:\/\/agora.xtec.cat\/afaprosperitat\/\">Web<\/a><\/p>\n<p><strong>Santapau-Pifma<br \/>\n<\/strong>C. Alella,<span class=\"ng-binding\">\u00a051<\/span><br \/>\nTel. 934080126<br \/>\nCorreu electr\u00f2nic<span style=\"color: #000000;\">: <a class=\"ng-binding\" style=\"color: #000000;\" href=\"mailto:a8037346@xtec.cat\">a8037346@xtec.cat<\/a><\/span><br \/>\n<a href=\"http:\/\/www.santapau-pifma.com\">Web<\/a><\/p>\n","protected":false},"excerpt":{"rendered":"<p>Mapa del centres de la zona Consorci d\u2019Educaci\u00f3 de Barcelona AFA Ciutat Meridiana C. Perafita, 1-3 Tel. 933594566 Correu electr\u00f2nic: a8062109@xtec.cat Web Centre Catal\u00e0 Comercial C. Esc\u00f2cia,\u00a0130 Tel. 933525658 Correu electr\u00f2nic: escocia@accc.es Web CFA Canyelles C.\u00a0Juan Ram\u00f3n Jim\u00e9nez\u00a014 Tel. 934285904 Correu electr\u00f2nic: a8055063@xtec.cat Web CFA Freire Via Fav\u00e8ncia,\u00a0254 Tel. 933534419 Correu electr\u00f2nic: cfafreire@xtec.cat Web CFA [&hellip;]<\/p>\n","protected":false},"author":1,"featured_media":0,"parent":338,"menu_order":60,"comment_status":"closed","ping_status":"closed","template":"","meta":{"_bbp_topic_count":0,"_bbp_reply_count":0,"_bbp_total_topic_count":0,"_bbp_total_reply_count":0,"_bbp_voice_count":0,"_bbp_anonymous_reply_count":0,"_bbp_topic_count_hidden":0,"_bbp_reply_count_hidden":0,"_bbp_forum_subforum_count":0,"site-sidebar-layout":"default","site-content-layout":"","ast-site-content-layout":"","site-content-style":"default","site-sidebar-style":"default","ast-global-header-display":"","ast-banner-title-visibility":"","ast-main-header-display":"","ast-hfb-above-header-display":"","ast-hfb-below-header-display":"","ast-hfb-mobile-header-display":"","site-post-title":"","ast-breadcrumbs-content":"","ast-featured-img":"","footer-sml-layout":"","theme-transparent-header-meta":"","adv-header-id-meta":"","stick-header-meta":"","header-above-stick-meta":"","header-main-stick-meta":"","header-below-stick-meta":"","astra-migrate-meta-layouts":"default","ast-page-background-enabled":"default","ast-page-background-meta":{"desktop":{"background-color":"var(--ast-global-color-4)","background-image":"","background-repeat":"repeat","background-position":"center center","background-size":"auto","background-attachment":"scroll","background-type":"","background-media":"","overlay-type":"","overlay-color":"","overlay-opacity":"","overlay-gradient":""},"tablet":{"background-color":"","background-image":"","background-repeat":"repeat","background-position":"center center","background-size":"auto","background-attachment":"scroll","background-type":"","background-media":"","overlay-type":"","overlay-color":"","overlay-opacity":"","overlay-gradient":""},"mobile":{"background-color":"","background-image":"","background-repeat":"repeat","background-position":"center center","background-size":"auto","background-attachment":"scroll","background-type":"","background-media":"","overlay-type":"","overlay-color":"","overlay-opacity":"","overlay-gradient":""}},"ast-content-background-meta":{"desktop":{"background-color":"var(--ast-global-color-5)","background-image":"","background-repeat":"repeat","background-position":"center center","background-size":"auto","background-attachment":"scroll","background-type":"","background-media":"","overlay-type":"","overlay-color":"","overlay-opacity":"","overlay-gradient":""},"tablet":{"background-color":"var(--ast-global-color-5)","background-image":"","background-repeat":"repeat","background-position":"center center","background-size":"auto","background-attachment":"scroll","background-type":"","background-media":"","overlay-type":"","overlay-color":"","overlay-opacity":"","overlay-gradient":""},"mobile":{"background-color":"var(--ast-global-color-5)","background-image":"","background-repeat":"repeat","background-position":"center center","background-size":"auto","background-attachment":"scroll","background-type":"","background-media":"","overlay-type":"","overlay-color":"","overlay-opacity":"","overlay-gradient":""}},"footnotes":""},"class_list":["post-3149","page","type-page","status-publish","hentry"],"post_mailing_queue_ids":[],"_links":{"self":[{"href":"https:\/\/serveiseducatius.xtec.cat\/noubarris\/wp-json\/wp\/v2\/pages\/3149","targetHints":{"allow":["GET"]}}],"collection":[{"href":"https:\/\/serveiseducatius.xtec.cat\/noubarris\/wp-json\/wp\/v2\/pages"}],"about":[{"href":"https:\/\/serveiseducatius.xtec.cat\/noubarris\/wp-json\/wp\/v2\/types\/page"}],"author":[{"embeddable":true,"href":"https:\/\/serveiseducatius.xtec.cat\/noubarris\/wp-json\/wp\/v2\/users\/1"}],"replies":[{"embeddable":true,"href":"https:\/\/serveiseducatius.xtec.cat\/noubarris\/wp-json\/wp\/v2\/comments?post=3149"}],"version-history":[{"count":3,"href":"https:\/\/serveiseducatius.xtec.cat\/noubarris\/wp-json\/wp\/v2\/pages\/3149\/revisions"}],"predecessor-version":[{"id":5347,"href":"https:\/\/serveiseducatius.xtec.cat\/noubarris\/wp-json\/wp\/v2\/pages\/3149\/revisions\/5347"}],"up":[{"embeddable":true,"href":"https:\/\/serveiseducatius.xtec.cat\/noubarris\/wp-json\/wp\/v2\/pages\/338"}],"wp:attachment":[{"href":"https:\/\/serveiseducatius.xtec.cat\/noubarris\/wp-json\/wp\/v2\/media?parent=3149"}],"curies":[{"name":"wp","href":"https:\/\/api.w.org\/{rel}","templated":true}]}}