{"id":306,"date":"2015-11-24T18:02:44","date_gmt":"2015-11-24T17:02:44","guid":{"rendered":"http:\/\/serveiseducatius.xtec.cat\/se-noubarris\/?page_id=306"},"modified":"2024-07-16T12:58:43","modified_gmt":"2024-07-16T10:58:43","slug":"equip","status":"publish","type":"page","link":"https:\/\/serveiseducatius.xtec.cat\/noubarris\/el-servei-educatiu\/equip\/","title":{"rendered":"Equip"},"content":{"rendered":"<p>Cada servei educatiu est\u00e0 format per un equip multidisciplinar:<\/p>\n<ul>\n<li><strong>CRP <\/strong>(Centre de recursos pedag\u00f2gics):\u00a0equip que d\u00f3na\u00a0<strong>suport a l\u2019activitat pedag\u00f2gica dels centres<\/strong> i\u00a0a la tasca docent de mestres i professorat, especialment, en temes de formaci\u00f3 permanent, de recursos pedag\u00f2gics i de dinamitzaci\u00f3 de projectes de centre i de la zona. Podeu consultar les activitats, recursos i not\u00edcies a l&#8217;apartat din\u00e0mic del<a href=\"http:\/\/serveiseducatius.xtec.cat\/noubarris\/categoria\/crp\/\">\u00a0CRP<\/a>. Correu-e: crp-noubarris@xtec.cat<\/li>\n<li><strong>EAP <\/strong>(Equip d\u2019assesorament i orientaci\u00f3 psicopedag\u00f2gic)<span class=\"Apple-converted-space\">: equip<\/span>\u00a0que d\u00f3na\u00a0suport al professorat i als centres educatius en la resposta a la <strong>diversitat de l\u2019alumnat<\/strong> i en relaci\u00f3 als alumnes que presenten <strong>necessitats educatives especials<\/strong>, aix\u00ed com a les seves fam\u00edlies. Podeu consultar les activitats, recursos i not\u00edcies a l&#8217;apartat din\u00e0mic de l<a href=\"https:\/\/serveiseducatius.xtec.cat\/noubarris\/categoria\/eap\/\" target=\"_blank\" rel=\"noopener noreferrer\">&#8216;EAP<\/a>. Correu-e: eap-noubarris@xtec.cat<\/li>\n<li><strong>ELIC <\/strong>(Equip d\u2019assessorament i orientaci\u00f3 en llengua, interculturalitat i cohesi\u00f3 social): que donen suport al professorat en l\u2019atenci\u00f3 a la diversitat relacionada amb l\u2019alumnat, especialment procedent de la immigraci\u00f3 i\/o amb l\u2019alumnat amb risc d\u2019exclusi\u00f3 social, en l\u2019\u00e0mbit dels centres educatius i els plans educatius d\u2019entorn.\u00a0Podeu consultar les activitats, recursos i not\u00edcies a l&#8217;apartat din\u00e0mic de l&#8217;<a href=\"http:\/\/www.edubcn.cat\/ca\/centres_serveis_educatius\/serveis_educatius\/serveis_educatius_de_zona\/lic\">ELIC<\/a>. Correu-e: mmarti60@xtec.cat<\/li>\n<li><strong>SOCE<\/strong>. El Servei d\u2019Orientaci\u00f3 del Consorci d\u2019Educaci\u00f3 de Barcelona col\u00b7labora amb els centres en les accions d\u2019orientaci\u00f3 de l\u2019alumnat i dona suport als processos de transici\u00f3 de l\u2019etapa obligat\u00f2ria a la postobligat\u00f2ria. <a href=\"https:\/\/serveiseducatius.xtec.cat\/noubarris\/categoria\/servei-dorientacio-pla-jove\/\">M\u00e9s informaci\u00f3.<\/a><\/li>\n<li><strong>TGT: T\u00e8cnica de Gesti\u00f3 Territorial<\/strong><\/li>\n<\/ul>\n<p>El Servei Educatiu tamb\u00e9 treballa de forma coordinada amb el <a style=\"font-family: inherit; font-size: 1em;\" href=\"http:\/\/www.xtec.cat\/creda-lleida\/\">CREDA<\/a><span style=\"font-family: inherit; font-size: 1em;\"> (Centre de Recursos Educatius per a Deficients Auditius)\u00a0 i amb el professorat que at\u00e9n l\u2019alumnat amb discapacitat visual. Igualment, col\u00b7labora amb el<\/span><a style=\"font-family: inherit; font-size: 1em;\" href=\"http:\/\/blocs.xtec.cat\/cdabarcelona\/\/\"> Camp d\u2019Aprenentatge de Barcelona<\/a><span style=\"font-family: inherit; font-size: 1em;\"> en diverses iniciatives.<\/span><\/p>\n<p><img loading=\"lazy\" decoding=\"async\" class=\" size-full wp-image-185 alignright\" src=\"http:\/\/serveiseducatius.xtec.cat\/se-noubarris\/wp-content\/uploads\/usu786\/2014\/09\/ampa.png\" alt=\"ampa\" width=\"315\" height=\"126\" srcset=\"https:\/\/serveiseducatius.xtec.cat\/noubarris\/wp-content\/uploads\/usu786\/2014\/09\/ampa.png 315w, https:\/\/serveiseducatius.xtec.cat\/noubarris\/wp-content\/uploads\/usu786\/2014\/09\/ampa-300x120.png 300w\" sizes=\"auto, (max-width: 315px) 100vw, 315px\" \/><\/p>\n<p>&nbsp;<\/p>\n","protected":false},"excerpt":{"rendered":"<p>Cada servei educatiu est\u00e0 format per un equip multidisciplinar: CRP (Centre de recursos pedag\u00f2gics):\u00a0equip que d\u00f3na\u00a0suport a l\u2019activitat pedag\u00f2gica dels centres i\u00a0a la tasca docent de mestres i professorat, especialment, en temes de formaci\u00f3 permanent, de recursos pedag\u00f2gics i de dinamitzaci\u00f3 de projectes de centre i de la zona. Podeu consultar les activitats, recursos i [&hellip;]<\/p>\n","protected":false},"author":1,"featured_media":0,"parent":806,"menu_order":20,"comment_status":"closed","ping_status":"closed","template":"page-templates\/side-menu.php","meta":{"_bbp_topic_count":0,"_bbp_reply_count":0,"_bbp_total_topic_count":0,"_bbp_total_reply_count":0,"_bbp_voice_count":0,"_bbp_anonymous_reply_count":0,"_bbp_topic_count_hidden":0,"_bbp_reply_count_hidden":0,"_bbp_forum_subforum_count":0,"site-sidebar-layout":"default","site-content-layout":"","ast-site-content-layout":"","site-content-style":"default","site-sidebar-style":"default","ast-global-header-display":"","ast-banner-title-visibility":"","ast-main-header-display":"","ast-hfb-above-header-display":"","ast-hfb-below-header-display":"","ast-hfb-mobile-header-display":"","site-post-title":"","ast-breadcrumbs-content":"","ast-featured-img":"","footer-sml-layout":"","theme-transparent-header-meta":"","adv-header-id-meta":"","stick-header-meta":"","header-above-stick-meta":"","header-main-stick-meta":"","header-below-stick-meta":"","astra-migrate-meta-layouts":"default","ast-page-background-enabled":"default","ast-page-background-meta":{"desktop":{"background-color":"var(--ast-global-color-4)","background-image":"","background-repeat":"repeat","background-position":"center center","background-size":"auto","background-attachment":"scroll","background-type":"","background-media":"","overlay-type":"","overlay-color":"","overlay-opacity":"","overlay-gradient":""},"tablet":{"background-color":"","background-image":"","background-repeat":"repeat","background-position":"center center","background-size":"auto","background-attachment":"scroll","background-type":"","background-media":"","overlay-type":"","overlay-color":"","overlay-opacity":"","overlay-gradient":""},"mobile":{"background-color":"","background-image":"","background-repeat":"repeat","background-position":"center center","background-size":"auto","background-attachment":"scroll","background-type":"","background-media":"","overlay-type":"","overlay-color":"","overlay-opacity":"","overlay-gradient":""}},"ast-content-background-meta":{"desktop":{"background-color":"var(--ast-global-color-5)","background-image":"","background-repeat":"repeat","background-position":"center center","background-size":"auto","background-attachment":"scroll","background-type":"","background-media":"","overlay-type":"","overlay-color":"","overlay-opacity":"","overlay-gradient":""},"tablet":{"background-color":"var(--ast-global-color-5)","background-image":"","background-repeat":"repeat","background-position":"center center","background-size":"auto","background-attachment":"scroll","background-type":"","background-media":"","overlay-type":"","overlay-color":"","overlay-opacity":"","overlay-gradient":""},"mobile":{"background-color":"var(--ast-global-color-5)","background-image":"","background-repeat":"repeat","background-position":"center center","background-size":"auto","background-attachment":"scroll","background-type":"","background-media":"","overlay-type":"","overlay-color":"","overlay-opacity":"","overlay-gradient":""}},"footnotes":""},"class_list":["post-306","page","type-page","status-publish","hentry"],"post_mailing_queue_ids":[],"_links":{"self":[{"href":"https:\/\/serveiseducatius.xtec.cat\/noubarris\/wp-json\/wp\/v2\/pages\/306","targetHints":{"allow":["GET"]}}],"collection":[{"href":"https:\/\/serveiseducatius.xtec.cat\/noubarris\/wp-json\/wp\/v2\/pages"}],"about":[{"href":"https:\/\/serveiseducatius.xtec.cat\/noubarris\/wp-json\/wp\/v2\/types\/page"}],"author":[{"embeddable":true,"href":"https:\/\/serveiseducatius.xtec.cat\/noubarris\/wp-json\/wp\/v2\/users\/1"}],"replies":[{"embeddable":true,"href":"https:\/\/serveiseducatius.xtec.cat\/noubarris\/wp-json\/wp\/v2\/comments?post=306"}],"version-history":[{"count":6,"href":"https:\/\/serveiseducatius.xtec.cat\/noubarris\/wp-json\/wp\/v2\/pages\/306\/revisions"}],"predecessor-version":[{"id":7394,"href":"https:\/\/serveiseducatius.xtec.cat\/noubarris\/wp-json\/wp\/v2\/pages\/306\/revisions\/7394"}],"up":[{"embeddable":true,"href":"https:\/\/serveiseducatius.xtec.cat\/noubarris\/wp-json\/wp\/v2\/pages\/806"}],"wp:attachment":[{"href":"https:\/\/serveiseducatius.xtec.cat\/noubarris\/wp-json\/wp\/v2\/media?parent=306"}],"curies":[{"name":"wp","href":"https:\/\/api.w.org\/{rel}","templated":true}]}}