{"id":2999,"date":"2017-09-21T14:38:39","date_gmt":"2017-09-21T12:38:39","guid":{"rendered":"http:\/\/serveiseducatius.xtec.cat\/noubarris\/?page_id=2999"},"modified":"2020-01-23T12:42:53","modified_gmt":"2020-01-23T11:42:53","slug":"prestec-de-material-audiovisual-informatic-i-altres","status":"publish","type":"page","link":"https:\/\/serveiseducatius.xtec.cat\/noubarris\/prestec-de-material-audiovisual-informatic-i-altres\/","title":{"rendered":"Pr\u00e9stec de material audiovisual, de projecci\u00f3 i altres"},"content":{"rendered":"<p><span style=\"color: #ff0000;\"><strong>Atenci\u00f3!<\/strong> <strong>El dia de recollida del material al CRP heu de portar omplerta la <a style=\"color: #ff0000;\" href=\"https:\/\/drive.google.com\/file\/d\/1H_Rqfeu8z5hmPDY80r2ERZppchg1RTrE\/view?usp=sharing\">fitxa de pr\u00e9stec<\/a>, amb signatura i segell de la direcci\u00f3<\/strong><\/span>.<\/p>\n<p>Si voleu demanar m\u00e9s d&#8217;un material ho podeu fer en un sol formulari de reserva.<\/p>\n<p><span style=\"color: #000000;\"><strong><span style=\"color: #0000ff;\">Abans de demanar el material heu de mirar el calendari de reserva que est\u00e0 a la part inferior d\u2019aquesta p\u00e0gina. Gr\u00e0cies<\/span>.<\/strong><\/span><\/p>\n<p><iframe loading=\"lazy\" src=\"https:\/\/docs.google.com\/spreadsheets\/d\/e\/2PACX-1vTE4EywoQUtfs5EzmTR9UZzDHTRWBzUbWSGGjScdYt4RklWj1bH_04J9Lr9CQQGLtpXbR_hAiILETkF\/pubhtml?widget=true&amp;headers=false\" width=\"530\" height=\"650\"><\/iframe><\/p>\n<p><strong>ELS ESPAIS EN BLANC INDIQUEN EL MATERIAL DISPONIBLE<\/strong><\/p>\n<p><iframe loading=\"lazy\" src=\"https:\/\/docs.google.com\/spreadsheets\/d\/e\/2PACX-1vSo9nKKrOY2pYCt4wXSsMRVoTs997iZMaUJLQkvbxUckGW5hWolr6Dqi5XP-cEtfljzgGCBgiKHk8m2\/pubhtml?widget=true&amp;headers=false\" width=\"1500\" height=\"650\"><\/iframe><\/p>\n<p>&nbsp;<\/p>\n","protected":false},"excerpt":{"rendered":"<p>Atenci\u00f3! El dia de recollida del material al CRP heu de portar omplerta la fitxa de pr\u00e9stec, amb signatura i segell de la direcci\u00f3. Si voleu demanar m\u00e9s d&#8217;un material ho podeu fer en un sol formulari de reserva. Abans de demanar el material heu de mirar el calendari de reserva que est\u00e0 a la [&hellip;]<\/p>\n","protected":false},"author":1,"featured_media":0,"parent":0,"menu_order":0,"comment_status":"closed","ping_status":"closed","template":"","meta":{"_bbp_topic_count":0,"_bbp_reply_count":0,"_bbp_total_topic_count":0,"_bbp_total_reply_count":0,"_bbp_voice_count":0,"_bbp_anonymous_reply_count":0,"_bbp_topic_count_hidden":0,"_bbp_reply_count_hidden":0,"_bbp_forum_subforum_count":0,"site-sidebar-layout":"default","site-content-layout":"","ast-site-content-layout":"","site-content-style":"default","site-sidebar-style":"default","ast-global-header-display":"","ast-banner-title-visibility":"","ast-main-header-display":"","ast-hfb-above-header-display":"","ast-hfb-below-header-display":"","ast-hfb-mobile-header-display":"","site-post-title":"","ast-breadcrumbs-content":"","ast-featured-img":"","footer-sml-layout":"","theme-transparent-header-meta":"","adv-header-id-meta":"","stick-header-meta":"","header-above-stick-meta":"","header-main-stick-meta":"","header-below-stick-meta":"","astra-migrate-meta-layouts":"default","ast-page-background-enabled":"default","ast-page-background-meta":{"desktop":{"background-color":"var(--ast-global-color-4)","background-image":"","background-repeat":"repeat","background-position":"center center","background-size":"auto","background-attachment":"scroll","background-type":"","background-media":"","overlay-type":"","overlay-color":"","overlay-opacity":"","overlay-gradient":""},"tablet":{"background-color":"","background-image":"","background-repeat":"repeat","background-position":"center center","background-size":"auto","background-attachment":"scroll","background-type":"","background-media":"","overlay-type":"","overlay-color":"","overlay-opacity":"","overlay-gradient":""},"mobile":{"background-color":"","background-image":"","background-repeat":"repeat","background-position":"center center","background-size":"auto","background-attachment":"scroll","background-type":"","background-media":"","overlay-type":"","overlay-color":"","overlay-opacity":"","overlay-gradient":""}},"ast-content-background-meta":{"desktop":{"background-color":"var(--ast-global-color-5)","background-image":"","background-repeat":"repeat","background-position":"center center","background-size":"auto","background-attachment":"scroll","background-type":"","background-media":"","overlay-type":"","overlay-color":"","overlay-opacity":"","overlay-gradient":""},"tablet":{"background-color":"var(--ast-global-color-5)","background-image":"","background-repeat":"repeat","background-position":"center center","background-size":"auto","background-attachment":"scroll","background-type":"","background-media":"","overlay-type":"","overlay-color":"","overlay-opacity":"","overlay-gradient":""},"mobile":{"background-color":"var(--ast-global-color-5)","background-image":"","background-repeat":"repeat","background-position":"center center","background-size":"auto","background-attachment":"scroll","background-type":"","background-media":"","overlay-type":"","overlay-color":"","overlay-opacity":"","overlay-gradient":""}},"footnotes":""},"class_list":["post-2999","page","type-page","status-publish","hentry"],"post_mailing_queue_ids":[],"_links":{"self":[{"href":"https:\/\/serveiseducatius.xtec.cat\/noubarris\/wp-json\/wp\/v2\/pages\/2999","targetHints":{"allow":["GET"]}}],"collection":[{"href":"https:\/\/serveiseducatius.xtec.cat\/noubarris\/wp-json\/wp\/v2\/pages"}],"about":[{"href":"https:\/\/serveiseducatius.xtec.cat\/noubarris\/wp-json\/wp\/v2\/types\/page"}],"author":[{"embeddable":true,"href":"https:\/\/serveiseducatius.xtec.cat\/noubarris\/wp-json\/wp\/v2\/users\/1"}],"replies":[{"embeddable":true,"href":"https:\/\/serveiseducatius.xtec.cat\/noubarris\/wp-json\/wp\/v2\/comments?post=2999"}],"version-history":[{"count":3,"href":"https:\/\/serveiseducatius.xtec.cat\/noubarris\/wp-json\/wp\/v2\/pages\/2999\/revisions"}],"predecessor-version":[{"id":4843,"href":"https:\/\/serveiseducatius.xtec.cat\/noubarris\/wp-json\/wp\/v2\/pages\/2999\/revisions\/4843"}],"wp:attachment":[{"href":"https:\/\/serveiseducatius.xtec.cat\/noubarris\/wp-json\/wp\/v2\/media?parent=2999"}],"curies":[{"name":"wp","href":"https:\/\/api.w.org\/{rel}","templated":true}]}}