{"id":2985,"date":"2017-09-21T14:34:02","date_gmt":"2017-09-21T12:34:02","guid":{"rendered":"http:\/\/serveiseducatius.xtec.cat\/noubarris\/?page_id=2985"},"modified":"2019-09-18T12:47:25","modified_gmt":"2019-09-18T10:47:25","slug":"prestec-de-ginys-per-a-la-competencia-comunicativa","status":"publish","type":"page","link":"https:\/\/serveiseducatius.xtec.cat\/noubarris\/prestec-de-ginys-per-a-la-competencia-comunicativa\/","title":{"rendered":"Pr\u00e9stec de ginys per a la compet\u00e8ncia comunicativa"},"content":{"rendered":"<p><span style=\"color: #ff0000;\"><strong>Atenci\u00f3!<\/strong><\/span> <strong><span style=\"color: #ff0000;\">El dia de recollida del material al CRP heu de portar omplerta la <a style=\"color: #ff0000;\" href=\"https:\/\/drive.google.com\/file\/d\/1H_Rqfeu8z5hmPDY80r2ERZppchg1RTrE\/view?usp=sharing\">fitxa de pr\u00e9stec<\/a>, amb signatura i segell de la direcci\u00f3<\/span><\/strong><\/p>\n<p>Aquest material est\u00e0 pensat principalment per treballar la compet\u00e8ncia comunicativa a Educaci\u00f3 Infantil i Cicle Inicial de Prim\u00e0ria, tot i que se&#8217;n pot trobar tamb\u00e9 alguna utilitat a nivells superiors.<\/p>\n<p><iframe loading=\"lazy\" src=\"https:\/\/docs.google.com\/spreadsheets\/d\/e\/2PACX-1vTCy_49TW8I9HbjTLmz7btUFeVhmxTAAwuIks8ZwfJyfiwoVaLnMSw7LhVGitcRE62jw1I3wQD4eNaF\/pubhtml?widget=true&amp;headers=false\" width=\"420\" height=\"350\"><\/iframe><\/p>\n<p>Si voleu demanar m\u00e9s d&#8217;un material ho podeu fer en un sol <a href=\"https:\/\/docs.google.com\/forms\/d\/e\/1FAIpQLScAqoqNjB9tIOgSPiMHJzRUVOBI0Q0o1o5p6j0Ectti9qaO_Q\/viewform\"><strong>formulari de reserva<\/strong>.<\/a><\/p>\n<p><span style=\"color: #000000;\"><strong><span style=\"color: #0000ff;\"> Abans de demanar el material heu de mirar el calendari de reserva que est\u00e0 a la part inferior d&#8217;aquesta p\u00e0gina. Gr\u00e0cies<\/span>.<\/strong><\/span><\/p>\n<p>&gt; Aqu\u00ed podeu trobar <a href=\"http:\/\/odissea.xtec.cat\/course\/view.php?id=9682#section-2\">experi\u00e8ncies i propostes de treball <\/a>amb el ginys!<\/p>\n<p>&nbsp;<\/p>\n<p><iframe loading=\"lazy\" src=\"https:\/\/docs.google.com\/spreadsheets\/d\/e\/2PACX-1vSvYuIljSY0_PzWf357y4cIHHc4jBU4VRktKqVe5epyMzOOg4p-F2b7BzRtqnlPjV_FIHkU63sxyJkz\/pubhtml?widget=true&amp;headers=false\" width=\"1500\" height=\"500\"><\/iframe><\/p>\n","protected":false},"excerpt":{"rendered":"<p>Atenci\u00f3! El dia de recollida del material al CRP heu de portar omplerta la fitxa de pr\u00e9stec, amb signatura i segell de la direcci\u00f3 Aquest material est\u00e0 pensat principalment per treballar la compet\u00e8ncia comunicativa a Educaci\u00f3 Infantil i Cicle Inicial de Prim\u00e0ria, tot i que se&#8217;n pot trobar tamb\u00e9 alguna utilitat a nivells superiors. Si [&hellip;]<\/p>\n","protected":false},"author":1,"featured_media":0,"parent":0,"menu_order":0,"comment_status":"closed","ping_status":"closed","template":"","meta":{"_bbp_topic_count":0,"_bbp_reply_count":0,"_bbp_total_topic_count":0,"_bbp_total_reply_count":0,"_bbp_voice_count":0,"_bbp_anonymous_reply_count":0,"_bbp_topic_count_hidden":0,"_bbp_reply_count_hidden":0,"_bbp_forum_subforum_count":0,"site-sidebar-layout":"default","site-content-layout":"","ast-site-content-layout":"","site-content-style":"default","site-sidebar-style":"default","ast-global-header-display":"","ast-banner-title-visibility":"","ast-main-header-display":"","ast-hfb-above-header-display":"","ast-hfb-below-header-display":"","ast-hfb-mobile-header-display":"","site-post-title":"","ast-breadcrumbs-content":"","ast-featured-img":"","footer-sml-layout":"","theme-transparent-header-meta":"","adv-header-id-meta":"","stick-header-meta":"","header-above-stick-meta":"","header-main-stick-meta":"","header-below-stick-meta":"","astra-migrate-meta-layouts":"default","ast-page-background-enabled":"default","ast-page-background-meta":{"desktop":{"background-color":"var(--ast-global-color-4)","background-image":"","background-repeat":"repeat","background-position":"center center","background-size":"auto","background-attachment":"scroll","background-type":"","background-media":"","overlay-type":"","overlay-color":"","overlay-opacity":"","overlay-gradient":""},"tablet":{"background-color":"","background-image":"","background-repeat":"repeat","background-position":"center center","background-size":"auto","background-attachment":"scroll","background-type":"","background-media":"","overlay-type":"","overlay-color":"","overlay-opacity":"","overlay-gradient":""},"mobile":{"background-color":"","background-image":"","background-repeat":"repeat","background-position":"center center","background-size":"auto","background-attachment":"scroll","background-type":"","background-media":"","overlay-type":"","overlay-color":"","overlay-opacity":"","overlay-gradient":""}},"ast-content-background-meta":{"desktop":{"background-color":"var(--ast-global-color-5)","background-image":"","background-repeat":"repeat","background-position":"center center","background-size":"auto","background-attachment":"scroll","background-type":"","background-media":"","overlay-type":"","overlay-color":"","overlay-opacity":"","overlay-gradient":""},"tablet":{"background-color":"var(--ast-global-color-5)","background-image":"","background-repeat":"repeat","background-position":"center center","background-size":"auto","background-attachment":"scroll","background-type":"","background-media":"","overlay-type":"","overlay-color":"","overlay-opacity":"","overlay-gradient":""},"mobile":{"background-color":"var(--ast-global-color-5)","background-image":"","background-repeat":"repeat","background-position":"center center","background-size":"auto","background-attachment":"scroll","background-type":"","background-media":"","overlay-type":"","overlay-color":"","overlay-opacity":"","overlay-gradient":""}},"footnotes":""},"class_list":["post-2985","page","type-page","status-publish","hentry"],"post_mailing_queue_ids":[],"_links":{"self":[{"href":"https:\/\/serveiseducatius.xtec.cat\/noubarris\/wp-json\/wp\/v2\/pages\/2985","targetHints":{"allow":["GET"]}}],"collection":[{"href":"https:\/\/serveiseducatius.xtec.cat\/noubarris\/wp-json\/wp\/v2\/pages"}],"about":[{"href":"https:\/\/serveiseducatius.xtec.cat\/noubarris\/wp-json\/wp\/v2\/types\/page"}],"author":[{"embeddable":true,"href":"https:\/\/serveiseducatius.xtec.cat\/noubarris\/wp-json\/wp\/v2\/users\/1"}],"replies":[{"embeddable":true,"href":"https:\/\/serveiseducatius.xtec.cat\/noubarris\/wp-json\/wp\/v2\/comments?post=2985"}],"version-history":[{"count":4,"href":"https:\/\/serveiseducatius.xtec.cat\/noubarris\/wp-json\/wp\/v2\/pages\/2985\/revisions"}],"predecessor-version":[{"id":4561,"href":"https:\/\/serveiseducatius.xtec.cat\/noubarris\/wp-json\/wp\/v2\/pages\/2985\/revisions\/4561"}],"wp:attachment":[{"href":"https:\/\/serveiseducatius.xtec.cat\/noubarris\/wp-json\/wp\/v2\/media?parent=2985"}],"curies":[{"name":"wp","href":"https:\/\/api.w.org\/{rel}","templated":true}]}}