{"id":1472,"date":"2016-03-18T10:29:36","date_gmt":"2016-03-18T09:29:36","guid":{"rendered":"http:\/\/serveiseducatius.xtec.cat\/noubarris\/?page_id=1472"},"modified":"2022-09-28T09:08:30","modified_gmt":"2022-09-28T07:08:30","slug":"centres-concertats-2","status":"publish","type":"page","link":"https:\/\/serveiseducatius.xtec.cat\/noubarris\/comunitat\/centres-educatius\/centres-concertats-2\/","title":{"rendered":"Centres Concertats"},"content":{"rendered":"<p><a href=\"http:\/\/www.edubcn.cat\/ca\/centres_serveis_educatius\/centres_educatius\/cercador#\/centres\/\/2\/\/\/\/8\/0\/-32762\/-2147483611\/-2147482919\/\" target=\"_blank\" rel=\"noopener noreferrer\">Mapa del centres de la zona Consorci d\u2019Educaci\u00f3 de Barcelona<\/a><\/p>\n<p><strong>Aloma<br \/>\n<\/strong>C. Torrent d&#8217;en Piquer,\u00a02<br \/>\nTel.\u00a0934087625<br \/>\nCorreu electr\u00f2nic: a8014358@xtec.cat<br \/>\n<a href=\"http:\/\/www.escola-aloma.com\/\" target=\"_blank\" rel=\"noopener noreferrer\">Web<\/a><\/p>\n<p><strong>Amor de Dios<br \/>\n<\/strong>C. Teide,\u00a0s\/n<br \/>\nTel.\u00a0934293921<br \/>\nCorreu electr\u00f2nic: amordedios@amordedios.org<br \/>\n<a href=\"https:\/\/colegiosamordedios.es\/centros\/barcelona\/index.php\">Web<\/a><\/p>\n<p><strong>Bemen-3<br \/>\n<\/strong>C. Cartell\u00e0, 48<br \/>\nTel.\u00a0933571258<br \/>\nCorreu electr\u00f2nic: bemen3@bemen3.com<br \/>\n<a href=\"http:\/\/www.bemen3.com\/\" target=\"_blank\" rel=\"noopener noreferrer\">Web<\/a><\/p>\n<p><strong>Cam\u00ed<br \/>\n<\/strong>C. V\u00e8lia, 28<br \/>\nTel.\u00a0933117451<br \/>\nCorreu electr\u00f2nic: info@colegiocami.com<br \/>\n<a href=\"http:\/\/www.colegiocami.com\/\" target=\"_blank\" rel=\"noopener noreferrer\">Web<\/a><\/p>\n<p><strong>Cam\u00ed II<br \/>\n<\/strong>C. Felip II, 202<br \/>\nTel.\u00a0933516233<br \/>\nCorreu electr\u00f2nic: info@colegiocami.com<br \/>\n<a href=\"http:\/\/www.colegiocami.com\/\" target=\"_blank\" rel=\"noopener noreferrer\">Web<\/a><\/p>\n<p><strong>Centre Catal\u00e0 de Comer\u00e7<br \/>\n<\/strong>C. Esc\u00f2cia,\u00a0130<br \/>\nTel.\u00a0933525658<br \/>\nCorreu electr\u00f2nic: escocia@accc.es<br \/>\n<a href=\"http:\/\/accc.es\/\" target=\"_blank\" rel=\"noopener noreferrer\">Web<\/a><\/p>\n<p><strong>Closa<br \/>\n<\/strong>C. Emili Roca, 22<br \/>\nTel. 933493939<br \/>\nCorreu electr\u00f2nic: a8014097@xtec.cat<br \/>\n<a href=\"http:\/\/escolaclosa.es\/\" target=\"_blank\" rel=\"noopener noreferrer\">Web<\/a><\/p>\n<p><strong>Cor de Maria-Sabastida<br \/>\n<\/strong>C. Sabastida, 12<br \/>\nTel.\u00a0934073810<br \/>\nCorreu electr\u00f2nic: col-cmsabastida@xtec.cat<br \/>\n<a href=\"http:\/\/www.cordemariasabastida.cat\/\" target=\"_blank\" rel=\"noopener noreferrer\">Web<\/a><\/p>\n<p><strong>Pia Luz Casanova<br \/>\n<\/strong>C. Almansa,\u00a052-54<br \/>\nTel.\u00a0933596181<br \/>\nCorreu electr\u00f2nic: a8007445@xtec.cat<br \/>\n<a href=\"http:\/\/luzcasanova.escolapia.cat\/\" target=\"_blank\" rel=\"noopener noreferrer\">Web<\/a><\/p>\n<p><strong>Fedac-Am\u00edlcar<br \/>\n<\/strong>C. Amilcar,\u00a010<br \/>\nTel.\u00a0933571554<br \/>\nCorreu electr\u00f2nic: a8007469@xtec.cat<br \/>\n<a href=\"http:\/\/www.fedac.cat\/amilcar\/index.php?option=com_content&amp;view=frontpage\" target=\"_blank\" rel=\"noopener noreferrer\">Web<\/a><\/p>\n<p><strong>Grey<br \/>\n<\/strong>Pg. Valldaura, 208<br \/>\nTel.\u00a0933504040<br \/>\nCorreu electr\u00f2nic: a8008701@xtec.cat<br \/>\n<a href=\"http:\/\/www.cegrey.org\/on-som\/\" target=\"_blank\" rel=\"noopener noreferrer\">Web<\/a><\/p>\n<p><strong>Jes\u00fas Maria Claudina Th\u00e9venet<br \/>\n<\/strong>Rbla. Ca\u00e7ador, 6-12<br \/>\nTel.\u00a0934270125<br \/>\nCorreu electr\u00f2nic: a8003014@xtec.cat<br \/>\n<a href=\"http:\/\/www.jm-claudina.net\/\">Web<\/a><\/p>\n<p><strong>Mare Alfonsa Cavin<br \/>\n<\/strong>C. Rasos de Peguera,\u00a057 bis<br \/>\nTel.\u00a0933594996<br \/>\nCorreu electr\u00f2nic: a8008309@xtec.cat<br \/>\n<a href=\"http:\/\/www.marealfonsacavin.cat\/\">Web<\/a><\/p>\n<p><strong>Molina<br \/>\n<\/strong>C. Lorena, 61-63<br \/>\nTel.\u00a0933533810<br \/>\nCorreu electr\u00f2nic: a8010882@xtec.cat<br \/>\n<a href=\"http:\/\/centresmolina.com\/es\/\" target=\"_blank\" rel=\"noopener noreferrer\">Web<\/a><\/p>\n<p><strong>Princeps 23 d&#8217;abril<br \/>\n<\/strong>C. Artesania,\u00a046<br \/>\nTel.\u00a0933537591<br \/>\nCorreu electr\u00f2nic: a8007524@xtec.cat<br \/>\n<a href=\"http:\/\/www.princeps23dabril.com\/home.php?id_pag=47&amp;idioma=1\" target=\"_blank\" rel=\"noopener noreferrer\">Web<\/a><\/p>\n<p><strong>Sant Ferran- INF i PRI<br \/>\n<\/strong>C. Joan Riera,\u00a046<br \/>\nTel.\u00a0933548991<br \/>\nCorreu electr\u00f2nic: a8007871@xtec.cat<br \/>\n<a href=\"https:\/\/santferranbcn.cat\/\" target=\"_blank\" rel=\"noopener noreferrer\">Web<\/a><\/p>\n<p><strong>Sant Ferran- SECUND\u00c0RIA<br \/>\n<\/strong>C. Font Canyelles,\u00a098<br \/>\nTel.\u00a0933507392<br \/>\nCorreu electr\u00f2nic: a8007871@xtec.cat<br \/>\n<a href=\"https:\/\/santferranbcn.cat\/\" target=\"_blank\" rel=\"noopener noreferrer\">Web<\/a><\/p>\n<p><strong>Sant\u00a0Llu\u00eds-ESO<br \/>\n<\/strong>C. Artijols,\u00a012-14<br \/>\nTel.\u00a0933544387<br \/>\nCorreu electr\u00f2nic: a8007482@xtec.cat<br \/>\n<a href=\"http:\/\/www.colsantlluis.com\/\" target=\"_blank\" rel=\"noopener noreferrer\">Web<\/a><\/p>\n<p><strong>Sant\u00a0Llu\u00eds-Prim\u00e0ria.<br \/>\n<\/strong>C. Nou Pins, 46<br \/>\nTel.\u00a0933593749<br \/>\nCorreu electr\u00f2nic: a8007482@xtec.cat<br \/>\n<a href=\"http:\/\/www.colsantlluis.com\/\" target=\"_blank\" rel=\"noopener noreferrer\">Web<\/a><\/p>\n<p><strong>Santapau-Pifma<br \/>\n<\/strong>C. Alell\u00e0,\u00a051<br \/>\nTel.\u00a0934080126<br \/>\nCorreu electr\u00f2nic: a8037346@xtec.cat<br \/>\n<a href=\"http:\/\/www.santapau-pifma.com\/\" target=\"_blank\" rel=\"noopener noreferrer\">Web<\/a><\/p>\n<p><strong>Valldaura<br \/>\n<\/strong>C. Argull\u00f3s, 117<br \/>\nTel.\u00a0933593640<br \/>\nCorreu electr\u00f2nic: a8008474@xtec.cat<br \/>\n<a href=\"http:\/\/www.cevalldaura.cat\/\" target=\"_blank\" rel=\"noopener noreferrer\">Web<\/a><\/p>\n","protected":false},"excerpt":{"rendered":"<p>Mapa del centres de la zona Consorci d\u2019Educaci\u00f3 de Barcelona Aloma C. Torrent d&#8217;en Piquer,\u00a02 Tel.\u00a0934087625 Correu electr\u00f2nic: a8014358@xtec.cat Web Amor de Dios C. Teide,\u00a0s\/n Tel.\u00a0934293921 Correu electr\u00f2nic: amordedios@amordedios.org Web Bemen-3 C. Cartell\u00e0, 48 Tel.\u00a0933571258 Correu electr\u00f2nic: bemen3@bemen3.com Web Cam\u00ed C. V\u00e8lia, 28 Tel.\u00a0933117451 Correu electr\u00f2nic: info@colegiocami.com Web Cam\u00ed II C. Felip II, 202 Tel.\u00a0933516233 [&hellip;]<\/p>\n","protected":false},"author":1,"featured_media":0,"parent":338,"menu_order":50,"comment_status":"closed","ping_status":"closed","template":"page-templates\/side-menu.php","meta":{"_bbp_topic_count":0,"_bbp_reply_count":0,"_bbp_total_topic_count":0,"_bbp_total_reply_count":0,"_bbp_voice_count":0,"_bbp_anonymous_reply_count":0,"_bbp_topic_count_hidden":0,"_bbp_reply_count_hidden":0,"_bbp_forum_subforum_count":0,"site-sidebar-layout":"default","site-content-layout":"","ast-site-content-layout":"","site-content-style":"default","site-sidebar-style":"default","ast-global-header-display":"","ast-banner-title-visibility":"","ast-main-header-display":"","ast-hfb-above-header-display":"","ast-hfb-below-header-display":"","ast-hfb-mobile-header-display":"","site-post-title":"","ast-breadcrumbs-content":"","ast-featured-img":"","footer-sml-layout":"","theme-transparent-header-meta":"","adv-header-id-meta":"","stick-header-meta":"","header-above-stick-meta":"","header-main-stick-meta":"","header-below-stick-meta":"","astra-migrate-meta-layouts":"default","ast-page-background-enabled":"default","ast-page-background-meta":{"desktop":{"background-color":"var(--ast-global-color-4)","background-image":"","background-repeat":"repeat","background-position":"center center","background-size":"auto","background-attachment":"scroll","background-type":"","background-media":"","overlay-type":"","overlay-color":"","overlay-opacity":"","overlay-gradient":""},"tablet":{"background-color":"","background-image":"","background-repeat":"repeat","background-position":"center center","background-size":"auto","background-attachment":"scroll","background-type":"","background-media":"","overlay-type":"","overlay-color":"","overlay-opacity":"","overlay-gradient":""},"mobile":{"background-color":"","background-image":"","background-repeat":"repeat","background-position":"center center","background-size":"auto","background-attachment":"scroll","background-type":"","background-media":"","overlay-type":"","overlay-color":"","overlay-opacity":"","overlay-gradient":""}},"ast-content-background-meta":{"desktop":{"background-color":"var(--ast-global-color-5)","background-image":"","background-repeat":"repeat","background-position":"center center","background-size":"auto","background-attachment":"scroll","background-type":"","background-media":"","overlay-type":"","overlay-color":"","overlay-opacity":"","overlay-gradient":""},"tablet":{"background-color":"var(--ast-global-color-5)","background-image":"","background-repeat":"repeat","background-position":"center center","background-size":"auto","background-attachment":"scroll","background-type":"","background-media":"","overlay-type":"","overlay-color":"","overlay-opacity":"","overlay-gradient":""},"mobile":{"background-color":"var(--ast-global-color-5)","background-image":"","background-repeat":"repeat","background-position":"center center","background-size":"auto","background-attachment":"scroll","background-type":"","background-media":"","overlay-type":"","overlay-color":"","overlay-opacity":"","overlay-gradient":""}},"footnotes":""},"class_list":["post-1472","page","type-page","status-publish","hentry"],"post_mailing_queue_ids":[],"_links":{"self":[{"href":"https:\/\/serveiseducatius.xtec.cat\/noubarris\/wp-json\/wp\/v2\/pages\/1472","targetHints":{"allow":["GET"]}}],"collection":[{"href":"https:\/\/serveiseducatius.xtec.cat\/noubarris\/wp-json\/wp\/v2\/pages"}],"about":[{"href":"https:\/\/serveiseducatius.xtec.cat\/noubarris\/wp-json\/wp\/v2\/types\/page"}],"author":[{"embeddable":true,"href":"https:\/\/serveiseducatius.xtec.cat\/noubarris\/wp-json\/wp\/v2\/users\/1"}],"replies":[{"embeddable":true,"href":"https:\/\/serveiseducatius.xtec.cat\/noubarris\/wp-json\/wp\/v2\/comments?post=1472"}],"version-history":[{"count":4,"href":"https:\/\/serveiseducatius.xtec.cat\/noubarris\/wp-json\/wp\/v2\/pages\/1472\/revisions"}],"predecessor-version":[{"id":6250,"href":"https:\/\/serveiseducatius.xtec.cat\/noubarris\/wp-json\/wp\/v2\/pages\/1472\/revisions\/6250"}],"up":[{"embeddable":true,"href":"https:\/\/serveiseducatius.xtec.cat\/noubarris\/wp-json\/wp\/v2\/pages\/338"}],"wp:attachment":[{"href":"https:\/\/serveiseducatius.xtec.cat\/noubarris\/wp-json\/wp\/v2\/media?parent=1472"}],"curies":[{"name":"wp","href":"https:\/\/api.w.org\/{rel}","templated":true}]}}