{"id":9951,"date":"2020-01-10T12:47:09","date_gmt":"2020-01-10T11:47:09","guid":{"rendered":"http:\/\/serveiseducatius.xtec.cat\/noguera\/?page_id=9951"},"modified":"2020-02-25T17:06:14","modified_gmt":"2020-02-25T16:06:14","slug":"jocs-de-pensament-computacional","status":"publish","type":"page","link":"https:\/\/serveiseducatius.xtec.cat\/noguera\/robotica-educativa\/pensament-computacional\/jocs-de-pensament-computacional\/","title":{"rendered":"Jocs de pensament computacional"},"content":{"rendered":"<table style=\"height: 1252px; width: 969px;\" width=\"968\">\n<tbody>\n<tr>\n<td style=\"width: 306px;\">\n<h3 style=\"text-align: center;\"><a href=\"https:\/\/serveiseducatius.xtec.cat\/noguera\/wp-content\/uploads\/usu1149\/2020\/01\/bits-and-bytes.jpg\"><span style=\"color: #3366ff;\">BITS &amp; BYTES<\/span><br \/>\n<img loading=\"lazy\" decoding=\"async\" class=\"aligncenter wp-image-9968\" src=\"https:\/\/serveiseducatius.xtec.cat\/noguera\/wp-content\/uploads\/usu1149\/2020\/01\/bits-and-bytes.jpg\" alt=\"\" width=\"229\" height=\"257\" srcset=\"https:\/\/serveiseducatius.xtec.cat\/noguera\/wp-content\/uploads\/usu1149\/2020\/01\/bits-and-bytes.jpg 679w, https:\/\/serveiseducatius.xtec.cat\/noguera\/wp-content\/uploads\/usu1149\/2020\/01\/bits-and-bytes-267x300.jpg 267w\" sizes=\"auto, (max-width: 229px) 100vw, 229px\" \/><\/a><\/h3>\n<p>Bits&amp;Bytes \u00e9s un joc senzill de cartes que permet:<\/p>\n<p>&#8211; Enfrontar-se a un problema que hauran d\u2019anar descomponent en altres de m\u00e9s petits per arribar a la seva resoluci\u00f3.<\/p>\n<p>&#8211; Crear seq\u00fc\u00e8ncies d\u2019instruccions, mitjan\u00e7ant les quals desenvoluparan el seu pensament logar\u00edtmic.<\/p>\n<p>&#8211; Realitzar una execuci\u00f3 controlada del seu programa o seq\u00fc\u00e8ncia d\u2019instruccions per trobar possibles errors i resoldre\u2019ls.<\/p>\n<p>Tots aquests conceptes b\u00e0sics de la computaci\u00f3 ajudaran als alumnes a adquirir compet\u00e8ncies digitals \u00fatils per al seu futur. A m\u00e9s a m\u00e9s, desenvoluparan el pensament computacional i conceptes b\u00e0sics de la programaci\u00f3 sense necessitat de tecnologia.<\/p>\n<p>&nbsp;<\/td>\n<td style=\"width: 316px;\">\n<h3 style=\"text-align: center;\"><span style=\"color: #3366ff;\">SCOTTIE GO<\/span><\/h3>\n<p><img loading=\"lazy\" decoding=\"async\" class=\"aligncenter size-full wp-image-9967\" src=\"https:\/\/serveiseducatius.xtec.cat\/noguera\/wp-content\/uploads\/usu1149\/2020\/01\/scottie-go.png\" alt=\"\" width=\"351\" height=\"244\" srcset=\"https:\/\/serveiseducatius.xtec.cat\/noguera\/wp-content\/uploads\/usu1149\/2020\/01\/scottie-go.png 351w, https:\/\/serveiseducatius.xtec.cat\/noguera\/wp-content\/uploads\/usu1149\/2020\/01\/scottie-go-300x209.png 300w\" sizes=\"auto, (max-width: 351px) 100vw, 351px\" \/><\/p>\n<p>&nbsp;<\/p>\n<p>\u00c9s l&#8217;any 2030 i la nau espacial\u00a0d\u2019un amigable extraterrestre anomenat Scottie s\u2019espatlla i cau al nostre planeta. Tot i que l\u2019Scottie ha sortit il\u00b7l\u00e8s, no ser\u00e0 capa\u00e7 de reparar la seva nau sense la vostra col\u00b7laboraci\u00f3. Aquest joc consisteix en ajudar a l\u2019Scottie a trobar les diferents peces de recanvi per a la seva nau espacial. Convertiu-vos en experts dissenyadors d\u2019algoritmes i descobriu els conceptes clau de la programaci\u00f3!<\/p>\n<p>&nbsp;<\/p>\n<p>&nbsp;<\/p>\n<p>&nbsp;<\/p>\n<p>&nbsp;<\/p>\n<p>&nbsp;<\/p>\n<p>&nbsp;<\/p>\n<p>&nbsp;<\/td>\n<td style=\"width: 337px;\">\n<h3><\/h3>\n<h3 style=\"text-align: center;\"><a href=\"https:\/\/serveiseducatius.xtec.cat\/noguera\/wp-content\/uploads\/usu1149\/2020\/01\/code-go-mouse-mania.jpg\"><span style=\"color: #3366ff;\">CODE&amp;GO MOUSE MANIA<\/span><\/a><\/h3>\n<h3 style=\"text-align: center;\"><a href=\"https:\/\/serveiseducatius.xtec.cat\/noguera\/wp-content\/uploads\/usu1149\/2020\/01\/code-go-mouse-mania.jpg\"><img loading=\"lazy\" decoding=\"async\" class=\"aligncenter wp-image-9969\" src=\"https:\/\/serveiseducatius.xtec.cat\/noguera\/wp-content\/uploads\/usu1149\/2020\/01\/code-go-mouse-mania.jpg\" alt=\"\" width=\"278\" height=\"278\" srcset=\"https:\/\/serveiseducatius.xtec.cat\/noguera\/wp-content\/uploads\/usu1149\/2020\/01\/code-go-mouse-mania.jpg 458w, https:\/\/serveiseducatius.xtec.cat\/noguera\/wp-content\/uploads\/usu1149\/2020\/01\/code-go-mouse-mania-150x150.jpg 150w, https:\/\/serveiseducatius.xtec.cat\/noguera\/wp-content\/uploads\/usu1149\/2020\/01\/code-go-mouse-mania-300x300.jpg 300w\" sizes=\"auto, (max-width: 278px) 100vw, 278px\" \/><\/a><\/h3>\n<p>Mouse mania \u00e9s un joc de taula per aprendre a programar i a seq\u00fcenciar. \u00c9s una manera d\u2019introduir la programaci\u00f3 sense l\u2019\u00fas de les pantalles. Est\u00e0 recomanat per edats dels 5 als 9 anys.<\/p>\n<p>Proporciona un aprenentatge STEAM i una introducci\u00f3 b\u00e0sica als conceptes de programaci\u00f3:<\/p>\n<ul>\n<li>Introducci\u00f3 a la seq\u00fcenciaci\u00f3 per passos.<\/li>\n<li>Plantejament de problemes de l\u00f2gica.<\/li>\n<li>Desenvolupament d\u2019habilitats de pensament cr\u00edtic.<\/li>\n<li>Augment de les habilitats de resoluci\u00f3 de problemes.<\/li>\n<\/ul>\n<p>&nbsp;<\/p>\n<p>&nbsp;<\/p>\n<p>&nbsp;<\/p>\n<p>&nbsp;<\/td>\n<\/tr>\n<tr>\n<td style=\"width: 306px;\">\n<h3><\/h3>\n<p>&nbsp;<\/p>\n<h3 style=\"text-align: center;\"><span style=\"color: #3366ff;\">LET&#8217;S GO CODE<\/span><\/h3>\n<p><img loading=\"lazy\" decoding=\"async\" class=\"aligncenter wp-image-9970\" src=\"https:\/\/serveiseducatius.xtec.cat\/noguera\/wp-content\/uploads\/usu1149\/2020\/01\/lets-go-code.jpg\" alt=\"\" width=\"251\" height=\"251\" srcset=\"https:\/\/serveiseducatius.xtec.cat\/noguera\/wp-content\/uploads\/usu1149\/2020\/01\/lets-go-code.jpg 228w, https:\/\/serveiseducatius.xtec.cat\/noguera\/wp-content\/uploads\/usu1149\/2020\/01\/lets-go-code-150x150.jpg 150w\" sizes=\"auto, (max-width: 251px) 100vw, 251px\" \/><\/p>\n<p>Let\u2019s go code proporciona un conjunt d\u2019activitats interactives que introdueix el llenguatge posicional i les direccions a la vegada que treballen el pensament computacional. Els alumnes creen i segueixen les seq\u00fc\u00e8ncies d\u2019ordres. A m\u00e9s, aquest joc promou les habilitat de pensament cr\u00edtic i permet el treball en equip i el joc cooperatiu. A partir de les activitats de moviment que ofereix, els alumnes tamb\u00e9 desenvolupen les seves habilitats motores.<\/p>\n<p>&nbsp;<\/p>\n<p>&nbsp;<\/td>\n<td style=\"width: 316px;\">\n<h3><\/h3>\n<h3 style=\"text-align: center;\"><a href=\"https:\/\/serveiseducatius.xtec.cat\/noguera\/wp-content\/uploads\/usu1149\/2020\/01\/robot-turtles.jpg\"><span style=\"color: #3366ff;\">ROBOT TURTLES<\/span><\/a><\/h3>\n<h3 style=\"text-align: center;\"><\/h3>\n<p><img loading=\"lazy\" decoding=\"async\" class=\"aligncenter wp-image-9971\" src=\"https:\/\/serveiseducatius.xtec.cat\/noguera\/wp-content\/uploads\/usu1149\/2020\/01\/robot-turtles.jpg\" alt=\"\" width=\"345\" height=\"231\" srcset=\"https:\/\/serveiseducatius.xtec.cat\/noguera\/wp-content\/uploads\/usu1149\/2020\/01\/robot-turtles.jpg 600w, https:\/\/serveiseducatius.xtec.cat\/noguera\/wp-content\/uploads\/usu1149\/2020\/01\/robot-turtles-300x201.jpg 300w\" sizes=\"auto, (max-width: 345px) 100vw, 345px\" \/><\/p>\n<p>&nbsp;<\/p>\n<p>Robot Turtles \u00e9s un joc de taula per a que els nens i nenes a partir de 4 anys puguin aprendre els fonaments de la programaci\u00f3. Aquest joc s\u2019adapta a l\u2019edat dels nens desbloquejant nous conceptes a mesura que els nens van agafant domini del joc.<\/p>\n<p>L\u2019objectiu de cada jugador \u00e9s que la seva tortuga aconsegueixi arribar fins a la gemma del seu color a trav\u00e9s de moviments i accions per tot el tauler. No \u00e9s un joc competitiu, no guanya el primer que arriba, ja que tots ho han d\u2019aconseguir.<\/p>\n<h3 style=\"text-align: center;\"><\/h3>\n<\/td>\n<td style=\"width: 337px;\">\n<h1 style=\"text-align: center;\"><strong><span style=\"color: #000000;\">CLIQUEU <a href=\"https:\/\/sites.google.com\/xtec.cat\/maletes-noguera\/%C3%A0mbits\/rob%C3%B2tica?authuser=0#h.p_K_k4gXioLpPu\"><span style=\"color: #ff0000;\">AQU\u00cd <\/span><\/a>PER CONSULTAR EL MATERIAL QUE CONT\u00c9 LA MALETA DE JOCS DE PENSAMENT COMPUTACIONAL<\/span><\/strong><\/h1>\n<\/td>\n<\/tr>\n<\/tbody>\n<\/table>\n","protected":false},"excerpt":{"rendered":"<p>BITS &amp; BYTES Bits&amp;Bytes \u00e9s un joc senzill de cartes que permet: &#8211; Enfrontar-se a un problema que hauran d\u2019anar descomponent en altres de m\u00e9s petits per arribar a la seva resoluci\u00f3. &#8211; Crear seq\u00fc\u00e8ncies d\u2019instruccions, mitjan\u00e7ant les quals desenvoluparan el seu pensament logar\u00edtmic. &#8211; Realitzar una execuci\u00f3 controlada del seu programa o seq\u00fc\u00e8ncia d\u2019instruccions [&hellip;]<\/p>\n","protected":false},"author":1,"featured_media":0,"parent":9889,"menu_order":1,"comment_status":"closed","ping_status":"closed","template":"page-templates\/side-menu.php","meta":{"_bbp_topic_count":0,"_bbp_reply_count":0,"_bbp_total_topic_count":0,"_bbp_total_reply_count":0,"_bbp_voice_count":0,"_bbp_anonymous_reply_count":0,"_bbp_topic_count_hidden":0,"_bbp_reply_count_hidden":0,"_bbp_forum_subforum_count":0,"site-sidebar-layout":"default","site-content-layout":"","ast-site-content-layout":"","site-content-style":"default","site-sidebar-style":"default","ast-global-header-display":"","ast-banner-title-visibility":"","ast-main-header-display":"","ast-hfb-above-header-display":"","ast-hfb-below-header-display":"","ast-hfb-mobile-header-display":"","site-post-title":"","ast-breadcrumbs-content":"","ast-featured-img":"","footer-sml-layout":"","theme-transparent-header-meta":"","adv-header-id-meta":"","stick-header-meta":"","header-above-stick-meta":"","header-main-stick-meta":"","header-below-stick-meta":"","astra-migrate-meta-layouts":"default","ast-page-background-enabled":"default","ast-page-background-meta":{"desktop":{"background-color":"var(--ast-global-color-4)","background-image":"","background-repeat":"repeat","background-position":"center center","background-size":"auto","background-attachment":"scroll","background-type":"","background-media":"","overlay-type":"","overlay-color":"","overlay-opacity":"","overlay-gradient":""},"tablet":{"background-color":"","background-image":"","background-repeat":"repeat","background-position":"center center","background-size":"auto","background-attachment":"scroll","background-type":"","background-media":"","overlay-type":"","overlay-color":"","overlay-opacity":"","overlay-gradient":""},"mobile":{"background-color":"","background-image":"","background-repeat":"repeat","background-position":"center center","background-size":"auto","background-attachment":"scroll","background-type":"","background-media":"","overlay-type":"","overlay-color":"","overlay-opacity":"","overlay-gradient":""}},"ast-content-background-meta":{"desktop":{"background-color":"var(--ast-global-color-5)","background-image":"","background-repeat":"repeat","background-position":"center center","background-size":"auto","background-attachment":"scroll","background-type":"","background-media":"","overlay-type":"","overlay-color":"","overlay-opacity":"","overlay-gradient":""},"tablet":{"background-color":"var(--ast-global-color-5)","background-image":"","background-repeat":"repeat","background-position":"center center","background-size":"auto","background-attachment":"scroll","background-type":"","background-media":"","overlay-type":"","overlay-color":"","overlay-opacity":"","overlay-gradient":""},"mobile":{"background-color":"var(--ast-global-color-5)","background-image":"","background-repeat":"repeat","background-position":"center center","background-size":"auto","background-attachment":"scroll","background-type":"","background-media":"","overlay-type":"","overlay-color":"","overlay-opacity":"","overlay-gradient":""}},"footnotes":""},"class_list":["post-9951","page","type-page","status-publish","hentry"],"post_mailing_queue_ids":[],"_links":{"self":[{"href":"https:\/\/serveiseducatius.xtec.cat\/noguera\/wp-json\/wp\/v2\/pages\/9951","targetHints":{"allow":["GET"]}}],"collection":[{"href":"https:\/\/serveiseducatius.xtec.cat\/noguera\/wp-json\/wp\/v2\/pages"}],"about":[{"href":"https:\/\/serveiseducatius.xtec.cat\/noguera\/wp-json\/wp\/v2\/types\/page"}],"author":[{"embeddable":true,"href":"https:\/\/serveiseducatius.xtec.cat\/noguera\/wp-json\/wp\/v2\/users\/1"}],"replies":[{"embeddable":true,"href":"https:\/\/serveiseducatius.xtec.cat\/noguera\/wp-json\/wp\/v2\/comments?post=9951"}],"version-history":[{"count":4,"href":"https:\/\/serveiseducatius.xtec.cat\/noguera\/wp-json\/wp\/v2\/pages\/9951\/revisions"}],"predecessor-version":[{"id":10040,"href":"https:\/\/serveiseducatius.xtec.cat\/noguera\/wp-json\/wp\/v2\/pages\/9951\/revisions\/10040"}],"up":[{"embeddable":true,"href":"https:\/\/serveiseducatius.xtec.cat\/noguera\/wp-json\/wp\/v2\/pages\/9889"}],"wp:attachment":[{"href":"https:\/\/serveiseducatius.xtec.cat\/noguera\/wp-json\/wp\/v2\/media?parent=9951"}],"curies":[{"name":"wp","href":"https:\/\/api.w.org\/{rel}","templated":true}]}}