{"id":9946,"date":"2020-01-10T12:28:15","date_gmt":"2020-01-10T11:28:15","guid":{"rendered":"http:\/\/serveiseducatius.xtec.cat\/noguera\/?page_id=9946"},"modified":"2020-02-25T17:03:39","modified_gmt":"2020-02-25T16:03:39","slug":"petits-robots","status":"publish","type":"page","link":"https:\/\/serveiseducatius.xtec.cat\/noguera\/robotica-educativa\/petits-robots\/","title":{"rendered":"Petits Robots: DOC, MIND i MOUSE"},"content":{"rendered":"<h3 style=\"text-align: center;\"><span style=\"color: #800080;\"><strong>ALTRES ROBOTS PER ALS M\u00c9S PETITS<\/strong><\/span><\/h3>\n<p>&nbsp;<\/p>\n<table style=\"height: 964px;\" width=\"959\">\n<tbody>\n<tr style=\"height: 584px;\">\n<td style=\"width: 488px; text-align: justify; height: 584px;\">\n<h3 style=\"text-align: center;\"><strong><span style=\"color: #3366ff;\">DOC CLEMENTONI<\/span><\/strong><\/h3>\n<p>&nbsp;<\/p>\n<p><a style=\"-webkit-user-drag: none;\" href=\"https:\/\/serveiseducatius.xtec.cat\/noguera\/wp-content\/uploads\/usu1149\/2020\/01\/doc-el-robot.jpg\"><img loading=\"lazy\" decoding=\"async\" class=\"wp-image-9953 size-full aligncenter\" style=\"-webkit-user-drag: none; margin-bottom: -1ex;\" src=\"https:\/\/serveiseducatius.xtec.cat\/noguera\/wp-content\/uploads\/usu1149\/2020\/01\/doc-el-robot.jpg\" alt=\"\" width=\"355\" height=\"256\" srcset=\"https:\/\/serveiseducatius.xtec.cat\/noguera\/wp-content\/uploads\/usu1149\/2020\/01\/doc-el-robot.jpg 355w, https:\/\/serveiseducatius.xtec.cat\/noguera\/wp-content\/uploads\/usu1149\/2020\/01\/doc-el-robot-300x216.jpg 300w\" sizes=\"auto, (max-width: 355px) 100vw, 355px\" \/><\/a><\/p>\n<p>&nbsp;<\/p>\n<p>Doc \u00e9s un robot divertit i simp\u00e0tic que introdueix de manera senzilla els conceptes b\u00e0sics de la programaci\u00f3. L&#8217;alumnat exercita els processos de pensament l\u00f2gic i desenvolupa la intel\u00b7lig\u00e8ncia espacial practicant c\u00e0lcul i decidint com moure el robot per arribar a diferents objectius. \u00c9s un m\u00e8tode innovador que contempla els nombres com una eina per a interpretar la realitat i interactuar amb ella. Aconsellable a partir de 5 anys.<\/td>\n<td style=\"width: 463px; height: 584px;\">\n<h3 style=\"text-align: center;\"><strong><span style=\"color: #3366ff;\">ROBOT MIND<\/span><\/strong><\/h3>\n<p>&nbsp;<\/p>\n<p><a href=\"https:\/\/serveiseducatius.xtec.cat\/noguera\/wp-content\/uploads\/usu1149\/2020\/01\/Robot-mind-designer.jpg\"><img loading=\"lazy\" decoding=\"async\" class=\"wp-image-9956 aligncenter\" src=\"https:\/\/serveiseducatius.xtec.cat\/noguera\/wp-content\/uploads\/usu1149\/2020\/01\/Robot-mind-designer.jpg\" alt=\"\" width=\"381\" height=\"256\" srcset=\"https:\/\/serveiseducatius.xtec.cat\/noguera\/wp-content\/uploads\/usu1149\/2020\/01\/Robot-mind-designer.jpg 355w, https:\/\/serveiseducatius.xtec.cat\/noguera\/wp-content\/uploads\/usu1149\/2020\/01\/Robot-mind-designer-300x201.jpg 300w\" sizes=\"auto, (max-width: 381px) 100vw, 381px\" \/><\/a><\/p>\n<p>Mind \u00e9s un robot educatiu que permet jugar amb la programaci\u00f3 i la creativitat. L\u2019alumnat ha d\u2019aprendre a manejar el seu programa per fer-lo moure, teclejant una s\u00e8rie de moviments i donant-li instruccions amb la seva veu. Mind pot dibuixar tra\u00e7ant figures simples i complexes. Aconsellable a partir de 7 anys.<\/p>\n<p style=\"font-family: 'Helvetica Neue', Helvetica, Helvetica, Arial, sans-serif; font-size: 14px;\">\n<\/td>\n<\/tr>\n<tr style=\"height: 380px;\">\n<td style=\"width: 488px; height: 380px;\">\n<h3 style=\"text-align: center;\"><strong><span style=\"color: #3366ff;\">CODE &amp; GO ROBOT MOUSE<\/span><\/strong><\/h3>\n<p><a href=\"https:\/\/serveiseducatius.xtec.cat\/noguera\/wp-content\/uploads\/usu1149\/2020\/01\/Code-go-robot-mouse.jpg\"><img loading=\"lazy\" decoding=\"async\" class=\"wp-image-9957 aligncenter\" src=\"https:\/\/serveiseducatius.xtec.cat\/noguera\/wp-content\/uploads\/usu1149\/2020\/01\/Code-go-robot-mouse.jpg\" alt=\"\" width=\"298\" height=\"298\" srcset=\"https:\/\/serveiseducatius.xtec.cat\/noguera\/wp-content\/uploads\/usu1149\/2020\/01\/Code-go-robot-mouse.jpg 645w, https:\/\/serveiseducatius.xtec.cat\/noguera\/wp-content\/uploads\/usu1149\/2020\/01\/Code-go-robot-mouse-150x150.jpg 150w, https:\/\/serveiseducatius.xtec.cat\/noguera\/wp-content\/uploads\/usu1149\/2020\/01\/Code-go-robot-mouse-300x300.jpg 300w\" sizes=\"auto, (max-width: 298px) 100vw, 298px\" \/><\/a><\/p>\n<p style=\"text-align: justify;\">Code &amp; go \u00e9s un joc per aprendre a codificar i d&#8217;aquesta manera establir una s\u00e8rie d&#8217;ordres que li indiquen a un ordinador el qu\u00e8 ha de fer. Aquest robot proporciona aquesta introducci\u00f3 a la codificaci\u00f3, donant a l&#8217;alumnat una aplicaci\u00f3 divertida i en el m\u00f3n real de les destreses essencials del segle XXI.<\/p>\n<\/td>\n<td style=\"width: 463px; height: 380px;\">\n<h1 style=\"text-align: center;\"><strong><span style=\"color: #000000;\">CLIQUEU <a href=\"https:\/\/sites.google.com\/xtec.cat\/maletes-noguera\/%C3%A0mbits\/rob%C3%B2tica?authuser=0#h.p_K_k4gXioLpPu\"><span style=\"color: #ff0000;\">AQU\u00cd <\/span><\/a>PER CONSULTAR EL MATERIAL QUE CONT\u00c9 LA MALETA DE PETITS ROBOTS<\/span><\/strong><\/h1>\n<\/td>\n<\/tr>\n<\/tbody>\n<\/table>\n<h3 style=\"text-align: center;\"><\/h3>\n","protected":false},"excerpt":{"rendered":"<p>ALTRES ROBOTS PER ALS M\u00c9S PETITS &nbsp; DOC CLEMENTONI &nbsp; &nbsp; Doc \u00e9s un robot divertit i simp\u00e0tic que introdueix de manera senzilla els conceptes b\u00e0sics de la programaci\u00f3. L&#8217;alumnat exercita els processos de pensament l\u00f2gic i desenvolupa la intel\u00b7lig\u00e8ncia espacial practicant c\u00e0lcul i decidint com moure el robot per arribar a diferents objectius. \u00c9s [&hellip;]<\/p>\n","protected":false},"author":1,"featured_media":0,"parent":8786,"menu_order":5,"comment_status":"closed","ping_status":"closed","template":"page-templates\/side-menu.php","meta":{"_bbp_topic_count":0,"_bbp_reply_count":0,"_bbp_total_topic_count":0,"_bbp_total_reply_count":0,"_bbp_voice_count":0,"_bbp_anonymous_reply_count":0,"_bbp_topic_count_hidden":0,"_bbp_reply_count_hidden":0,"_bbp_forum_subforum_count":0,"site-sidebar-layout":"default","site-content-layout":"","ast-site-content-layout":"","site-content-style":"default","site-sidebar-style":"default","ast-global-header-display":"","ast-banner-title-visibility":"","ast-main-header-display":"","ast-hfb-above-header-display":"","ast-hfb-below-header-display":"","ast-hfb-mobile-header-display":"","site-post-title":"","ast-breadcrumbs-content":"","ast-featured-img":"","footer-sml-layout":"","theme-transparent-header-meta":"","adv-header-id-meta":"","stick-header-meta":"","header-above-stick-meta":"","header-main-stick-meta":"","header-below-stick-meta":"","astra-migrate-meta-layouts":"default","ast-page-background-enabled":"default","ast-page-background-meta":{"desktop":{"background-color":"var(--ast-global-color-4)","background-image":"","background-repeat":"repeat","background-position":"center center","background-size":"auto","background-attachment":"scroll","background-type":"","background-media":"","overlay-type":"","overlay-color":"","overlay-opacity":"","overlay-gradient":""},"tablet":{"background-color":"","background-image":"","background-repeat":"repeat","background-position":"center center","background-size":"auto","background-attachment":"scroll","background-type":"","background-media":"","overlay-type":"","overlay-color":"","overlay-opacity":"","overlay-gradient":""},"mobile":{"background-color":"","background-image":"","background-repeat":"repeat","background-position":"center center","background-size":"auto","background-attachment":"scroll","background-type":"","background-media":"","overlay-type":"","overlay-color":"","overlay-opacity":"","overlay-gradient":""}},"ast-content-background-meta":{"desktop":{"background-color":"var(--ast-global-color-5)","background-image":"","background-repeat":"repeat","background-position":"center center","background-size":"auto","background-attachment":"scroll","background-type":"","background-media":"","overlay-type":"","overlay-color":"","overlay-opacity":"","overlay-gradient":""},"tablet":{"background-color":"var(--ast-global-color-5)","background-image":"","background-repeat":"repeat","background-position":"center center","background-size":"auto","background-attachment":"scroll","background-type":"","background-media":"","overlay-type":"","overlay-color":"","overlay-opacity":"","overlay-gradient":""},"mobile":{"background-color":"var(--ast-global-color-5)","background-image":"","background-repeat":"repeat","background-position":"center center","background-size":"auto","background-attachment":"scroll","background-type":"","background-media":"","overlay-type":"","overlay-color":"","overlay-opacity":"","overlay-gradient":""}},"footnotes":""},"class_list":["post-9946","page","type-page","status-publish","hentry"],"post_mailing_queue_ids":[],"_links":{"self":[{"href":"https:\/\/serveiseducatius.xtec.cat\/noguera\/wp-json\/wp\/v2\/pages\/9946","targetHints":{"allow":["GET"]}}],"collection":[{"href":"https:\/\/serveiseducatius.xtec.cat\/noguera\/wp-json\/wp\/v2\/pages"}],"about":[{"href":"https:\/\/serveiseducatius.xtec.cat\/noguera\/wp-json\/wp\/v2\/types\/page"}],"author":[{"embeddable":true,"href":"https:\/\/serveiseducatius.xtec.cat\/noguera\/wp-json\/wp\/v2\/users\/1"}],"replies":[{"embeddable":true,"href":"https:\/\/serveiseducatius.xtec.cat\/noguera\/wp-json\/wp\/v2\/comments?post=9946"}],"version-history":[{"count":4,"href":"https:\/\/serveiseducatius.xtec.cat\/noguera\/wp-json\/wp\/v2\/pages\/9946\/revisions"}],"predecessor-version":[{"id":10039,"href":"https:\/\/serveiseducatius.xtec.cat\/noguera\/wp-json\/wp\/v2\/pages\/9946\/revisions\/10039"}],"up":[{"embeddable":true,"href":"https:\/\/serveiseducatius.xtec.cat\/noguera\/wp-json\/wp\/v2\/pages\/8786"}],"wp:attachment":[{"href":"https:\/\/serveiseducatius.xtec.cat\/noguera\/wp-json\/wp\/v2\/media?parent=9946"}],"curies":[{"name":"wp","href":"https:\/\/api.w.org\/{rel}","templated":true}]}}