{"id":9905,"date":"2019-12-12T10:22:14","date_gmt":"2019-12-12T09:22:14","guid":{"rendered":"http:\/\/serveiseducatius.xtec.cat\/noguera\/?page_id=9905"},"modified":"2019-12-12T10:25:47","modified_gmt":"2019-12-12T09:25:47","slug":"practiques-daula-dscratch","status":"publish","type":"page","link":"https:\/\/serveiseducatius.xtec.cat\/noguera\/robotica-educativa\/scratch\/practiques-daula-dscratch\/","title":{"rendered":"Pr\u00e0ctiques d&#8217;aula d&#8217;Scratch"},"content":{"rendered":"<p>Activitats i pr\u00e0ctiques d\u2019aula realitzades en el marc de la formaci\u00f3 de Programaci\u00f3 i rob\u00f2tica a l\u2019educaci\u00f3 infantil i prim\u00e0ria de la Noguera.<\/p>\n<p>&nbsp;<\/p>\n<p><strong>Cliqueu <a href=\"https:\/\/drive.google.com\/drive\/u\/0\/folders\/1cdIG5dZ-nS46N6_EicDi47EVk9VKDkfM\">aqu\u00ed<\/a> per veure exemples de pr\u00e0ctiques d&#8217;aula d&#8217;Scratch.\u00a0<\/strong><\/p>\n<p>&nbsp;<\/p>\n<p><img decoding=\"async\" class=\"aligncenter\" src=\"http:\/\/code.intef.es\/wp-content\/uploads\/2017\/11\/recurso_scratch.png\" alt=\"Resultat d'imatges de scratch\" \/><\/p>\n","protected":false},"excerpt":{"rendered":"<p>Activitats i pr\u00e0ctiques d\u2019aula realitzades en el marc de la formaci\u00f3 de Programaci\u00f3 i rob\u00f2tica a l\u2019educaci\u00f3 infantil i prim\u00e0ria de la Noguera. &nbsp; Cliqueu aqu\u00ed per veure exemples de pr\u00e0ctiques d&#8217;aula d&#8217;Scratch.\u00a0 &nbsp;<\/p>\n","protected":false},"author":1,"featured_media":0,"parent":8795,"menu_order":0,"comment_status":"closed","ping_status":"closed","template":"page-templates\/side-menu.php","meta":{"_bbp_topic_count":0,"_bbp_reply_count":0,"_bbp_total_topic_count":0,"_bbp_total_reply_count":0,"_bbp_voice_count":0,"_bbp_anonymous_reply_count":0,"_bbp_topic_count_hidden":0,"_bbp_reply_count_hidden":0,"_bbp_forum_subforum_count":0,"site-sidebar-layout":"default","site-content-layout":"","ast-site-content-layout":"","site-content-style":"default","site-sidebar-style":"default","ast-global-header-display":"","ast-banner-title-visibility":"","ast-main-header-display":"","ast-hfb-above-header-display":"","ast-hfb-below-header-display":"","ast-hfb-mobile-header-display":"","site-post-title":"","ast-breadcrumbs-content":"","ast-featured-img":"","footer-sml-layout":"","theme-transparent-header-meta":"","adv-header-id-meta":"","stick-header-meta":"","header-above-stick-meta":"","header-main-stick-meta":"","header-below-stick-meta":"","astra-migrate-meta-layouts":"default","ast-page-background-enabled":"default","ast-page-background-meta":{"desktop":{"background-color":"var(--ast-global-color-4)","background-image":"","background-repeat":"repeat","background-position":"center center","background-size":"auto","background-attachment":"scroll","background-type":"","background-media":"","overlay-type":"","overlay-color":"","overlay-opacity":"","overlay-gradient":""},"tablet":{"background-color":"","background-image":"","background-repeat":"repeat","background-position":"center center","background-size":"auto","background-attachment":"scroll","background-type":"","background-media":"","overlay-type":"","overlay-color":"","overlay-opacity":"","overlay-gradient":""},"mobile":{"background-color":"","background-image":"","background-repeat":"repeat","background-position":"center center","background-size":"auto","background-attachment":"scroll","background-type":"","background-media":"","overlay-type":"","overlay-color":"","overlay-opacity":"","overlay-gradient":""}},"ast-content-background-meta":{"desktop":{"background-color":"var(--ast-global-color-5)","background-image":"","background-repeat":"repeat","background-position":"center center","background-size":"auto","background-attachment":"scroll","background-type":"","background-media":"","overlay-type":"","overlay-color":"","overlay-opacity":"","overlay-gradient":""},"tablet":{"background-color":"var(--ast-global-color-5)","background-image":"","background-repeat":"repeat","background-position":"center center","background-size":"auto","background-attachment":"scroll","background-type":"","background-media":"","overlay-type":"","overlay-color":"","overlay-opacity":"","overlay-gradient":""},"mobile":{"background-color":"var(--ast-global-color-5)","background-image":"","background-repeat":"repeat","background-position":"center center","background-size":"auto","background-attachment":"scroll","background-type":"","background-media":"","overlay-type":"","overlay-color":"","overlay-opacity":"","overlay-gradient":""}},"footnotes":""},"class_list":["post-9905","page","type-page","status-publish","hentry"],"post_mailing_queue_ids":[],"_links":{"self":[{"href":"https:\/\/serveiseducatius.xtec.cat\/noguera\/wp-json\/wp\/v2\/pages\/9905","targetHints":{"allow":["GET"]}}],"collection":[{"href":"https:\/\/serveiseducatius.xtec.cat\/noguera\/wp-json\/wp\/v2\/pages"}],"about":[{"href":"https:\/\/serveiseducatius.xtec.cat\/noguera\/wp-json\/wp\/v2\/types\/page"}],"author":[{"embeddable":true,"href":"https:\/\/serveiseducatius.xtec.cat\/noguera\/wp-json\/wp\/v2\/users\/1"}],"replies":[{"embeddable":true,"href":"https:\/\/serveiseducatius.xtec.cat\/noguera\/wp-json\/wp\/v2\/comments?post=9905"}],"version-history":[{"count":2,"href":"https:\/\/serveiseducatius.xtec.cat\/noguera\/wp-json\/wp\/v2\/pages\/9905\/revisions"}],"predecessor-version":[{"id":9907,"href":"https:\/\/serveiseducatius.xtec.cat\/noguera\/wp-json\/wp\/v2\/pages\/9905\/revisions\/9907"}],"up":[{"embeddable":true,"href":"https:\/\/serveiseducatius.xtec.cat\/noguera\/wp-json\/wp\/v2\/pages\/8795"}],"wp:attachment":[{"href":"https:\/\/serveiseducatius.xtec.cat\/noguera\/wp-json\/wp\/v2\/media?parent=9905"}],"curies":[{"name":"wp","href":"https:\/\/api.w.org\/{rel}","templated":true}]}}