{"id":9882,"date":"2019-12-11T13:11:33","date_gmt":"2019-12-11T12:11:33","guid":{"rendered":"http:\/\/serveiseducatius.xtec.cat\/noguera\/?page_id=9882"},"modified":"2019-12-12T09:57:02","modified_gmt":"2019-12-12T08:57:02","slug":"practiques-i-activitats-daula","status":"publish","type":"page","link":"https:\/\/serveiseducatius.xtec.cat\/noguera\/robotica-educativa\/bee-bots\/practiques-i-activitats-daula\/","title":{"rendered":"Pr\u00e0ctiques d&#8217;aula amb Bee-Bots"},"content":{"rendered":"<p>Activitats i pr\u00e0ctiques d&#8217;aula realitzades en el marc de la formaci\u00f3 de Programaci\u00f3 i rob\u00f2tica a l&#8217;educaci\u00f3 infantil i prim\u00e0ria de la Noguera. Cliqueu per veure les pr\u00e0ctiques dels seg\u00fcents cursos:<\/p>\n<p><a href=\"https:\/\/drive.google.com\/drive\/u\/0\/folders\/1SQz4lRvpn5srtVX7c3u-dB5mGvMmDRzH\"><strong>Curs 2017-2018<\/strong><\/a><\/p>\n<p><a href=\"https:\/\/drive.google.com\/drive\/u\/0\/folders\/1RnYdzSpkz2cNZtAvTNYrX7Ddm1f2KVRp\"><strong>Curs 2018-2019<\/strong><\/a><\/p>\n<p><a href=\"https:\/\/drive.google.com\/drive\/u\/0\/folders\/1h-TmyRRf5stcJe0pnK5f-oxO0GsQNZqS\"><strong>Curs 2019-2020<\/strong><\/a><\/p>\n<p><img loading=\"lazy\" decoding=\"async\" class=\"aligncenter\" src=\"https:\/\/www.girona.cat\/adminwebs\/docs\/t\/a\/taller_beebots_5ad8981d2090e.jpg\" alt=\"Resultat d'imatges de bee bots\" width=\"410\" height=\"231\" \/><\/p>\n","protected":false},"excerpt":{"rendered":"<p>Activitats i pr\u00e0ctiques d&#8217;aula realitzades en el marc de la formaci\u00f3 de Programaci\u00f3 i rob\u00f2tica a l&#8217;educaci\u00f3 infantil i prim\u00e0ria de la Noguera. Cliqueu per veure les pr\u00e0ctiques dels seg\u00fcents cursos: Curs 2017-2018 Curs 2018-2019 Curs 2019-2020<\/p>\n","protected":false},"author":1,"featured_media":0,"parent":8783,"menu_order":0,"comment_status":"closed","ping_status":"closed","template":"page-templates\/side-menu.php","meta":{"_bbp_topic_count":0,"_bbp_reply_count":0,"_bbp_total_topic_count":0,"_bbp_total_reply_count":0,"_bbp_voice_count":0,"_bbp_anonymous_reply_count":0,"_bbp_topic_count_hidden":0,"_bbp_reply_count_hidden":0,"_bbp_forum_subforum_count":0,"site-sidebar-layout":"default","site-content-layout":"","ast-site-content-layout":"","site-content-style":"default","site-sidebar-style":"default","ast-global-header-display":"","ast-banner-title-visibility":"","ast-main-header-display":"","ast-hfb-above-header-display":"","ast-hfb-below-header-display":"","ast-hfb-mobile-header-display":"","site-post-title":"","ast-breadcrumbs-content":"","ast-featured-img":"","footer-sml-layout":"","theme-transparent-header-meta":"","adv-header-id-meta":"","stick-header-meta":"","header-above-stick-meta":"","header-main-stick-meta":"","header-below-stick-meta":"","astra-migrate-meta-layouts":"default","ast-page-background-enabled":"default","ast-page-background-meta":{"desktop":{"background-color":"var(--ast-global-color-4)","background-image":"","background-repeat":"repeat","background-position":"center center","background-size":"auto","background-attachment":"scroll","background-type":"","background-media":"","overlay-type":"","overlay-color":"","overlay-opacity":"","overlay-gradient":""},"tablet":{"background-color":"","background-image":"","background-repeat":"repeat","background-position":"center center","background-size":"auto","background-attachment":"scroll","background-type":"","background-media":"","overlay-type":"","overlay-color":"","overlay-opacity":"","overlay-gradient":""},"mobile":{"background-color":"","background-image":"","background-repeat":"repeat","background-position":"center center","background-size":"auto","background-attachment":"scroll","background-type":"","background-media":"","overlay-type":"","overlay-color":"","overlay-opacity":"","overlay-gradient":""}},"ast-content-background-meta":{"desktop":{"background-color":"var(--ast-global-color-5)","background-image":"","background-repeat":"repeat","background-position":"center center","background-size":"auto","background-attachment":"scroll","background-type":"","background-media":"","overlay-type":"","overlay-color":"","overlay-opacity":"","overlay-gradient":""},"tablet":{"background-color":"var(--ast-global-color-5)","background-image":"","background-repeat":"repeat","background-position":"center center","background-size":"auto","background-attachment":"scroll","background-type":"","background-media":"","overlay-type":"","overlay-color":"","overlay-opacity":"","overlay-gradient":""},"mobile":{"background-color":"var(--ast-global-color-5)","background-image":"","background-repeat":"repeat","background-position":"center center","background-size":"auto","background-attachment":"scroll","background-type":"","background-media":"","overlay-type":"","overlay-color":"","overlay-opacity":"","overlay-gradient":""}},"footnotes":""},"class_list":["post-9882","page","type-page","status-publish","hentry"],"post_mailing_queue_ids":[],"_links":{"self":[{"href":"https:\/\/serveiseducatius.xtec.cat\/noguera\/wp-json\/wp\/v2\/pages\/9882","targetHints":{"allow":["GET"]}}],"collection":[{"href":"https:\/\/serveiseducatius.xtec.cat\/noguera\/wp-json\/wp\/v2\/pages"}],"about":[{"href":"https:\/\/serveiseducatius.xtec.cat\/noguera\/wp-json\/wp\/v2\/types\/page"}],"author":[{"embeddable":true,"href":"https:\/\/serveiseducatius.xtec.cat\/noguera\/wp-json\/wp\/v2\/users\/1"}],"replies":[{"embeddable":true,"href":"https:\/\/serveiseducatius.xtec.cat\/noguera\/wp-json\/wp\/v2\/comments?post=9882"}],"version-history":[{"count":3,"href":"https:\/\/serveiseducatius.xtec.cat\/noguera\/wp-json\/wp\/v2\/pages\/9882\/revisions"}],"predecessor-version":[{"id":9898,"href":"https:\/\/serveiseducatius.xtec.cat\/noguera\/wp-json\/wp\/v2\/pages\/9882\/revisions\/9898"}],"up":[{"embeddable":true,"href":"https:\/\/serveiseducatius.xtec.cat\/noguera\/wp-json\/wp\/v2\/pages\/8783"}],"wp:attachment":[{"href":"https:\/\/serveiseducatius.xtec.cat\/noguera\/wp-json\/wp\/v2\/media?parent=9882"}],"curies":[{"name":"wp","href":"https:\/\/api.w.org\/{rel}","templated":true}]}}