{"id":9772,"date":"2019-09-27T19:13:19","date_gmt":"2019-09-27T17:13:19","guid":{"rendered":"http:\/\/serveiseducatius.xtec.cat\/noguera\/?page_id=9772"},"modified":"2019-09-27T19:20:51","modified_gmt":"2019-09-27T17:20:51","slug":"geocerca-al-pla-catala-de-lesport-a-lecola","status":"publish","type":"page","link":"https:\/\/serveiseducatius.xtec.cat\/noguera\/seminari-ef\/geocerca-al-pla-catala-de-lesport-a-lecola\/","title":{"rendered":"Presentaci\u00f3 de la Geocerca al PCEE"},"content":{"rendered":"<p>El seminari d&#8217;Educaci\u00f3 F\u00edsica de la Noguera ha presentat aquest 5 de setembre el treball de geocerca que realitza a la jornada de presentaci\u00f3 dels coordinadors del pla catal\u00e0 de l&#8217;esport a l&#8217;escola.<\/p>\n<p>Aquesta va ser una de les activitats seleccionades pel comissionat del PCEE. L&#8217;activitat va ser tot un \u00e8xit on m\u00e9s del 90 per cent dels inscrits va participar de l&#8217;explicaci\u00f3 i experimentaci\u00f3 de la geocerca a l&#8217;escola i les valoracions van ser d&#8217;all\u00f2 m\u00e9s positives. Els mestres implicats en el projecte valoren la importancia de l&#8217;activitat per tal de poder introduir les TAC i la metodologia de gamificaci\u00f3 en l&#8217;\u00e0rea d&#8217;Educaci\u00f3 F\u00edsica.<\/p>\n<p>En el seg\u00fcent enlla\u00e7 podeu veure la presentaci\u00f3 realitzada.<\/p>\n<p><a href=\"https:\/\/drive.google.com\/file\/d\/11_7irIUyWYMKncJxNtyoueirvP_O-_Il\/view?usp=sharing\" target=\"_blank\" rel=\"noopener noreferrer\"><img loading=\"lazy\" decoding=\"async\" class=\"aligncenter size-full wp-image-9764\" src=\"https:\/\/serveiseducatius.xtec.cat\/noguera\/wp-content\/uploads\/usu1149\/2019\/09\/portada.jpg\" alt=\"\" width=\"960\" height=\"720\" srcset=\"https:\/\/serveiseducatius.xtec.cat\/noguera\/wp-content\/uploads\/usu1149\/2019\/09\/portada.jpg 960w, https:\/\/serveiseducatius.xtec.cat\/noguera\/wp-content\/uploads\/usu1149\/2019\/09\/portada-300x225.jpg 300w, https:\/\/serveiseducatius.xtec.cat\/noguera\/wp-content\/uploads\/usu1149\/2019\/09\/portada-768x576.jpg 768w, https:\/\/serveiseducatius.xtec.cat\/noguera\/wp-content\/uploads\/usu1149\/2019\/09\/portada-200x150.jpg 200w\" sizes=\"auto, (max-width: 960px) 100vw, 960px\" \/><\/a><\/p>\n","protected":false},"excerpt":{"rendered":"<p>El seminari d&#8217;Educaci\u00f3 F\u00edsica de la Noguera ha presentat aquest 5 de setembre el treball de geocerca que realitza a la jornada de presentaci\u00f3 dels coordinadors del pla catal\u00e0 de l&#8217;esport a l&#8217;escola. Aquesta va ser una de les activitats seleccionades pel comissionat del PCEE. L&#8217;activitat va ser tot un \u00e8xit on m\u00e9s del 90 [&hellip;]<\/p>\n","protected":false},"author":1,"featured_media":0,"parent":9748,"menu_order":0,"comment_status":"closed","ping_status":"closed","template":"page-templates\/side-menu.php","meta":{"_bbp_topic_count":0,"_bbp_reply_count":0,"_bbp_total_topic_count":0,"_bbp_total_reply_count":0,"_bbp_voice_count":0,"_bbp_anonymous_reply_count":0,"_bbp_topic_count_hidden":0,"_bbp_reply_count_hidden":0,"_bbp_forum_subforum_count":0,"site-sidebar-layout":"default","site-content-layout":"","ast-site-content-layout":"","site-content-style":"default","site-sidebar-style":"default","ast-global-header-display":"","ast-banner-title-visibility":"","ast-main-header-display":"","ast-hfb-above-header-display":"","ast-hfb-below-header-display":"","ast-hfb-mobile-header-display":"","site-post-title":"","ast-breadcrumbs-content":"","ast-featured-img":"","footer-sml-layout":"","theme-transparent-header-meta":"","adv-header-id-meta":"","stick-header-meta":"","header-above-stick-meta":"","header-main-stick-meta":"","header-below-stick-meta":"","astra-migrate-meta-layouts":"default","ast-page-background-enabled":"default","ast-page-background-meta":{"desktop":{"background-color":"var(--ast-global-color-4)","background-image":"","background-repeat":"repeat","background-position":"center center","background-size":"auto","background-attachment":"scroll","background-type":"","background-media":"","overlay-type":"","overlay-color":"","overlay-opacity":"","overlay-gradient":""},"tablet":{"background-color":"","background-image":"","background-repeat":"repeat","background-position":"center center","background-size":"auto","background-attachment":"scroll","background-type":"","background-media":"","overlay-type":"","overlay-color":"","overlay-opacity":"","overlay-gradient":""},"mobile":{"background-color":"","background-image":"","background-repeat":"repeat","background-position":"center center","background-size":"auto","background-attachment":"scroll","background-type":"","background-media":"","overlay-type":"","overlay-color":"","overlay-opacity":"","overlay-gradient":""}},"ast-content-background-meta":{"desktop":{"background-color":"var(--ast-global-color-5)","background-image":"","background-repeat":"repeat","background-position":"center center","background-size":"auto","background-attachment":"scroll","background-type":"","background-media":"","overlay-type":"","overlay-color":"","overlay-opacity":"","overlay-gradient":""},"tablet":{"background-color":"var(--ast-global-color-5)","background-image":"","background-repeat":"repeat","background-position":"center center","background-size":"auto","background-attachment":"scroll","background-type":"","background-media":"","overlay-type":"","overlay-color":"","overlay-opacity":"","overlay-gradient":""},"mobile":{"background-color":"var(--ast-global-color-5)","background-image":"","background-repeat":"repeat","background-position":"center center","background-size":"auto","background-attachment":"scroll","background-type":"","background-media":"","overlay-type":"","overlay-color":"","overlay-opacity":"","overlay-gradient":""}},"footnotes":""},"class_list":["post-9772","page","type-page","status-publish","hentry"],"post_mailing_queue_ids":[],"_links":{"self":[{"href":"https:\/\/serveiseducatius.xtec.cat\/noguera\/wp-json\/wp\/v2\/pages\/9772","targetHints":{"allow":["GET"]}}],"collection":[{"href":"https:\/\/serveiseducatius.xtec.cat\/noguera\/wp-json\/wp\/v2\/pages"}],"about":[{"href":"https:\/\/serveiseducatius.xtec.cat\/noguera\/wp-json\/wp\/v2\/types\/page"}],"author":[{"embeddable":true,"href":"https:\/\/serveiseducatius.xtec.cat\/noguera\/wp-json\/wp\/v2\/users\/1"}],"replies":[{"embeddable":true,"href":"https:\/\/serveiseducatius.xtec.cat\/noguera\/wp-json\/wp\/v2\/comments?post=9772"}],"version-history":[{"count":3,"href":"https:\/\/serveiseducatius.xtec.cat\/noguera\/wp-json\/wp\/v2\/pages\/9772\/revisions"}],"predecessor-version":[{"id":9778,"href":"https:\/\/serveiseducatius.xtec.cat\/noguera\/wp-json\/wp\/v2\/pages\/9772\/revisions\/9778"}],"up":[{"embeddable":true,"href":"https:\/\/serveiseducatius.xtec.cat\/noguera\/wp-json\/wp\/v2\/pages\/9748"}],"wp:attachment":[{"href":"https:\/\/serveiseducatius.xtec.cat\/noguera\/wp-json\/wp\/v2\/media?parent=9772"}],"curies":[{"name":"wp","href":"https:\/\/api.w.org\/{rel}","templated":true}]}}