{"id":9709,"date":"2019-07-04T10:18:50","date_gmt":"2019-07-04T08:18:50","guid":{"rendered":"http:\/\/serveiseducatius.xtec.cat\/noguera\/?page_id=9709"},"modified":"2025-09-19T16:44:38","modified_gmt":"2025-09-19T14:44:38","slug":"ens-divertim-amb-les-mates","status":"publish","type":"page","link":"https:\/\/serveiseducatius.xtec.cat\/noguera\/ens-divertim-amb-les-mates\/","title":{"rendered":"Ens divertim amb les mates!"},"content":{"rendered":"<p>Activitat de formaci\u00f3 del PFZ de zona vinculada al treball a l&#8217;aula amb les <a href=\"https:\/\/sites.google.com\/view\/maletes-noguera\/%C3%A0mbits\/matem%C3%A0tic?authuser=0\" target=\"_blank\" rel=\"noopener noreferrer\">maletes pedag\u00f2giques de matem\u00e0tiques<\/a> del CRP de la Noguera i tots els recursos i possibilitats que ofereixen.<img loading=\"lazy\" decoding=\"async\" class=\"size-large alignright\" src=\"https:\/\/lh5.googleusercontent.com\/ZMJgHdJ3Vw63v1kTe7OeNJhzqvLeSvPFLDY993kdvJFuA-jArU-Qjrb8MVnbChRCrz_IH84nJfF8hDg4DtUPzm-OcRqWiVO4y6IGK4G3gIhKRdb2O3So=w371\" width=\"371\" height=\"262\" \/><\/p>\n<h4>Activitats d&#8217;aula 2018-2019<\/h4>\n<ul>\n<li>ESC Gaspar de Portol\u00e0 (Balaguer): <a href=\"https:\/\/drive.google.com\/file\/d\/1PJjRc0b4wqeScNHsvt2uZsdTWKWM2fOA\/preview\" target=\"_blank\" rel=\"noopener noreferrer\">P3<\/a>, <a href=\"https:\/\/drive.google.com\/file\/d\/1YX1paUdjFeT4P1WbmiEvwCXY3qFMT43G\/preview\" target=\"_blank\" rel=\"noopener noreferrer\">P4<\/a>, <a href=\"https:\/\/sites.google.com\/a\/xtec.cat\/la-vostra-aula\/celebracions_escola\/reptesmatematicsa5e\" target=\"_blank\" rel=\"noopener noreferrer\">CS<\/a><\/li>\n<li>ESC Andreu Farran (\u00c0ger): <a href=\"https:\/\/drive.google.com\/file\/d\/1LNEO7-kerE_HHAE_xtyfUW8GvLG-Gjyk\/preview\" target=\"_blank\" rel=\"noopener noreferrer\">CS<\/a><\/li>\n<li>ESC Gullem Isern (La Fuliola): <a href=\"https:\/\/drive.google.com\/file\/d\/1X46oXzdoXfow9e8HiTtye3Xay8-FM0r1\/preview\" target=\"_blank\" rel=\"noopener noreferrer\">Infantil<\/a><\/li>\n<li>ESC Leandre Crist\u00f2fol (Os de Balaguer): <a href=\"https:\/\/drive.google.com\/file\/d\/1GR3kQT1y-CXJ2RxR-m_YkS44M9r3G39I\/preview\" target=\"_blank\" rel=\"noopener noreferrer\">Infantil<\/a><\/li>\n<li>ESC de Ponts (Ponts): <a href=\"https:\/\/drive.google.com\/file\/d\/1R36FaDchoqMz2OftEtvTz_IiVTbJbVKd\/preview\" target=\"_blank\" rel=\"noopener noreferrer\">P5<\/a><\/li>\n<li>ESC Mare de D\u00e9u del Puig de Mei\u00e0: <a href=\"https:\/\/drive.google.com\/file\/d\/1M-yDy7TsRLXhVmQRp81KiFQgviWiwtTh\/preview\" target=\"_blank\" rel=\"noopener noreferrer\">4t, 5\u00e8 i 6\u00e8<\/a><\/li>\n<\/ul>\n<p>&nbsp;<\/p>\n","protected":false},"excerpt":{"rendered":"<p>Activitat de formaci\u00f3 del PFZ de zona vinculada al treball a l&#8217;aula amb les maletes pedag\u00f2giques de matem\u00e0tiques del CRP de la Noguera i tots els recursos i possibilitats que ofereixen. Activitats d&#8217;aula 2018-2019 ESC Gaspar de Portol\u00e0 (Balaguer): P3, P4, CS ESC Andreu Farran (\u00c0ger): CS ESC Gullem Isern (La Fuliola): Infantil ESC Leandre [&hellip;]<\/p>\n","protected":false},"author":1,"featured_media":0,"parent":0,"menu_order":0,"comment_status":"closed","ping_status":"closed","template":"","meta":{"_bbp_topic_count":0,"_bbp_reply_count":0,"_bbp_total_topic_count":0,"_bbp_total_reply_count":0,"_bbp_voice_count":0,"_bbp_anonymous_reply_count":0,"_bbp_topic_count_hidden":0,"_bbp_reply_count_hidden":0,"_bbp_forum_subforum_count":0,"site-sidebar-layout":"default","site-content-layout":"","ast-site-content-layout":"default","site-content-style":"default","site-sidebar-style":"default","ast-global-header-display":"","ast-banner-title-visibility":"","ast-main-header-display":"","ast-hfb-above-header-display":"","ast-hfb-below-header-display":"","ast-hfb-mobile-header-display":"","site-post-title":"","ast-breadcrumbs-content":"","ast-featured-img":"","footer-sml-layout":"","theme-transparent-header-meta":"default","adv-header-id-meta":"","stick-header-meta":"","header-above-stick-meta":"","header-main-stick-meta":"","header-below-stick-meta":"","astra-migrate-meta-layouts":"set","ast-page-background-enabled":"default","ast-page-background-meta":{"desktop":{"background-color":"var(--ast-global-color-4)","background-image":"","background-repeat":"repeat","background-position":"center center","background-size":"auto","background-attachment":"scroll","background-type":"","background-media":"","overlay-type":"","overlay-color":"","overlay-opacity":"","overlay-gradient":""},"tablet":{"background-color":"","background-image":"","background-repeat":"repeat","background-position":"center center","background-size":"auto","background-attachment":"scroll","background-type":"","background-media":"","overlay-type":"","overlay-color":"","overlay-opacity":"","overlay-gradient":""},"mobile":{"background-color":"","background-image":"","background-repeat":"repeat","background-position":"center center","background-size":"auto","background-attachment":"scroll","background-type":"","background-media":"","overlay-type":"","overlay-color":"","overlay-opacity":"","overlay-gradient":""}},"ast-content-background-meta":{"desktop":{"background-color":"var(--ast-global-color-5)","background-image":"","background-repeat":"repeat","background-position":"center center","background-size":"auto","background-attachment":"scroll","background-type":"","background-media":"","overlay-type":"","overlay-color":"","overlay-opacity":"","overlay-gradient":""},"tablet":{"background-color":"var(--ast-global-color-5)","background-image":"","background-repeat":"repeat","background-position":"center center","background-size":"auto","background-attachment":"scroll","background-type":"","background-media":"","overlay-type":"","overlay-color":"","overlay-opacity":"","overlay-gradient":""},"mobile":{"background-color":"var(--ast-global-color-5)","background-image":"","background-repeat":"repeat","background-position":"center center","background-size":"auto","background-attachment":"scroll","background-type":"","background-media":"","overlay-type":"","overlay-color":"","overlay-opacity":"","overlay-gradient":""}},"footnotes":""},"class_list":["post-9709","page","type-page","status-publish","hentry"],"post_mailing_queue_ids":[],"_links":{"self":[{"href":"https:\/\/serveiseducatius.xtec.cat\/noguera\/wp-json\/wp\/v2\/pages\/9709","targetHints":{"allow":["GET"]}}],"collection":[{"href":"https:\/\/serveiseducatius.xtec.cat\/noguera\/wp-json\/wp\/v2\/pages"}],"about":[{"href":"https:\/\/serveiseducatius.xtec.cat\/noguera\/wp-json\/wp\/v2\/types\/page"}],"author":[{"embeddable":true,"href":"https:\/\/serveiseducatius.xtec.cat\/noguera\/wp-json\/wp\/v2\/users\/1"}],"replies":[{"embeddable":true,"href":"https:\/\/serveiseducatius.xtec.cat\/noguera\/wp-json\/wp\/v2\/comments?post=9709"}],"version-history":[{"count":1,"href":"https:\/\/serveiseducatius.xtec.cat\/noguera\/wp-json\/wp\/v2\/pages\/9709\/revisions"}],"predecessor-version":[{"id":9710,"href":"https:\/\/serveiseducatius.xtec.cat\/noguera\/wp-json\/wp\/v2\/pages\/9709\/revisions\/9710"}],"wp:attachment":[{"href":"https:\/\/serveiseducatius.xtec.cat\/noguera\/wp-json\/wp\/v2\/media?parent=9709"}],"curies":[{"name":"wp","href":"https:\/\/api.w.org\/{rel}","templated":true}]}}