{"id":9701,"date":"2019-07-01T10:58:10","date_gmt":"2019-07-01T08:58:10","guid":{"rendered":"http:\/\/serveiseducatius.xtec.cat\/noguera\/?page_id=9701"},"modified":"2025-09-19T16:59:26","modified_gmt":"2025-09-19T14:59:26","slug":"experiencies-aula-motxilla-bioclimatica","status":"publish","type":"page","link":"https:\/\/serveiseducatius.xtec.cat\/noguera\/programa-descoles-verdes\/experiencies-aula-motxilla-bioclimatica\/","title":{"rendered":"Experi\u00e8ncies d\u2019aula amb la Motxilla Bioclim\u00e0tica"},"content":{"rendered":"<h5><strong>2015-2016<\/strong><\/h5>\n<figure id=\"attachment_917\" aria-describedby=\"caption-attachment-917\" style=\"width: 196px\" class=\"wp-caption alignright\"><a href=\"https:\/\/serveiseducatius.xtec.cat\/noguera\/categoria\/dinamica\/motxilla-bioclimatica\/\"><img loading=\"lazy\" decoding=\"async\" class=\"wp-image-917 size-full\" src=\"https:\/\/serveiseducatius.xtec.cat\/noguera\/wp-content\/uploads\/usu1149\/2015\/11\/motxillabio.png\" alt=\"Torna a la Motxilla bioclim\u00e0tica\" width=\"196\" height=\"194\" \/><\/a><figcaption id=\"caption-attachment-917\" class=\"wp-caption-text\">Torna a la Motxilla bioclim\u00e0tica<\/figcaption><\/figure>\n<p><strong>Escola Pia (Balaguer)<\/strong><\/p>\n<ul>\n<li><a href=\"https:\/\/drive.google.com\/file\/d\/12JBrx38s8K_SIVzxxyxgEerO3KbENNuQ\/preview\" target=\"_blank\" rel=\"noopener noreferrer\">Observaci\u00f3 de fen\u00f2mens quotidians<\/a><\/li>\n<\/ul>\n<p><strong>Escola Pia (T\u00e0rrega)<\/strong><\/p>\n<ul>\n<li><a href=\"https:\/\/drive.google.com\/file\/d\/1MQoY0xVCZxzgqAdKyTfc8u3HGBguu7Zl\/preview\" target=\"_blank\" rel=\"noopener noreferrer\">Qualitat ambiental<\/a><\/li>\n<\/ul>\n<p><strong>Vedruna Balaguer<\/strong><\/p>\n<ul>\n<li><a href=\"https:\/\/drive.google.com\/file\/d\/10ThKu_dAjUm9zsO6WOk5MkudFGfBccxQ\/preview\" target=\"_blank\" rel=\"noopener noreferrer\">Efici\u00e8ncia energ\u00e8tica<\/a><\/li>\n<\/ul>\n<h5><strong>2016-2017<\/strong><\/h5>\n<p><strong>Escola Pia (Balaguer)<\/strong><\/p>\n<ul>\n<li><a href=\"https:\/\/drive.google.com\/file\/d\/1tMv_39L51dR9n9wed26Hwkl-o-5D2oeF\/preview\" target=\"_blank\" rel=\"noopener noreferrer\">Mesurant la llum de les classes<\/a><\/li>\n<li><a href=\"https:\/\/drive.google.com\/file\/d\/1KEirgHZxxD-Ihw4v1tyOHkwEwAa2B8SX\/preview\" target=\"_blank\" rel=\"noopener noreferrer\">Podem dormir amb una planta a l\u2019habitaci\u00f3?<\/a><\/li>\n<li><a href=\"https:\/\/drive.google.com\/file\/d\/1cFccNs4tk9aD2EIzz0r8ou-HLGTbbu9W\/preview\" target=\"_blank\" rel=\"noopener noreferrer\">Evoluci\u00f3 de la concentraci\u00f3 de CO2 a la classe durant el dia<\/a><\/li>\n<li><a href=\"https:\/\/drive.google.com\/file\/d\/1MRgcQzI8-9Z_5Yke-3hDUQZ2U8sye5iW\/preview\" target=\"_blank\" rel=\"noopener noreferrer\">Quina \u00e9s l\u2019aula m\u00e9s gran? I la m\u00e9s petita?<\/a><\/li>\n<li><a href=\"https:\/\/drive.google.com\/file\/d\/1Lk36AzA_6x9dZ1lBtchuNPpHs1TYTCwB\/preview\" target=\"_blank\" rel=\"noopener noreferrer\">La calor dels colors<\/a><\/li>\n<li><a href=\"https:\/\/drive.google.com\/file\/d\/1Io_3JrfV1lvt-ijuOufwgOashZ6xiETj\/preview\" target=\"_blank\" rel=\"noopener noreferrer\">Hi ha difer\u00e8ncia entre la temperatura de les persones?<\/a><\/li>\n<li><a href=\"https:\/\/drive.google.com\/file\/d\/1hm1nDN4ef7nsDwVRxyDB42NxgkGmC7H1\/preview\" target=\"_blank\" rel=\"noopener noreferrer\">Hi ha relaci\u00f3 entre la temperatura i la humitat?<\/a><\/li>\n<\/ul>\n<p><strong>INS Ciutat de Balaguer<\/strong><\/p>\n<ul>\n<li><a href=\"https:\/\/drive.google.com\/file\/d\/12YzUPr8NJ0ZBh8OQ7iBt7tQqRbJ1t_ve\/preview\" target=\"_blank\" rel=\"noopener noreferrer\">Lluminositat en diferents llocs de la classe<\/a><\/li>\n<li><a href=\"https:\/\/drive.google.com\/file\/d\/1-uGSh0HSxu0o-zXLp7OkYM3xVfHhlcF1\/preview\" target=\"_blank\" rel=\"noopener noreferrer\">Temperatura mitjana de la classe<\/a><\/li>\n<\/ul>\n<p><strong>INS de Ponts<\/strong><\/p>\n<ul>\n<li><a href=\"https:\/\/drive.google.com\/file\/d\/10xqf4YbPcYOlc-FqF1qjL4V04p2SWzN5\/preview\" target=\"_blank\" rel=\"noopener noreferrer\">Diferents tipus d\u2019il\u00b7luminaci\u00f3<\/a><\/li>\n<\/ul>\n<p><strong>Vedruna \u2013 T\u00e0rrega<\/strong><\/p>\n<ul>\n<li><a href=\"https:\/\/drive.google.com\/file\/d\/1nGlwj5Vh_uj2eqfoqzo7LKlSqpddJpEW\/preview\" target=\"_blank\" rel=\"noopener noreferrer\">Determinaci\u00f3 experimental del punt de rosada de l\u2019aire<\/a><\/li>\n<\/ul>\n<h5><strong>2017-2018<\/strong><\/h5>\n<p><strong>INS Ciutat de Balaguer<\/strong><\/p>\n<ul>\n<li><a href=\"https:\/\/drive.google.com\/file\/d\/1YiqrYwgc_jCzSLsiXvet8vxkHgzMfeWC\/preview\" target=\"_blank\" rel=\"noopener noreferrer\">Millorem la sostenibilitat dins l\u2019aula<\/a><\/li>\n<\/ul>\n<p><strong>ESC Bonavista (Bellcaire d\u2019Urgell)<\/strong><\/p>\n<ul>\n<li><a href=\"https:\/\/drive.google.com\/file\/d\/12AKN7eLLZlTeVPoIRaj2Lpdoa_tXmgE4\/preview\" target=\"_blank\" rel=\"noopener noreferrer\">Coneguem els aparells de la motxilla bioclim\u00e0tica<\/a><\/li>\n<\/ul>\n<p><strong>INS Ermengol IV (Bellcaire d\u2019Urgell)<\/strong><\/p>\n<ul>\n<li><a href=\"https:\/\/drive.google.com\/file\/d\/1BOLaPdHZzzRIiZDXk41lXukZ7p_yEpoi\/preview\" target=\"_blank\" rel=\"noopener noreferrer\">Mesura de par\u00e0metres mediambientals<\/a><\/li>\n<\/ul>\n<h5><strong>2018-2019<\/strong><\/h5>\n<p><strong>INS Ciutat de Balaguer<\/strong><\/p>\n<ul>\n<li><a href=\"https:\/\/drive.google.com\/file\/d\/1NwZXyveiAibtLBAGAdq1oihZ2JB785Vt\/preview\" target=\"_blank\" rel=\"noopener noreferrer\">Millorem la sostenibilitat dins l\u2019aula<\/a><\/li>\n<\/ul>\n","protected":false},"excerpt":{"rendered":"<p>2015-2016 Escola Pia (Balaguer) Observaci\u00f3 de fen\u00f2mens quotidians Escola Pia (T\u00e0rrega) Qualitat ambiental Vedruna Balaguer Efici\u00e8ncia energ\u00e8tica 2016-2017 Escola Pia (Balaguer) Mesurant la llum de les classes Podem dormir amb una planta a l\u2019habitaci\u00f3? Evoluci\u00f3 de la concentraci\u00f3 de CO2 a la classe durant el dia Quina \u00e9s l\u2019aula m\u00e9s gran? I la m\u00e9s petita? [&hellip;]<\/p>\n","protected":false},"author":1,"featured_media":0,"parent":8989,"menu_order":0,"comment_status":"closed","ping_status":"closed","template":"","meta":{"_bbp_topic_count":0,"_bbp_reply_count":0,"_bbp_total_topic_count":0,"_bbp_total_reply_count":0,"_bbp_voice_count":0,"_bbp_anonymous_reply_count":0,"_bbp_topic_count_hidden":0,"_bbp_reply_count_hidden":0,"_bbp_forum_subforum_count":0,"site-sidebar-layout":"default","site-content-layout":"","ast-site-content-layout":"default","site-content-style":"default","site-sidebar-style":"default","ast-global-header-display":"","ast-banner-title-visibility":"","ast-main-header-display":"","ast-hfb-above-header-display":"","ast-hfb-below-header-display":"","ast-hfb-mobile-header-display":"","site-post-title":"","ast-breadcrumbs-content":"","ast-featured-img":"","footer-sml-layout":"","theme-transparent-header-meta":"default","adv-header-id-meta":"","stick-header-meta":"","header-above-stick-meta":"","header-main-stick-meta":"","header-below-stick-meta":"","astra-migrate-meta-layouts":"set","ast-page-background-enabled":"default","ast-page-background-meta":{"desktop":{"background-color":"var(--ast-global-color-4)","background-image":"","background-repeat":"repeat","background-position":"center center","background-size":"auto","background-attachment":"scroll","background-type":"","background-media":"","overlay-type":"","overlay-color":"","overlay-opacity":"","overlay-gradient":""},"tablet":{"background-color":"","background-image":"","background-repeat":"repeat","background-position":"center center","background-size":"auto","background-attachment":"scroll","background-type":"","background-media":"","overlay-type":"","overlay-color":"","overlay-opacity":"","overlay-gradient":""},"mobile":{"background-color":"","background-image":"","background-repeat":"repeat","background-position":"center center","background-size":"auto","background-attachment":"scroll","background-type":"","background-media":"","overlay-type":"","overlay-color":"","overlay-opacity":"","overlay-gradient":""}},"ast-content-background-meta":{"desktop":{"background-color":"var(--ast-global-color-5)","background-image":"","background-repeat":"repeat","background-position":"center center","background-size":"auto","background-attachment":"scroll","background-type":"","background-media":"","overlay-type":"","overlay-color":"","overlay-opacity":"","overlay-gradient":""},"tablet":{"background-color":"var(--ast-global-color-5)","background-image":"","background-repeat":"repeat","background-position":"center center","background-size":"auto","background-attachment":"scroll","background-type":"","background-media":"","overlay-type":"","overlay-color":"","overlay-opacity":"","overlay-gradient":""},"mobile":{"background-color":"var(--ast-global-color-5)","background-image":"","background-repeat":"repeat","background-position":"center center","background-size":"auto","background-attachment":"scroll","background-type":"","background-media":"","overlay-type":"","overlay-color":"","overlay-opacity":"","overlay-gradient":""}},"footnotes":""},"class_list":["post-9701","page","type-page","status-publish","hentry"],"post_mailing_queue_ids":[],"_links":{"self":[{"href":"https:\/\/serveiseducatius.xtec.cat\/noguera\/wp-json\/wp\/v2\/pages\/9701","targetHints":{"allow":["GET"]}}],"collection":[{"href":"https:\/\/serveiseducatius.xtec.cat\/noguera\/wp-json\/wp\/v2\/pages"}],"about":[{"href":"https:\/\/serveiseducatius.xtec.cat\/noguera\/wp-json\/wp\/v2\/types\/page"}],"author":[{"embeddable":true,"href":"https:\/\/serveiseducatius.xtec.cat\/noguera\/wp-json\/wp\/v2\/users\/1"}],"replies":[{"embeddable":true,"href":"https:\/\/serveiseducatius.xtec.cat\/noguera\/wp-json\/wp\/v2\/comments?post=9701"}],"version-history":[{"count":3,"href":"https:\/\/serveiseducatius.xtec.cat\/noguera\/wp-json\/wp\/v2\/pages\/9701\/revisions"}],"predecessor-version":[{"id":9708,"href":"https:\/\/serveiseducatius.xtec.cat\/noguera\/wp-json\/wp\/v2\/pages\/9701\/revisions\/9708"}],"up":[{"embeddable":true,"href":"https:\/\/serveiseducatius.xtec.cat\/noguera\/wp-json\/wp\/v2\/pages\/8989"}],"wp:attachment":[{"href":"https:\/\/serveiseducatius.xtec.cat\/noguera\/wp-json\/wp\/v2\/media?parent=9701"}],"curies":[{"name":"wp","href":"https:\/\/api.w.org\/{rel}","templated":true}]}}