{"id":9595,"date":"2019-04-08T16:46:24","date_gmt":"2019-04-08T14:46:24","guid":{"rendered":"http:\/\/serveiseducatius.xtec.cat\/noguera\/?page_id=9595"},"modified":"2025-09-19T16:44:22","modified_gmt":"2025-09-19T14:44:22","slug":"aramat-3-materials-i-experiencies-daula","status":"publish","type":"page","link":"https:\/\/serveiseducatius.xtec.cat\/noguera\/aramat-3-materials-i-experiencies-daula\/","title":{"rendered":"AraMAT 3. Materials i experi\u00e8ncies d&#8217;aula"},"content":{"rendered":"<p><strong>Formadores: \u00a0N\u00faria Cardet Carn\u00e9 i Maria Ricart Aranda (curs 2018-2019)<\/strong><\/p>\n<table style=\"height: 878px;\">\n<tbody>\n<tr style=\"height: 31px;\">\n<td style=\"width: 80px; height: 31px;\"><b>\u00a0 \u00a0 \u00a0 \u00a0 \u00a0\u00a0<\/b><\/td>\n<td style=\"width: 158px; height: 31px;\"><strong>Materials (fitxes)<\/strong><\/td>\n<td style=\"width: 741px; height: 31px;\"><strong>Enlla\u00e7os i recursos presentats a la formaci\u00f3<\/strong><\/td>\n<\/tr>\n<tr style=\"height: 121px;\">\n<td style=\"width: 80px; height: 121px;\">Sessions 1 i 2<\/td>\n<td style=\"width: 158px; height: 121px;\"><a href=\"https:\/\/drive.google.com\/open?id=1nm5s65r3NnQn_qu0cqhT9_v6pGCAJKlx\" target=\"_blank\" rel=\"noopener noreferrer\">Raonament i prova<\/a><\/td>\n<td style=\"width: 741px; height: 847px;\" rowspan=\"7\"><a href=\"http:\/\/ateneu.xtec.cat\/wikiform\/wikiexport\/cursos\/curriculum\/inf_pri\/aramat\/index\" target=\"_blank\" rel=\"noopener noreferrer\">ENLLA\u00c7 ALS MATERIALS:<\/a>\u00a0Ara matem\u00e0tiques. Saber-ne m\u00e9s per ensenyar-les millor.\u00a0<a href=\"https:\/\/goo.gl\/qbgGKD\" target=\"_blank\" rel=\"noopener noreferrer\">CESIRE. \u00c0mbit matem\u00e0tic. CREAMAT<\/a><\/p>\n<p>MOSAICS<\/p>\n<ul>\n<li><a href=\"http:\/\/www.xtec.cat\/~rmasip1\/GEOME\/NODE32.htm\" target=\"_blank\" rel=\"noopener noreferrer\">http:\/\/www.xtec.cat\/~rmasip1\/GEOME\/NODE32.htm<\/a><\/li>\n<li><a href=\"http:\/\/www.xtec.cat\/~jjareno\/activitats\/frisos\/intro.htm\" target=\"_blank\" rel=\"noopener noreferrer\">http:\/\/www.xtec.cat\/~jjareno\/activitats\/frisos\/intro.htm<\/a><\/li>\n<\/ul>\n<p>C\u00c0LCUL PRODUCTIU<\/p>\n<ul>\n<li><a href=\"http:\/\/puntmat.blogspot.com.es\/2015\/07\/practica-productiva-sumes.html\" target=\"_blank\" rel=\"noopener noreferrer\">http:\/\/puntmat.blogspot.com.es\/2015\/07\/practica-productiva-sumes.html<\/a><\/li>\n<\/ul>\n<p>DESENVOLUPAMENT CUBS<\/p>\n<ul>\n<li><a href=\"https:\/\/illuminations.nctm.org\/Activity.aspx?id=3544\" target=\"_blank\" rel=\"noopener noreferrer\">https:\/\/illuminations.nctm.org\/Activity.aspx?id=3544<\/a><\/li>\n<\/ul>\n<p>QUELI<\/p>\n<ul>\n<li><a href=\"http:\/\/wodb.ca\/\" target=\"_blank\" rel=\"noopener noreferrer\">http:\/\/wodb.ca\/<\/a><\/li>\n<li><a href=\"http:\/\/srvcnpbs.xtec.cat\/creamat\/joomla\/index.php\/impulsem-la-geometria\/69-proposta-de-la-setmana-geometria\/902-fora-de-serie-proposta-5-marc-2012\" target=\"_blank\" rel=\"noopener noreferrer\">http:\/\/srvcnpbs.xtec.cat\/creamat\/joomla\/index.php\/impulsem-la-geometria\/69-proposta-de-la-setmana-geometria\/902-fora-de-serie-proposta-5-marc-2012<\/a><\/li>\n<\/ul>\n<p>CIGRONS I TRIANGLES<\/p>\n<ul>\n<li><a href=\"http:\/\/www.grao.com\/ca\/producte\/guixdos-num-156-157-els-cigrons-i-la-matematica\" target=\"_blank\" rel=\"noopener noreferrer\">http:\/\/www.grao.com\/ca\/producte\/guixdos-num-156-157-els-cigrons-i-la-matematica<\/a><\/li>\n<\/ul>\n<p>BOLES DE COLORS, CONJECTURAR I PROVAR<\/p>\n<ul>\n<li><a href=\"http:\/\/www.fisme.science.uu.nl\/toepassingen\/00747\/\" target=\"_blank\" rel=\"noopener noreferrer\">http:\/\/www.fisme.science.uu.nl\/toepassingen\/00747\/<\/a><\/li>\n<\/ul>\n<p>RESOLUCI\u00d3 DE PROBLEMES<\/p>\n<ul>\n<li><a href=\"http:\/\/puntmat.blogspot.com.es\/2017\/09\/puzzles-figures-simetriques.html\" target=\"_blank\" rel=\"noopener noreferrer\">http:\/\/puntmat.blogspot.com.es\/2017\/09\/puzzles-figures-simetriques.html\u00a0<\/a><\/li>\n<\/ul>\n<p>PUNTMAT. Enlla\u00e7os a blocs tem\u00e0tics.<\/p>\n<div class=\"widget-content list-label-widget-content\">\n<ul>\n<li><a dir=\"ltr\" href=\"https:\/\/puntmat.blogspot.com.es\/search\/label\/Numeraci%C3%B3%20i%20C%C3%A0lcul\">Numeraci\u00f3 i C\u00e0lcul<\/a><\/li>\n<li><a dir=\"ltr\" href=\"https:\/\/puntmat.blogspot.com.es\/search\/label\/Espai%20i%20Forma\">Espai i Forma<\/a><\/li>\n<li><a dir=\"ltr\" href=\"https:\/\/puntmat.blogspot.com.es\/search\/label\/Mesura\">Mesura<\/a><\/li>\n<li><a dir=\"ltr\" href=\"https:\/\/puntmat.blogspot.com.es\/search\/label\/Relacions%20i%20Canvi\">Relacions i Canvi<\/a><\/li>\n<li><a dir=\"ltr\" href=\"https:\/\/puntmat.blogspot.com.es\/search\/label\/Estad%C3%ADstica%20i%20Atzar\">Estad\u00edstica i Atzar<\/a><\/li>\n<\/ul>\n<\/div>\n<\/td>\n<\/tr>\n<tr style=\"height: 81px;\">\n<td style=\"width: 80px; height: 81px;\">Sessi\u00f3 3<\/td>\n<td style=\"width: 158px; height: 81px;\"><a href=\"https:\/\/drive.google.com\/file\/d\/1pL2HqzgUurE7piZBTH9-V7ooTOAwkyWJ\/view?usp=sharing\" target=\"_blank\" rel=\"noopener noreferrer\">Connexions<\/a><\/td>\n<\/tr>\n<tr style=\"height: 81px;\">\n<td style=\"width: 80px; height: 81px;\">Sessi\u00f3 4<\/td>\n<td style=\"width: 158px; height: 81px;\"><a href=\"http:\/\/serveiseducatius.xtec.cat\/urgell\/wp-content\/uploads\/usu1142\/2017\/04\/fitxes_Connexions2.pdf\" target=\"_blank\" rel=\"noopener noreferrer\">Connexions 2<\/a><\/td>\n<\/tr>\n<tr style=\"height: 121px;\">\n<td style=\"width: 80px; height: 121px;\">Sessi\u00f3 5<\/td>\n<td style=\"width: 158px; height: 121px;\"><a href=\"http:\/\/serveiseducatius.xtec.cat\/urgell\/wp-content\/uploads\/usu1142\/2018\/03\/Fitxes-REPRESENTACI%C3%93-I-COMUNICACI%C3%93-1_mod.pdf\" target=\"_blank\" rel=\"noopener noreferrer\">Representaci\u00f3 i comunicaci\u00f3<\/a><\/td>\n<\/tr>\n<tr style=\"height: 201px;\">\n<td style=\"width: 80px; height: 201px;\">Sessi\u00f3 6<\/td>\n<td style=\"width: 158px; height: 201px;\"><a href=\"http:\/\/serveiseducatius.xtec.cat\/urgell\/wp-content\/uploads\/usu1142\/2018\/04\/Fitxes-REP_COM_2.pdf\" target=\"_blank\" rel=\"noopener noreferrer\">Representaci\u00f3 i comunicaci\u00f3 2<\/a><a href=\"http:\/\/serveiseducatius.xtec.cat\/urgell\/wp-content\/uploads\/usu1142\/2018\/04\/Fitxes_Pol%C3%ADgons-estrellats.pdf\" target=\"_blank\" rel=\"noopener noreferrer\">Geometria. Pol\u00edgons estrellats<\/a><\/td>\n<\/tr>\n<tr style=\"height: 121px;\">\n<td style=\"width: 80px; height: 121px;\">Sessi\u00f3 7<\/td>\n<td style=\"width: 158px; height: 121px;\"><a href=\"http:\/\/serveiseducatius.xtec.cat\/urgell\/wp-content\/uploads\/usu1142\/2018\/04\/Fitxes-Resoluci%C3%B31.pdf\" target=\"_blank\" rel=\"noopener noreferrer\">Resoluci\u00f3 de problemes<\/a><\/td>\n<\/tr>\n<tr style=\"height: 121px;\">\n<td style=\"width: 80px; height: 121px;\">sessi\u00f3 8<\/td>\n<td style=\"width: 158px; height: 121px;\"><a href=\"http:\/\/serveiseducatius.xtec.cat\/urgell\/wp-content\/uploads\/usu1142\/2018\/04\/Fitxes-Resoluci%C3%B3-2.pdf\" target=\"_blank\" rel=\"noopener noreferrer\">Resoluci\u00f3 problemes 2<\/a><\/td>\n<\/tr>\n<\/tbody>\n<\/table>\n<p><strong>RECULL D\u2019EXPERI\u00c8NCIES \u201cARA MAT 3\u201d A L\u2019AULA\u00a0\u00a0\u00a0<\/strong>(<a href=\"https:\/\/drive.google.com\/file\/d\/1KDicJqU2wBz3LbX1dDuLEdknDU9CA9XB\/view?usp=sharing\" target=\"_blank\" rel=\"noopener noreferrer\">Model de format per fer les activitats<\/a>).<strong><br \/>\n<\/strong><\/p>\n<table style=\"height: 289px; width: 733px;\">\n<tbody>\n<tr style=\"height: 31px;\">\n<td style=\"height: 31px; width: 31.8182px;\"><\/td>\n<td style=\"height: 31px; width: 231.818px;\"><strong>ACTIVITATS<\/strong><\/td>\n<td style=\"height: 31px; width: 76.3636px;\"><strong>GRUP<\/strong><\/td>\n<td style=\"height: 31px; width: 190px;\"><strong>CENTRE<\/strong><\/td>\n<td style=\"height: 31px; width: 190px;\"><strong>DOCENT<\/strong><\/td>\n<\/tr>\n<tr style=\"height: 47px;\">\n<td style=\"height: 47px; width: 31.8182px;\">\u00a01<\/td>\n<td style=\"height: 47px; width: 231.818px;\"><a href=\"https:\/\/drive.google.com\/file\/d\/17Z_C_fPioYbrlG96yKyYA9L-1FRU9Gt-\/preview\" target=\"_blank\" rel=\"noopener noreferrer\"><strong>Treballem amb cubs<\/strong><\/a><\/td>\n<td style=\"height: 47px; width: 76.3636px;\">\u00a0Prim\u00e0ria<\/td>\n<td style=\"height: 47px; width: 190px;\">ESC Alfred\u00a0Potrony\u00a0(T\u00e9rmens)<\/td>\n<td style=\"height: 47px; width: 190px;\">Josepa Pascual<br \/>\nBel\u00e9n Figuerol<br \/>\nPepita Solsona<\/td>\n<\/tr>\n<tr style=\"height: 47px;\">\n<td style=\"height: 47px; width: 31.8182px;\">2<\/td>\n<td style=\"height: 47px; width: 231.818px;\"><a href=\"https:\/\/drive.google.com\/file\/d\/1JiIWA4B_OWo7UQS5b6QMNFo8sly023DS\/preview\" target=\"_blank\" rel=\"noopener noreferrer\"><strong>Cub descriptiu<\/strong><\/a><\/td>\n<td style=\"height: 47px; width: 76.3636px;\">\u00a0CI, CM<\/td>\n<td style=\"height: 47px; width: 190px;\">ZER Montsec\u00a0(Gerb)<\/td>\n<td style=\"height: 47px; width: 190px;\">Carme Garrof\u00e9<br \/>\nMontse Trib\u00f3<\/td>\n<\/tr>\n<tr style=\"height: 31px;\">\n<td style=\"height: 31px; width: 31.8182px;\">3<\/td>\n<td style=\"height: 31px; width: 231.818px;\"><a href=\"https:\/\/drive.google.com\/file\/d\/1cQdb9qfwvQPU3SjucCNT_RRFGdDPz54A\/preview\" target=\"_blank\" rel=\"noopener noreferrer\"><strong>Descomposem- Trobada de dofins<\/strong><\/a><\/td>\n<td style=\"height: 31px; width: 76.3636px;\">\u00a01r<\/td>\n<td style=\"height: 31px; width: 190px;\">ESC Valeri Serra\u00a0(Bellpuig)<\/td>\n<td style=\"height: 31px; width: 190px;\">Sabina L\u00f3pez<br \/>\nLaura Barrios<\/td>\n<\/tr>\n<tr style=\"height: 47px;\">\n<td style=\"height: 47px; width: 31.8182px;\">4<\/td>\n<td style=\"width: 231.818px;\"><a href=\"https:\/\/drive.google.com\/file\/d\/1P5xG_d9sJLY_6mwZyrUUvSYJt0_gifor\/preview\" target=\"_blank\" rel=\"noopener noreferrer\"><strong>Les fraccions<\/strong><\/a><\/td>\n<td style=\"width: 76.3636px;\">5\u00e8<\/td>\n<td style=\"width: 190px;\">ESC Els Planells (Artesa de Segre)<\/td>\n<td style=\"width: 190px;\">Manoli Rodr\u00edguez<\/td>\n<\/tr>\n<tr style=\"height: 31px;\">\n<td style=\"height: 31px; width: 31.8182px;\">5<\/td>\n<td style=\"width: 231.818px;\"><a href=\"https:\/\/drive.google.com\/file\/d\/14uGFSF_33N0aNqT5ZAGYIRFsVB_IKxlI\/preview\" target=\"_blank\" rel=\"noopener noreferrer\"><strong>Les pot\u00e8ncies ens estalvien feina<\/strong><\/a><\/td>\n<td style=\"width: 76.3636px;\">6\u00e8<\/td>\n<td style=\"width: 190px;\">ESC L\u2019\u00c0lber (Albesa)<\/td>\n<td style=\"width: 190px;\">Berta Sol\u00e9<\/td>\n<\/tr>\n<tr style=\"height: 55px;\">\n<td style=\"height: 55px; width: 31.8182px;\">6<\/td>\n<td style=\"width: 231.818px;\"><a href=\"https:\/\/drive.google.com\/file\/d\/1IrB_fpLN2fguUczHSswVxI9t-Ri-ohpo\/preview\" target=\"_blank\" rel=\"noopener noreferrer\"><strong>Quants totxos d\u2019EF caben en un metre c\u00fabic?<\/strong><\/a><\/td>\n<td style=\"width: 76.3636px;\">Infantil<\/p>\n<p>Prim\u00e0ria<\/td>\n<td style=\"width: 190px;\">ZER Montsec (Os de Balaguer)<\/td>\n<td style=\"width: 190px;\">Concepci\u00f3 Al\u00f2s<\/td>\n<\/tr>\n<\/tbody>\n<\/table>\n<p><strong>MUSEU DE MATEM\u00c0TIQUES DE CATALUNYA<\/strong><\/p>\n<p>No us perdeu les seves propostes i activitats, cliqueu a l\u2019<a href=\"http:\/\/www.mmaca.cat\/index.php\" target=\"_blank\" rel=\"noopener noreferrer\">enlla\u00e7\u00a0<\/a>per seguir-les.<\/p>\n<p><a href=\"http:\/\/www.mmaca.cat\/index.php\" target=\"_blank\" rel=\"noopener noreferrer\"><img loading=\"lazy\" decoding=\"async\" class=\"aligncenter wp-image-10833 size-full\" src=\"http:\/\/serveiseducatius.xtec.cat\/urgell\/wp-content\/uploads\/usu1142\/2017\/04\/mmaca_logo.png\" alt=\"\" width=\"995\" height=\"109\" \/><\/a><\/p>\n","protected":false},"excerpt":{"rendered":"<p>Formadores: \u00a0N\u00faria Cardet Carn\u00e9 i Maria Ricart Aranda (curs 2018-2019) \u00a0 \u00a0 \u00a0 \u00a0 \u00a0\u00a0 Materials (fitxes) Enlla\u00e7os i recursos presentats a la formaci\u00f3 Sessions 1 i 2 Raonament i prova ENLLA\u00c7 ALS MATERIALS:\u00a0Ara matem\u00e0tiques. Saber-ne m\u00e9s per ensenyar-les millor.\u00a0CESIRE. \u00c0mbit matem\u00e0tic. CREAMAT MOSAICS http:\/\/www.xtec.cat\/~rmasip1\/GEOME\/NODE32.htm http:\/\/www.xtec.cat\/~jjareno\/activitats\/frisos\/intro.htm C\u00c0LCUL PRODUCTIU http:\/\/puntmat.blogspot.com.es\/2015\/07\/practica-productiva-sumes.html DESENVOLUPAMENT CUBS https:\/\/illuminations.nctm.org\/Activity.aspx?id=3544 QUELI http:\/\/wodb.ca\/ http:\/\/srvcnpbs.xtec.cat\/creamat\/joomla\/index.php\/impulsem-la-geometria\/69-proposta-de-la-setmana-geometria\/902-fora-de-serie-proposta-5-marc-2012 [&hellip;]<\/p>\n","protected":false},"author":1,"featured_media":0,"parent":0,"menu_order":0,"comment_status":"closed","ping_status":"closed","template":"","meta":{"_bbp_topic_count":0,"_bbp_reply_count":0,"_bbp_total_topic_count":0,"_bbp_total_reply_count":0,"_bbp_voice_count":0,"_bbp_anonymous_reply_count":0,"_bbp_topic_count_hidden":0,"_bbp_reply_count_hidden":0,"_bbp_forum_subforum_count":0,"site-sidebar-layout":"default","site-content-layout":"","ast-site-content-layout":"default","site-content-style":"default","site-sidebar-style":"default","ast-global-header-display":"","ast-banner-title-visibility":"","ast-main-header-display":"","ast-hfb-above-header-display":"","ast-hfb-below-header-display":"","ast-hfb-mobile-header-display":"","site-post-title":"","ast-breadcrumbs-content":"","ast-featured-img":"","footer-sml-layout":"","theme-transparent-header-meta":"default","adv-header-id-meta":"","stick-header-meta":"","header-above-stick-meta":"","header-main-stick-meta":"","header-below-stick-meta":"","astra-migrate-meta-layouts":"set","ast-page-background-enabled":"default","ast-page-background-meta":{"desktop":{"background-color":"var(--ast-global-color-4)","background-image":"","background-repeat":"repeat","background-position":"center center","background-size":"auto","background-attachment":"scroll","background-type":"","background-media":"","overlay-type":"","overlay-color":"","overlay-opacity":"","overlay-gradient":""},"tablet":{"background-color":"","background-image":"","background-repeat":"repeat","background-position":"center center","background-size":"auto","background-attachment":"scroll","background-type":"","background-media":"","overlay-type":"","overlay-color":"","overlay-opacity":"","overlay-gradient":""},"mobile":{"background-color":"","background-image":"","background-repeat":"repeat","background-position":"center center","background-size":"auto","background-attachment":"scroll","background-type":"","background-media":"","overlay-type":"","overlay-color":"","overlay-opacity":"","overlay-gradient":""}},"ast-content-background-meta":{"desktop":{"background-color":"var(--ast-global-color-5)","background-image":"","background-repeat":"repeat","background-position":"center center","background-size":"auto","background-attachment":"scroll","background-type":"","background-media":"","overlay-type":"","overlay-color":"","overlay-opacity":"","overlay-gradient":""},"tablet":{"background-color":"var(--ast-global-color-5)","background-image":"","background-repeat":"repeat","background-position":"center center","background-size":"auto","background-attachment":"scroll","background-type":"","background-media":"","overlay-type":"","overlay-color":"","overlay-opacity":"","overlay-gradient":""},"mobile":{"background-color":"var(--ast-global-color-5)","background-image":"","background-repeat":"repeat","background-position":"center center","background-size":"auto","background-attachment":"scroll","background-type":"","background-media":"","overlay-type":"","overlay-color":"","overlay-opacity":"","overlay-gradient":""}},"footnotes":""},"class_list":["post-9595","page","type-page","status-publish","hentry"],"post_mailing_queue_ids":[],"_links":{"self":[{"href":"https:\/\/serveiseducatius.xtec.cat\/noguera\/wp-json\/wp\/v2\/pages\/9595","targetHints":{"allow":["GET"]}}],"collection":[{"href":"https:\/\/serveiseducatius.xtec.cat\/noguera\/wp-json\/wp\/v2\/pages"}],"about":[{"href":"https:\/\/serveiseducatius.xtec.cat\/noguera\/wp-json\/wp\/v2\/types\/page"}],"author":[{"embeddable":true,"href":"https:\/\/serveiseducatius.xtec.cat\/noguera\/wp-json\/wp\/v2\/users\/1"}],"replies":[{"embeddable":true,"href":"https:\/\/serveiseducatius.xtec.cat\/noguera\/wp-json\/wp\/v2\/comments?post=9595"}],"version-history":[{"count":4,"href":"https:\/\/serveiseducatius.xtec.cat\/noguera\/wp-json\/wp\/v2\/pages\/9595\/revisions"}],"predecessor-version":[{"id":15608,"href":"https:\/\/serveiseducatius.xtec.cat\/noguera\/wp-json\/wp\/v2\/pages\/9595\/revisions\/15608"}],"wp:attachment":[{"href":"https:\/\/serveiseducatius.xtec.cat\/noguera\/wp-json\/wp\/v2\/media?parent=9595"}],"curies":[{"name":"wp","href":"https:\/\/api.w.org\/{rel}","templated":true}]}}