{"id":9431,"date":"2019-01-14T10:44:34","date_gmt":"2019-01-14T09:44:34","guid":{"rendered":"http:\/\/serveiseducatius.xtec.cat\/noguera\/?page_id=9431"},"modified":"2022-12-20T00:11:51","modified_gmt":"2022-12-19T23:11:51","slug":"documents","status":"publish","type":"page","link":"https:\/\/serveiseducatius.xtec.cat\/noguera\/servei-comunitari\/documents\/","title":{"rendered":"Documents de refer\u00e8ncia de Servei Comunitari"},"content":{"rendered":"<p><span style=\"font-size: medium;\">En aquest espai hi trobareu els documents relatius al projecte de Servei Comunitari, des dels documents marc a models i convenis.<\/span><\/p>\n<div dir=\"ltr\">\n<div>\n<div>\n<ul>\n<li><span style=\"font-size: medium;\"><b>Marc legal\u00a0<\/b><\/span>\n<ul>\n<li><a href=\"https:\/\/xtec.gencat.cat\/ca\/comunitat\/serveicomunitari\/\" target=\"_blank\" rel=\"nofollow noopener noreferrer\">P\u00e0gina web de refer\u00e8ncia del Departament d\u2019Educaci\u00f3<\/a><\/li>\n<li><a href=\"https:\/\/drive.google.com\/file\/d\/0BzC7_0vH7IQPM2NEMHJsM3VhcUU\/view?usp=sharing\" target=\"_blank\" rel=\"noopener\"><span style=\"font-size: medium;\">Document Marc<\/span><\/a><\/li>\n<li><a href=\"http:\/\/xtec.gencat.cat\/ca\/comunitat\/serveicomunitari\/normativa\/\" target=\"_blank\" rel=\"nofollow noopener noreferrer\">Normativa (decrets)<\/a><\/li>\n<\/ul>\n<\/li>\n<\/ul>\n<\/div>\n<div>\n<ul>\n<li><span style=\"font-size: medium;\"><b>Models de documentaci\u00f3<\/b><\/span>\n<ul>\n<li><a class=\"\" href=\"https:\/\/drive.google.com\/file\/d\/1TCgQydREfX86w-agEl2ekNF4Zy3bACCu\/view?usp=sharing\" target=\"_blank\" rel=\"noopener\"><span class=\"instancename\">Model de Projecte de Servei Comunitari<\/span><\/a><\/li>\n<li><span style=\"font-size: medium;\"><a href=\"https:\/\/drive.google.com\/file\/d\/0BzC7_0vH7IQPS1NVX2JhdjNYbnc\/view?usp=sharing\" target=\"_blank\" rel=\"noopener\">Model document de comprom\u00eds<\/a>\u00a0<\/span><\/li>\n<\/ul>\n<ul>\n<li><span style=\"font-size: medium;\"><a href=\"https:\/\/drive.google.com\/file\/d\/0BzC7_0vH7IQPU3BPdVkxemx5bGM\/view?usp=sharing\" target=\"_blank\" rel=\"noopener\">Model autoritzaci\u00f3 prestaci\u00f3 Servei Comunitari\u00a0<\/a>\u00a0\u00a0<\/span><\/li>\n<li><span style=\"font-size: medium;\"><a href=\"https:\/\/drive.google.com\/file\/d\/0B6eMJjzJLnhbeURmU2xSRUJsbkU\/view?usp=sharing\" target=\"_blank\" rel=\"noopener\">Model fitxa per a la difusi\u00f3 del projecte<\/a>\u00a0\u00a0 \u00a0 \u00a0\u00a0<\/span><\/li>\n<\/ul>\n<\/li>\n<\/ul>\n<\/div>\n<\/div>\n<div>\n<div>\n<div>\n<ul>\n<li><span style=\"font-size: medium;\"><b>Models de convenis<\/b><\/span>\n<ul>\n<li><span style=\"font-size: medium;\"><a href=\"https:\/\/drive.google.com\/file\/d\/1Z16b34iXCWBoZbFtXuta_VkFEua9lX4e\/view?usp=sharing\" target=\"_blank\" rel=\"noopener\">Model de conveni d&#8217;entitats<\/a><\/span><\/li>\n<li><span style=\"font-size: medium;\"><span style=\"font-size: medium;\"><a href=\"https:\/\/drive.google.com\/file\/d\/13j9cCx20OZFlSNKIDQjnoUQDkwiPPT5y\/view?usp=sharing\" target=\"_blank\" rel=\"noopener\">Model de conveni comissi\u00f3 impulsora amb ajuntament<\/a><\/span><\/span><\/li>\n<li><span style=\"font-size: medium;\"><a href=\"https:\/\/drive.google.com\/file\/d\/12uoeI9VJNPTRHnNROF1ssHnzbi0KkZ8I\/view?usp=sharing\" target=\"_blank\" rel=\"noopener\">Model de conveni amb l&#8217;ajuntament<\/a><\/span><\/li>\n<li><a href=\"https:\/\/docs.google.com\/spreadsheets\/d\/1Zjhq8k-OPM6QlNNIaRF3-Olhn5-16e2_Yt0vB1BTlto\/edit#gid=671847850\">Llistat actualitzat dels convenis actuals<\/a><\/li>\n<\/ul>\n<\/li>\n<\/ul>\n<ul>\n<li><span style=\"font-size: medium;\"><b>Projecte<\/b>\u00a0\u00a0<\/span>\n<ul>\n<li><a href=\"https:\/\/projectes.xtec.cat\/pee\/materials-formacions-sc\/\" target=\"_blank\" rel=\"noopener\">NODES de formaci\u00f3 del Servei Comunitari amb materials<\/a><\/li>\n<li><span style=\"font-size: medium;\">Model de\u00a0<a href=\"https:\/\/drive.google.com\/file\/d\/0B6eMJjzJLnhbR2h1UjBfejQwYmc\/view?usp=sharing\" target=\"_blank\" rel=\"noopener\">fitxa<\/a>\u00a0per presentar els projectes de Servei Comunitari<\/span><\/li>\n<li><span style=\"font-size: medium;\"><a href=\"https:\/\/drive.google.com\/file\/d\/0BzC7_0vH7IQPUDNpUG9qOG00QXM\/view?usp=sharing\" target=\"_blank\" rel=\"noopener\">Gui\u00f3<\/a>\u00a0del desenvolupament del projecte de Servei Comunitari<\/span><\/li>\n<li><span style=\"font-size: medium;\"><a href=\"https:\/\/docs.google.com\/document\/d\/11CNgh5PUQDGmVvt3WCgYJhkarrutdHFEmiXSchvenDo\/edit?usp=sharing\" target=\"_blank\" rel=\"noopener\">Gui\u00f3<\/a>\u00a0per a la revisi\u00f3 del projecte de Servei Comunitari<br \/>\n<\/span><\/li>\n<li><a href=\"https:\/\/portaldogc.gencat.cat\/utilsEADOP\/PDF\/8762\/1928585.pdf#page=14\" target=\"_blank\" rel=\"noopener\">Servei Comunitari en el nou curr\u00edculum<\/a>\u00a0(aplicable a 3r ESO)<\/li>\n<\/ul>\n<\/li>\n<\/ul>\n<p><a href=\"https:\/\/xtec.gencat.cat\/ca\/comunitat\/serveicomunitari\/pmf\" target=\"_blank\" rel=\"nofollow noopener noreferrer\">Preguntes m\u00e9s freq\u00fcents<\/a><\/p>\n<p><strong>Web del Servei Comunitari de les terres de Lleida<\/strong><\/p>\n<p><a href=\"https:\/\/sites.google.com\/site\/serveicomunitarilleida\/\" target=\"_blank\" rel=\"noopener\">https:\/\/sites.google.com\/site\/serveicomunitarilleida\/\u00a0<\/a><\/p>\n<\/div>\n<\/div>\n<\/div>\n<\/div>\n","protected":false},"excerpt":{"rendered":"<p>En aquest espai hi trobareu els documents relatius al projecte de Servei Comunitari, des dels documents marc a models i convenis. Marc legal\u00a0 P\u00e0gina web de refer\u00e8ncia del Departament d\u2019Educaci\u00f3 Document Marc Normativa (decrets) Models de documentaci\u00f3 Model de Projecte de Servei Comunitari Model document de comprom\u00eds\u00a0 Model autoritzaci\u00f3 prestaci\u00f3 Servei Comunitari\u00a0\u00a0\u00a0 Model fitxa per [&hellip;]<\/p>\n","protected":false},"author":1,"featured_media":0,"parent":8095,"menu_order":20,"comment_status":"closed","ping_status":"closed","template":"page-templates\/side-menu.php","meta":{"_bbp_topic_count":0,"_bbp_reply_count":0,"_bbp_total_topic_count":0,"_bbp_total_reply_count":0,"_bbp_voice_count":0,"_bbp_anonymous_reply_count":0,"_bbp_topic_count_hidden":0,"_bbp_reply_count_hidden":0,"_bbp_forum_subforum_count":0,"site-sidebar-layout":"default","site-content-layout":"","ast-site-content-layout":"","site-content-style":"default","site-sidebar-style":"default","ast-global-header-display":"","ast-banner-title-visibility":"","ast-main-header-display":"","ast-hfb-above-header-display":"","ast-hfb-below-header-display":"","ast-hfb-mobile-header-display":"","site-post-title":"","ast-breadcrumbs-content":"","ast-featured-img":"","footer-sml-layout":"","theme-transparent-header-meta":"","adv-header-id-meta":"","stick-header-meta":"","header-above-stick-meta":"","header-main-stick-meta":"","header-below-stick-meta":"","astra-migrate-meta-layouts":"default","ast-page-background-enabled":"default","ast-page-background-meta":{"desktop":{"background-color":"var(--ast-global-color-4)","background-image":"","background-repeat":"repeat","background-position":"center center","background-size":"auto","background-attachment":"scroll","background-type":"","background-media":"","overlay-type":"","overlay-color":"","overlay-opacity":"","overlay-gradient":""},"tablet":{"background-color":"","background-image":"","background-repeat":"repeat","background-position":"center center","background-size":"auto","background-attachment":"scroll","background-type":"","background-media":"","overlay-type":"","overlay-color":"","overlay-opacity":"","overlay-gradient":""},"mobile":{"background-color":"","background-image":"","background-repeat":"repeat","background-position":"center center","background-size":"auto","background-attachment":"scroll","background-type":"","background-media":"","overlay-type":"","overlay-color":"","overlay-opacity":"","overlay-gradient":""}},"ast-content-background-meta":{"desktop":{"background-color":"var(--ast-global-color-5)","background-image":"","background-repeat":"repeat","background-position":"center center","background-size":"auto","background-attachment":"scroll","background-type":"","background-media":"","overlay-type":"","overlay-color":"","overlay-opacity":"","overlay-gradient":""},"tablet":{"background-color":"var(--ast-global-color-5)","background-image":"","background-repeat":"repeat","background-position":"center center","background-size":"auto","background-attachment":"scroll","background-type":"","background-media":"","overlay-type":"","overlay-color":"","overlay-opacity":"","overlay-gradient":""},"mobile":{"background-color":"var(--ast-global-color-5)","background-image":"","background-repeat":"repeat","background-position":"center center","background-size":"auto","background-attachment":"scroll","background-type":"","background-media":"","overlay-type":"","overlay-color":"","overlay-opacity":"","overlay-gradient":""}},"footnotes":""},"class_list":["post-9431","page","type-page","status-publish","hentry"],"post_mailing_queue_ids":[],"_links":{"self":[{"href":"https:\/\/serveiseducatius.xtec.cat\/noguera\/wp-json\/wp\/v2\/pages\/9431","targetHints":{"allow":["GET"]}}],"collection":[{"href":"https:\/\/serveiseducatius.xtec.cat\/noguera\/wp-json\/wp\/v2\/pages"}],"about":[{"href":"https:\/\/serveiseducatius.xtec.cat\/noguera\/wp-json\/wp\/v2\/types\/page"}],"author":[{"embeddable":true,"href":"https:\/\/serveiseducatius.xtec.cat\/noguera\/wp-json\/wp\/v2\/users\/1"}],"replies":[{"embeddable":true,"href":"https:\/\/serveiseducatius.xtec.cat\/noguera\/wp-json\/wp\/v2\/comments?post=9431"}],"version-history":[{"count":3,"href":"https:\/\/serveiseducatius.xtec.cat\/noguera\/wp-json\/wp\/v2\/pages\/9431\/revisions"}],"predecessor-version":[{"id":12408,"href":"https:\/\/serveiseducatius.xtec.cat\/noguera\/wp-json\/wp\/v2\/pages\/9431\/revisions\/12408"}],"up":[{"embeddable":true,"href":"https:\/\/serveiseducatius.xtec.cat\/noguera\/wp-json\/wp\/v2\/pages\/8095"}],"wp:attachment":[{"href":"https:\/\/serveiseducatius.xtec.cat\/noguera\/wp-json\/wp\/v2\/media?parent=9431"}],"curies":[{"name":"wp","href":"https:\/\/api.w.org\/{rel}","templated":true}]}}