{"id":9429,"date":"2019-01-14T10:43:25","date_gmt":"2019-01-14T09:43:25","guid":{"rendered":"http:\/\/serveiseducatius.xtec.cat\/noguera\/?page_id=9429"},"modified":"2024-05-27T17:57:58","modified_gmt":"2024-05-27T15:57:58","slug":"projectes-sc-noguera","status":"publish","type":"page","link":"https:\/\/serveiseducatius.xtec.cat\/noguera\/servei-comunitari\/projectes-sc-noguera\/","title":{"rendered":"Projectes de Servei Comunitari de la Noguera"},"content":{"rendered":"<h4><strong>Curs 2018-2019<\/strong><\/h4>\n<table style=\"height: 208px; width: 580px;\">\n<tbody>\n<tr style=\"height: 31px;\">\n<td style=\"width: 254.545px; height: 31px;\">INS\u00a0Ciutat de Balaguer (Balaguer)<\/td>\n<td style=\"width: 318.182px; height: 31px;\">Per actualitzar<\/td>\n<\/tr>\n<tr style=\"height: 99px;\">\n<td style=\"width: 254.545px; height: 99px;\">INS Ermengol IV (Bellcaire d&#8217;Urgell)<\/td>\n<td style=\"width: 318.182px; height: 99px;\">&#8220;<a href=\"https:\/\/drive.google.com\/file\/d\/1tcpYTVgnTjOYQqAFfkzYrpn9E95pQFef\/preview\" target=\"_blank\" rel=\"noopener noreferrer\">D\u00f3na sang, d\u00f3na vida<\/a>&#8221;<br \/>\n&#8220;<a href=\"https:\/\/drive.google.com\/file\/d\/1sp3dEECDRISeMbAwixO1yOKXQPGiATBq\/preview\" target=\"_blank\" rel=\"noopener noreferrer\">Rob\u00f2tica<\/a>&#8221;<br \/>\n&#8220;<a href=\"https:\/\/drive.google.com\/file\/d\/1f-wXpxbvX8GmmkznaTsqOXmPDyDJ9Bej\/preview\" target=\"_blank\" rel=\"noopener noreferrer\">Som solidaris<\/a>&#8221;<br \/>\n&#8220;<a href=\"https:\/\/drive.google.com\/file\/d\/1SyFqJLkSlo3amQSLRYd2-rq4Ox9T4STY\/preview\" target=\"_blank\" rel=\"noopener noreferrer\">Suport escolar<\/a>&#8220;<\/td>\n<\/tr>\n<tr style=\"height: 78px;\">\n<td style=\"width: 254.545px; height: 78px;\">Escola Pia (Balaguer)<\/td>\n<td style=\"width: 318.182px; height: 78px;\">&#8220;<a href=\"https:\/\/drive.google.com\/file\/d\/1TewphRESQQqTfABtSppOuSrJEYP1JgrO\/view?usp=sharing\" target=\"_blank\" rel=\"noopener noreferrer\">Projecte \u00c0gape. Banc d&#8217;aliments<\/a>&#8221;<br \/>\n&#8220;<a href=\"https:\/\/drive.google.com\/file\/d\/1nKmCGJJk4aF91HtJXkl6s0-XsZT57lHg\/view?usp=sharing\" target=\"_blank\" rel=\"noopener noreferrer\">Ensenyem-nos<\/a>&#8221;<br \/>\n&#8220;<a href=\"https:\/\/drive.google.com\/file\/d\/10jCrDdXokfRuAf2sv81pD70dVYD1a1uy\/view?usp=sharing\" target=\"_blank\" rel=\"noopener noreferrer\">Posem-nos-hi junts<\/a>&#8221;<br \/>\n&#8220;<a href=\"https:\/\/drive.google.com\/file\/d\/1aKGJ-l6sk9X5Jpu7xF41jnsJ0RbhwtnI\/view?usp=sharing\" target=\"_blank\" rel=\"noopener noreferrer\">Compartim experi\u00e8ncies<\/a>&#8220;<\/td>\n<\/tr>\n<\/tbody>\n<\/table>\n<p><strong style=\"font-size: 1.4375em;\">Curs 2017-2018<\/strong><\/p>\n<table style=\"height: 117px; width: 580px;\">\n<tbody>\n<tr>\n<td style=\"width: 255px;\">INS\u00a0Ciutat de Balaguer (Balaguer)<\/td>\n<td style=\"width: 319px;\">&#8220;<a href=\"https:\/\/drive.google.com\/file\/d\/1pZECfRKej0FShcHT91Nr_SFIlCIRERDe\/view?usp=sharing\" target=\"_blank\" rel=\"noopener noreferrer\">Tothom a taula!<\/a>&#8221; (Projecte \u00c0GAPE)<\/td>\n<\/tr>\n<tr>\n<td style=\"width: 255px;\">INS Ermengol IV (Bellcaire d&#8217;Urgell)<\/td>\n<td style=\"width: 319px;\">&#8220;<a href=\"https:\/\/drive.google.com\/file\/d\/1UlkDe_vcIlTJM00mVi_Z0rZI-3gYJP1n\/view?usp=sharing\" target=\"_blank\" rel=\"noopener noreferrer\">Suport escolar<\/a>&#8221;<br \/>\n&#8220;<a href=\"https:\/\/drive.google.com\/file\/d\/11Zxvy5bgNVblOePeAAne5ic39XVl9mHl\/view?usp=sharing\" target=\"_blank\" rel=\"noopener noreferrer\">Dona sang<\/a>&#8221;<br \/>\n&#8220;<a href=\"https:\/\/drive.google.com\/file\/d\/1Y2sSaQaq2ioreY79_9COULdlP62RnQdz\/view?usp=sharing\" target=\"_blank\" rel=\"noopener noreferrer\">Som solidaris<\/a>&#8221;<br \/>\n&#8220;<a href=\"https:\/\/drive.google.com\/file\/d\/1diHESzMrYZLc0yAWPuAU-DfZIFGt385D\/view?usp=sharing\" target=\"_blank\" rel=\"noopener noreferrer\">Rob\u00f2tica<\/a>&#8220;<\/td>\n<\/tr>\n<tr>\n<td style=\"width: 255px;\">Escola Pia (Balaguer)<\/td>\n<td style=\"width: 319px;\">&#8220;<a href=\"https:\/\/drive.google.com\/file\/d\/1mut_-tMMlit0krgYspI8DbnFvnUIqd1d\/view?usp=sharing\" target=\"_blank\" rel=\"noopener noreferrer\">Projecte \u00c0gape. Banc d&#8217;aliments<\/a>&#8221;<br \/>\n&#8220;<a href=\"https:\/\/drive.google.com\/file\/d\/1TNVZ7sRMdDtCuJfCrHZDc2sgRErLY6zo\/view?usp=sharing\" target=\"_blank\" rel=\"noopener noreferrer\">Ensenyem-nos<\/a>&#8221;<br \/>\n&#8220;<a href=\"https:\/\/drive.google.com\/file\/d\/12yQuIs1PgXJa6OMsZWDIRWg5NIFrxb_V\/view?usp=sharing\" target=\"_blank\" rel=\"noopener noreferrer\">Posem-nos-hi<\/a>&#8220;<\/td>\n<\/tr>\n<\/tbody>\n<\/table>\n<h4><strong>Curs 2016-2017<\/strong><\/h4>\n<table style=\"height: 117px; width: 580px;\">\n<tbody>\n<tr>\n<td style=\"width: 255px;\">INS Almat\u00e0 (Balaguer)<\/td>\n<td style=\"width: 319px;\">&#8220;<a href=\"https:\/\/drive.google.com\/file\/d\/1S61eVBZ8XERUf4y6cyuEJ-yEWCXXqaKW\/view?usp=sharing\" target=\"_blank\" rel=\"noopener noreferrer\">L&#8217;Almat\u00e0 es mou<\/a>&#8220;<\/td>\n<\/tr>\n<tr>\n<td style=\"width: 255px;\">INS Ermengol IV (Bellcaire d&#8217;Urgell)<\/td>\n<td style=\"width: 319px;\">&#8220;<a href=\"https:\/\/drive.google.com\/file\/d\/1bnvz_AGqhjFn54WtrSrQv0URRG9997rx\/view?usp=sharing\" target=\"_blank\" rel=\"noopener noreferrer\">Dona vida, dona sang<\/a>&#8221;<br \/>\n&#8220;<a href=\"https:\/\/drive.google.com\/file\/d\/1QYYR7Vu94TJZDBBJpBRVcjM8wUzJjeuP\/view?usp=sharing\" target=\"_blank\" rel=\"noopener noreferrer\">Nadal Tothom<\/a>&#8220;<\/td>\n<\/tr>\n<tr>\n<td style=\"width: 255px;\">Escola Pia (Balaguer)<\/td>\n<td style=\"width: 319px;\">&#8220;<a href=\"https:\/\/drive.google.com\/file\/d\/1mut_-tMMlit0krgYspI8DbnFvnUIqd1d\/view?usp=sharing\" target=\"_blank\" rel=\"noopener noreferrer\">Projecte \u00c0gape. Banc d&#8217;aliments<\/a>&#8221;<br \/>\n&#8220;<a href=\"https:\/\/drive.google.com\/file\/d\/1TNVZ7sRMdDtCuJfCrHZDc2sgRErLY6zo\/view?usp=sharing\" target=\"_blank\" rel=\"noopener noreferrer\">Ensenyem-nos<\/a>&#8221;<br \/>\n&#8220;<a href=\"https:\/\/drive.google.com\/file\/d\/12yQuIs1PgXJa6OMsZWDIRWg5NIFrxb_V\/view?usp=sharing\" target=\"_blank\" rel=\"noopener noreferrer\">Posem-nos-hi<\/a>&#8220;<\/td>\n<\/tr>\n<\/tbody>\n<\/table>\n<p>&nbsp;<\/p>\n","protected":false},"excerpt":{"rendered":"<p>Curs 2018-2019 INS\u00a0Ciutat de Balaguer (Balaguer) Per actualitzar INS Ermengol IV (Bellcaire d&#8217;Urgell) &#8220;D\u00f3na sang, d\u00f3na vida&#8221; &#8220;Rob\u00f2tica&#8221; &#8220;Som solidaris&#8221; &#8220;Suport escolar&#8220; Escola Pia (Balaguer) &#8220;Projecte \u00c0gape. Banc d&#8217;aliments&#8221; &#8220;Ensenyem-nos&#8221; &#8220;Posem-nos-hi junts&#8221; &#8220;Compartim experi\u00e8ncies&#8220; Curs 2017-2018 INS\u00a0Ciutat de Balaguer (Balaguer) &#8220;Tothom a taula!&#8221; (Projecte \u00c0GAPE) INS Ermengol IV (Bellcaire d&#8217;Urgell) &#8220;Suport escolar&#8221; &#8220;Dona sang&#8221; &#8220;Som [&hellip;]<\/p>\n","protected":false},"author":1,"featured_media":0,"parent":8095,"menu_order":40,"comment_status":"closed","ping_status":"closed","template":"","meta":{"_bbp_topic_count":0,"_bbp_reply_count":0,"_bbp_total_topic_count":0,"_bbp_total_reply_count":0,"_bbp_voice_count":0,"_bbp_anonymous_reply_count":0,"_bbp_topic_count_hidden":0,"_bbp_reply_count_hidden":0,"_bbp_forum_subforum_count":0,"site-sidebar-layout":"default","site-content-layout":"","ast-site-content-layout":"","site-content-style":"default","site-sidebar-style":"default","ast-global-header-display":"","ast-banner-title-visibility":"","ast-main-header-display":"","ast-hfb-above-header-display":"","ast-hfb-below-header-display":"","ast-hfb-mobile-header-display":"","site-post-title":"","ast-breadcrumbs-content":"","ast-featured-img":"","footer-sml-layout":"","theme-transparent-header-meta":"","adv-header-id-meta":"","stick-header-meta":"","header-above-stick-meta":"","header-main-stick-meta":"","header-below-stick-meta":"","astra-migrate-meta-layouts":"default","ast-page-background-enabled":"default","ast-page-background-meta":{"desktop":{"background-color":"var(--ast-global-color-4)","background-image":"","background-repeat":"repeat","background-position":"center center","background-size":"auto","background-attachment":"scroll","background-type":"","background-media":"","overlay-type":"","overlay-color":"","overlay-opacity":"","overlay-gradient":""},"tablet":{"background-color":"","background-image":"","background-repeat":"repeat","background-position":"center center","background-size":"auto","background-attachment":"scroll","background-type":"","background-media":"","overlay-type":"","overlay-color":"","overlay-opacity":"","overlay-gradient":""},"mobile":{"background-color":"","background-image":"","background-repeat":"repeat","background-position":"center center","background-size":"auto","background-attachment":"scroll","background-type":"","background-media":"","overlay-type":"","overlay-color":"","overlay-opacity":"","overlay-gradient":""}},"ast-content-background-meta":{"desktop":{"background-color":"var(--ast-global-color-5)","background-image":"","background-repeat":"repeat","background-position":"center center","background-size":"auto","background-attachment":"scroll","background-type":"","background-media":"","overlay-type":"","overlay-color":"","overlay-opacity":"","overlay-gradient":""},"tablet":{"background-color":"var(--ast-global-color-5)","background-image":"","background-repeat":"repeat","background-position":"center center","background-size":"auto","background-attachment":"scroll","background-type":"","background-media":"","overlay-type":"","overlay-color":"","overlay-opacity":"","overlay-gradient":""},"mobile":{"background-color":"var(--ast-global-color-5)","background-image":"","background-repeat":"repeat","background-position":"center center","background-size":"auto","background-attachment":"scroll","background-type":"","background-media":"","overlay-type":"","overlay-color":"","overlay-opacity":"","overlay-gradient":""}},"footnotes":""},"class_list":["post-9429","page","type-page","status-publish","hentry"],"post_mailing_queue_ids":[],"_links":{"self":[{"href":"https:\/\/serveiseducatius.xtec.cat\/noguera\/wp-json\/wp\/v2\/pages\/9429","targetHints":{"allow":["GET"]}}],"collection":[{"href":"https:\/\/serveiseducatius.xtec.cat\/noguera\/wp-json\/wp\/v2\/pages"}],"about":[{"href":"https:\/\/serveiseducatius.xtec.cat\/noguera\/wp-json\/wp\/v2\/types\/page"}],"author":[{"embeddable":true,"href":"https:\/\/serveiseducatius.xtec.cat\/noguera\/wp-json\/wp\/v2\/users\/1"}],"replies":[{"embeddable":true,"href":"https:\/\/serveiseducatius.xtec.cat\/noguera\/wp-json\/wp\/v2\/comments?post=9429"}],"version-history":[{"count":4,"href":"https:\/\/serveiseducatius.xtec.cat\/noguera\/wp-json\/wp\/v2\/pages\/9429\/revisions"}],"predecessor-version":[{"id":13782,"href":"https:\/\/serveiseducatius.xtec.cat\/noguera\/wp-json\/wp\/v2\/pages\/9429\/revisions\/13782"}],"up":[{"embeddable":true,"href":"https:\/\/serveiseducatius.xtec.cat\/noguera\/wp-json\/wp\/v2\/pages\/8095"}],"wp:attachment":[{"href":"https:\/\/serveiseducatius.xtec.cat\/noguera\/wp-json\/wp\/v2\/media?parent=9429"}],"curies":[{"name":"wp","href":"https:\/\/api.w.org\/{rel}","templated":true}]}}