{"id":8838,"date":"2017-06-29T11:44:09","date_gmt":"2017-06-29T09:44:09","guid":{"rendered":"http:\/\/serveiseducatius.xtec.cat\/noguera\/?page_id=8838"},"modified":"2018-02-05T16:03:15","modified_gmt":"2018-02-05T15:03:15","slug":"maleta-de-matematiques","status":"publish","type":"page","link":"https:\/\/serveiseducatius.xtec.cat\/noguera\/maleta-de-matematiques\/","title":{"rendered":"Maletes pedag\u00f2giques de matem\u00e0tiques"},"content":{"rendered":"<p><strong>PRESENTACI\u00d3<\/strong><\/p>\n<p>En aquestes maletes es presenten un conjunt de 19 jocs i materials manipulatius i per ensenyar i treballar les matem\u00e0tiques d\u2019una manera divertida, funcional i manipulativa, on es treballen els cinc blocs de continguts de l\u2019\u00e0rea de matem\u00e0tiques del curr\u00edculum:<img loading=\"lazy\" decoding=\"async\" class=\" wp-image-8839 alignright\" src=\"http:\/\/serveiseducatius.xtec.cat\/noguera\/wp-content\/uploads\/usu1149\/2017\/06\/mat1.png\" alt=\"mat1\" width=\"186\" height=\"195\" \/><\/p>\n<ul>\n<li><a href=\"https:\/\/drive.google.com\/open?id=1MAEs4rX8Q6Z8tslCPy3t6lCGnbJTZqBY\" target=\"_blank\" rel=\"noopener noreferrer\">Numeraci\u00f3 i c\u00e0lcul<\/a><\/li>\n<li>Relacions i canvi<\/li>\n<li><a href=\"https:\/\/drive.google.com\/open?id=1NiCVe259l94YU89UTVY5CZ4GJRsOtyz3\" target=\"_blank\" rel=\"noopener noreferrer\">Espai i forma<\/a><\/li>\n<li><a href=\"https:\/\/drive.google.com\/open?id=1twSCmkCFQGmurBQnp5VZ5Vc19QqDJhWo\" target=\"_blank\" rel=\"noopener noreferrer\">Mesura<\/a><\/li>\n<li>Estad\u00edstica i atzar<\/li>\n<\/ul>\n<p>S\u2019ha plasmat en una graella tot el que consta a cada una de les tres maletes, detallant per a\u00a0cada material o joc una breu explicaci\u00f3 de les caracter\u00edstiques d\u2019aquest: instruccions de com es juga, compet\u00e8ncies i continguts que es treballen, material que cont\u00e9 i per quina edat es recomana.<\/p>\n<p>Cada\u00a0maleta va acompanyada d&#8217;un conjunt de propostes did\u00e0ctiques competencials, adre\u00e7ades a educaci\u00f3 infantil i prim\u00e0ria.<\/p>\n<p>Aquests nous recursos pedag\u00f2gics donen a con\u00e8ixer la multitud de possibilitats d\u2019ensenyament-aprenentatge que ens donen diferents materials manipulatius, a m\u00e9s a m\u00e9s, que proporcionaran en totes les classes de matem\u00e0tiques una oportunitat perqu\u00e8 l\u2019alumnat aprengui amb comprensi\u00f3 de forma aut\u00f2noma, practiqui i consolidi all\u00f2 que ha apr\u00e8s.<\/p>\n<p><img loading=\"lazy\" decoding=\"async\" class=\"size-full wp-image-8840 alignleft\" src=\"http:\/\/serveiseducatius.xtec.cat\/noguera\/wp-content\/uploads\/usu1149\/2017\/06\/mat3.png\" alt=\"mat3\" width=\"257\" height=\"197\" \/>Aquests jocs i materials contribueixen a l\u2019adquisici\u00f3 de les compet\u00e8ncies b\u00e0siques de l\u2019ensenyament de les matem\u00e0tiques ja que el maneig d\u2019aquestos implica:<br \/>\n&#8211; \u00a0pensar matem\u00e0ticament<br \/>\n&#8211; \u00a0experimentar<br \/>\n&#8211; \u00a0intuir, deduir, interpretar informaci\u00f3 del m\u00f3n que ens envolta<br \/>\n&#8211; \u00a0plantejar-se i resoldre problemes<br \/>\n&#8211; \u00a0desenvolupar estrat\u00e8gies de resoluci\u00f3<\/p>\n<p>En definitiva, aquestes maletes de matem\u00e0tiques pretenen\u00a0apropar l\u2019alumnat als conceptes matem\u00e0tics b\u00e0sics de manera manipulativa, on adquirir\u00e0 els coneixements de forma l\u00fadica i afavorir\u00e0 situacions perqu\u00e8 els nens explorin aut\u00f2nomament i gaudeixin amb les matem\u00e0tiques.<\/p>\n<p>Consulteu m\u00e9s <a href=\"https:\/\/drive.google.com\/open?id=1ZSVHJ55S_ITncRWRYsk3L4Ct9j7TsHgZ\" target=\"_blank\" rel=\"noopener noreferrer\">recursos i enlla\u00e7os<\/a>.<\/p>\n","protected":false},"excerpt":{"rendered":"<p>PRESENTACI\u00d3 En aquestes maletes es presenten un conjunt de 19 jocs i materials manipulatius i per ensenyar i treballar les matem\u00e0tiques d\u2019una manera divertida, funcional i manipulativa, on es treballen els cinc blocs de continguts de l\u2019\u00e0rea de matem\u00e0tiques del curr\u00edculum: Numeraci\u00f3 i c\u00e0lcul Relacions i canvi Espai i forma Mesura Estad\u00edstica i atzar S\u2019ha [&hellip;]<\/p>\n","protected":false},"author":1,"featured_media":0,"parent":0,"menu_order":0,"comment_status":"closed","ping_status":"closed","template":"","meta":{"_bbp_topic_count":0,"_bbp_reply_count":0,"_bbp_total_topic_count":0,"_bbp_total_reply_count":0,"_bbp_voice_count":0,"_bbp_anonymous_reply_count":0,"_bbp_topic_count_hidden":0,"_bbp_reply_count_hidden":0,"_bbp_forum_subforum_count":0,"site-sidebar-layout":"default","site-content-layout":"","ast-site-content-layout":"","site-content-style":"default","site-sidebar-style":"default","ast-global-header-display":"","ast-banner-title-visibility":"","ast-main-header-display":"","ast-hfb-above-header-display":"","ast-hfb-below-header-display":"","ast-hfb-mobile-header-display":"","site-post-title":"","ast-breadcrumbs-content":"","ast-featured-img":"","footer-sml-layout":"","theme-transparent-header-meta":"","adv-header-id-meta":"","stick-header-meta":"","header-above-stick-meta":"","header-main-stick-meta":"","header-below-stick-meta":"","astra-migrate-meta-layouts":"default","ast-page-background-enabled":"default","ast-page-background-meta":{"desktop":{"background-color":"var(--ast-global-color-4)","background-image":"","background-repeat":"repeat","background-position":"center center","background-size":"auto","background-attachment":"scroll","background-type":"","background-media":"","overlay-type":"","overlay-color":"","overlay-opacity":"","overlay-gradient":""},"tablet":{"background-color":"","background-image":"","background-repeat":"repeat","background-position":"center center","background-size":"auto","background-attachment":"scroll","background-type":"","background-media":"","overlay-type":"","overlay-color":"","overlay-opacity":"","overlay-gradient":""},"mobile":{"background-color":"","background-image":"","background-repeat":"repeat","background-position":"center center","background-size":"auto","background-attachment":"scroll","background-type":"","background-media":"","overlay-type":"","overlay-color":"","overlay-opacity":"","overlay-gradient":""}},"ast-content-background-meta":{"desktop":{"background-color":"var(--ast-global-color-5)","background-image":"","background-repeat":"repeat","background-position":"center center","background-size":"auto","background-attachment":"scroll","background-type":"","background-media":"","overlay-type":"","overlay-color":"","overlay-opacity":"","overlay-gradient":""},"tablet":{"background-color":"var(--ast-global-color-5)","background-image":"","background-repeat":"repeat","background-position":"center center","background-size":"auto","background-attachment":"scroll","background-type":"","background-media":"","overlay-type":"","overlay-color":"","overlay-opacity":"","overlay-gradient":""},"mobile":{"background-color":"var(--ast-global-color-5)","background-image":"","background-repeat":"repeat","background-position":"center center","background-size":"auto","background-attachment":"scroll","background-type":"","background-media":"","overlay-type":"","overlay-color":"","overlay-opacity":"","overlay-gradient":""}},"footnotes":""},"class_list":["post-8838","page","type-page","status-publish","hentry"],"post_mailing_queue_ids":[],"_links":{"self":[{"href":"https:\/\/serveiseducatius.xtec.cat\/noguera\/wp-json\/wp\/v2\/pages\/8838","targetHints":{"allow":["GET"]}}],"collection":[{"href":"https:\/\/serveiseducatius.xtec.cat\/noguera\/wp-json\/wp\/v2\/pages"}],"about":[{"href":"https:\/\/serveiseducatius.xtec.cat\/noguera\/wp-json\/wp\/v2\/types\/page"}],"author":[{"embeddable":true,"href":"https:\/\/serveiseducatius.xtec.cat\/noguera\/wp-json\/wp\/v2\/users\/1"}],"replies":[{"embeddable":true,"href":"https:\/\/serveiseducatius.xtec.cat\/noguera\/wp-json\/wp\/v2\/comments?post=8838"}],"version-history":[{"count":4,"href":"https:\/\/serveiseducatius.xtec.cat\/noguera\/wp-json\/wp\/v2\/pages\/8838\/revisions"}],"predecessor-version":[{"id":9079,"href":"https:\/\/serveiseducatius.xtec.cat\/noguera\/wp-json\/wp\/v2\/pages\/8838\/revisions\/9079"}],"wp:attachment":[{"href":"https:\/\/serveiseducatius.xtec.cat\/noguera\/wp-json\/wp\/v2\/media?parent=8838"}],"curies":[{"name":"wp","href":"https:\/\/api.w.org\/{rel}","templated":true}]}}