{"id":8795,"date":"2017-06-23T11:27:38","date_gmt":"2017-06-23T09:27:38","guid":{"rendered":"http:\/\/serveiseducatius.xtec.cat\/noguera\/?page_id=8795"},"modified":"2023-05-04T12:12:48","modified_gmt":"2023-05-04T10:12:48","slug":"scratch","status":"publish","type":"page","link":"https:\/\/serveiseducatius.xtec.cat\/noguera\/robotica-educativa\/scratch\/","title":{"rendered":"Scratch"},"content":{"rendered":"<table>\n<tbody>\n<tr>\n<td><a href=\"https:\/\/drive.google.com\/open?id=0B7XQGDI2VvIrVVFsdENDLU5RbXc\" target=\"_blank\" rel=\"noopener noreferrer\"><img loading=\"lazy\" decoding=\"async\" class=\"wp-image-8381 size-full alignleft\" src=\"http:\/\/serveiseducatius.xtec.cat\/vallesoccidental7\/wp-content\/uploads\/usu1104\/2016\/11\/scratch.png\" alt=\"scratch\" width=\"74\" height=\"74\" data-pin-nopin=\"true\" \/><\/a><\/td>\n<td><a href=\"https:\/\/drive.google.com\/open?id=0B7XQGDI2VvIrVVFsdENDLU5RbXc\" target=\"_blank\" rel=\"noopener noreferrer\">Scratch 1.4<\/a><\/td>\n<td><a href=\"https:\/\/scratch.mit.edu\/projects\/editor\/?tip_bar=getStarted\" target=\"_blank\" rel=\"noopener noreferrer\"><img loading=\"lazy\" decoding=\"async\" class=\"wp-image-8689 alignleft\" src=\"http:\/\/serveiseducatius.xtec.cat\/noguera\/wp-content\/uploads\/usu1149\/2017\/04\/scratch.png\" alt=\"scratch\" width=\"94\" height=\"71\" srcset=\"https:\/\/serveiseducatius.xtec.cat\/noguera\/wp-content\/uploads\/usu1149\/2017\/04\/scratch.png 640w, https:\/\/serveiseducatius.xtec.cat\/noguera\/wp-content\/uploads\/usu1149\/2017\/04\/scratch-300x225.png 300w, https:\/\/serveiseducatius.xtec.cat\/noguera\/wp-content\/uploads\/usu1149\/2017\/04\/scratch-200x150.png 200w\" sizes=\"auto, (max-width: 94px) 100vw, 94px\" \/><\/a><\/td>\n<td><a href=\"https:\/\/scratch.mit.edu\/projects\/editor\/?tip_bar=getStarted\" target=\"_blank\" rel=\"noopener noreferrer\">Scratch 3.0<\/a><\/td>\n<\/tr>\n<\/tbody>\n<\/table>\n<ul>\n<li><a href=\"https:\/\/resources.scratch.mit.edu\/www\/cards\/es\/scratch-cards-all.pdf\" target=\"_blank\" rel=\"noopener noreferrer\">Targetes SCRATCH 3.0<\/a> en castell\u00e0<\/li>\n<li><a href=\"https:\/\/www.vullaprendre.org\/targetes-scratch-3\/\" target=\"_blank\" rel=\"noopener noreferrer\">Targetes de jocs Scratch 3.0<\/a> tradu\u00efdes al catal\u00e0 per l\u2019Eul\u00e0lia Canet\u00a0(Font: <a href=\"http:\/\/scratchcatala.com\/\" target=\"_blank\" rel=\"noopener noreferrer\">Scratchcatala.org<\/a>)<\/li>\n<\/ul>\n<h3>NOVETAT<\/h3>\n<p dir=\"ltr\" style=\"text-align: justify;\">L&#8217;<a href=\"http:\/\/projectes.xtec.cat\/programacioirobotica\/curs-scratch-primaria\/\" target=\"_blank\" rel=\"noopener noreferrer\"><strong>Scratch Challenge<\/strong><\/a>\u00a0\u00e9s una nova iniciativa focalitzada en el desenvolupament del\u00a0pensament computacional\u00a0a partir de l\u2019\u00fas de\u00a0Scratch. Dirigida a Cicle Superior i Mitj\u00e0 de prim\u00e0ria, depenent del projecte de centre, est\u00e0 organitzada\u00a0en\u00a0sis m\u00f2duls de 12 hores\u00a0amb la seq\u00fc\u00e8ncia did\u00e0ctica completa: continguts, activitats, reptes a resoldre i projecte final que es puden adaptar a qualsevol \u00e0rea o b\u00e9 dur-los a terme de \u00a0forma transversal.<\/p>\n<p dir=\"ltr\" style=\"text-align: justify;\">Tamb\u00e9 inclou\u00a0una\u00a0guia docent\u00a0detallada amb criteris d\u2019avaluaci\u00f3, relaci\u00f3 de compet\u00e8ncies treballades, metodologia de treball, recursos, instruccions t\u00e8cniques i d\u2019altres informacions complement\u00e0ries. Per tal de recolzar als mestres que vulguin dur a terme aquest projecte, es posar\u00e0 a la seva disposici\u00f3\u00a0formaci\u00f3 telem\u00e0tica\u00a0a partir del mes d\u2019octubre.<\/p>\n<p dir=\"ltr\" style=\"text-align: justify;\">Tot aquest material est\u00e0 disponible, de forma oberta, en un <a href=\"http:\/\/projectes.xtec.cat\/programacioirobotica\/curs-scratch-primaria\/\" target=\"_blank\" rel=\"noopener noreferrer\">projecte\u00a0Nodes<\/a>\u00a0espec\u00edfic que podeu descarregar i instal\u00b7lar al Nodes del vostre centre.<\/p>\n<p dir=\"ltr\">La participaci\u00f3 en la iniciativa <a href=\"http:\/\/projectes.xtec.cat\/programacioirobotica\/curs-scratch-primaria\/\" target=\"_blank\" rel=\"noopener noreferrer\">Scratch Challenge<\/a> inclou la possibilitat per als docents d\u2019entrar en contacte amb experts de l\u2019\u00e0mbit tecnol\u00f2gic per a assessoraments o per a intervencions a les pr\u00f2pies aules amb els alumnes. A m\u00e9s, a principis de juny tenen la possibilitat de presentar els projectes generats pels seus alumnes als Mobile Student Awards, una \u201chackaton\u201d dirigida a alumnes de prim\u00e0ria consistent en la resoluci\u00f3 d\u2019un repte Scratch en un temps establert. La tem\u00e0tica d\u2019aquesta \u201chackaton\u201d es plantejar\u00e0 a principi de curs de forma que tots els mestres puguin anar-la treballant amb els seus alumnes i que sigui un element m\u00e9s de motivaci\u00f3.<\/p>\n<p dir=\"ltr\">Per a qualsevol dubte o consulta, podeu escriure a l\u2019equip mSchools:\u00a0<a href=\"mailto:mschools@xtec.cat\" target=\"_blank\" rel=\"noopener noreferrer\">mschools@xtec.cat<\/a>\u00a0o trucar directament al Departament d\u2019Ensenyament: 93 551 69 00 (extensi\u00f3 3562).<\/p>\n","protected":false},"excerpt":{"rendered":"<p>Scratch 1.4 Scratch 3.0 Targetes SCRATCH 3.0 en castell\u00e0 Targetes de jocs Scratch 3.0 tradu\u00efdes al catal\u00e0 per l\u2019Eul\u00e0lia Canet\u00a0(Font: Scratchcatala.org) NOVETAT L&#8217;Scratch Challenge\u00a0\u00e9s una nova iniciativa focalitzada en el desenvolupament del\u00a0pensament computacional\u00a0a partir de l\u2019\u00fas de\u00a0Scratch. Dirigida a Cicle Superior i Mitj\u00e0 de prim\u00e0ria, depenent del projecte de centre, est\u00e0 organitzada\u00a0en\u00a0sis m\u00f2duls de 12 [&hellip;]<\/p>\n","protected":false},"author":1,"featured_media":0,"parent":8786,"menu_order":50,"comment_status":"closed","ping_status":"closed","template":"page-templates\/side-menu.php","meta":{"_bbp_topic_count":0,"_bbp_reply_count":0,"_bbp_total_topic_count":0,"_bbp_total_reply_count":0,"_bbp_voice_count":0,"_bbp_anonymous_reply_count":0,"_bbp_topic_count_hidden":0,"_bbp_reply_count_hidden":0,"_bbp_forum_subforum_count":0,"site-sidebar-layout":"default","site-content-layout":"","ast-site-content-layout":"","site-content-style":"default","site-sidebar-style":"default","ast-global-header-display":"","ast-banner-title-visibility":"","ast-main-header-display":"","ast-hfb-above-header-display":"","ast-hfb-below-header-display":"","ast-hfb-mobile-header-display":"","site-post-title":"","ast-breadcrumbs-content":"","ast-featured-img":"","footer-sml-layout":"","theme-transparent-header-meta":"","adv-header-id-meta":"","stick-header-meta":"","header-above-stick-meta":"","header-main-stick-meta":"","header-below-stick-meta":"","astra-migrate-meta-layouts":"default","ast-page-background-enabled":"default","ast-page-background-meta":{"desktop":{"background-color":"var(--ast-global-color-4)","background-image":"","background-repeat":"repeat","background-position":"center center","background-size":"auto","background-attachment":"scroll","background-type":"","background-media":"","overlay-type":"","overlay-color":"","overlay-opacity":"","overlay-gradient":""},"tablet":{"background-color":"","background-image":"","background-repeat":"repeat","background-position":"center center","background-size":"auto","background-attachment":"scroll","background-type":"","background-media":"","overlay-type":"","overlay-color":"","overlay-opacity":"","overlay-gradient":""},"mobile":{"background-color":"","background-image":"","background-repeat":"repeat","background-position":"center center","background-size":"auto","background-attachment":"scroll","background-type":"","background-media":"","overlay-type":"","overlay-color":"","overlay-opacity":"","overlay-gradient":""}},"ast-content-background-meta":{"desktop":{"background-color":"var(--ast-global-color-5)","background-image":"","background-repeat":"repeat","background-position":"center center","background-size":"auto","background-attachment":"scroll","background-type":"","background-media":"","overlay-type":"","overlay-color":"","overlay-opacity":"","overlay-gradient":""},"tablet":{"background-color":"var(--ast-global-color-5)","background-image":"","background-repeat":"repeat","background-position":"center center","background-size":"auto","background-attachment":"scroll","background-type":"","background-media":"","overlay-type":"","overlay-color":"","overlay-opacity":"","overlay-gradient":""},"mobile":{"background-color":"var(--ast-global-color-5)","background-image":"","background-repeat":"repeat","background-position":"center center","background-size":"auto","background-attachment":"scroll","background-type":"","background-media":"","overlay-type":"","overlay-color":"","overlay-opacity":"","overlay-gradient":""}},"footnotes":""},"class_list":["post-8795","page","type-page","status-publish","hentry"],"post_mailing_queue_ids":[],"_links":{"self":[{"href":"https:\/\/serveiseducatius.xtec.cat\/noguera\/wp-json\/wp\/v2\/pages\/8795","targetHints":{"allow":["GET"]}}],"collection":[{"href":"https:\/\/serveiseducatius.xtec.cat\/noguera\/wp-json\/wp\/v2\/pages"}],"about":[{"href":"https:\/\/serveiseducatius.xtec.cat\/noguera\/wp-json\/wp\/v2\/types\/page"}],"author":[{"embeddable":true,"href":"https:\/\/serveiseducatius.xtec.cat\/noguera\/wp-json\/wp\/v2\/users\/1"}],"replies":[{"embeddable":true,"href":"https:\/\/serveiseducatius.xtec.cat\/noguera\/wp-json\/wp\/v2\/comments?post=8795"}],"version-history":[{"count":3,"href":"https:\/\/serveiseducatius.xtec.cat\/noguera\/wp-json\/wp\/v2\/pages\/8795\/revisions"}],"predecessor-version":[{"id":12856,"href":"https:\/\/serveiseducatius.xtec.cat\/noguera\/wp-json\/wp\/v2\/pages\/8795\/revisions\/12856"}],"up":[{"embeddable":true,"href":"https:\/\/serveiseducatius.xtec.cat\/noguera\/wp-json\/wp\/v2\/pages\/8786"}],"wp:attachment":[{"href":"https:\/\/serveiseducatius.xtec.cat\/noguera\/wp-json\/wp\/v2\/media?parent=8795"}],"curies":[{"name":"wp","href":"https:\/\/api.w.org\/{rel}","templated":true}]}}