{"id":8791,"date":"2017-06-23T11:21:09","date_gmt":"2017-06-23T09:21:09","guid":{"rendered":"http:\/\/serveiseducatius.xtec.cat\/noguera\/?page_id=8791"},"modified":"2023-02-15T14:11:21","modified_gmt":"2023-02-15T13:11:21","slug":"lego-wedo","status":"publish","type":"page","link":"https:\/\/serveiseducatius.xtec.cat\/noguera\/robotica-educativa\/lego-wedo\/","title":{"rendered":"Lego WeDo 1.4"},"content":{"rendered":"<p><a href=\"https:\/\/drive.google.com\/file\/d\/0B7XQGDI2VvIrSTA5b2w5eHQycEU\/view?usp=sharing\" target=\"_blank\" rel=\"noopener noreferrer\"><img loading=\"lazy\" decoding=\"async\" class=\"wp-image-8687 alignleft\" src=\"http:\/\/serveiseducatius.xtec.cat\/noguera\/wp-content\/uploads\/usu1149\/2017\/04\/LegoWEDO.png\" alt=\"LegoWEDO\" width=\"300\" height=\"263\" srcset=\"https:\/\/serveiseducatius.xtec.cat\/noguera\/wp-content\/uploads\/usu1149\/2017\/04\/LegoWEDO.png 600w, https:\/\/serveiseducatius.xtec.cat\/noguera\/wp-content\/uploads\/usu1149\/2017\/04\/LegoWEDO-300x263.png 300w\" sizes=\"auto, (max-width: 300px) 100vw, 300px\" \/><\/a><\/p>\n<p><strong>LEGO\u00ae WeDo<\/strong> \u00e9s la proposta de LEGO Education per iniciar els m\u00e9s joves-se en la rob\u00f2tica. L&#8217;alumnat\u00a0pot construir fins a 12 models amb sensors simples amb\u00a0un motor que es connecta als seus ordinadors, i que poden programar de forma molt senzilla per fer-los fer diferents accions.<br \/>\n\u00c9s un material ideal per explicar hist\u00f2ries i contes, per a un aprenentatge col\u00b7laboratiu i participatiu, i una gran eina de suport per treballar compet\u00e8ncies no tecnol\u00f2giques com ara el\u00a0llenguatge, ci\u00e8ncies socials o hist\u00f2ria.<br \/>\nLEGO WeDo tamb\u00e9 es pot programar de forma senzilla amb <a href=\"http:\/\/serveiseducatius.xtec.cat\/noguera\/robotica-educativa\/scratch\/\" target=\"_blank\" rel=\"noopener noreferrer\">Scratch<\/a>, programari educatiu lliure que es desenvolupa m\u00e9s endavant.<\/p>\n<h3>Espai de desc\u00e0rregues LEGO WeDo<\/h3>\n<ul>\n<li><a href=\"https:\/\/drive.google.com\/file\/d\/1ji_lhio8jJ0zsu0KCPPpWwGzT3P_Kw9G\/view?usp=share_link\" target=\"_blank\" rel=\"noopener noreferrer\">Software de LEGO WeDo<\/a> (Tot el material \u00e9s en angl\u00e8s)<\/li>\n<li><a href=\"https:\/\/drive.google.com\/file\/d\/1DNoWEEHILqWyBDzY1RvEI5_fBnp9NSIe\/view\" target=\"_blank\" rel=\"noopener noreferrer\">LEGO WeDO Guia completa de l&#8217;usuari<\/a> (castell\u00e0)<\/li>\n<li><a href=\"https:\/\/le-www-live-s.legocdn.com\/sc\/media\/files\/user-guides\/wedo\/wedo-user-guide-80b6e879549d1be595355dc8b6dee075.pdf?la=en-us\" target=\"_blank\" rel=\"noopener noreferrer\">LEGO WeDo Guia de l&#8217;usuari<\/a>\u00a0(angl\u00e8s)<\/li>\n<li><a href=\"https:\/\/le-www-live-s.legocdn.com\/sc\/media\/files\/activities\/wedo\/wedo-hungry-alligator-sample-lesson-c1d6f599d5d4236a3179e056c2328c26.pdf?la=en-us\" target=\"_blank\" rel=\"noopener noreferrer\">LEGO WeDo Model d&#8217;unitat did\u00e0ctica<\/a><\/li>\n<li><a href=\"https:\/\/education.lego.com\/en-us\/support\/wedo\/building-instructions\" target=\"_blank\" rel=\"noopener noreferrer\">LEGO WeDo Instruccions per a la construcci\u00f3<\/a>\n<ul>\n<li><a href=\"https:\/\/le-www-live-s.legocdn.com\/sc\/media\/files\/building-instructions\/wedo\/9580-airplane-rescue-85d0e407190646da7dfc5960fb61ed95.pdf\" target=\"_blank\" rel=\"noopener noreferrer\">Avi\u00f3 de rescat<\/a><\/li>\n<li><a href=\"https:\/\/le-www-live-s.legocdn.com\/sc\/media\/files\/building-instructions\/wedo\/9580-cheerful-fans-046005adca34abdc5c0bc0700cf0b8e3.pdf\" target=\"_blank\" rel=\"noopener noreferrer\">Seguidors contents<\/a><\/li>\n<li><a href=\"https:\/\/le-www-live-s.legocdn.com\/sc\/media\/files\/building-instructions\/wedo\/9580-dancing-birds-88cc69529caa111f49518d1ff4b4ad57.pdf\" target=\"_blank\" rel=\"noopener noreferrer\">Ocells que ballen<\/a><\/li>\n<li><a href=\"https:\/\/le-www-live-s.legocdn.com\/sc\/media\/files\/building-instructions\/wedo\/9580-drumming-monkey-b9baea49c896e3888f10690f65855583.pdf\" target=\"_blank\" rel=\"noopener noreferrer\">Mona percussionista<\/a><\/li>\n<li><a href=\"https:\/\/le-www-live-s.legocdn.com\/sc\/media\/files\/building-instructions\/wedo\/9580-flying-bird-1e0b7b5142c5c1ee5b3b4fe60be5977b.pdf\" target=\"_blank\" rel=\"noopener noreferrer\">Ocell volador<\/a><\/li>\n<li><a href=\"https:\/\/le-www-live-s.legocdn.com\/sc\/media\/files\/building-instructions\/wedo\/9580-giant-escape-e4fa94cae616c31a79e51b7e50045e21.pdf\" target=\"_blank\" rel=\"noopener noreferrer\">Gegant penjant<\/a><\/li>\n<li><a href=\"https:\/\/le-www-live-s.legocdn.com\/sc\/media\/files\/building-instructions\/wedo\/9580-goal-keeper-947603e7d6da0879b7f2b30ec0d8f159.pdf\" target=\"_blank\" rel=\"noopener noreferrer\">Porter de futbol<\/a><\/li>\n<li><a href=\"https:\/\/le-www-live-s.legocdn.com\/sc\/media\/files\/building-instructions\/wedo\/9580-hungry-alligator-cee3ffb5c7aac83bc257c13baf522c49.pdf\" target=\"_blank\" rel=\"noopener noreferrer\">Cocodril afamat<\/a><\/li>\n<li><a href=\"https:\/\/le-www-live-s.legocdn.com\/sc\/media\/files\/building-instructions\/wedo\/9580-roaring-lion-2c8e31d8537411dc865b25081cf4a7c8.pdf\" target=\"_blank\" rel=\"noopener noreferrer\">El lle\u00f3 que rugeix<\/a><\/li>\n<li><a href=\"https:\/\/le-www-live-s.legocdn.com\/sc\/media\/files\/building-instructions\/wedo\/9580-sailboat-storm-557df01c9d6c63b09ef266bea4558cac.pdf\" target=\"_blank\" rel=\"noopener noreferrer\">Tormenta al vaixell<\/a><\/li>\n<li><a href=\"https:\/\/le-www-live-s.legocdn.com\/sc\/media\/files\/building-instructions\/wedo\/9580-smart-spinner-21af702f2c57ed5ba986a644ac481571.pdf\" target=\"_blank\" rel=\"noopener noreferrer\">Baldufa intel\u00b7ligent<\/a><\/li>\n<li><a href=\"https:\/\/le-www-live-s.legocdn.com\/sc\/media\/files\/building-instructions\/wedo\/9585-crane-916b38a984a266a977b92361dbd2cf69.pdf\" target=\"_blank\" rel=\"noopener noreferrer\">Grua<\/a><\/li>\n<li><a href=\"https:\/\/le-www-live-s.legocdn.com\/sc\/media\/files\/building-instructions\/wedo\/9585-ferris-wheel-c3d9b06665071a5b61efbed09474c45b.pdf\" target=\"_blank\" rel=\"noopener noreferrer\">Noria<\/a><\/li>\n<li><a href=\"https:\/\/le-www-live-s.legocdn.com\/sc\/media\/files\/building-instructions\/wedo\/9585-house-and-car-37d047ec77a527597b979eb8688899be.pdf\" target=\"_blank\" rel=\"noopener noreferrer\">Casa i cotxe<\/a><\/li>\n<\/ul>\n<\/li>\n<li><a href=\"https:\/\/education.lego.com\/en-us\/support\/wedo\/curriculum-content\" target=\"_blank\" rel=\"noopener noreferrer\">Contingut curricular de suport<\/a>: Inclou 6 projectes i material per a\u00a030 unitats que\u00a0s&#8217;integren en el mateix\u00a0programa del LEGO WeDo.<\/li>\n<\/ul>\n<h3>Desc\u00e0rregues LEGO Education WeDo 2.0<\/h3>\n<ul>\n<li><a href=\"https:\/\/www.robotix.es\/ca\/descarregar-software-lego-education-wedo-2\" target=\"_blank\" rel=\"noopener noreferrer\">Espai de desc\u00e0rrega gratu\u00efta de software per a LEGO Education WeDo 2.0 de ROBOTIX<\/a><\/li>\n<li><a href=\"https:\/\/education.lego.com\/en-us\/support\/wedo-2\/building-instructions\" target=\"_blank\" rel=\"noopener noreferrer\">LEGO WeDo 2.0 Building instructions<\/a><\/li>\n<\/ul>\n<h3>Experi\u00e8ncies d&#8217;aula<\/h3>\n<p><a href=\"http:\/\/olmedarein7.wixsite.com\/roboticainfantil\/actividades-con-lego-wedo\" target=\"_blank\" rel=\"noopener noreferrer\">Activitats amb LEGO WeDO<\/a><\/p>\n<p>&nbsp;<\/p>\n","protected":false},"excerpt":{"rendered":"<p>LEGO\u00ae WeDo \u00e9s la proposta de LEGO Education per iniciar els m\u00e9s joves-se en la rob\u00f2tica. L&#8217;alumnat\u00a0pot construir fins a 12 models amb sensors simples amb\u00a0un motor que es connecta als seus ordinadors, i que poden programar de forma molt senzilla per fer-los fer diferents accions. \u00c9s un material ideal per explicar hist\u00f2ries i contes, [&hellip;]<\/p>\n","protected":false},"author":1,"featured_media":0,"parent":8786,"menu_order":20,"comment_status":"closed","ping_status":"closed","template":"page-templates\/side-menu.php","meta":{"_bbp_topic_count":0,"_bbp_reply_count":0,"_bbp_total_topic_count":0,"_bbp_total_reply_count":0,"_bbp_voice_count":0,"_bbp_anonymous_reply_count":0,"_bbp_topic_count_hidden":0,"_bbp_reply_count_hidden":0,"_bbp_forum_subforum_count":0,"site-sidebar-layout":"default","site-content-layout":"","ast-site-content-layout":"","site-content-style":"default","site-sidebar-style":"default","ast-global-header-display":"","ast-banner-title-visibility":"","ast-main-header-display":"","ast-hfb-above-header-display":"","ast-hfb-below-header-display":"","ast-hfb-mobile-header-display":"","site-post-title":"","ast-breadcrumbs-content":"","ast-featured-img":"","footer-sml-layout":"","theme-transparent-header-meta":"","adv-header-id-meta":"","stick-header-meta":"","header-above-stick-meta":"","header-main-stick-meta":"","header-below-stick-meta":"","astra-migrate-meta-layouts":"default","ast-page-background-enabled":"default","ast-page-background-meta":{"desktop":{"background-color":"var(--ast-global-color-4)","background-image":"","background-repeat":"repeat","background-position":"center center","background-size":"auto","background-attachment":"scroll","background-type":"","background-media":"","overlay-type":"","overlay-color":"","overlay-opacity":"","overlay-gradient":""},"tablet":{"background-color":"","background-image":"","background-repeat":"repeat","background-position":"center center","background-size":"auto","background-attachment":"scroll","background-type":"","background-media":"","overlay-type":"","overlay-color":"","overlay-opacity":"","overlay-gradient":""},"mobile":{"background-color":"","background-image":"","background-repeat":"repeat","background-position":"center center","background-size":"auto","background-attachment":"scroll","background-type":"","background-media":"","overlay-type":"","overlay-color":"","overlay-opacity":"","overlay-gradient":""}},"ast-content-background-meta":{"desktop":{"background-color":"var(--ast-global-color-5)","background-image":"","background-repeat":"repeat","background-position":"center center","background-size":"auto","background-attachment":"scroll","background-type":"","background-media":"","overlay-type":"","overlay-color":"","overlay-opacity":"","overlay-gradient":""},"tablet":{"background-color":"var(--ast-global-color-5)","background-image":"","background-repeat":"repeat","background-position":"center center","background-size":"auto","background-attachment":"scroll","background-type":"","background-media":"","overlay-type":"","overlay-color":"","overlay-opacity":"","overlay-gradient":""},"mobile":{"background-color":"var(--ast-global-color-5)","background-image":"","background-repeat":"repeat","background-position":"center center","background-size":"auto","background-attachment":"scroll","background-type":"","background-media":"","overlay-type":"","overlay-color":"","overlay-opacity":"","overlay-gradient":""}},"footnotes":""},"class_list":["post-8791","page","type-page","status-publish","hentry"],"post_mailing_queue_ids":[],"_links":{"self":[{"href":"https:\/\/serveiseducatius.xtec.cat\/noguera\/wp-json\/wp\/v2\/pages\/8791","targetHints":{"allow":["GET"]}}],"collection":[{"href":"https:\/\/serveiseducatius.xtec.cat\/noguera\/wp-json\/wp\/v2\/pages"}],"about":[{"href":"https:\/\/serveiseducatius.xtec.cat\/noguera\/wp-json\/wp\/v2\/types\/page"}],"author":[{"embeddable":true,"href":"https:\/\/serveiseducatius.xtec.cat\/noguera\/wp-json\/wp\/v2\/users\/1"}],"replies":[{"embeddable":true,"href":"https:\/\/serveiseducatius.xtec.cat\/noguera\/wp-json\/wp\/v2\/comments?post=8791"}],"version-history":[{"count":4,"href":"https:\/\/serveiseducatius.xtec.cat\/noguera\/wp-json\/wp\/v2\/pages\/8791\/revisions"}],"predecessor-version":[{"id":12612,"href":"https:\/\/serveiseducatius.xtec.cat\/noguera\/wp-json\/wp\/v2\/pages\/8791\/revisions\/12612"}],"up":[{"embeddable":true,"href":"https:\/\/serveiseducatius.xtec.cat\/noguera\/wp-json\/wp\/v2\/pages\/8786"}],"wp:attachment":[{"href":"https:\/\/serveiseducatius.xtec.cat\/noguera\/wp-json\/wp\/v2\/media?parent=8791"}],"curies":[{"name":"wp","href":"https:\/\/api.w.org\/{rel}","templated":true}]}}