{"id":8783,"date":"2017-06-21T14:20:33","date_gmt":"2017-06-21T12:20:33","guid":{"rendered":"http:\/\/serveiseducatius.xtec.cat\/noguera\/?page_id=8783"},"modified":"2019-12-01T21:28:09","modified_gmt":"2019-12-01T20:28:09","slug":"bee-bots","status":"publish","type":"page","link":"https:\/\/serveiseducatius.xtec.cat\/noguera\/robotica-educativa\/bee-bots\/","title":{"rendered":"Bee-Bots"},"content":{"rendered":"<h3><img loading=\"lazy\" decoding=\"async\" class=\"wp-image-8688 alignleft\" src=\"http:\/\/serveiseducatius.xtec.cat\/noguera\/wp-content\/uploads\/usu1149\/2017\/04\/bee-bot.gif\" alt=\"bee-bot\" width=\"171\" height=\"140\" \/><\/h3>\n<p>La <strong>Bee-Bot<\/strong> \u00e9s\u00a0un robot educatiu de construcci\u00f3 robusta\u00a0acolorida, f\u00e0cil d&#8217;usar, simp\u00e0tica i divertita, dissenyada per al seu \u00fas educatiu amb\u00a0infants. Aquests robots s\u00f3n una eina perfecta per iniciar-se en la programaci\u00f3 i la rob\u00f2tica a l&#8217;aula fent activitats de seq\u00fcenciaci\u00f3, estimaci\u00f3\u00a0i resoluci\u00f3 de problemes d&#8217;una forma engrescadora.<\/p>\n<p>La <strong>Bee-Bot<\/strong> es mou en passos de 15 cm i girs de 90\u00b0, per fer-ho, disposa d&#8217;unes\u00a0tecles direccionals al llom que s&#8217;utilitzen per introduir fins a 40 ordres que envien Bee-Bot cap endavant, enrere, esquerra i dreta. Al pr\u00e9mer el bot\u00f3 de <span style=\"color: #339966;\"><strong>GO<\/strong><\/span> verd, la Bee-Bot comen\u00e7a el seu cam\u00ed, els ulls parpellegen i emet sons a la conclusi\u00f3 de cada comandament per permetre que els nens segueixin Bee-Bot a trav\u00e9s del programa que hagin ingressat i despr\u00e9s confirmi la seva finalitzaci\u00f3 amb llums i so.<\/p>\n<p>La <strong>Bee-Bot<\/strong> est\u00e0 equipada amb una bateria recarregable integrada\u00a0que es carrega amb un cable USB est\u00e0ndard.<\/p>\n<p>A la <a href=\"https:\/\/www.bee-bot.us\/\" target=\"_blank\" rel=\"noopener noreferrer\">web oficial<\/a> teniu a la vostra disposici\u00f3 tot un seguit de materials que inclouen curr\u00edculum, accessoris i catifes.<\/p>\n<p><a href=\"http:\/\/blocs.xtec.cat\/roboticaalescola\/files\/2015\/03\/plantilla_ex.pdf\" target=\"_blank\" rel=\"noopener noreferrer\">Plantilles exemple bee-bot<\/a><br \/>\n<a href=\"http:\/\/codigo21.educacion.navarra.es\/wp-content\/uploads\/2015\/10\/plantilla_beebot_A4.pdf\" target=\"_blank\" rel=\"noopener noreferrer\">Plantilla imprimible 15\u00d715 cm<\/a><\/p>\n<p><a href=\"https:\/\/www.bee-bot.us\/downloads.html\" target=\"_blank\" rel=\"noopener noreferrer\">P\u00e0gina de desc\u00e0rregues oficial de Bee-Bot<\/a><\/p>\n<ul>\n<li>Tauler Pinterest de <a href=\"https:\/\/es.pinterest.com\/cdelanoguera\/bee-bots\/\" target=\"_blank\" rel=\"noopener noreferrer\">recursos per a Bee Bot\u00a0<\/a><\/li>\n<li><a href=\"http:\/\/olmedarein7.wixsite.com\/roboticainfantil\/actividades\" target=\"_blank\" rel=\"noopener noreferrer\">ACTIVIDADES CON BEE BOT Y BLUE BOT<\/a>\u00a0a\u00a0<a href=\"http:\/\/olmedarein7.wixsite.com\/roboticainfantil\" target=\"_blank\" rel=\"noopener noreferrer\">ROB\u00d3TICA y mucho m\u00e1s&#8230;<\/a><\/li>\n<li><a href=\"https:\/\/programamos.es\/recursos\/beebots\/\" target=\"_blank\" rel=\"noopener noreferrer\">Recursos Bee Bot<\/a> a Programamos<\/li>\n<li><a href=\"http:\/\/apprendiendoconrobotica.blogspot.com.es\/p\/actividades-con-bee-bot.html\" target=\"_blank\" rel=\"noopener noreferrer\">EJEMPLOS DE ACTIVIDADES CON BEE BOT<\/a> a\u00a0Apprendiendo con rob\u00f3tica<\/li>\n<li><a href=\"http:\/\/codigo21.educacion.navarra.es\/recursos\/alfombras-para-bee-bots\/\" target=\"_blank\" rel=\"noopener noreferrer\">Escenarios para Bee-Bots<\/a> a C\u00f3digo 21<\/li>\n<\/ul>\n<h2>Experi\u00e8ncies d&#8217;aula<\/h2>\n<ul>\n<li>CRP de la Noguera: <a href=\"https:\/\/drive.google.com\/open?id=0B7XQGDI2VvIrVndoWTZ3UFNoRTA\" target=\"_blank\" rel=\"noopener noreferrer\">Un tomb per Balaguer amb les Bee-Bot<\/a><\/li>\n<li>Escola<\/li>\n<\/ul>\n<p>&nbsp;<\/p>\n","protected":false},"excerpt":{"rendered":"<p>La Bee-Bot \u00e9s\u00a0un robot educatiu de construcci\u00f3 robusta\u00a0acolorida, f\u00e0cil d&#8217;usar, simp\u00e0tica i divertita, dissenyada per al seu \u00fas educatiu amb\u00a0infants. Aquests robots s\u00f3n una eina perfecta per iniciar-se en la programaci\u00f3 i la rob\u00f2tica a l&#8217;aula fent activitats de seq\u00fcenciaci\u00f3, estimaci\u00f3\u00a0i resoluci\u00f3 de problemes d&#8217;una forma engrescadora. La Bee-Bot es mou en passos de 15 [&hellip;]<\/p>\n","protected":false},"author":1,"featured_media":0,"parent":8786,"menu_order":10,"comment_status":"closed","ping_status":"closed","template":"page-templates\/side-menu.php","meta":{"_bbp_topic_count":0,"_bbp_reply_count":0,"_bbp_total_topic_count":0,"_bbp_total_reply_count":0,"_bbp_voice_count":0,"_bbp_anonymous_reply_count":0,"_bbp_topic_count_hidden":0,"_bbp_reply_count_hidden":0,"_bbp_forum_subforum_count":0,"site-sidebar-layout":"default","site-content-layout":"","ast-site-content-layout":"","site-content-style":"default","site-sidebar-style":"default","ast-global-header-display":"","ast-banner-title-visibility":"","ast-main-header-display":"","ast-hfb-above-header-display":"","ast-hfb-below-header-display":"","ast-hfb-mobile-header-display":"","site-post-title":"","ast-breadcrumbs-content":"","ast-featured-img":"","footer-sml-layout":"","theme-transparent-header-meta":"","adv-header-id-meta":"","stick-header-meta":"","header-above-stick-meta":"","header-main-stick-meta":"","header-below-stick-meta":"","astra-migrate-meta-layouts":"default","ast-page-background-enabled":"default","ast-page-background-meta":{"desktop":{"background-color":"var(--ast-global-color-4)","background-image":"","background-repeat":"repeat","background-position":"center center","background-size":"auto","background-attachment":"scroll","background-type":"","background-media":"","overlay-type":"","overlay-color":"","overlay-opacity":"","overlay-gradient":""},"tablet":{"background-color":"","background-image":"","background-repeat":"repeat","background-position":"center center","background-size":"auto","background-attachment":"scroll","background-type":"","background-media":"","overlay-type":"","overlay-color":"","overlay-opacity":"","overlay-gradient":""},"mobile":{"background-color":"","background-image":"","background-repeat":"repeat","background-position":"center center","background-size":"auto","background-attachment":"scroll","background-type":"","background-media":"","overlay-type":"","overlay-color":"","overlay-opacity":"","overlay-gradient":""}},"ast-content-background-meta":{"desktop":{"background-color":"var(--ast-global-color-5)","background-image":"","background-repeat":"repeat","background-position":"center center","background-size":"auto","background-attachment":"scroll","background-type":"","background-media":"","overlay-type":"","overlay-color":"","overlay-opacity":"","overlay-gradient":""},"tablet":{"background-color":"var(--ast-global-color-5)","background-image":"","background-repeat":"repeat","background-position":"center center","background-size":"auto","background-attachment":"scroll","background-type":"","background-media":"","overlay-type":"","overlay-color":"","overlay-opacity":"","overlay-gradient":""},"mobile":{"background-color":"var(--ast-global-color-5)","background-image":"","background-repeat":"repeat","background-position":"center center","background-size":"auto","background-attachment":"scroll","background-type":"","background-media":"","overlay-type":"","overlay-color":"","overlay-opacity":"","overlay-gradient":""}},"footnotes":""},"class_list":["post-8783","page","type-page","status-publish","hentry"],"post_mailing_queue_ids":[],"_links":{"self":[{"href":"https:\/\/serveiseducatius.xtec.cat\/noguera\/wp-json\/wp\/v2\/pages\/8783","targetHints":{"allow":["GET"]}}],"collection":[{"href":"https:\/\/serveiseducatius.xtec.cat\/noguera\/wp-json\/wp\/v2\/pages"}],"about":[{"href":"https:\/\/serveiseducatius.xtec.cat\/noguera\/wp-json\/wp\/v2\/types\/page"}],"author":[{"embeddable":true,"href":"https:\/\/serveiseducatius.xtec.cat\/noguera\/wp-json\/wp\/v2\/users\/1"}],"replies":[{"embeddable":true,"href":"https:\/\/serveiseducatius.xtec.cat\/noguera\/wp-json\/wp\/v2\/comments?post=8783"}],"version-history":[{"count":4,"href":"https:\/\/serveiseducatius.xtec.cat\/noguera\/wp-json\/wp\/v2\/pages\/8783\/revisions"}],"predecessor-version":[{"id":9869,"href":"https:\/\/serveiseducatius.xtec.cat\/noguera\/wp-json\/wp\/v2\/pages\/8783\/revisions\/9869"}],"up":[{"embeddable":true,"href":"https:\/\/serveiseducatius.xtec.cat\/noguera\/wp-json\/wp\/v2\/pages\/8786"}],"wp:attachment":[{"href":"https:\/\/serveiseducatius.xtec.cat\/noguera\/wp-json\/wp\/v2\/media?parent=8783"}],"curies":[{"name":"wp","href":"https:\/\/api.w.org\/{rel}","templated":true}]}}