{"id":8604,"date":"2017-04-03T18:10:34","date_gmt":"2017-04-03T16:10:34","guid":{"rendered":"http:\/\/serveiseducatius.xtec.cat\/noguera\/?page_id=8604"},"modified":"2019-09-27T08:12:50","modified_gmt":"2019-09-27T06:12:50","slug":"orientacio-educativa","status":"publish","type":"page","link":"https:\/\/serveiseducatius.xtec.cat\/noguera\/comunitat\/orientacio-educativa\/","title":{"rendered":"Orientaci\u00f3 educativa"},"content":{"rendered":"<p><a href=\"https:\/\/serveiseducatius.xtec.cat\/noguera\/wp-content\/uploads\/usu1149\/2019\/09\/SEMINA16.jpg\"><img loading=\"lazy\" decoding=\"async\" class=\"wp-image-9760 alignleft\" src=\"https:\/\/serveiseducatius.xtec.cat\/noguera\/wp-content\/uploads\/usu1149\/2019\/09\/SEMINA16.jpg\" alt=\"\" width=\"280\" height=\"222\" srcset=\"https:\/\/serveiseducatius.xtec.cat\/noguera\/wp-content\/uploads\/usu1149\/2019\/09\/SEMINA16.jpg 593w, https:\/\/serveiseducatius.xtec.cat\/noguera\/wp-content\/uploads\/usu1149\/2019\/09\/SEMINA16-300x238.jpg 300w\" sizes=\"auto, (max-width: 280px) 100vw, 280px\" \/><\/a>La transformaci\u00f3 social i tecnol\u00f2gica \u00e9s cada dia m\u00e9s accelerada. La societat \u00e9s m\u00e9s complexa i l&#8217;orientaci\u00f3 acad\u00e8mica i professional\u00a0\u00e9s fa cada cop m\u00e9s dif\u00edcil.<\/p>\n<p>Per\u00f2 es pot orientar amb eines tecnol\u00f2giques? Evidentment, la\u00a0tecnologia d\u00f3na eines i recursos que poden facilitar la tasca orientadora si se saben incorporar al proc\u00e9s d&#8217;acompanyament.<\/p>\n<p>Com en podem con\u00e8ixer la qualitat? Des d&#8217;aquest espai us volem ajudar oferint-vos una selecci\u00f3 de\u00a0recursos i eines que poden facilitar la feina, i millorar les tasques d&#8217;orientaci\u00f3 despr\u00e9s de l&#8217;ESO i del Batxillerat i en les diferents opcions i itineraris per a l&#8217;alumnat que no\u00a0acaba de trobar el seu cami.<\/p>\n<ul>\n<li>Materials de les <strong><a href=\"http:\/\/xtec.gencat.cat\/ca\/curriculum\/orientacioeducativa\/jornades\/\" target=\"_blank\" rel=\"noopener noreferrer\">Jornades d&#8217;Orientaci\u00f3 educativa<\/a><\/strong><\/li>\n<\/ul>\n<hr \/>\n<p><a href=\"http:\/\/xtec.gencat.cat\/ca\/curriculum\/orientacioeducativa\/model-competencial-orientador\/\" target=\"_blank\" rel=\"noopener noreferrer\"><img loading=\"lazy\" decoding=\"async\" class=\"alignleft wp-image-8371 size-full\" src=\"http:\/\/serveiseducatius.xtec.cat\/noguera\/wp-content\/uploads\/usu1149\/2016\/11\/scap.png\" alt=\"scap\" width=\"285\" height=\"300\" \/><\/a><\/p>\n<p>El <a href=\"http:\/\/xtec.gencat.cat\/web\/.content\/curriculum\/orientacioeducativa\/model-competencial-orientador\/Model-competencial-orientador.pdf\" target=\"_blank\" rel=\"noopener noreferrer\"><strong>model competencial orientador SCAP<\/strong><\/a> (Significativitat, Comunicaci\u00f3, Acci\u00f3 i Projecci\u00f3 dels aprenentatges de l\u2019alumne), elaborat des del Departament d\u2019Ensenyament el curs 2011-2012, cont\u00e9 els principis pedag\u00f2gics i les din\u00e0miques organitzatives i de relaci\u00f3 d\u2019un centre orientades a afavorir l\u2019\u00e8xit de l\u2019alumne pel que fa a la seva autonomia i el desenvolupament del seu projecte de vida.<\/p>\n<p>Es tracta d&#8217;una eina que permet als centres i als seus equips aprofundir en el desenvolupament professional i pedag\u00f2gic d\u2019escola i de centre com a organitzaci\u00f3 en les seves tres dimensions:\u00a0\u00c0mbit\/mat\u00e8ria, acci\u00f3 tutorial i cultura d\u2019equip.<\/p>\n<p>Cadascuna d\u2019aquestes dimensions es concreta en uns criteris i uns indicadors de l\u2019orientaci\u00f3 educativa que guien l\u2019an\u00e0lisi, la reflexi\u00f3 i l\u2019acci\u00f3 pedag\u00f2gica de centre per a la millora cont\u00ednua.<\/p>\n<hr \/>\n<p><a href=\"http:\/\/queestudiar.gencat.cat\/ca\/orientacio\/\" target=\"_blank\" rel=\"noopener noreferrer\"><img loading=\"lazy\" decoding=\"async\" class=\"alignleft wp-image-8647 size-full\" src=\"http:\/\/serveiseducatius.xtec.cat\/noguera\/wp-content\/uploads\/usu1149\/2017\/03\/Imagen7.png\" alt=\"Imagen7\" width=\"334\" height=\"83\" srcset=\"https:\/\/serveiseducatius.xtec.cat\/noguera\/wp-content\/uploads\/usu1149\/2017\/03\/Imagen7.png 334w, https:\/\/serveiseducatius.xtec.cat\/noguera\/wp-content\/uploads\/usu1149\/2017\/03\/Imagen7-300x75.png 300w\" sizes=\"auto, (max-width: 334px) 100vw, 334px\" \/><\/a><\/p>\n<p>Aquest apartat del web Estudiar a Catalunya presenta recursos d&#8217;orientaci\u00f3 educativa, acad\u00e8mica i professional amb la finalitat d&#8217;ajudar els centres, les fam\u00edlies i els joves en la construcci\u00f3 del seu itinerari formatiu, professional i projecte de vida.\u00a0La formaci\u00f3 de ciutadans creatius, cr\u00edtics, conscients de les seves responsabilitats, i capa\u00e7os de donar resposta als canvis de la societat globalitzada, \u00e9s feina de l&#8217;orientaci\u00f3 educativa i responsabilitat de tots.<\/p>\n<table>\n<tbody>\n<tr>\n<td><a href=\"http:\/\/queestudiar.gencat.cat\/ca\/orientacio\/joves\/\" target=\"_blank\" rel=\"noopener noreferrer\"><img loading=\"lazy\" decoding=\"async\" class=\"alignleft wp-image-8648\" src=\"http:\/\/serveiseducatius.xtec.cat\/noguera\/wp-content\/uploads\/usu1149\/2017\/03\/Imagen4-1.png\" alt=\"Imagen4\" width=\"231\" height=\"20\" srcset=\"https:\/\/serveiseducatius.xtec.cat\/noguera\/wp-content\/uploads\/usu1149\/2017\/03\/Imagen4-1.png 311w, https:\/\/serveiseducatius.xtec.cat\/noguera\/wp-content\/uploads\/usu1149\/2017\/03\/Imagen4-1-300x27.png 300w\" sizes=\"auto, (max-width: 231px) 100vw, 231px\" \/><\/a><\/td>\n<td><a href=\"http:\/\/queestudiar.gencat.cat\/ca\/orientacio\/centres\/\" target=\"_blank\" rel=\"noopener noreferrer\"><img loading=\"lazy\" decoding=\"async\" class=\"alignleft wp-image-8649\" src=\"http:\/\/serveiseducatius.xtec.cat\/noguera\/wp-content\/uploads\/usu1149\/2017\/03\/Imagen5.png\" alt=\"Imagen5\" width=\"230\" height=\"22\" \/><\/a><\/td>\n<td><a href=\"http:\/\/queestudiar.gencat.cat\/ca\/orientacio\/families\/\" target=\"_blank\" rel=\"noopener noreferrer\"><img loading=\"lazy\" decoding=\"async\" class=\"alignright wp-image-8650\" src=\"http:\/\/serveiseducatius.xtec.cat\/noguera\/wp-content\/uploads\/usu1149\/2017\/03\/Imagen6.png\" alt=\"Imagen6\" width=\"224\" height=\"21\" \/><\/a><\/td>\n<\/tr>\n<\/tbody>\n<\/table>\n<p>&nbsp;<\/p>\n<hr \/>\n<p><a href=\"http:\/\/https\/\/www.fundacionbertelsmann.org\/es\/home\/\" target=\"_blank\" rel=\"noopener noreferrer\"><img loading=\"lazy\" decoding=\"async\" class=\"wp-image-16 alignleft\" src=\"http:\/\/blocs.xtec.cat\/fullinfonoguera\/files\/2016\/10\/orienta1-300x225.png\" sizes=\"auto, (max-width: 178px) 100vw, 178px\" srcset=\"https:\/\/blocs.xtec.cat\/fullinfonoguera\/files\/2016\/10\/orienta1-300x225.png 300w, https:\/\/blocs.xtec.cat\/fullinfonoguera\/files\/2016\/10\/orienta1.png 334w\" alt=\"orienta1\" width=\"178\" height=\"133\" data-pin-nopin=\"true\" \/><\/a><\/p>\n<p>La <strong><a href=\"https:\/\/www.fundacionbertelsmann.org\/es\/home\/\" target=\"_blank\" rel=\"noopener noreferrer\">Fundaci\u00f3 Bertelsmann<\/a><\/strong>\u00a0posa al nostre abast el seu projecte sobre Orientaci\u00f3 des d&#8217;on es promou la reflexi\u00f3 de l\u2019alumne sobre les seves pr\u00f2pies capacitats i aspiracions, i se\u2019ls informa sobre les seves opcions formatives i la situaci\u00f3 del mercat laboral.<\/p>\n<p>En aquesta p\u00e0gina podem trobar, a m\u00e9s a m\u00e9s, unes\u00a0guies d&#8217;orientaci\u00f3 adressades al professorat i tamb\u00e9 a les fam\u00edlies que es poden descarregar lliurement en PDF:<\/p>\n<ul>\n<li><em>Guia d\u2019orientaci\u00f3 professional coordinada<\/em>. Document d\u2019orientaci\u00f3 adre\u00e7at al professorat. (<a href=\"https:\/\/www.fundacionbertelsmann.org\/es\/home\/publicaciones-raiz\/publicacion\/did\/guia-dorientacio-professional-coordinada\/\" target=\"_blank\" rel=\"noopener noreferrer\">Descarregar el llibre en PDF<\/a>)<\/li>\n<li><em>Orientar a tu hijo<\/em>. P\u00e1gina web d\u2019orientaci\u00f3 dirigida als pares. (<a href=\"https:\/\/www.fundacionbertelsmann.org\/es\/home\/publicaciones-raiz\/publicacion\/did\/como-orientar-profesionalmente-a-tu-hijo\/\" target=\"_blank\" rel=\"noopener noreferrer\">Descarregar el llibre en PDF<\/a>)<\/li>\n<\/ul>\n<p><a href=\"http:\/\/www.mywaypass.com\/auth\/register\" target=\"_blank\" rel=\"noopener noreferrer\"><img loading=\"lazy\" decoding=\"async\" class=\"wp-image-17 alignleft\" src=\"http:\/\/blocs.xtec.cat\/fullinfonoguera\/files\/2016\/10\/mywaypass.png\" alt=\"mywaypass\" width=\"212\" height=\"84\" data-pin-nopin=\"true\" \/><\/a>Per\u00f2 orientar \u00e9s quelcom m\u00e9s que presentar informaci\u00f3. Tot proc\u00e9s orientador inclou el coneixement de si mateix i dels determinats personals, el contrast de valors i interessos professionals i l&#8217;an\u00e0lisi dels determinats socials. En aquest sentit la mateixa\u00a0<a href=\"https:\/\/www.fundacionbertelsmann.org\/es\/home\/\" target=\"_blank\" rel=\"noopener noreferrer\">Fundaci\u00f3 Bertelsmann<\/a>\u00a0presenta el recurs de gamificaci\u00f3 adre\u00e7at a l&#8217;alumnat. Amb <em><strong><a href=\"http:\/\/www.mywaypass.com\/auth\/register\" target=\"_blank\" rel=\"noopener noreferrer\">MyWaypass<\/a><\/strong>\u00a0<\/em>i el joc l&#8217;alumnat pot descobrir les seves fortaleses i anar definint la seva pr\u00f2pia orientaci\u00f3 vocacional (<a href=\"https:\/\/www.fundacionbertelsmann.org\/fileadmin\/files\/Fundacion\/Publicaciones\/folleto_MyWayPass_OK.pdf\" target=\"_blank\" rel=\"noopener noreferrer\">Descarregar el fullet\u00f3 en PDF<\/a>).<\/p>\n<hr \/>\n<p>La professora Maria Ba\u00f1eres en el seu espai &#8220;<a href=\"http:\/\/www.xtec.cat\/~mbanere6\/orienta.html\" target=\"_blank\" rel=\"noopener noreferrer\"><strong>I despr\u00e9s de l&#8217;ESO, qu\u00e8?<\/strong><\/a>&#8221; ens ofereix tot un recull de recursos de tutoria per treballar la orientaci\u00f3 amb informaci\u00f3 i materials per a Cicles formatius de grau mitj\u00e0 i superior, Programes de formaci\u00f3 i inserci\u00f3,\u00a0PAU i Universitats, a m\u00e9s a m\u00e9s d&#8217;un bon recull de mostres de les diferents proves.<\/p>\n<hr \/>\n<p><a href=\"http:\/\/www.xtec.cat\/~mlluelle\/orientacio.html\" target=\"_blank\" rel=\"noopener noreferrer\"><img loading=\"lazy\" decoding=\"async\" class=\"wp-image-8609 alignright\" src=\"http:\/\/serveiseducatius.xtec.cat\/noguera\/wp-content\/uploads\/usu1149\/2017\/03\/Imagen2.png\" alt=\"imagen2\" width=\"175\" height=\"225\" srcset=\"https:\/\/serveiseducatius.xtec.cat\/noguera\/wp-content\/uploads\/usu1149\/2017\/03\/Imagen2.png 389w, https:\/\/serveiseducatius.xtec.cat\/noguera\/wp-content\/uploads\/usu1149\/2017\/03\/Imagen2-233x300.png 233w\" sizes=\"auto, (max-width: 175px) 100vw, 175px\" \/><\/a><\/p>\n<p>La professora i formadora M.Mar Lluelles ens ofereix alguns recursos molt interessant per a l&#8217;orientaci\u00f3:<\/p>\n<ul>\n<li><a href=\"http:\/\/www.xtec.cat\/~mlluelle\/orientacio.html\" target=\"_blank\" rel=\"noopener noreferrer\">L\u2019escriptori digital per als orientadors\/es<\/a>. Aquest Symbaloo ens ofereix tot un conjunt d&#8217;enlla\u00e7os de gran valor i inter\u00e8s per a poder realitzar la tasca orientadora aprofitant tots els recursos que hi ha a la xarxa.<\/li>\n<li>Amb la <a href=\"http:\/\/www.xtec.cat\/~mlluelle\/caceres\/feina.htm\" target=\"_blank\" rel=\"noopener noreferrer\">Cacera del tresor \u201cBusques feina\u201d<\/a>\u00a0es pot treballar l&#8217;orientaci\u00f3 laboral i treballar amb l&#8217;alumnat tots aquells aspectes m\u00e9s importants que han de con\u00e8ixer abans d&#8217;incorporar-se al m\u00f3n laboral.<\/li>\n<\/ul>\n<hr \/>\n<p><a href=\"http:\/\/orientapas.blogspot.com.es\/\" target=\"_blank\" rel=\"noopener noreferrer\"><img loading=\"lazy\" decoding=\"async\" class=\"alignleft wp-image-8610\" src=\"http:\/\/serveiseducatius.xtec.cat\/noguera\/wp-content\/uploads\/usu1149\/2017\/03\/Imagen2-1.png\" alt=\"imagen2\" width=\"179\" height=\"113\" srcset=\"https:\/\/serveiseducatius.xtec.cat\/noguera\/wp-content\/uploads\/usu1149\/2017\/03\/Imagen2-1.png 500w, https:\/\/serveiseducatius.xtec.cat\/noguera\/wp-content\/uploads\/usu1149\/2017\/03\/Imagen2-1-300x190.png 300w\" sizes=\"auto, (max-width: 179px) 100vw, 179px\" \/><\/a><strong><a href=\"http:\/\/orientapas.blogspot.com.es\/2017\/03\/semana-de-la-tuitorientacion-2017.html\" target=\"_blank\" rel=\"noopener noreferrer\">ORIENTAPAS<\/a><\/strong>. \u00c9s un bar\u00a0virtual per a professionals de la orientaci\u00f3 educativa i intervenci\u00f3 psicopedag\u00f2gica en xarxa on, a m\u00e9s a m\u00e9s, hi trobareu espais per a docents i fam\u00edlies. Inclou seccions d&#8217;atenci\u00f3 a la diversitat, conviv\u00e8ncia, innovaci\u00f3&#8230;<\/p>\n","protected":false},"excerpt":{"rendered":"<p>La transformaci\u00f3 social i tecnol\u00f2gica \u00e9s cada dia m\u00e9s accelerada. La societat \u00e9s m\u00e9s complexa i l&#8217;orientaci\u00f3 acad\u00e8mica i professional\u00a0\u00e9s fa cada cop m\u00e9s dif\u00edcil. Per\u00f2 es pot orientar amb eines tecnol\u00f2giques? Evidentment, la\u00a0tecnologia d\u00f3na eines i recursos que poden facilitar la tasca orientadora si se saben incorporar al proc\u00e9s d&#8217;acompanyament. Com en podem con\u00e8ixer [&hellip;]<\/p>\n","protected":false},"author":1,"featured_media":0,"parent":341,"menu_order":3,"comment_status":"closed","ping_status":"closed","template":"page-templates\/side-menu.php","meta":{"_bbp_topic_count":0,"_bbp_reply_count":0,"_bbp_total_topic_count":0,"_bbp_total_reply_count":0,"_bbp_voice_count":0,"_bbp_anonymous_reply_count":0,"_bbp_topic_count_hidden":0,"_bbp_reply_count_hidden":0,"_bbp_forum_subforum_count":0,"site-sidebar-layout":"default","site-content-layout":"","ast-site-content-layout":"","site-content-style":"default","site-sidebar-style":"default","ast-global-header-display":"","ast-banner-title-visibility":"","ast-main-header-display":"","ast-hfb-above-header-display":"","ast-hfb-below-header-display":"","ast-hfb-mobile-header-display":"","site-post-title":"","ast-breadcrumbs-content":"","ast-featured-img":"","footer-sml-layout":"","theme-transparent-header-meta":"","adv-header-id-meta":"","stick-header-meta":"","header-above-stick-meta":"","header-main-stick-meta":"","header-below-stick-meta":"","astra-migrate-meta-layouts":"default","ast-page-background-enabled":"default","ast-page-background-meta":{"desktop":{"background-color":"var(--ast-global-color-4)","background-image":"","background-repeat":"repeat","background-position":"center center","background-size":"auto","background-attachment":"scroll","background-type":"","background-media":"","overlay-type":"","overlay-color":"","overlay-opacity":"","overlay-gradient":""},"tablet":{"background-color":"","background-image":"","background-repeat":"repeat","background-position":"center center","background-size":"auto","background-attachment":"scroll","background-type":"","background-media":"","overlay-type":"","overlay-color":"","overlay-opacity":"","overlay-gradient":""},"mobile":{"background-color":"","background-image":"","background-repeat":"repeat","background-position":"center center","background-size":"auto","background-attachment":"scroll","background-type":"","background-media":"","overlay-type":"","overlay-color":"","overlay-opacity":"","overlay-gradient":""}},"ast-content-background-meta":{"desktop":{"background-color":"var(--ast-global-color-5)","background-image":"","background-repeat":"repeat","background-position":"center center","background-size":"auto","background-attachment":"scroll","background-type":"","background-media":"","overlay-type":"","overlay-color":"","overlay-opacity":"","overlay-gradient":""},"tablet":{"background-color":"var(--ast-global-color-5)","background-image":"","background-repeat":"repeat","background-position":"center center","background-size":"auto","background-attachment":"scroll","background-type":"","background-media":"","overlay-type":"","overlay-color":"","overlay-opacity":"","overlay-gradient":""},"mobile":{"background-color":"var(--ast-global-color-5)","background-image":"","background-repeat":"repeat","background-position":"center center","background-size":"auto","background-attachment":"scroll","background-type":"","background-media":"","overlay-type":"","overlay-color":"","overlay-opacity":"","overlay-gradient":""}},"footnotes":""},"class_list":["post-8604","page","type-page","status-publish","hentry"],"post_mailing_queue_ids":[],"_links":{"self":[{"href":"https:\/\/serveiseducatius.xtec.cat\/noguera\/wp-json\/wp\/v2\/pages\/8604","targetHints":{"allow":["GET"]}}],"collection":[{"href":"https:\/\/serveiseducatius.xtec.cat\/noguera\/wp-json\/wp\/v2\/pages"}],"about":[{"href":"https:\/\/serveiseducatius.xtec.cat\/noguera\/wp-json\/wp\/v2\/types\/page"}],"author":[{"embeddable":true,"href":"https:\/\/serveiseducatius.xtec.cat\/noguera\/wp-json\/wp\/v2\/users\/1"}],"replies":[{"embeddable":true,"href":"https:\/\/serveiseducatius.xtec.cat\/noguera\/wp-json\/wp\/v2\/comments?post=8604"}],"version-history":[{"count":3,"href":"https:\/\/serveiseducatius.xtec.cat\/noguera\/wp-json\/wp\/v2\/pages\/8604\/revisions"}],"predecessor-version":[{"id":9761,"href":"https:\/\/serveiseducatius.xtec.cat\/noguera\/wp-json\/wp\/v2\/pages\/8604\/revisions\/9761"}],"up":[{"embeddable":true,"href":"https:\/\/serveiseducatius.xtec.cat\/noguera\/wp-json\/wp\/v2\/pages\/341"}],"wp:attachment":[{"href":"https:\/\/serveiseducatius.xtec.cat\/noguera\/wp-json\/wp\/v2\/media?parent=8604"}],"curies":[{"name":"wp","href":"https:\/\/api.w.org\/{rel}","templated":true}]}}