{"id":8542,"date":"2017-02-16T13:23:00","date_gmt":"2017-02-16T12:23:00","guid":{"rendered":"http:\/\/serveiseducatius.xtec.cat\/noguera\/?page_id=8542"},"modified":"2024-02-14T12:22:26","modified_gmt":"2024-02-14T11:22:26","slug":"zones-escolars-rurals","status":"publish","type":"page","link":"https:\/\/serveiseducatius.xtec.cat\/noguera\/centres-educatius\/zones-escolars-rurals\/","title":{"rendered":"Zones escolars rurals"},"content":{"rendered":"<p><iframe loading=\"lazy\" src=\"https:\/\/www.google.com\/maps\/d\/u\/0\/embed?mid=1og5cHhLUhpWlHTDt8iYjyqrRzp0\" width=\"640\" height=\"480\"><\/iframe><\/p>\n<table style=\"height: 1832px; width: 0%; border-collapse: collapse; border-style: hidden;\">\n<tbody>\n<tr style=\"height: 213px;\">\n<td style=\"width: 3.05586%; height: 140px;\">\n<h3><strong><a href=\"https:\/\/serveiseducatius.xtec.cat\/noguera\/wp-content\/uploads\/usu1149\/2022\/03\/logo-ZER.jpg\"><img loading=\"lazy\" decoding=\"async\" class=\"wp-image-11432 aligncenter\" src=\"https:\/\/serveiseducatius.xtec.cat\/noguera\/wp-content\/uploads\/usu1149\/2022\/03\/logo-ZER.jpg\" alt=\"\" width=\"134\" height=\"168\" srcset=\"https:\/\/serveiseducatius.xtec.cat\/noguera\/wp-content\/uploads\/usu1149\/2022\/03\/logo-ZER.jpg 678w, https:\/\/serveiseducatius.xtec.cat\/noguera\/wp-content\/uploads\/usu1149\/2022\/03\/logo-ZER-239x300.jpg 239w\" sizes=\"auto, (max-width: 134px) 100vw, 134px\" \/><\/a><\/strong><\/h3>\n<\/td>\n<td style=\"width: 45.1458%; height: 140px;\">\n<h3><strong>ZER EL JONC<\/strong><\/h3>\n<p>Sant Isidre, 14<br \/>\n25613 CAMARASA<br \/>\nTel. 973 42 01 58<br \/>\nCorreu electr\u00f2nic: c5008081@xtec.cat<br \/>\nWeb:\u00a0<a href=\"http:\/\/blocs.xtec.cat\/eljonc\/\" target=\"_blank\" rel=\"noopener noreferrer\">https:\/\/agora.xtec.cat\/zereljonc\/<\/a><\/td>\n<\/tr>\n<tr style=\"height: 111px;\">\n<td style=\"width: 3.05586%; height: 111px;\"><strong>Escola\u00a0Dos Rius<br \/>\n<\/strong>Sant Isidre, 14<br \/>\n25613 CAMARASA<br \/>\nTel. 973 42 01 58<br \/>\nCorreu electr\u00f2nic: c5001229@xtec.cat<br \/>\nWeb: <a href=\"https:\/\/agora.xtec.cat\/zereljonc\/escola-dosriusdecamarasa\/\">https:\/\/agora.xtec.cat\/zereljonc\/escola-dosriusdecamarasa\/<\/a><\/td>\n<td style=\"width: 45.1458%; height: 111px;\"><\/td>\n<\/tr>\n<tr style=\"height: 111px;\">\n<td style=\"width: 3.05586%; height: 111px;\"><strong>Escola\u00a0La R\u00e0pita<br \/>\n<\/strong>Carrer Joaquim Lluch Rovira,1<br \/>\n25617 LA R\u00c0PITA\u00a0(Vallfogona de Balaguer)<br \/>\nTel. 973 44 50 18<br \/>\nCorreu electr\u00f2nic: c5008935@xtec.cat<br \/>\nWeb: <a href=\"https:\/\/agora.xtec.cat\/zereljonc\/escola-larapita\/\">https:\/\/agora.xtec.cat\/zereljonc\/escola-larapita\/<\/a><\/td>\n<td style=\"width: 45.1458%; height: 111px;\"><\/td>\n<\/tr>\n<tr style=\"height: 111px;\">\n<td style=\"width: 3.05586%; height: 111px;\"><strong>Escola Joan Ros Porta<br \/>\n<\/strong>Carrer\u00a0Empit del vall, 10<br \/>\n25139 MEN\u00c0RGUENS<br \/>\nTel. 973 18 10 42<br \/>\nCorreu electr\u00f2nic: c5003135@xtec.cat<br \/>\nWeb: <a href=\"https:\/\/agora.xtec.cat\/zereljonc\/escola-menarguens\/\">https:\/\/agora.xtec.cat\/zereljonc\/escola-menarguens\/<\/a><\/td>\n<td style=\"width: 45.1458%; height: 111px;\"><\/td>\n<\/tr>\n<tr style=\"height: 213px;\">\n<td style=\"width: 3.05586%; height: 90px;\">\n<h3><strong><a href=\"https:\/\/serveiseducatius.xtec.cat\/noguera\/wp-content\/uploads\/usu1149\/2022\/03\/logo-rodo.png\"><img loading=\"lazy\" decoding=\"async\" class=\"wp-image-11434 aligncenter\" src=\"https:\/\/serveiseducatius.xtec.cat\/noguera\/wp-content\/uploads\/usu1149\/2022\/03\/logo-rodo.png\" alt=\"\" width=\"186\" height=\"168\" \/><\/a><\/strong><\/h3>\n<\/td>\n<td style=\"width: 45.1458%; height: 90px;\">\n<h3><strong>ZER ESPERNALLAC<\/strong><\/h3>\n<p>Carrer Major, 35<br \/>\n<span class=\"postal-code\">25334<\/span> <span class=\"locality\">CASTELLSER\u00c0<br \/>\n<\/span>Tel. 973\u00a061 03 43<br \/>\nCorreu electr\u00f2nic: c5008066@xtec.cat<br \/>\nWeb:\u00a0<a href=\"http:\/\/agora.xtec.cat\/zerespernallac\/\" target=\"_blank\" rel=\"noopener noreferrer\">http:\/\/agora.xtec.cat\/zerespernallac\/<\/a><\/td>\n<\/tr>\n<tr style=\"height: 32px;\">\n<td style=\"width: 3.05586%; height: 32px;\"><strong>Escola El Terrall<br \/>\n<\/strong>Carrer Major, 35<br \/>\n<span class=\"postal-code\">25334<\/span> <span class=\"locality\">CASTELLSER\u00c0<br \/>\n<\/span>Tel. 973\u00a061 03 43<br \/>\nCorreu electr\u00f2nic: c5001281@xtec.cat<br \/>\nWeb:\u00a0<a href=\"http:\/\/agora.xtec.cat\/zerespernallac\/categoria\/escola-castellsera\/\" target=\"_blank\" rel=\"noopener noreferrer\">http:\/\/agora.xtec.cat\/zerespernallac\/categoria\/escola-castellsera\/<\/a><strong>(Aquest centre \u00e9s a l&#8217;Urgell, per\u00f2 educativament la ZER Espernallac dep\u00e8n del SE de la Noguera.)<\/strong><\/td>\n<td style=\"width: 45.1458%; height: 32px;\"><\/td>\n<\/tr>\n<tr style=\"height: 32px;\">\n<td style=\"width: 3.05586%; height: 32px;\"><strong>Escola\u00a0Sant Bartomeu<br \/>\n<\/strong>Carrer\u00a0Dom\u00e8nec Cardenal, 1<br \/>\n25336 BELLMUNT D&#8217;URGELL<br \/>\nTel. 973\u00a061 06 03<br \/>\nCorreu electr\u00f2nic: c5001001@xtec.cat<br \/>\nWeb:\u00a0<a href=\"http:\/\/agora.xtec.cat\/zerespernallac\/categoria\/escola-bellmunt\/\" target=\"_blank\" rel=\"noopener noreferrer\">http:\/\/agora.xtec.cat\/zerespernallac\/categoria\/escola-bellmunt\/<\/a><\/td>\n<td style=\"width: 45.1458%; height: 32px;\"><\/td>\n<\/tr>\n<tr style=\"height: 32px;\">\n<td style=\"width: 3.05586%; height: 32px;\"><strong>Escola\u00a0Ramon Gombal<br \/>\n<\/strong>Pla\u00e7a del Roser s\/n<br \/>\n25335 PENELLES<br \/>\nTel. 973\u00a061 05 75<br \/>\nCorreu electr\u00f2nic: c5003551@xtec.cat<br \/>\nWeb:\u00a0<a href=\"http:\/\/agora.xtec.cat\/zerespernallac\/categoria\/escola-penelles\/\" target=\"_blank\" rel=\"noopener noreferrer\">http:\/\/agora.xtec.cat\/zerespernallac\/categoria\/escola-penelles\/<\/a><\/td>\n<td style=\"width: 45.1458%; height: 32px;\"><\/td>\n<\/tr>\n<tr style=\"height: 32px;\">\n<td style=\"width: 3.05586%; height: 32px;\">\n<h3><strong><a href=\"https:\/\/serveiseducatius.xtec.cat\/noguera\/wp-content\/uploads\/usu1149\/2022\/03\/anagrama-montsec.jpg\"><img loading=\"lazy\" decoding=\"async\" class=\"wp-image-11435 aligncenter\" src=\"https:\/\/serveiseducatius.xtec.cat\/noguera\/wp-content\/uploads\/usu1149\/2022\/03\/anagrama-montsec.jpg\" alt=\"\" width=\"239\" height=\"145\" srcset=\"https:\/\/serveiseducatius.xtec.cat\/noguera\/wp-content\/uploads\/usu1149\/2022\/03\/anagrama-montsec.jpg 430w, https:\/\/serveiseducatius.xtec.cat\/noguera\/wp-content\/uploads\/usu1149\/2022\/03\/anagrama-montsec-300x182.jpg 300w\" sizes=\"auto, (max-width: 239px) 100vw, 239px\" \/><\/a><\/strong><\/h3>\n<\/td>\n<td style=\"width: 45.1458%; height: 32px;\">\n<h3><strong>ZER EL MONTSEC<\/strong><\/h3>\n<p>Carrer Nou s\/n<br \/>\n25612 LES AVELLANES<br \/>\nTel.\u00a0973 45 42\u00a002<br \/>\nCorreu electr\u00f2nic: c5007840@xtec.cat<br \/>\nWeb:\u00a0<a href=\"http:\/\/agora.xtec.cat\/zer-montsec\/\" target=\"_blank\" rel=\"noopener noreferrer\">http:\/\/agora.xtec.cat\/zer-montsec\/<\/a><\/td>\n<\/tr>\n<tr style=\"height: 32px;\">\n<td style=\"width: 3.05586%; height: 32px;\"><strong>Escola de Les Avellanes<br \/>\n<\/strong>Carrer Nou s\/n<br \/>\n25612 LES AVELLANES<br \/>\nTel.\u00a0973 45 42\u00a002<br \/>\nCorreu electr\u00f2nic: c5000699@xtec.cat<br \/>\nWeb: <a href=\"https:\/\/agora.xtec.cat\/esc-lesavellanes\/\">https:\/\/agora.xtec.cat\/esc-lesavellanes\/<\/a><\/td>\n<td style=\"width: 45.1458%; height: 32px;\"><\/td>\n<\/tr>\n<tr style=\"height: 111px;\">\n<td style=\"width: 3.05586%; height: 111px;\"><strong>Escola\u00a0Andreu Farran<br \/>\n<\/strong>Carrer Cabezas, s\/n<br \/>\n25691 \u00c0GER<br \/>\nTel. 973 45 50 91<br \/>\nCorreu electr\u00f2nic: c5000031@xtec.cat<br \/>\nWeb: <a href=\"https:\/\/agora.xtec.cat\/zer-montsec\/escola-alfa\/\">https:\/\/agora.xtec.cat\/zer-montsec\/escola-alfa\/<\/a><\/td>\n<td style=\"width: 45.1458%; height: 111px;\"><\/td>\n<\/tr>\n<tr style=\"height: 111px;\">\n<td style=\"width: 3.05586%; height: 111px;\"><strong>Escola\u00a0L&#8217;Esp\u00edgol<br \/>\n<\/strong>Carrer Escoles, 1<br \/>\n25614 GERB<br \/>\nTel. 973 45 00 82<br \/>\nCorreu electr\u00f2nic:c5007840<span style=\"font-family: inherit; font-size: 0.875em;\">@xtec.cat<\/span><br \/>\nWeb: <a href=\"https:\/\/agora.xtec.cat\/escolalespigol\/\">https:\/\/agora.xtec.cat\/escolalespigol\/<\/a><\/td>\n<td style=\"width: 45.1458%; height: 111px;\"><\/td>\n<\/tr>\n<tr style=\"height: 111px;\">\n<td style=\"width: 3.05586%; height: 111px;\"><strong>Escola\u00a0Leandre Crist\u00f2fol<br \/>\n<\/strong>Carrer\u00a0Germ\u00e0 Peralba, s\/n<br \/>\n25691\u00a0OS DE BALAGUER<br \/>\nTel. 973 43 80 61<br \/>\nCorreu electr\u00f2nic: c5003482@xtec.cat<br \/>\nWeb:\u00a0<a href=\"http:\/\/leandrecristofol.blogspot.com.es\/\" target=\"_blank\" rel=\"noopener noreferrer\">https:\/\/agora.xtec.cat\/escolaleandrecristofol\/<\/a><\/td>\n<td style=\"width: 45.1458%; height: 111px;\"><\/td>\n<\/tr>\n<tr style=\"height: 111px;\">\n<td style=\"width: 3.05586%; height: 111px;\"><strong>Escola\u00a0de Tartareu<br \/>\n<\/strong>Carrer\u00a0Sols de Vila, s\/n<br \/>\n25611 TARTAREU<br \/>\nTel. 973 45 41 91<br \/>\nCorreu electr\u00f2nic: c5000717@xtec.cat<br \/>\nWeb: <a href=\"https:\/\/agora.xtec.cat\/escoladetartareu\/\">https:\/\/agora.xtec.cat\/escoladetartareu\/<\/a><\/td>\n<td style=\"width: 45.1458%; height: 111px;\"><\/td>\n<\/tr>\n<tr style=\"height: 213px;\">\n<td style=\"width: 3.05586%; height: 163px;\">\n<h3><img loading=\"lazy\" decoding=\"async\" class=\"aligncenter wp-image-13428\" src=\"https:\/\/serveiseducatius.xtec.cat\/noguera\/wp-content\/uploads\/usu1149\/2024\/02\/logo_romani.jpg\" alt=\"\" width=\"166\" height=\"167\" srcset=\"https:\/\/serveiseducatius.xtec.cat\/noguera\/wp-content\/uploads\/usu1149\/2024\/02\/logo_romani.jpg 1080w, https:\/\/serveiseducatius.xtec.cat\/noguera\/wp-content\/uploads\/usu1149\/2024\/02\/logo_romani-300x300.jpg 300w, https:\/\/serveiseducatius.xtec.cat\/noguera\/wp-content\/uploads\/usu1149\/2024\/02\/logo_romani-1021x1024.jpg 1021w, https:\/\/serveiseducatius.xtec.cat\/noguera\/wp-content\/uploads\/usu1149\/2024\/02\/logo_romani-150x150.jpg 150w, https:\/\/serveiseducatius.xtec.cat\/noguera\/wp-content\/uploads\/usu1149\/2024\/02\/logo_romani-768x770.jpg 768w\" sizes=\"auto, (max-width: 166px) 100vw, 166px\" \/><\/h3>\n<\/td>\n<td style=\"width: 45.1458%; height: 163px;\">\n<h3><strong>ZER EL ROMAN\u00cd<\/strong><\/h3>\n<p>Avinguda Generalitat, 21<br \/>\n25616\u00a0MONTGAI<br \/>\nTel. 973 43 01 31<br \/>\nCorreu electr\u00f2nic: c5008078@xtec.cat<br \/>\nWeb:\u00a0<a href=\"http:\/\/agora.xtec.cat\/zerelromani\/\" target=\"_blank\" rel=\"noopener noreferrer\">http:\/\/agora.xtec.cat\/zerelromani\/<\/a><\/td>\n<\/tr>\n<tr style=\"height: 111px;\">\n<td style=\"width: 3.05586%; height: 111px;\"><strong>Escola\u00a0La Colomina<br \/>\n<\/strong>Avinguda Generalitat, 21<br \/>\n25616\u00a0MONTGAI<br \/>\nTel. 973 43 01 31<br \/>\nCorreu electr\u00f2nic: c5003241@xtec.cat<br \/>\nWeb:\u00a0<a href=\"http:\/\/agora.xtec.cat\/zerelromani\/categoria\/montgai\/\" target=\"_blank\" rel=\"noopener noreferrer\">http:\/\/agora.xtec.cat\/zerelromani\/categoria\/montgai\/<\/a><\/td>\n<td style=\"width: 45.1458%; height: 111px;\"><\/td>\n<\/tr>\n<tr style=\"height: 32px;\">\n<td style=\"width: 3.05586%; height: 32px;\"><strong>Escola\u00a0Sol Naixent<br \/>\n<\/strong>Carrer Carretera, s\/n<br \/>\n25737 CUBELLS<br \/>\nTel. 973 45 91 80<br \/>\nCorreu electr\u00f2nic: c5001436@xtec.cat<br \/>\nWeb:\u00a0<a href=\"http:\/\/agora.xtec.cat\/zerelromani\/categoria\/cubells\/\" target=\"_blank\" rel=\"noopener noreferrer\">http:\/\/agora.xtec.cat\/zerelromani\/categoria\/cubells\/<\/a><\/td>\n<td style=\"width: 45.1458%; height: 32px;\"><\/td>\n<\/tr>\n<tr style=\"height: 32px;\">\n<td style=\"width: 3.05586%; height: 32px;\"><strong>Escola\u00a0Mare de D\u00e9u de Guardiola<br \/>\n<\/strong>Carrer Mare de D\u00e9u de la Guardiola, 23-25<br \/>\n25617 LA SENTIU<br \/>\nTel. 973 42 41 00<br \/>\nCorreu electr\u00f2nic: c5003470@xtec.cat<br \/>\nWeb:\u00a0<a href=\"http:\/\/agora.xtec.cat\/zerelromani\/categoria\/la-sentiu\/\" target=\"_blank\" rel=\"noopener noreferrer\">http:\/\/agora.xtec.cat\/zerelromani\/categoria\/la-sentiu\/<\/a><\/td>\n<td style=\"width: 45.1458%; height: 32px;\"><\/td>\n<\/tr>\n<tr style=\"height: 32px;\">\n<td style=\"width: 3.05586%; height: 32px;\"><strong>Escola Mare de D\u00e9u del Puig de Mei\u00e0<br \/>\n<\/strong>Carrer Raval, s\/n<br \/>\n25735\u00a0VILANOVA DE MEI\u00c0<br \/>\nTel. 973 41 50 84<br \/>\nCorreu electr\u00f2nic: c5005053@xtec.cat<br \/>\nWeb:\u00a0<a href=\"http:\/\/agora.xtec.cat\/zerelromani\/categoria\/vilanova\/\" target=\"_blank\" rel=\"noopener noreferrer\">http:\/\/agora.xtec.cat\/zerelromani\/categoria\/vilanova\/<\/a><\/td>\n<td style=\"width: 45.1458%; height: 32px;\"><\/td>\n<\/tr>\n<tr style=\"height: 32px;\">\n<td style=\"width: 3.05586%; height: 10px;\"><img loading=\"lazy\" decoding=\"async\" class=\"wp-image-13429 size-full aligncenter\" src=\"https:\/\/serveiseducatius.xtec.cat\/noguera\/wp-content\/uploads\/usu1149\/2024\/02\/logo_serrallarga.png\" alt=\"\" width=\"288\" height=\"150\" \/><\/td>\n<td style=\"width: 45.1458%; height: 10px;\">\n<h3><strong>ZER\u00a0SERRA LLARGA<\/strong><\/h3>\n<p>Carrer Carretera de Balaguer, s\/n<br \/>\n<span class=\"postal-code\">25130<\/span> <span class=\"locality\">ALGERRI<\/span><br \/>\nTel. 973 42 61 11<br \/>\nCorreu electr\u00f2nic: c5007906@xtec.cat<br \/>\nWeb:\u00a0<a href=\"http:\/\/agora.xtec.cat\/zerserrallarga\/\" target=\"_blank\" rel=\"noopener noreferrer\">http:\/\/agora.xtec.cat\/zerserrallarga\/<\/a><\/td>\n<\/tr>\n<tr style=\"height: 32px;\">\n<td style=\"width: 3.05586%; height: 32px;\"><strong>Escola Sant Blai<br \/>\n<\/strong>Carrer Carretera de Balaguer, s\/n<br \/>\n<span class=\"postal-code\">25130<\/span> <span class=\"locality\">ALGERRI<\/span><br \/>\nTel. 973 42 61 11<br \/>\nCorreu electr\u00f2nic: c5000286@xtec.cat<br \/>\nWeb:\u00a0<a href=\"http:\/\/agora.xtec.cat\/zerserrallarga\/categoria\/escola-algerri\/\" target=\"_blank\" rel=\"noopener noreferrer\">http:\/\/agora.xtec.cat\/zerserrallarga\/categoria\/escola-algerri\/<\/a><\/td>\n<td style=\"width: 45.1458%; height: 32px;\"><\/td>\n<\/tr>\n<tr style=\"height: 127px;\">\n<td style=\"width: 3.05586%; height: 127px;\"><strong>Escola\u00a0Santa Maria<br \/>\n<\/strong>Pla\u00e7a Sant Antoni, s\/n<br \/>\n25136 CASTELL\u00d3 DE FARFANYA<br \/>\nTel. 973 42 81 00<br \/>\nCorreu electr\u00f2nic: c5001278@xtec.cat<br \/>\nWeb:\u00a0<a href=\"http:\/\/agora.xtec.cat\/zerserrallarga\/categoria\/esc-castello\/\" target=\"_blank\" rel=\"noopener noreferrer\">http:\/\/agora.xtec.cat\/zerserrallarga\/categoria\/esc-castello\/<\/a><\/td>\n<td style=\"width: 45.1458%; height: 127px;\"><\/td>\n<\/tr>\n<tr style=\"height: 126px;\">\n<td style=\"width: 3.05586%; height: 126px;\"><strong>Escola\u00a0Sant Sebasti\u00e0<br \/>\n<\/strong>Carrer Professor Gimeno, 1<br \/>\n25122 IVARS DE NOGUERA<br \/>\nTel. 973 76 11 33<br \/>\nCorreu electr\u00f2nic: c5001795@xtec.cat<br \/>\nWeb:\u00a0<a href=\"http:\/\/agora.xtec.cat\/zerserrallarga\/categoria\/escola-ivars\/\" target=\"_blank\" rel=\"noopener noreferrer\">http:\/\/agora.xtec.cat\/zerserrallarga\/categoria\/escola-ivars\/<\/a><\/td>\n<td style=\"width: 45.1458%; height: 126px;\"><\/td>\n<\/tr>\n<\/tbody>\n<\/table>\n<table style=\"height: 637px; width: 67.2227%; border-collapse: collapse; border-color: #ffffff; background-color: #ffffff;\">\n<tbody>\n<tr style=\"height: 117px;\">\n<td style=\"width: 57.5489%; height: 80px;\"><img loading=\"lazy\" decoding=\"async\" class=\"aligncenter\" src=\"https:\/\/agora.xtec.cat\/zerargelaga\/wp-content\/uploads\/usu1086\/2019\/06\/logotip-zer-sense-lletres-1.png\" alt=\"Logotip entitat\" width=\"125\" height=\"222\" \/><\/td>\n<td style=\"width: 65.1459%; height: 80px;\">\n<h3><strong>ZER ARGELAGA<\/strong><\/h3>\n<p><span class=\"postal-code\"><span class=\"street-address\">C\/ Major, 1<\/span><br \/>\n25690\u00a0<span class=\"locality\">Vilanova de la Barca<\/span><\/span><\/p>\n<p>Tel. 973 191 177<br \/>\nCorreu electr\u00f2nic: c5008224@xtec.cat<br \/>\nWeb:\u00a0<a href=\"https:\/\/agora.xtec.cat\/zerargelaga\/\">https:\/\/agora.xtec.cat\/zerargelaga\/<\/a><\/p>\n<p><strong>La ZER Argelaga t\u00e9 un centre de la Noguera, per\u00f2 a nivell educatiu tota la ZER s\u2019assigna al Segri\u00e0, i <a href=\"https:\/\/serveiseducatius.xtec.cat\/segria\/\">el seu servei educatiu de refer\u00e8ncia \u00e9s el de Lleida<\/a><\/strong><\/td>\n<\/tr>\n<tr style=\"height: 97px;\">\n<td style=\"width: 57.5489%; height: 97px;\"><strong>Escola Mestral<br \/>\n<\/strong>Carrer Major 1<br \/>\n25690 Vilanova de la Barca<br \/>\nTel. 973 191 177<br \/>\nCorreu electr\u00f2nic: c5005090@xtec.cat (El Segri\u00e0)<br \/>\nWeb:\u00a0<a href=\"https:\/\/agora.xtec.cat\/escolamestralvilanova\/\">https:\/\/agora.xtec.cat\/escolamestralvilanova\/<\/a><\/td>\n<td style=\"width: 65.1459%; height: 97px;\"><\/td>\n<\/tr>\n<tr style=\"height: 122px;\">\n<td style=\"width: 57.5489%; height: 122px;\"><strong>Escola de Torrelameu<br \/>\n<\/strong>Carrer de la Bassa 13<br \/>\n25138 Torrelameu (La Noguera)<br \/>\nTel. 973 19 07 90<br \/>\nCorreu electr\u00f2nic: c5007800@xtec.cat<br \/>\nWeb:\u00a0<a href=\"https:\/\/agora.xtec.cat\/escolatorrelameu\/\">https:\/\/agora.xtec.cat\/escolatorrelameu\/<\/a><\/td>\n<td style=\"width: 65.1459%; height: 122px;\"><\/td>\n<\/tr>\n<tr style=\"height: 125px;\">\n<td style=\"width: 57.5489%; height: 125px;\"><a href=\"https:\/\/serveiseducatius.xtec.cat\/noguera\/wp-content\/uploads\/usu1149\/2023\/05\/anagrama_zer-removebg-preview.png\"><img loading=\"lazy\" decoding=\"async\" class=\" wp-image-12863 aligncenter\" src=\"https:\/\/serveiseducatius.xtec.cat\/noguera\/wp-content\/uploads\/usu1149\/2023\/05\/anagrama_zer-removebg-preview.png\" alt=\"\" width=\"210\" height=\"194\" \/><\/a><\/td>\n<td style=\"width: 65.1459%; height: 125px;\">\n<h3><strong>ZER El SI\u00d3<\/strong><\/h3>\n<p><span class=\"street-address\">Av. Ondara, 3<\/span><br \/>\n<span class=\"postal-code\">25300 T\u00e0rrega<\/span><br \/>\nTel. 973 31 23 18<br \/>\nCorreu electr\u00f2nic: zerelsio@xtec.cat<br \/>\nWeb:\u00a0<a href=\"https:\/\/agora.xtec.cat\/zerelsio\/\">https:\/\/agora.xtec.cat\/zerelsio\/<\/a><\/p>\n<p><strong>La ZER el Si\u00f3 t\u00e9 dos centres a la Noguera, per\u00f2 a nivell educatiu tota la ZER s\u2019assigna a l\u2019Urgell, i <a href=\"https:\/\/serveiseducatius.xtec.cat\/urgell\/\">el seu servei educatiu de refer\u00e8ncia \u00e9s el de T\u00e0rrega<\/a><\/strong><\/td>\n<\/tr>\n<tr style=\"height: 76px;\">\n<td style=\"width: 57.5489%; height: 76px;\"><strong>Escola Puigverd d&#8217;Agramunt<br \/>\n<\/strong>Cam\u00ed de les Escoles, 1, 25318 Puigverd d&#8217;Agramunt, Lleida (Urgell)<br \/>\nTel. 973 43 01 66\u00a0 \u00a0 \u00a0 \u00a0 \u00a0 \u00a0 \u00a0 \u00a0 \u00a0 \u00a0 \u00a0 \u00a0 \u00a0 \u00a0 \u00a0 \u00a0 \u00a0 \u00a0 \u00a0 \u00a0 \u00a0 \u00a0 \u00a0 \u00a0 \u00a0 \u00a0 \u00a0 \u00a0 \u00a0 \u00a0 \u00a0 \u00a0 \u00a0 \u00a0 \u00a0 \u00a0Correu electr\u00f2nic: zerelsio@xtec.cat<br \/>\nWeb:\u00a0<a href=\"https:\/\/agora.xtec.cat\/zerelsio\/zer\/escola-de-puigverd-dagramunt\/\">https:\/\/agora.xtec.cat\/zerelsio\/zer\/escola-de-puigverd-dagramunt\/<\/a><\/td>\n<td style=\"width: 65.1459%; height: 76px;\">\n<h3><strong>\u00a0<\/strong><\/h3>\n<\/td>\n<\/tr>\n<tr style=\"height: 70px;\">\n<td style=\"width: 57.5489%; height: 70px;\"><strong>Escola de Buts\u00e8nit<br \/>\n<\/strong><span class=\"LrzXr\">Cam\u00ed de les Escoles, 1, 25318 Buts\u00e8nit d&#8217;Agramunt, Lleida (Noguera)<\/span><br \/>\nTel. 973 43 01 66\u00a0 \u00a0 \u00a0 \u00a0 \u00a0 \u00a0 \u00a0 \u00a0 \u00a0 \u00a0 \u00a0 \u00a0 \u00a0 \u00a0 \u00a0 \u00a0 \u00a0 \u00a0 \u00a0 \u00a0 \u00a0 \u00a0 \u00a0 \u00a0 \u00a0 \u00a0 \u00a0 \u00a0 \u00a0 \u00a0 \u00a0 \u00a0 \u00a0 \u00a0 \u00a0 \u00a0 Correu electr\u00f2nic: zerelsio@xtec.cat<br \/>\nWeb:\u00a0<a href=\"https:\/\/agora.xtec.cat\/zerelsio\/zer\/escola-de-butsenit\/\">https:\/\/agora.xtec.cat\/zerelsio\/zer\/escola-de-butsenit\/<\/a><\/td>\n<td style=\"width: 65.1459%; height: 70px;\">\n<h3><strong>\u00a0<\/strong><\/h3>\n<\/td>\n<\/tr>\n<tr style=\"height: 67px;\">\n<td style=\"width: 57.5489%; height: 67px;\"><strong>Escola de Preixens<\/strong><br \/>\nCarrer Sant Joan, 0, 25316 Preixens, Lleida (Noguera)<br \/>\nTel. 973 39 22 22\u00a0 \u00a0 \u00a0 \u00a0 \u00a0 \u00a0 \u00a0 \u00a0 \u00a0 \u00a0 \u00a0 \u00a0 \u00a0 \u00a0 \u00a0 \u00a0 \u00a0 \u00a0 \u00a0 \u00a0 \u00a0 \u00a0 \u00a0 \u00a0 \u00a0 \u00a0 \u00a0 \u00a0 \u00a0 \u00a0 \u00a0 \u00a0 \u00a0 \u00a0 \u00a0 Correu electr\u00f2nic: zerelsio@xtec.cat<br \/>\nWeb:\u00a0<a href=\"https:\/\/agora.xtec.cat\/zerelsio\/zer\/escola-de-preixens\/\">https:\/\/agora.xtec.cat\/zerelsio\/zer\/escola-de-preixens\/<\/a><\/td>\n<td style=\"width: 65.1459%; height: 67px;\">\n<h3><strong>\u00a0<\/strong><\/h3>\n<\/td>\n<\/tr>\n<\/tbody>\n<\/table>\n<p>&nbsp;<\/p>\n","protected":false},"excerpt":{"rendered":"<p>ZER EL JONC Sant Isidre, 14 25613 CAMARASA Tel. 973 42 01 58 Correu electr\u00f2nic: c5008081@xtec.cat Web:\u00a0https:\/\/agora.xtec.cat\/zereljonc\/ Escola\u00a0Dos Rius Sant Isidre, 14 25613 CAMARASA Tel. 973 42 01 58 Correu electr\u00f2nic: c5001229@xtec.cat Web: https:\/\/agora.xtec.cat\/zereljonc\/escola-dosriusdecamarasa\/ Escola\u00a0La R\u00e0pita Carrer Joaquim Lluch Rovira,1 25617 LA R\u00c0PITA\u00a0(Vallfogona de Balaguer) Tel. 973 44 50 18 Correu electr\u00f2nic: c5008935@xtec.cat Web: https:\/\/agora.xtec.cat\/zereljonc\/escola-larapita\/ [&hellip;]<\/p>\n","protected":false},"author":1,"featured_media":0,"parent":338,"menu_order":22,"comment_status":"closed","ping_status":"closed","template":"page-templates\/side-menu.php","meta":{"_bbp_topic_count":0,"_bbp_reply_count":0,"_bbp_total_topic_count":0,"_bbp_total_reply_count":0,"_bbp_voice_count":0,"_bbp_anonymous_reply_count":0,"_bbp_topic_count_hidden":0,"_bbp_reply_count_hidden":0,"_bbp_forum_subforum_count":0,"site-sidebar-layout":"default","site-content-layout":"","ast-site-content-layout":"","site-content-style":"default","site-sidebar-style":"default","ast-global-header-display":"","ast-banner-title-visibility":"","ast-main-header-display":"","ast-hfb-above-header-display":"","ast-hfb-below-header-display":"","ast-hfb-mobile-header-display":"","site-post-title":"","ast-breadcrumbs-content":"","ast-featured-img":"","footer-sml-layout":"","theme-transparent-header-meta":"","adv-header-id-meta":"","stick-header-meta":"","header-above-stick-meta":"","header-main-stick-meta":"","header-below-stick-meta":"","astra-migrate-meta-layouts":"default","ast-page-background-enabled":"default","ast-page-background-meta":{"desktop":{"background-color":"var(--ast-global-color-4)","background-image":"","background-repeat":"repeat","background-position":"center center","background-size":"auto","background-attachment":"scroll","background-type":"","background-media":"","overlay-type":"","overlay-color":"","overlay-opacity":"","overlay-gradient":""},"tablet":{"background-color":"","background-image":"","background-repeat":"repeat","background-position":"center center","background-size":"auto","background-attachment":"scroll","background-type":"","background-media":"","overlay-type":"","overlay-color":"","overlay-opacity":"","overlay-gradient":""},"mobile":{"background-color":"","background-image":"","background-repeat":"repeat","background-position":"center center","background-size":"auto","background-attachment":"scroll","background-type":"","background-media":"","overlay-type":"","overlay-color":"","overlay-opacity":"","overlay-gradient":""}},"ast-content-background-meta":{"desktop":{"background-color":"var(--ast-global-color-5)","background-image":"","background-repeat":"repeat","background-position":"center center","background-size":"auto","background-attachment":"scroll","background-type":"","background-media":"","overlay-type":"","overlay-color":"","overlay-opacity":"","overlay-gradient":""},"tablet":{"background-color":"var(--ast-global-color-5)","background-image":"","background-repeat":"repeat","background-position":"center center","background-size":"auto","background-attachment":"scroll","background-type":"","background-media":"","overlay-type":"","overlay-color":"","overlay-opacity":"","overlay-gradient":""},"mobile":{"background-color":"var(--ast-global-color-5)","background-image":"","background-repeat":"repeat","background-position":"center center","background-size":"auto","background-attachment":"scroll","background-type":"","background-media":"","overlay-type":"","overlay-color":"","overlay-opacity":"","overlay-gradient":""}},"footnotes":""},"class_list":["post-8542","page","type-page","status-publish","hentry"],"post_mailing_queue_ids":[],"_links":{"self":[{"href":"https:\/\/serveiseducatius.xtec.cat\/noguera\/wp-json\/wp\/v2\/pages\/8542","targetHints":{"allow":["GET"]}}],"collection":[{"href":"https:\/\/serveiseducatius.xtec.cat\/noguera\/wp-json\/wp\/v2\/pages"}],"about":[{"href":"https:\/\/serveiseducatius.xtec.cat\/noguera\/wp-json\/wp\/v2\/types\/page"}],"author":[{"embeddable":true,"href":"https:\/\/serveiseducatius.xtec.cat\/noguera\/wp-json\/wp\/v2\/users\/1"}],"replies":[{"embeddable":true,"href":"https:\/\/serveiseducatius.xtec.cat\/noguera\/wp-json\/wp\/v2\/comments?post=8542"}],"version-history":[{"count":5,"href":"https:\/\/serveiseducatius.xtec.cat\/noguera\/wp-json\/wp\/v2\/pages\/8542\/revisions"}],"predecessor-version":[{"id":13430,"href":"https:\/\/serveiseducatius.xtec.cat\/noguera\/wp-json\/wp\/v2\/pages\/8542\/revisions\/13430"}],"up":[{"embeddable":true,"href":"https:\/\/serveiseducatius.xtec.cat\/noguera\/wp-json\/wp\/v2\/pages\/338"}],"wp:attachment":[{"href":"https:\/\/serveiseducatius.xtec.cat\/noguera\/wp-json\/wp\/v2\/media?parent=8542"}],"curies":[{"name":"wp","href":"https:\/\/api.w.org\/{rel}","templated":true}]}}