{"id":8353,"date":"2016-11-21T17:57:43","date_gmt":"2016-11-21T16:57:43","guid":{"rendered":"http:\/\/serveiseducatius.xtec.cat\/noguera\/?page_id=8353"},"modified":"2017-02-17T16:30:55","modified_gmt":"2017-02-17T15:30:55","slug":"revista-la-noguera-educacio","status":"publish","type":"page","link":"https:\/\/serveiseducatius.xtec.cat\/noguera\/revista-la-noguera-educacio\/","title":{"rendered":"Revista &#8220;La Noguera Educaci\u00f3&#8221;"},"content":{"rendered":"<p>El Sant Jordi 2016 va sortir publicat el tercer n\u00famero de la revista &#8220;La Noguera Educaci\u00f3&#8221;, que a partir d&#8217;ara volem que tingui una edici\u00f3 bianual.<\/p>\n<p style=\"text-align: justify;\">La revista amb vocaci\u00f3 de servei a la comunitat educativa comarcal va n\u00e9ixer el curs escolar 2008-2009 amb la finalitat de crear un espai d\u2019expressi\u00f3 i d\u2019intercanvi on es puguin aplegar els projectes innovadors, les bones pr\u00e0ctiques i les activitats m\u00e9s interessants realitzades durant el curs escolar.<\/p>\n<p style=\"text-align: justify;\">La revista no pret\u00e9n substituir les revistes pr\u00f2pies del centre, sin\u00f3 que vol ser un complement als excel\u00b7lents projectes que tenim a la nostra comarca i \u00e9s, per tant, una oportunitat per compartir la feina portada a terme entre l\u2019alumnat, els centres educatius i totes aquelles entitats i institucions que hi col\u00b7laborin.<\/p>\n<table>\n<tbody>\n<tr>\n<td><a href=\"https:\/\/drive.google.com\/open?id=0B7XQGDI2VvIraUdYX2JTdzFmN00\" target=\"_blank\"><img loading=\"lazy\" decoding=\"async\" class=\"aligncenter wp-image-8275 size-medium\" src=\"http:\/\/serveiseducatius.xtec.cat\/noguera\/wp-content\/uploads\/usu1149\/2015\/11\/2009nogueraeducacio-238x300.jpg\" alt=\"2009nogueraeducacio\" width=\"238\" height=\"300\" srcset=\"https:\/\/serveiseducatius.xtec.cat\/noguera\/wp-content\/uploads\/usu1149\/2015\/11\/2009nogueraeducacio-238x300.jpg 238w, https:\/\/serveiseducatius.xtec.cat\/noguera\/wp-content\/uploads\/usu1149\/2015\/11\/2009nogueraeducacio.jpg 495w\" sizes=\"auto, (max-width: 238px) 100vw, 238px\" \/><\/a><\/td>\n<td><a href=\"https:\/\/drive.google.com\/open?id=0B7XQGDI2VvIrdlFRV1VETzZmM2c\" target=\"_blank\"><img loading=\"lazy\" decoding=\"async\" class=\"aligncenter wp-image-8276 size-medium\" src=\"http:\/\/serveiseducatius.xtec.cat\/noguera\/wp-content\/uploads\/usu1149\/2015\/11\/2010nogueraeducacio-238x300.jpg\" alt=\"2010nogueraeducacio\" width=\"238\" height=\"300\" srcset=\"https:\/\/serveiseducatius.xtec.cat\/noguera\/wp-content\/uploads\/usu1149\/2015\/11\/2010nogueraeducacio-238x300.jpg 238w, https:\/\/serveiseducatius.xtec.cat\/noguera\/wp-content\/uploads\/usu1149\/2015\/11\/2010nogueraeducacio.jpg 494w\" sizes=\"auto, (max-width: 238px) 100vw, 238px\" \/><\/a><\/td>\n<td><a href=\"https:\/\/drive.google.com\/open?id=0B7XQGDI2VvIrU2tncWpsVFJBVGc\"><img loading=\"lazy\" decoding=\"async\" class=\"aligncenter wp-image-8277 size-medium\" src=\"http:\/\/serveiseducatius.xtec.cat\/noguera\/wp-content\/uploads\/usu1149\/2015\/11\/portadarevista2016-229x300.jpg\" alt=\"portadarevista2016\" width=\"229\" height=\"300\" srcset=\"https:\/\/serveiseducatius.xtec.cat\/noguera\/wp-content\/uploads\/usu1149\/2015\/11\/portadarevista2016-229x300.jpg 229w, https:\/\/serveiseducatius.xtec.cat\/noguera\/wp-content\/uploads\/usu1149\/2015\/11\/portadarevista2016.jpg 669w\" sizes=\"auto, (max-width: 229px) 100vw, 229px\" \/><\/a><\/td>\n<\/tr>\n<tr>\n<td style=\"text-align: center;\"><a href=\"https:\/\/drive.google.com\/open?id=0B7XQGDI2VvIraUdYX2JTdzFmN00\" target=\"_blank\">Noguera Educaci\u00f3 2009<\/a><\/td>\n<td style=\"text-align: center;\"><a href=\"https:\/\/drive.google.com\/open?id=0B7XQGDI2VvIrdlFRV1VETzZmM2c\" target=\"_blank\">Noguera Educaci\u00f3 2010<\/a><\/td>\n<td style=\"text-align: center;\"><a href=\"https:\/\/drive.google.com\/open?id=0B7XQGDI2VvIrU2tncWpsVFJBVGc\" target=\"_blank\">Noguera Educaci\u00f3 2016<\/a><\/td>\n<\/tr>\n<\/tbody>\n<\/table>\n","protected":false},"excerpt":{"rendered":"<p>El Sant Jordi 2016 va sortir publicat el tercer n\u00famero de la revista &#8220;La Noguera Educaci\u00f3&#8221;, que a partir d&#8217;ara volem que tingui una edici\u00f3 bianual. La revista amb vocaci\u00f3 de servei a la comunitat educativa comarcal va n\u00e9ixer el curs escolar 2008-2009 amb la finalitat de crear un espai d\u2019expressi\u00f3 i d\u2019intercanvi on es [&hellip;]<\/p>\n","protected":false},"author":1,"featured_media":0,"parent":0,"menu_order":0,"comment_status":"closed","ping_status":"closed","template":"","meta":{"_bbp_topic_count":0,"_bbp_reply_count":0,"_bbp_total_topic_count":0,"_bbp_total_reply_count":0,"_bbp_voice_count":0,"_bbp_anonymous_reply_count":0,"_bbp_topic_count_hidden":0,"_bbp_reply_count_hidden":0,"_bbp_forum_subforum_count":0,"site-sidebar-layout":"default","site-content-layout":"","ast-site-content-layout":"","site-content-style":"default","site-sidebar-style":"default","ast-global-header-display":"","ast-banner-title-visibility":"","ast-main-header-display":"","ast-hfb-above-header-display":"","ast-hfb-below-header-display":"","ast-hfb-mobile-header-display":"","site-post-title":"","ast-breadcrumbs-content":"","ast-featured-img":"","footer-sml-layout":"","theme-transparent-header-meta":"","adv-header-id-meta":"","stick-header-meta":"","header-above-stick-meta":"","header-main-stick-meta":"","header-below-stick-meta":"","astra-migrate-meta-layouts":"default","ast-page-background-enabled":"default","ast-page-background-meta":{"desktop":{"background-color":"var(--ast-global-color-4)","background-image":"","background-repeat":"repeat","background-position":"center center","background-size":"auto","background-attachment":"scroll","background-type":"","background-media":"","overlay-type":"","overlay-color":"","overlay-opacity":"","overlay-gradient":""},"tablet":{"background-color":"","background-image":"","background-repeat":"repeat","background-position":"center center","background-size":"auto","background-attachment":"scroll","background-type":"","background-media":"","overlay-type":"","overlay-color":"","overlay-opacity":"","overlay-gradient":""},"mobile":{"background-color":"","background-image":"","background-repeat":"repeat","background-position":"center center","background-size":"auto","background-attachment":"scroll","background-type":"","background-media":"","overlay-type":"","overlay-color":"","overlay-opacity":"","overlay-gradient":""}},"ast-content-background-meta":{"desktop":{"background-color":"var(--ast-global-color-5)","background-image":"","background-repeat":"repeat","background-position":"center center","background-size":"auto","background-attachment":"scroll","background-type":"","background-media":"","overlay-type":"","overlay-color":"","overlay-opacity":"","overlay-gradient":""},"tablet":{"background-color":"var(--ast-global-color-5)","background-image":"","background-repeat":"repeat","background-position":"center center","background-size":"auto","background-attachment":"scroll","background-type":"","background-media":"","overlay-type":"","overlay-color":"","overlay-opacity":"","overlay-gradient":""},"mobile":{"background-color":"var(--ast-global-color-5)","background-image":"","background-repeat":"repeat","background-position":"center center","background-size":"auto","background-attachment":"scroll","background-type":"","background-media":"","overlay-type":"","overlay-color":"","overlay-opacity":"","overlay-gradient":""}},"footnotes":""},"class_list":["post-8353","page","type-page","status-publish","hentry"],"post_mailing_queue_ids":[],"_links":{"self":[{"href":"https:\/\/serveiseducatius.xtec.cat\/noguera\/wp-json\/wp\/v2\/pages\/8353","targetHints":{"allow":["GET"]}}],"collection":[{"href":"https:\/\/serveiseducatius.xtec.cat\/noguera\/wp-json\/wp\/v2\/pages"}],"about":[{"href":"https:\/\/serveiseducatius.xtec.cat\/noguera\/wp-json\/wp\/v2\/types\/page"}],"author":[{"embeddable":true,"href":"https:\/\/serveiseducatius.xtec.cat\/noguera\/wp-json\/wp\/v2\/users\/1"}],"replies":[{"embeddable":true,"href":"https:\/\/serveiseducatius.xtec.cat\/noguera\/wp-json\/wp\/v2\/comments?post=8353"}],"version-history":[{"count":3,"href":"https:\/\/serveiseducatius.xtec.cat\/noguera\/wp-json\/wp\/v2\/pages\/8353\/revisions"}],"predecessor-version":[{"id":8565,"href":"https:\/\/serveiseducatius.xtec.cat\/noguera\/wp-json\/wp\/v2\/pages\/8353\/revisions\/8565"}],"wp:attachment":[{"href":"https:\/\/serveiseducatius.xtec.cat\/noguera\/wp-json\/wp\/v2\/media?parent=8353"}],"curies":[{"name":"wp","href":"https:\/\/api.w.org\/{rel}","templated":true}]}}