{"id":513,"date":"2020-06-04T10:13:00","date_gmt":"2020-06-04T08:13:00","guid":{"rendered":"http:\/\/blocs.xtec.cat\/experimentsdepelicula\/?page_id=513"},"modified":"2022-04-24T09:10:42","modified_gmt":"2022-04-24T07:10:42","slug":"7aedicio","status":"publish","type":"page","link":"https:\/\/serveiseducatius.xtec.cat\/noguera\/dinamica\/experiments\/videos-premiats\/7aedicio\/","title":{"rendered":"V\u00eddeos premiats 7a edici\u00f3 (2019-2020)"},"content":{"rendered":"<p style=\"text-align: justify;\">Aquesta ha estat una edici\u00f3 molt especial de concurs d&#8217;Experiments de pel\u00b7l\u00edcula. Tot i aix\u00ed, el confinament no ha aturat les grans ments cient\u00edfiques i altament experimentals de l&#8217;alumnat dels centres de la Noguera i, un any m\u00e9s, ho han deixat ben complicat al jurat a l&#8217;hora de triar els experiments guanyadors.<\/p>\n<p style=\"text-align: justify;\">Per sobre de tot, la imaginaci\u00f3, la recerca de recursos mil, el treball amb\u00a0eines telem\u00e0tiques i la implicaci\u00f3 i acompanyament de les fam\u00edlies, ha fet que aquesta edici\u00f3 hagi tornat a estar molt reeixida, amb un total de 34 v\u00eddeos presentats.<\/p>\n<p style=\"text-align: justify;\">Est\u00e0 clar que heu esmolat les neurones, heu obert la vostra imaginaci\u00f3, heu enfocat els objectius de la c\u00e0mera i heu fet unes edicions dignes d&#8217;una sala de cinema. Ja podeu comen\u00e7ar a preparar idees per a la propera edici\u00f3, que est\u00e0 clar que cap virus l&#8217;aturar\u00e0!<\/p>\n<p><a href=\"https:\/\/drive.google.com\/open?id=1qMdEn_jFuDdrsklk06Yy52Sm3n3z6aUE\" target=\"_blank\" rel=\"noopener noreferrer\">Acta del jurat del Concurs d&#8217;Experiments de Pel\u00b7l\u00edcula 2019-2020<\/a><\/p>\n<h3><strong>Premi Categoria A (Educaci\u00f3 Infantil i Cicle Inicial d\u2019Educaci\u00f3 Prim\u00e0ria)<\/strong><\/h3>\n<div class=\"ast-oembed-container \" style=\"height: 100%;\"><iframe loading=\"lazy\" title=\"Cat A. La refraccio\u0301\" width=\"500\" height=\"281\" src=\"https:\/\/www.youtube.com\/embed\/O1604W6iXe4?feature=oembed\" frameborder=\"0\" allow=\"accelerometer; autoplay; clipboard-write; encrypted-media; gyroscope; picture-in-picture; web-share\" referrerpolicy=\"strict-origin-when-cross-origin\" allowfullscreen><\/iframe><\/div>\n<p style=\"text-align: justify;\"><em><strong><a href=\"https:\/\/drive.google.com\/open?id=16OVw4FId1Daq9WxrkZ7sKPYJznkfOqZW\" target=\"_blank\" rel=\"noopener noreferrer\">La refracci\u00f3<\/a><\/strong><\/em>. <strong>Escola\u00a0\u00c0ngel Guimer\u00e0 (Balaguer)<\/strong><br \/>\nProfessorat responsable: Merc\u00e8 Oms Vilanova<br \/>\nAlumnat: Alumnes de P3, P4 i P5: Mohamed Amin Arrass,\u00a0Matias Escobar,\u00a0David Bautista,\u00a0Hamza Sahtout,\u00a0Azahara Jim\u00e9nez,\u00a0Maryam El Masnaoui,\u00a0Jos\u00e9 Antonio Izquierdo,\u00a0Mariam Bouhamid,\u00a0Illari Izquierdo,\u00a0Arturo Gim\u00e9nez,\u00a0Mohsin Dahmani,\u00a0Azahara Izquierdo,\u00a0Nohaela El Amraoui,\u00a0Raquel Reyes,\u00a0Aramata Saho<\/p>\n<h3><strong>Categoria B (Cicle Mitj\u00e0 i Cicle Superior d\u2019Educaci\u00f3 Prim\u00e0ria)<\/strong><\/h3>\n<div class=\"ast-oembed-container \" style=\"height: 100%;\"><iframe loading=\"lazy\" title=\"Cat B. Un viatge sorprenent\" width=\"500\" height=\"375\" src=\"https:\/\/www.youtube.com\/embed\/b8U0xgINERQ?feature=oembed\" frameborder=\"0\" allow=\"accelerometer; autoplay; clipboard-write; encrypted-media; gyroscope; picture-in-picture; web-share\" referrerpolicy=\"strict-origin-when-cross-origin\" allowfullscreen><\/iframe><\/div>\n<p><strong><em><a href=\"https:\/\/drive.google.com\/open?id=1YmMIkNJ6zk1v7PpTAq_dm2KYR4DDswk4\" target=\"_blank\" rel=\"noopener noreferrer\">Un viatge sorprenent<\/a>. <\/em>Escola\u00a0Gaspar de Portol\u00e0 (Balaguer)<\/strong><br \/>\nProfessorat responsable:\u00a0Juanjo Gen\u00e9 Rosa<br \/>\nAlumnat: Alumnes de\u00a06\u00e8 de Cicle Superior:\u00a0\u00c8lia Sanmart\u00ed<\/p>\n<p><strong>Acc\u00e8ssits a la Categoria B (Cicle Mitj\u00e0 i Cicle Superior d\u2019Educaci\u00f3 Prim\u00e0ria)<\/strong><\/p>\n<p>https:\/\/youtu.be\/_Dbt4NPbbf4<\/p>\n<p><strong><em><a href=\"https:\/\/docs.google.com\/document\/d\/1Af-L_UVR3bz5DH1eQcI9SZv4KsbizE2jm9r1g2kscTc\/edit\" target=\"_blank\" rel=\"noopener noreferrer\">Tots els gla\u00e7ons brillen?<\/a>.\u00a0<\/em>Escola Salvador Espriu (Vallfogona de Balaguer)<\/strong><br \/>\nProfessorat responsable:\u00a0Elena Catal\u00e0 Osete<br \/>\nAlumnat: Alumnes de Cicle Mitj\u00e0 i Superior: <span style=\"font-weight: 400;\">Ariadna Piqu\u00e9 G\u00f2dia (5\u00e8), Blai C\u00f3rdoba Ortega (5\u00e8), Blanca Piqu\u00e9 Baldom\u00e0 (4t), Laura Piqu\u00e9 Baldom\u00e0 (6\u00e8)<\/span><\/p>\n<p><strong>Categoria C (Educaci\u00f3 Secund\u00e0ria Obligat\u00f2ria i Postobligat\u00f2ria)<\/strong><\/p>\n<div class=\"ast-oembed-container \" style=\"height: 100%;\"><iframe loading=\"lazy\" title=\"Cat C. Osmosi d&#039;una patata\" width=\"500\" height=\"281\" src=\"https:\/\/www.youtube.com\/embed\/NMT04nkuhbA?feature=oembed\" frameborder=\"0\" allow=\"accelerometer; autoplay; clipboard-write; encrypted-media; gyroscope; picture-in-picture; web-share\" referrerpolicy=\"strict-origin-when-cross-origin\" allowfullscreen><\/iframe><\/div>\n<p style=\"text-align: justify;\"><strong><em><a href=\"https:\/\/drive.google.com\/open?id=1zmUlXaubAG7gERqyuZoPEQNW1AR7lmgW\" target=\"_blank\" rel=\"noopener noreferrer\">Osmosi de la patata<\/a>.<\/em>\u00a0INS Ciutat de Balaguer (Balaguer)<\/strong><br \/>\nProfessorat responsable: Gerard Sala Turull<br \/>\nAlumnat: Alumnes de 1r de Batxillerat:\u00a0Sergi L\u00f3pez Mart\u00ednez,\u00a0Hug Tuset Solanes,\u00a0Xavier Profit\u00f3s S\u00e1nchez<\/p>\n<p><strong>Acc\u00e8ssits a la Categoria C (Educaci\u00f3 Secund\u00e0ria Obligat\u00f2ria i Postobligat\u00f2ria)<\/strong><\/p>\n<div class=\"ast-oembed-container \" style=\"height: 100%;\"><iframe loading=\"lazy\" title=\"Cat. C Apliquem Arqu\u00edmedes en un ou\" width=\"500\" height=\"281\" src=\"https:\/\/www.youtube.com\/embed\/Pnr6gzOFh4c?feature=oembed\" frameborder=\"0\" allow=\"accelerometer; autoplay; clipboard-write; encrypted-media; gyroscope; picture-in-picture; web-share\" referrerpolicy=\"strict-origin-when-cross-origin\" allowfullscreen><\/iframe><\/div>\n<p style=\"text-align: justify;\"><strong><em><a href=\"https:\/\/drive.google.com\/open?id=1GjjBeQ-RVGg1_buelsPOkAk_isQRm5Kh\" target=\"_blank\" rel=\"noopener noreferrer\">Apliquem Arqu\u00edmedes en un ou<\/a>.<\/em>\u00a0Vedruna Balaguer<\/strong><br \/>\nProfessorat responsable:\u00a0Olga Sabart\u00e9s<br \/>\nAlumnat: Alumnes de\u00a04t d\u2019ESO: Laia Casals,\u00a0Aroa D\u00edaz,\u00a0Cl\u00e0udia Torredeflot,\u00a0Saone Soldevila<\/p>\n","protected":false},"excerpt":{"rendered":"<p>Aquesta ha estat una edici\u00f3 molt especial de concurs d&#8217;Experiments de pel\u00b7l\u00edcula. Tot i aix\u00ed, el confinament no ha aturat les grans ments cient\u00edfiques i altament experimentals de l&#8217;alumnat dels centres de la Noguera i, un any m\u00e9s, ho han deixat ben complicat al jurat a l&#8217;hora de triar els experiments guanyadors. Per sobre de [&hellip;]<\/p>\n","protected":false},"author":1,"featured_media":0,"parent":11013,"menu_order":93,"comment_status":"closed","ping_status":"closed","template":"page-templates\/side-menu.php","meta":{"_bbp_topic_count":0,"_bbp_reply_count":0,"_bbp_total_topic_count":0,"_bbp_total_reply_count":0,"_bbp_voice_count":0,"_bbp_anonymous_reply_count":0,"_bbp_topic_count_hidden":0,"_bbp_reply_count_hidden":0,"_bbp_forum_subforum_count":0,"site-sidebar-layout":"default","site-content-layout":"","ast-site-content-layout":"","site-content-style":"default","site-sidebar-style":"default","ast-global-header-display":"","ast-banner-title-visibility":"","ast-main-header-display":"","ast-hfb-above-header-display":"","ast-hfb-below-header-display":"","ast-hfb-mobile-header-display":"","site-post-title":"","ast-breadcrumbs-content":"","ast-featured-img":"","footer-sml-layout":"","theme-transparent-header-meta":"","adv-header-id-meta":"","stick-header-meta":"","header-above-stick-meta":"","header-main-stick-meta":"","header-below-stick-meta":"","astra-migrate-meta-layouts":"default","ast-page-background-enabled":"default","ast-page-background-meta":{"desktop":{"background-color":"var(--ast-global-color-4)","background-image":"","background-repeat":"repeat","background-position":"center center","background-size":"auto","background-attachment":"scroll","background-type":"","background-media":"","overlay-type":"","overlay-color":"","overlay-opacity":"","overlay-gradient":""},"tablet":{"background-color":"","background-image":"","background-repeat":"repeat","background-position":"center center","background-size":"auto","background-attachment":"scroll","background-type":"","background-media":"","overlay-type":"","overlay-color":"","overlay-opacity":"","overlay-gradient":""},"mobile":{"background-color":"","background-image":"","background-repeat":"repeat","background-position":"center center","background-size":"auto","background-attachment":"scroll","background-type":"","background-media":"","overlay-type":"","overlay-color":"","overlay-opacity":"","overlay-gradient":""}},"ast-content-background-meta":{"desktop":{"background-color":"var(--ast-global-color-5)","background-image":"","background-repeat":"repeat","background-position":"center center","background-size":"auto","background-attachment":"scroll","background-type":"","background-media":"","overlay-type":"","overlay-color":"","overlay-opacity":"","overlay-gradient":""},"tablet":{"background-color":"var(--ast-global-color-5)","background-image":"","background-repeat":"repeat","background-position":"center center","background-size":"auto","background-attachment":"scroll","background-type":"","background-media":"","overlay-type":"","overlay-color":"","overlay-opacity":"","overlay-gradient":""},"mobile":{"background-color":"var(--ast-global-color-5)","background-image":"","background-repeat":"repeat","background-position":"center center","background-size":"auto","background-attachment":"scroll","background-type":"","background-media":"","overlay-type":"","overlay-color":"","overlay-opacity":"","overlay-gradient":""}},"footnotes":""},"class_list":["post-513","page","type-page","status-publish","hentry"],"post_mailing_queue_ids":[],"_links":{"self":[{"href":"https:\/\/serveiseducatius.xtec.cat\/noguera\/wp-json\/wp\/v2\/pages\/513","targetHints":{"allow":["GET"]}}],"collection":[{"href":"https:\/\/serveiseducatius.xtec.cat\/noguera\/wp-json\/wp\/v2\/pages"}],"about":[{"href":"https:\/\/serveiseducatius.xtec.cat\/noguera\/wp-json\/wp\/v2\/types\/page"}],"author":[{"embeddable":true,"href":"https:\/\/serveiseducatius.xtec.cat\/noguera\/wp-json\/wp\/v2\/users\/1"}],"replies":[{"embeddable":true,"href":"https:\/\/serveiseducatius.xtec.cat\/noguera\/wp-json\/wp\/v2\/comments?post=513"}],"version-history":[{"count":3,"href":"https:\/\/serveiseducatius.xtec.cat\/noguera\/wp-json\/wp\/v2\/pages\/513\/revisions"}],"predecessor-version":[{"id":11772,"href":"https:\/\/serveiseducatius.xtec.cat\/noguera\/wp-json\/wp\/v2\/pages\/513\/revisions\/11772"}],"up":[{"embeddable":true,"href":"https:\/\/serveiseducatius.xtec.cat\/noguera\/wp-json\/wp\/v2\/pages\/11013"}],"wp:attachment":[{"href":"https:\/\/serveiseducatius.xtec.cat\/noguera\/wp-json\/wp\/v2\/media?parent=513"}],"curies":[{"name":"wp","href":"https:\/\/api.w.org\/{rel}","templated":true}]}}