{"id":473,"date":"2019-06-20T12:18:17","date_gmt":"2019-06-20T10:18:17","guid":{"rendered":"http:\/\/blocs.xtec.cat\/experimentsdepelicula\/?page_id=473"},"modified":"2021-10-25T11:20:31","modified_gmt":"2021-10-25T09:20:31","slug":"videos-premiats-en-la-6a-edicicio-2018-2019","status":"publish","type":"page","link":"https:\/\/serveiseducatius.xtec.cat\/noguera\/dinamica\/experiments\/videos-premiats\/videos-premiats-en-la-6a-edicicio-2018-2019\/","title":{"rendered":"V\u00eddeos premiats 6a edici\u00f3 (2018-2019)"},"content":{"rendered":"<div class=\"ast-oembed-container \" style=\"height: 100%;\"><iframe loading=\"lazy\" title=\"Lliurament de premis Experiments 2019\" width=\"500\" height=\"281\" src=\"https:\/\/www.youtube.com\/embed\/GrapFapPCS8?feature=oembed\" frameborder=\"0\" allow=\"accelerometer; autoplay; clipboard-write; encrypted-media; gyroscope; picture-in-picture; web-share\" referrerpolicy=\"strict-origin-when-cross-origin\" allowfullscreen><\/iframe><\/div>\n<p>Els premiats en aquesta edici\u00f3 s\u00f3n:<\/p>\n<h3><strong>Premi Categoria A (Educaci\u00f3 Infantil i Cicle Inicial d\u2019Educaci\u00f3 Prim\u00e0ria)<\/strong><\/h3>\n<p><a href=\"https:\/\/youtu.be\/sTztLE5_mcc\" target=\"_blank\" rel=\"noopener noreferrer\"><em><strong>La for\u00e7a del sol 2! Experimentem amb globus<\/strong><\/em><\/a>. <strong>Escola La Noguera (Balaguer)<\/strong><br \/>\nProfessorat responsable: Montserrat Merc\u00e8 Tella<br \/>\nAlumnat: Tots els infants de P5: Laia Betbes\u00e9, Fatehdeep Cheema, \u00d2scar Clua, Halima Dahmani, Anet Ferrer, Berta Fontova, Cl\u00e0udia Gallego, Jes\u00fas Gim\u00e9nez, Val\u00e8ria Guill\u00e9n, Miquel Heghies, Felipe Hermoso, Samara Hern\u00e1ndez, Enzo Hern\u00e1ndez,Naia Lacal, Alan Ligero, Hugo Mart\u00ednez, Andrea Membrive, Moises Navarlaz, Ona Nieto, Olau Pastor, Nat\u00e0lia Prim, Youssef Ramdani<\/p>\n<p><strong>Acc\u00e8ssits a la Categoria A (Educaci\u00f3 Infantil i Cicle Inicial d\u2019Educaci\u00f3 Prim\u00e0ria)<\/strong><\/p>\n<p><strong><em><a href=\"https:\/\/youtu.be\/TXMxctLuzP0\" target=\"_blank\" rel=\"noopener noreferrer\">Neu de bolquers<\/a>. Escola La Noguera (Balaguer)<\/em><\/strong><br \/>\nProfessorat responsable: Santi Amores S\u00e0nchez<br \/>\nAlumnat: Alumnes de P3: (25 infants) Biel Badia Bar\u00f3, Alan Bautista Claveria, Noa Capons Bergad\u00e1, Tudor David Chis, Guillermina Cocilovo Zlauvinen, Aymara Cortes P\u00e9rez, Abril del Rio Tarroja, Aina Farras Marti, Nil Farreny Gilisbars, Guiu Ferrer Banda, Oscar Forcades Pesheva, Adrian Fulop, Laia Garc\u00eda Sal\u00f3n , Alice Giovannoli Camarasa, Jana G\u00f3mez Parera, Marwan Khoune, Andrea Navarl\u00e1s Popescu , Rut Parramon Montoliu, \u00c8lia Pujol Merc\u00e8, Darek Rom\u00e1n Fern\u00e1ndez, Pau Ru\u00edz Brufau, Martina Sem\u00eds Sangr\u00e0, Mar Sol\u00eds Pujol, Andrea Valero Calves, Summer Villar Garc\u00eda<\/p>\n<p><em><strong><a href=\"https:\/\/youtu.be\/Qp_h6s_USTc\" target=\"_blank\" rel=\"noopener noreferrer\">L\u2019aigua que camina<\/a>. Escola Alfred Potrony (T\u00e9rmens)<\/strong><\/em><br \/>\nProfessorat responsable: Teresa Palau Lladonosa<br \/>\nAlumnat: Alumnes de 1r: Ainara Castro, Caterina Cunyat, Jan Garcia, Robert Molina, Alexandra Nitu,Ra\u00fcl Palau, J\u00falia Pascual, Blau Ronda, Bianca Torrelles i Josep Viladrich. Alumnes de 2n: \u00c8ric Bueno, T\u00e0nia Llubes, Mireia N\u00fa\u00f1ez i Marc Solsona.<\/p>\n<h3><strong>Categoria B (Cicle Mitj\u00e0 i Cicle Superior d\u2019Educaci\u00f3 Prim\u00e0ria)<\/strong><\/h3>\n<p><strong><em><a href=\"https:\/\/youtu.be\/q9Zj54QksrI\" target=\"_blank\" rel=\"noopener noreferrer\">Qui s\u2019ha petat?<\/a>. Escola Salvador Espriu (Vallfogona de Balaguer)<\/em><\/strong><br \/>\nProfessorat responsable: \u00c8ric Berga Ses\u00e9<br \/>\nAlumnat: Alumnes de 4t de Cicle Mitj\u00e0: Ot Albareda, J\u00falia Bellart, Blai C\u00f3rdoba, Miquel Cases, Leire Fern\u00e1ndez, Ariadna Piqu\u00e9, Pol Puig, Mar Segarra i Pol Vilagin\u00e9s.<\/p>\n<p><strong>Acc\u00e8ssits a la Categoria B (Cicle Mitj\u00e0 i Cicle Superior d\u2019Educaci\u00f3 Prim\u00e0ria)<\/strong><\/p>\n<p><em><strong><a href=\"https:\/\/youtu.be\/7twMzwonT4w\" target=\"_blank\" rel=\"noopener noreferrer\">Calculem la humitat relativa de l\u2019aire<\/a>. Escola Alfred Potrony (T\u00e9rmens)<\/strong><\/em><br \/>\nProfessorat responsable: Pepita Solsona i Josepa Pascual<br \/>\nAlumnat: Alumnes de 3r i 4t de Prim\u00e0ria: Elna Casamitjana, Paula Garcia, Lluc Muns\u00f3, Marc Romero, Aurembiaix Vidal, Joel Pascual, Sergi Palou, Marc Capdevila i Alguer Garde\u00f1es.<\/p>\n<h3><strong>Categoria C (Educaci\u00f3 Secund\u00e0ria Obligat\u00f2ria i Postobligat\u00f2ria)<\/strong><\/h3>\n<p><strong><em><a href=\"https:\/\/youtu.be\/ItHSIGf0eSY\" target=\"_blank\" rel=\"noopener noreferrer\">La font<\/a>.<\/em> INS de Ponts (Ponts)<\/strong><br \/>\nProfessorat responsable: Elisabet Valls Trepat<br \/>\nAlumnat: Alumnes de 3r d\u2019ESO: Marc G\u00f3mez, Joel Ben\u00edtez, Anna Sarrat i Amine Rajjaf<\/p>\n<p><strong>Acc\u00e8ssits a la Categoria C (Educaci\u00f3 Secund\u00e0ria Obligat\u00f2ria i Postobligat\u00f2ria)<\/strong><\/p>\n<p><strong><em><a href=\"https:\/\/youtu.be\/6cQzQtfxlVM\" target=\"_blank\" rel=\"noopener noreferrer\">Pluja de colors<\/a>.<\/em> INS de Ponts (Ponts)<\/strong><br \/>\nProfessorat responsable: Elisabet Valls Trepat<br \/>\nAlumnat: Alumnes de 3r d\u2019ESO: Laia Agut, Narlet Luna, Sergi Ortigosa, Ester Sangr\u00e0<\/p>\n<p><strong><em><a href=\"https:\/\/youtu.be\/wVhk7YLF6so\" target=\"_blank\" rel=\"noopener noreferrer\">Rising water<\/a>.<\/em> INS Ciutat de Balaguer (Balaguer)<\/strong><br \/>\nProfessorat responsable: Gerard Sala Turull<br \/>\nAlumnat: Alumnes de 1r de Batxillerat: Ndeye Diouf, Chaymae Bouazouni, Vict\u00f2ria Lacal, Ichraq Kerchaoui, Douae Alaoui<\/p>\n","protected":false},"excerpt":{"rendered":"<p>Els premiats en aquesta edici\u00f3 s\u00f3n: Premi Categoria A (Educaci\u00f3 Infantil i Cicle Inicial d\u2019Educaci\u00f3 Prim\u00e0ria) La for\u00e7a del sol 2! Experimentem amb globus. Escola La Noguera (Balaguer) Professorat responsable: Montserrat Merc\u00e8 Tella Alumnat: Tots els infants de P5: Laia Betbes\u00e9, Fatehdeep Cheema, \u00d2scar Clua, Halima Dahmani, Anet Ferrer, Berta Fontova, Cl\u00e0udia Gallego, Jes\u00fas Gim\u00e9nez, [&hellip;]<\/p>\n","protected":false},"author":1,"featured_media":0,"parent":11013,"menu_order":94,"comment_status":"closed","ping_status":"closed","template":"page-templates\/side-menu.php","meta":{"_bbp_topic_count":0,"_bbp_reply_count":0,"_bbp_total_topic_count":0,"_bbp_total_reply_count":0,"_bbp_voice_count":0,"_bbp_anonymous_reply_count":0,"_bbp_topic_count_hidden":0,"_bbp_reply_count_hidden":0,"_bbp_forum_subforum_count":0,"site-sidebar-layout":"default","site-content-layout":"","ast-site-content-layout":"","site-content-style":"default","site-sidebar-style":"default","ast-global-header-display":"","ast-banner-title-visibility":"","ast-main-header-display":"","ast-hfb-above-header-display":"","ast-hfb-below-header-display":"","ast-hfb-mobile-header-display":"","site-post-title":"","ast-breadcrumbs-content":"","ast-featured-img":"","footer-sml-layout":"","theme-transparent-header-meta":"","adv-header-id-meta":"","stick-header-meta":"","header-above-stick-meta":"","header-main-stick-meta":"","header-below-stick-meta":"","astra-migrate-meta-layouts":"default","ast-page-background-enabled":"default","ast-page-background-meta":{"desktop":{"background-color":"var(--ast-global-color-4)","background-image":"","background-repeat":"repeat","background-position":"center center","background-size":"auto","background-attachment":"scroll","background-type":"","background-media":"","overlay-type":"","overlay-color":"","overlay-opacity":"","overlay-gradient":""},"tablet":{"background-color":"","background-image":"","background-repeat":"repeat","background-position":"center center","background-size":"auto","background-attachment":"scroll","background-type":"","background-media":"","overlay-type":"","overlay-color":"","overlay-opacity":"","overlay-gradient":""},"mobile":{"background-color":"","background-image":"","background-repeat":"repeat","background-position":"center center","background-size":"auto","background-attachment":"scroll","background-type":"","background-media":"","overlay-type":"","overlay-color":"","overlay-opacity":"","overlay-gradient":""}},"ast-content-background-meta":{"desktop":{"background-color":"var(--ast-global-color-5)","background-image":"","background-repeat":"repeat","background-position":"center center","background-size":"auto","background-attachment":"scroll","background-type":"","background-media":"","overlay-type":"","overlay-color":"","overlay-opacity":"","overlay-gradient":""},"tablet":{"background-color":"var(--ast-global-color-5)","background-image":"","background-repeat":"repeat","background-position":"center center","background-size":"auto","background-attachment":"scroll","background-type":"","background-media":"","overlay-type":"","overlay-color":"","overlay-opacity":"","overlay-gradient":""},"mobile":{"background-color":"var(--ast-global-color-5)","background-image":"","background-repeat":"repeat","background-position":"center center","background-size":"auto","background-attachment":"scroll","background-type":"","background-media":"","overlay-type":"","overlay-color":"","overlay-opacity":"","overlay-gradient":""}},"footnotes":""},"class_list":["post-473","page","type-page","status-publish","hentry"],"post_mailing_queue_ids":[],"_links":{"self":[{"href":"https:\/\/serveiseducatius.xtec.cat\/noguera\/wp-json\/wp\/v2\/pages\/473","targetHints":{"allow":["GET"]}}],"collection":[{"href":"https:\/\/serveiseducatius.xtec.cat\/noguera\/wp-json\/wp\/v2\/pages"}],"about":[{"href":"https:\/\/serveiseducatius.xtec.cat\/noguera\/wp-json\/wp\/v2\/types\/page"}],"author":[{"embeddable":true,"href":"https:\/\/serveiseducatius.xtec.cat\/noguera\/wp-json\/wp\/v2\/users\/1"}],"replies":[{"embeddable":true,"href":"https:\/\/serveiseducatius.xtec.cat\/noguera\/wp-json\/wp\/v2\/comments?post=473"}],"version-history":[{"count":1,"href":"https:\/\/serveiseducatius.xtec.cat\/noguera\/wp-json\/wp\/v2\/pages\/473\/revisions"}],"predecessor-version":[{"id":11022,"href":"https:\/\/serveiseducatius.xtec.cat\/noguera\/wp-json\/wp\/v2\/pages\/473\/revisions\/11022"}],"up":[{"embeddable":true,"href":"https:\/\/serveiseducatius.xtec.cat\/noguera\/wp-json\/wp\/v2\/pages\/11013"}],"wp:attachment":[{"href":"https:\/\/serveiseducatius.xtec.cat\/noguera\/wp-json\/wp\/v2\/media?parent=473"}],"curies":[{"name":"wp","href":"https:\/\/api.w.org\/{rel}","templated":true}]}}