{"id":437,"date":"2018-07-04T09:45:58","date_gmt":"2018-07-04T07:45:58","guid":{"rendered":"http:\/\/blocs.xtec.cat\/experimentsdepelicula\/?page_id=437"},"modified":"2021-10-25T11:16:43","modified_gmt":"2021-10-25T09:16:43","slug":"videos-premiats-en-la-5a-edicio-2017-2018","status":"publish","type":"page","link":"https:\/\/serveiseducatius.xtec.cat\/noguera\/dinamica\/experiments\/videos-premiats\/videos-premiats-en-la-5a-edicio-2017-2018\/","title":{"rendered":"V\u00eddeos premiats 5a edici\u00f3 (2017-2018)"},"content":{"rendered":"<p>[vimeo width=&#8221;640&#8243; height=&#8221;360&#8243;]https:\/\/vimeo.com\/276486709[\/vimeo]<\/p>\n<p>Relaci\u00f3 de v\u00eddeos i alumnat premiat:<\/p>\n<h2><strong>Premi Categoria A (Educaci\u00f3 Infantil i Cicle Inicial d\u2019Educaci\u00f3 Prim\u00e0ria)<\/strong><\/h2>\n<p><em><strong>Helic\u00f2pters voladors<\/strong><\/em>,\u00a0Escola La Noguera (Balaguer)<\/p>\n<p><strong>Professorat responsable:\u00a0<\/strong>Santi Amores<br \/>\nAlumnat:\u00a0Tots els infants de P4: LAIA BETBES\u00c9, FATEHDEEP CHEEMA, OSCAR CLUA, HALIMA DAHMANI, ANET FERRER, BERTA FONTOVA, CL\u00c0UDIA GALLEGO, JES\u00daS GIM\u00c9NEZ, VAL\u00c8RIA GUILL\u00c9N, MIQUEL HEGHIES, FELIPE HERMOSO, SAMARA HERN\u00c1NDEZ, ENZO HERN\u00c1NDEZ,NAIA LACAL, ALAN LIGERO, HUGO MART\u00cdNEZ, ANDREA MEMBRIVE, MOISES NAVARLAZ, ONA NIETO, OLAU PASTOR, NAT\u00c0LIA PRIM, YOUSSEF RAMDANI<\/p>\n<h2><strong>Acc\u00e8ssits a la Categoria A (Educaci\u00f3 Infantil i Cicle Inicial d\u2019Educaci\u00f3 Prim\u00e0ria)<\/strong><\/h2>\n<p><em><strong>L\u2019espiral del vent<\/strong><\/em>, Escola Alfred Potrony (T\u00e9rmens)<\/p>\n<p><strong>Professorat responsable:\u00a0<\/strong>Rosa Beltr\u00e1n Noguero<br \/>\nAlumnat:\u00a0Alumnes de 4 alumnes de la classe de 1r i 13 alumnes de la classe de 2n de Cicle Inicial.<\/p>\n<p><em><strong>Water Cycle<\/strong><\/em>,\u00a0Escola Vedruna (Balaguer)<\/p>\n<p><strong>Professorat responsable:\u00a0<\/strong>Maria Alba Aubets Oliva<br \/>\nAlumnat:\u00a0Alumnes de 1r i 2n de Cicle Inicial: Roc Alba i Puig, Txell Alcob\u00e9 Batalla, Ares Castell\u00e0 Palau, Enzo Garc\u00eda Barea, Al\u00e8xia Ges\u00e9 Fondevila i Rayan Rabah Jiyed.<\/p>\n<h2><strong>Premi Categoria B (Cicle Mitj\u00e0 i Cicle Superior d\u2019Educaci\u00f3 Prim\u00e0ria)<\/strong><\/h2>\n<p><em><strong>XST! Setmana sense soroll<\/strong><\/em>,\u00a0Escola Salvador Espriu (Vallfogona de Balaguer)<\/p>\n<p><strong>Professorat responsable:\u00a0<\/strong>\u00c8ric Berga<br \/>\nAlumnat:\u00a0Alumnes de 3r de Cicle Mitj\u00e0: Ot Albareda Tena, J\u00falia Bellart Segarra, Miquel Cases Gim\u00e9nez, Blai C\u00f3rdoba Ortega, Leire Fern\u00e1ndez Garc\u00eda, Ariadna Piqu\u00e9 G\u00f2dia, Pol Puig Gen\u00e9, Mar Segarra Riasol i Pol Vilagin\u00e9s Piqu\u00e9.<\/p>\n<h2><strong>Acc\u00e8ssits a la Categoria B (Cicle Mitj\u00e0 i Cicle Superior d\u2019Educaci\u00f3 Prim\u00e0ria)<\/strong><\/h2>\n<p><em><strong>El ball de la xocolata<\/strong><\/em>,\u00a0Escola \u00c0ngel Guimer\u00e0 (Balaguer)<\/p>\n<p><strong>Professorat responsable:\u00a0<\/strong>\u00c0frica Reig Gregori<br \/>\nAlumnat de 3r de Cicle Mitj\u00e0: Akram El Louah, Jiale Chen, Adam Lakuaja<\/p>\n<h2><strong>Premi Categoria C (Educaci\u00f3 Secund\u00e0ria Obligat\u00f2ria i Postobligat\u00f2ria)<\/strong><\/h2>\n<p><em><strong>L\u2019aire ocupa espai?<\/strong><\/em>,\u00a0INS Ermengol IV (Bellcaire d\u2019Urgell)<\/p>\n<p><strong>Professorat responsable:\u00a0<\/strong>Montse Cabr\u00e9<br \/>\nAlumnat:\u00a0Alumnes de 2n d\u2019ESO: Ariadna Tarragona, Gina Osorio, Lucia Jimenez, Rabab Hammouti<\/p>\n<h2><strong>Acc\u00e8ssit a la Categoria C (Educaci\u00f3 Secund\u00e0ria Obligat\u00f2ria i Postobligat\u00f2ria)<\/strong><\/h2>\n<p><em><strong>La serp del fara\u00f3<\/strong><\/em>,\u00a0INS Ermengol IV (Bellcaire d\u2019Urgell)<\/p>\n<p><strong>Professorat responsable:\u00a0<\/strong>Montse Cabr\u00e9<br \/>\nAlumnat:\u00a0Alumnes de 2n d\u2019ESO: Ona Orrit Nabau, Alba Mart\u00ednez Capit\u00e1n, Grace Ketty, A\u00efda Roca<\/p>\n<p><em><strong>Espelma balancejant<\/strong><\/em>,\u00a0INS Ciutat de Balaguer (Balaguer)<\/p>\n<p><strong>Professorat responsable:\u00a0<\/strong>Sergi Palou<br \/>\nAlumnat:\u00a0Alumnes de 1r de Batxillerat: Iris Novau, Clara Guill\u00e9n, Oana Olteanu<\/p>\n","protected":false},"excerpt":{"rendered":"<p>[vimeo width=&#8221;640&#8243; height=&#8221;360&#8243;]https:\/\/vimeo.com\/276486709[\/vimeo] Relaci\u00f3 de v\u00eddeos i alumnat premiat: Premi Categoria A (Educaci\u00f3 Infantil i Cicle Inicial d\u2019Educaci\u00f3 Prim\u00e0ria) Helic\u00f2pters voladors,\u00a0Escola La Noguera (Balaguer) Professorat responsable:\u00a0Santi Amores Alumnat:\u00a0Tots els infants de P4: LAIA BETBES\u00c9, FATEHDEEP CHEEMA, OSCAR CLUA, HALIMA DAHMANI, ANET FERRER, BERTA FONTOVA, CL\u00c0UDIA GALLEGO, JES\u00daS GIM\u00c9NEZ, VAL\u00c8RIA GUILL\u00c9N, MIQUEL HEGHIES, FELIPE HERMOSO, SAMARA [&hellip;]<\/p>\n","protected":false},"author":1,"featured_media":0,"parent":11013,"menu_order":95,"comment_status":"closed","ping_status":"closed","template":"page-templates\/side-menu.php","meta":{"_bbp_topic_count":0,"_bbp_reply_count":0,"_bbp_total_topic_count":0,"_bbp_total_reply_count":0,"_bbp_voice_count":0,"_bbp_anonymous_reply_count":0,"_bbp_topic_count_hidden":0,"_bbp_reply_count_hidden":0,"_bbp_forum_subforum_count":0,"site-sidebar-layout":"default","site-content-layout":"","ast-site-content-layout":"","site-content-style":"default","site-sidebar-style":"default","ast-global-header-display":"","ast-banner-title-visibility":"","ast-main-header-display":"","ast-hfb-above-header-display":"","ast-hfb-below-header-display":"","ast-hfb-mobile-header-display":"","site-post-title":"","ast-breadcrumbs-content":"","ast-featured-img":"","footer-sml-layout":"","theme-transparent-header-meta":"","adv-header-id-meta":"","stick-header-meta":"","header-above-stick-meta":"","header-main-stick-meta":"","header-below-stick-meta":"","astra-migrate-meta-layouts":"default","ast-page-background-enabled":"default","ast-page-background-meta":{"desktop":{"background-color":"var(--ast-global-color-4)","background-image":"","background-repeat":"repeat","background-position":"center center","background-size":"auto","background-attachment":"scroll","background-type":"","background-media":"","overlay-type":"","overlay-color":"","overlay-opacity":"","overlay-gradient":""},"tablet":{"background-color":"","background-image":"","background-repeat":"repeat","background-position":"center center","background-size":"auto","background-attachment":"scroll","background-type":"","background-media":"","overlay-type":"","overlay-color":"","overlay-opacity":"","overlay-gradient":""},"mobile":{"background-color":"","background-image":"","background-repeat":"repeat","background-position":"center center","background-size":"auto","background-attachment":"scroll","background-type":"","background-media":"","overlay-type":"","overlay-color":"","overlay-opacity":"","overlay-gradient":""}},"ast-content-background-meta":{"desktop":{"background-color":"var(--ast-global-color-5)","background-image":"","background-repeat":"repeat","background-position":"center center","background-size":"auto","background-attachment":"scroll","background-type":"","background-media":"","overlay-type":"","overlay-color":"","overlay-opacity":"","overlay-gradient":""},"tablet":{"background-color":"var(--ast-global-color-5)","background-image":"","background-repeat":"repeat","background-position":"center center","background-size":"auto","background-attachment":"scroll","background-type":"","background-media":"","overlay-type":"","overlay-color":"","overlay-opacity":"","overlay-gradient":""},"mobile":{"background-color":"var(--ast-global-color-5)","background-image":"","background-repeat":"repeat","background-position":"center center","background-size":"auto","background-attachment":"scroll","background-type":"","background-media":"","overlay-type":"","overlay-color":"","overlay-opacity":"","overlay-gradient":""}},"footnotes":""},"class_list":["post-437","page","type-page","status-publish","hentry"],"post_mailing_queue_ids":[],"_links":{"self":[{"href":"https:\/\/serveiseducatius.xtec.cat\/noguera\/wp-json\/wp\/v2\/pages\/437","targetHints":{"allow":["GET"]}}],"collection":[{"href":"https:\/\/serveiseducatius.xtec.cat\/noguera\/wp-json\/wp\/v2\/pages"}],"about":[{"href":"https:\/\/serveiseducatius.xtec.cat\/noguera\/wp-json\/wp\/v2\/types\/page"}],"author":[{"embeddable":true,"href":"https:\/\/serveiseducatius.xtec.cat\/noguera\/wp-json\/wp\/v2\/users\/1"}],"replies":[{"embeddable":true,"href":"https:\/\/serveiseducatius.xtec.cat\/noguera\/wp-json\/wp\/v2\/comments?post=437"}],"version-history":[{"count":2,"href":"https:\/\/serveiseducatius.xtec.cat\/noguera\/wp-json\/wp\/v2\/pages\/437\/revisions"}],"predecessor-version":[{"id":11021,"href":"https:\/\/serveiseducatius.xtec.cat\/noguera\/wp-json\/wp\/v2\/pages\/437\/revisions\/11021"}],"up":[{"embeddable":true,"href":"https:\/\/serveiseducatius.xtec.cat\/noguera\/wp-json\/wp\/v2\/pages\/11013"}],"wp:attachment":[{"href":"https:\/\/serveiseducatius.xtec.cat\/noguera\/wp-json\/wp\/v2\/media?parent=437"}],"curies":[{"name":"wp","href":"https:\/\/api.w.org\/{rel}","templated":true}]}}