{"id":399,"date":"2017-06-16T10:48:26","date_gmt":"2017-06-16T08:48:26","guid":{"rendered":"http:\/\/blocs.xtec.cat\/experimentsdepelicula\/?page_id=399"},"modified":"2021-10-25T11:01:52","modified_gmt":"2021-10-25T09:01:52","slug":"videos-premiats-en-la-4a-edicio-2016-2017","status":"publish","type":"page","link":"https:\/\/serveiseducatius.xtec.cat\/noguera\/dinamica\/experiments\/videos-premiats\/videos-premiats-en-la-4a-edicio-2016-2017\/","title":{"rendered":"V\u00eddeos premiats 4a edici\u00f3 (2016-2017)"},"content":{"rendered":"<p>[vimeo width=&#8221;640&#8243; height=&#8221;360&#8243;]https:\/\/vimeo.com\/221858129[\/vimeo]<\/p>\n<p>Relaci\u00f3 de v\u00eddeos i alumnat premiat:<\/p>\n<h2><strong>Premi Categoria A (Educaci\u00f3 Infantil i Cicle Inicial d\u2019Educaci\u00f3 Prim\u00e0ria)<\/strong><\/h2>\n<p><strong><em>Fem un volc\u00e0<\/em><\/strong>, Escola Mont\u2010roig (Balaguer)<\/p>\n<p><strong>Professorat responsable<\/strong>: Ana Maga\u00f1a Ballester I Rosa Carta\u00f1\u00e0 Miquel<br \/>\n<strong>Alumnat<\/strong>: Tots els infants dels dos grups de P5:<br \/>\nAya Ben Amar, Nora Bonet Mart\u00ednez, Aleix Castellanos Subirada, David Chitanau, Vera Constantin Vergel, MahamadDiassy, Mohamed Djilali, Jawad Es Saadi, Maika Espa\u00f1a Mitjavila, Lena Garcia Arenas, Ariadna Garcia Escribano, Mario Maials, Cl\u00e0udia Merc\u00e8 Colom, Anna Mudra, Cl\u00e0udia Nieto Mateos, Oriol Rojo Arrufat, Gerai Salazar Bold\u00fa, Pau Sauri Giralt, Aina Segu\u00e9s Marsal, Jana Sol\u00e9 Pedra, Valen\u00e7a Subir\u00e0 Fern\u00e1ndez, Xavi Subirada Prado, Adja Thiam, Adam Ben Hachmi, Selene Alonso Roman Jana Adrian Alc\u00e1zar, Adri\u00e0 Alegre Duarte, Roc Campo Vilarasau, Ivet Castellarnau G\u00f3mez, NidalChahri, Antonio Contreras, Tounko Diarra, Marc El\u00edas Mart\u00ednez, Anas Es Saadi, Marina Espa\u00f1a Mitjavila, Iker Garcia Escribano, Sara Ghimbas, Maria Gom\u00e9z Serrano, Martina Hermoso Gesa, Mart\u00ed Lest\u00f3nSendra, Paula Morillas Graells, J\u00falia Pedra Llena, Bet Pensado Bosch, Aya Rami, Joana Requena Vidal, Andrea Vergel Nistor, Souleymane Kande, Vanessa Ciobanu, Yassin Sadki.<\/p>\n<h2><strong>Acc\u00e8ssits a la Categoria A (Educaci\u00f3 Infantil i Cicle Inicial d\u2019Educaci\u00f3 Prim\u00e0ria)<\/strong><\/h2>\n<p><strong><em>Carrera de llaunes<\/em><\/strong>, Escola La Noguera (Balaguer)<\/p>\n<p><strong>Professorat responsable<\/strong>: Santi Amores i Tresa Coll<br \/>\n<strong>Alumnat<\/strong>: Alumnes de P3 de la classe de la Pepa Pig:<br \/>\nBetbes\u00e9 Montoya, Laia, Cheema; Fatehdeep Singh; Clua Navarro, Oscar, Dahmani Belqasim, Halima; Ferrer Banda, Anet; Gallego Alvaro, Cl\u00e0udia; Guill\u00e9n Olarte, Val\u00e8ria; Heghies Gab\u00e0, Miquel; Hermoso Arraez, Felipe; Hern\u00e1ndez Rom\u00e1n, Samara; Hernandez Ruestes, Enzo; Lacal Mart\u00ednez, Naia; Ligero Mart\u00edn, Alan; Maanani, Berta Jasmin; Mart\u00ednez P\u00e0mies, Hugo; Membrive Garc\u00eda, Andrea; Navarlaz Amaya, Moises; Nieto Mart\u00ednez, Ona; Pastor Biscarri, Olau; Prim Lobato, Nat\u00e0lia; Ramdani, Youssef<\/p>\n<p><em><strong>M\u00e0gia de colors<\/strong><\/em>, Escola Vedruna (Balaguer)<\/p>\n<p><strong>Professorat responsable<\/strong>: Anna Estrada<br \/>\n<strong>Alumnat<\/strong>: Alumnes de P4A de la classe de les Papallones:<br \/>\nOskar Berdaguer, Xavier Bosch, Analia Carbonell, Berta Castellarnau, \u00c0lex Cojocarel, Txell<br \/>\nCompanys, Safae Dahmani, Max Dominguez, Nil Fornier, Adri\u00e0 Franquesa, Rokiya Gasmi, Unai Herrero, Adan Jimenez, Mohammed Leffahel, Natalia Matamala, \u00c0lex Mateo, Ta\u00efbou Mballo, Maria Negro, Hugo Niub\u00f3, \u00c8lia Pons, Feerran Quintill\u00e0, Roger Sala, Madou Sibioe, Laia Sole, Aya Wannane, Bilal Ziahti<\/p>\n<h2><strong>Premi Categoria B (Cicle Mitj\u00e0 i Cicle Superior d\u2019Educaci\u00f3 Prim\u00e0ria)<\/strong><\/h2>\n<p><em><strong>Ou ferrat sense foc<\/strong><\/em>, Escola \u00c0ngel Guimer\u00e0 (Balaguer)<\/p>\n<p><strong>Professorat responsable<\/strong>: Carme Larroya<br \/>\n<strong>Alumnat<\/strong>: Alumnes de 3r i 4t:<br \/>\nFatima El Hachim; Anas Rajjaf; Doaa Sarhou; Amal Amroune; Mohame El Ddib; Salma Benali<\/p>\n<h2><strong>Acc\u00e8ssits a la Categoria B (Cicle Mitj\u00e0 i Cicle Superior d\u2019Educaci\u00f3 Prim\u00e0ria)<\/strong><\/h2>\n<p><em><strong>Cristalls de sal<\/strong><\/em>, Escola La Noguera (Balaguer)<\/p>\n<p><strong>Professorat responsable<\/strong>: Laura Antequera<br \/>\n<strong>Alumnat<\/strong>: Aula de suport de Cicle Superior:<br \/>\nAinoa Rubio; \u00c0ngela Mart\u00ednez; Janira Fern\u00e1ndez; Mariam Laaraj; Marinela Galinova; Yassin Khoune<\/p>\n<p><em><strong>Efecte l\u00e0mpada de lava<\/strong><\/em>, Escola La Noguera (Balaguer)<\/p>\n<p><strong>Professorat responsable<\/strong>: Elisabet Pujol Cayuela<br \/>\n<strong>Alumnat<\/strong>: Alumnat de 5\u00e8 i 6\u00e8:<br \/>\nMara Funes; \u00c8ric Gr\u00e0cia; Marc Verdugo; Bruno Verdugo<\/p>\n<h2><strong>Premi Categoria C (Educaci\u00f3 Secund\u00e0ria Obligat\u00f2ria i Postobligat\u00f2ria)<\/strong><\/h2>\n<p><em><strong>Oxidaci\u00f3<\/strong><\/em>, INS Ciutat de Balaguer (Balaguer)<\/p>\n<p><strong>Professorat responsable<\/strong>: Rosa Maria Florensa<br \/>\n<strong>Alumnat<\/strong>: Alumnes de 1r de Batxillerat: Najoua Hachimi, Mariona Mart\u00ednez Roma i Aina Rosell Codina<\/p>\n<h2><strong>Acc\u00e8ssit a la Categoria C (Educaci\u00f3 Secund\u00e0ria Obligat\u00f2ria i Postobligat\u00f2ria)<\/strong><\/h2>\n<p><em><strong>Osmosi<\/strong><\/em>, INS Ciutat de Balaguer (Balaguer)<\/p>\n<p><strong>Professorat responsable<\/strong>: Rosa Maria Florensa<br \/>\n<strong>Alumnat<\/strong>: Alumnes de 1r de Batxillerat: Marta Torres; Maria Mart\u00edn; Anna Rosa Salud; Amina Ahmed<\/p>\n","protected":false},"excerpt":{"rendered":"<p>[vimeo width=&#8221;640&#8243; height=&#8221;360&#8243;]https:\/\/vimeo.com\/221858129[\/vimeo] Relaci\u00f3 de v\u00eddeos i alumnat premiat: Premi Categoria A (Educaci\u00f3 Infantil i Cicle Inicial d\u2019Educaci\u00f3 Prim\u00e0ria) Fem un volc\u00e0, Escola Mont\u2010roig (Balaguer) Professorat responsable: Ana Maga\u00f1a Ballester I Rosa Carta\u00f1\u00e0 Miquel Alumnat: Tots els infants dels dos grups de P5: Aya Ben Amar, Nora Bonet Mart\u00ednez, Aleix Castellanos Subirada, David Chitanau, Vera [&hellip;]<\/p>\n","protected":false},"author":1,"featured_media":0,"parent":11013,"menu_order":96,"comment_status":"closed","ping_status":"closed","template":"page-templates\/side-menu.php","meta":{"_bbp_topic_count":0,"_bbp_reply_count":0,"_bbp_total_topic_count":0,"_bbp_total_reply_count":0,"_bbp_voice_count":0,"_bbp_anonymous_reply_count":0,"_bbp_topic_count_hidden":0,"_bbp_reply_count_hidden":0,"_bbp_forum_subforum_count":0,"site-sidebar-layout":"default","site-content-layout":"","ast-site-content-layout":"","site-content-style":"default","site-sidebar-style":"default","ast-global-header-display":"","ast-banner-title-visibility":"","ast-main-header-display":"","ast-hfb-above-header-display":"","ast-hfb-below-header-display":"","ast-hfb-mobile-header-display":"","site-post-title":"","ast-breadcrumbs-content":"","ast-featured-img":"","footer-sml-layout":"","theme-transparent-header-meta":"","adv-header-id-meta":"","stick-header-meta":"","header-above-stick-meta":"","header-main-stick-meta":"","header-below-stick-meta":"","astra-migrate-meta-layouts":"default","ast-page-background-enabled":"default","ast-page-background-meta":{"desktop":{"background-color":"var(--ast-global-color-4)","background-image":"","background-repeat":"repeat","background-position":"center center","background-size":"auto","background-attachment":"scroll","background-type":"","background-media":"","overlay-type":"","overlay-color":"","overlay-opacity":"","overlay-gradient":""},"tablet":{"background-color":"","background-image":"","background-repeat":"repeat","background-position":"center center","background-size":"auto","background-attachment":"scroll","background-type":"","background-media":"","overlay-type":"","overlay-color":"","overlay-opacity":"","overlay-gradient":""},"mobile":{"background-color":"","background-image":"","background-repeat":"repeat","background-position":"center center","background-size":"auto","background-attachment":"scroll","background-type":"","background-media":"","overlay-type":"","overlay-color":"","overlay-opacity":"","overlay-gradient":""}},"ast-content-background-meta":{"desktop":{"background-color":"var(--ast-global-color-5)","background-image":"","background-repeat":"repeat","background-position":"center center","background-size":"auto","background-attachment":"scroll","background-type":"","background-media":"","overlay-type":"","overlay-color":"","overlay-opacity":"","overlay-gradient":""},"tablet":{"background-color":"var(--ast-global-color-5)","background-image":"","background-repeat":"repeat","background-position":"center center","background-size":"auto","background-attachment":"scroll","background-type":"","background-media":"","overlay-type":"","overlay-color":"","overlay-opacity":"","overlay-gradient":""},"mobile":{"background-color":"var(--ast-global-color-5)","background-image":"","background-repeat":"repeat","background-position":"center center","background-size":"auto","background-attachment":"scroll","background-type":"","background-media":"","overlay-type":"","overlay-color":"","overlay-opacity":"","overlay-gradient":""}},"footnotes":""},"class_list":["post-399","page","type-page","status-publish","hentry"],"post_mailing_queue_ids":[],"_links":{"self":[{"href":"https:\/\/serveiseducatius.xtec.cat\/noguera\/wp-json\/wp\/v2\/pages\/399","targetHints":{"allow":["GET"]}}],"collection":[{"href":"https:\/\/serveiseducatius.xtec.cat\/noguera\/wp-json\/wp\/v2\/pages"}],"about":[{"href":"https:\/\/serveiseducatius.xtec.cat\/noguera\/wp-json\/wp\/v2\/types\/page"}],"author":[{"embeddable":true,"href":"https:\/\/serveiseducatius.xtec.cat\/noguera\/wp-json\/wp\/v2\/users\/1"}],"replies":[{"embeddable":true,"href":"https:\/\/serveiseducatius.xtec.cat\/noguera\/wp-json\/wp\/v2\/comments?post=399"}],"version-history":[{"count":2,"href":"https:\/\/serveiseducatius.xtec.cat\/noguera\/wp-json\/wp\/v2\/pages\/399\/revisions"}],"predecessor-version":[{"id":11018,"href":"https:\/\/serveiseducatius.xtec.cat\/noguera\/wp-json\/wp\/v2\/pages\/399\/revisions\/11018"}],"up":[{"embeddable":true,"href":"https:\/\/serveiseducatius.xtec.cat\/noguera\/wp-json\/wp\/v2\/pages\/11013"}],"wp:attachment":[{"href":"https:\/\/serveiseducatius.xtec.cat\/noguera\/wp-json\/wp\/v2\/media?parent=399"}],"curies":[{"name":"wp","href":"https:\/\/api.w.org\/{rel}","templated":true}]}}