{"id":320,"date":"2016-06-02T10:02:19","date_gmt":"2016-06-02T08:02:19","guid":{"rendered":"http:\/\/blocs.xtec.cat\/experimentsdepelicula\/?page_id=320"},"modified":"2021-10-25T11:01:00","modified_gmt":"2021-10-25T09:01:00","slug":"videos-premiats-3a-edicio-2015-2016","status":"publish","type":"page","link":"https:\/\/serveiseducatius.xtec.cat\/noguera\/dinamica\/experiments\/videos-premiats\/videos-premiats-3a-edicio-2015-2016\/","title":{"rendered":"V\u00eddeos premiats 3a edici\u00f3 (2015-2016)"},"content":{"rendered":"<p><iframe loading=\"lazy\" src=\"https:\/\/www.youtube.com\/embed\/WJpOPXKdkOg\" width=\"560\" height=\"315\" frameborder=\"0\" allowfullscreen=\"allowfullscreen\"><\/iframe><\/p>\n<p>Alumnes premiats:<\/p>\n<h2><strong>Categoria A (Educaci\u00f3 Infanitl i Cicle Inicial d\u2019Educaci\u00f3 Prim\u00e0ria)<\/strong><\/h2>\n<p><strong><em>Fem uns pulmons.<\/em><\/strong><\/p>\n<p>Escola Mont-roig (Balaguer)<\/p>\n<p><strong>Professorat responsable:<\/strong> N\u00faria Gri\u00f1\u00f3 Sol\u00e9<\/p>\n<p><strong>Alumnat: <\/strong>Tota la classe de P-5 de Les llaminadures (25 alumnes). Chaymae Al Jarroudi, Abril Aznar Garret, Arnau Barea Medialdea, Mohamed Amine Boutankhar, Olivia Buend\u00eda L\u00f3pez de Mar\u00eda, Ariadna Cases Barra, Si Hong Chen, Marc C\u00f3rdoba Giralt, Lluc Del Barrio Balasch, Sara El Moudni, Oriol Feliu Bertran, Aina Ferran Pini\u00e9s, Eloi Giralt Pons, Alan Guevara Villada, X\u00e8nia Jim\u00e9nez V\u00e9lez, Jordi Antonio Linares Tisoy, Tula Llena Vilalta, Sara Mayals Molina, Nashira Ojeda Ortega, Jan Daniel Pa\u00fcls Borr\u00e0s, Mart\u00ed Pedra Roldan, Iker P\u00e9rez Gordo, \u00c0lex Pijuan Rodr\u00edguez, X\u00e8nia Rodenas Casta\u00f1o, Paula Segura Prieto.<\/p>\n<h2><strong>Categoria B (Cicle Mitj\u00e0 i Cicle Superior d\u2019Educaci\u00f3 Prim\u00e0ria)<\/strong><\/h2>\n<p><strong><em>La bombeta<\/em><\/strong><\/p>\n<p>Escola Mont-roig (Balaguer)<\/p>\n<p><strong>Professorat responsable:<\/strong> Anna Satorra<\/p>\n<p><strong>Alumnat:<\/strong>\u00a0 (5 alumnes de 6\u00e8 de Prim\u00e0ria de la classe de La recta final) Habiba Aouichi, Jan Burgu\u00e9s, Adri\u00e0 Farr\u00e9, Albert Marcelino, Selena S\u00e1nchez.<\/p>\n<h2><strong>Categoria C (Educaci\u00f3 Secund\u00e0ria Obligat\u00f2ria i Postobligat\u00f2ria)<\/strong><\/h2>\n<p><strong><em>M\u00e0gia o Ci\u00e8ncia? El Limon\u00e8<\/em><\/strong><\/p>\n<p>Institut Ciutat de Balaguer (Balaguer)<\/p>\n<p><strong>Professorat responsable:<\/strong> Rosa Maria Florensa<\/p>\n<p><strong>Alumnat: <\/strong>(4 alumnes de 1r batxillerat) Anna Camp\u00e0s Sol\u00e0, Vict\u00f2ria Carreras Sol\u00e0, Carla Muns\u00f3 Camp\u00e0s i Izarbe Perales Rios.<\/p>\n","protected":false},"excerpt":{"rendered":"<p>Alumnes premiats: Categoria A (Educaci\u00f3 Infanitl i Cicle Inicial d\u2019Educaci\u00f3 Prim\u00e0ria) Fem uns pulmons. Escola Mont-roig (Balaguer) Professorat responsable: N\u00faria Gri\u00f1\u00f3 Sol\u00e9 Alumnat: Tota la classe de P-5 de Les llaminadures (25 alumnes). Chaymae Al Jarroudi, Abril Aznar Garret, Arnau Barea Medialdea, Mohamed Amine Boutankhar, Olivia Buend\u00eda L\u00f3pez de Mar\u00eda, Ariadna Cases Barra, Si Hong [&hellip;]<\/p>\n","protected":false},"author":1,"featured_media":0,"parent":11013,"menu_order":97,"comment_status":"closed","ping_status":"closed","template":"page-templates\/side-menu.php","meta":{"_bbp_topic_count":0,"_bbp_reply_count":0,"_bbp_total_topic_count":0,"_bbp_total_reply_count":0,"_bbp_voice_count":0,"_bbp_anonymous_reply_count":0,"_bbp_topic_count_hidden":0,"_bbp_reply_count_hidden":0,"_bbp_forum_subforum_count":0,"site-sidebar-layout":"default","site-content-layout":"","ast-site-content-layout":"","site-content-style":"default","site-sidebar-style":"default","ast-global-header-display":"","ast-banner-title-visibility":"","ast-main-header-display":"","ast-hfb-above-header-display":"","ast-hfb-below-header-display":"","ast-hfb-mobile-header-display":"","site-post-title":"","ast-breadcrumbs-content":"","ast-featured-img":"","footer-sml-layout":"","theme-transparent-header-meta":"","adv-header-id-meta":"","stick-header-meta":"","header-above-stick-meta":"","header-main-stick-meta":"","header-below-stick-meta":"","astra-migrate-meta-layouts":"default","ast-page-background-enabled":"default","ast-page-background-meta":{"desktop":{"background-color":"var(--ast-global-color-4)","background-image":"","background-repeat":"repeat","background-position":"center center","background-size":"auto","background-attachment":"scroll","background-type":"","background-media":"","overlay-type":"","overlay-color":"","overlay-opacity":"","overlay-gradient":""},"tablet":{"background-color":"","background-image":"","background-repeat":"repeat","background-position":"center center","background-size":"auto","background-attachment":"scroll","background-type":"","background-media":"","overlay-type":"","overlay-color":"","overlay-opacity":"","overlay-gradient":""},"mobile":{"background-color":"","background-image":"","background-repeat":"repeat","background-position":"center center","background-size":"auto","background-attachment":"scroll","background-type":"","background-media":"","overlay-type":"","overlay-color":"","overlay-opacity":"","overlay-gradient":""}},"ast-content-background-meta":{"desktop":{"background-color":"var(--ast-global-color-5)","background-image":"","background-repeat":"repeat","background-position":"center center","background-size":"auto","background-attachment":"scroll","background-type":"","background-media":"","overlay-type":"","overlay-color":"","overlay-opacity":"","overlay-gradient":""},"tablet":{"background-color":"var(--ast-global-color-5)","background-image":"","background-repeat":"repeat","background-position":"center center","background-size":"auto","background-attachment":"scroll","background-type":"","background-media":"","overlay-type":"","overlay-color":"","overlay-opacity":"","overlay-gradient":""},"mobile":{"background-color":"var(--ast-global-color-5)","background-image":"","background-repeat":"repeat","background-position":"center center","background-size":"auto","background-attachment":"scroll","background-type":"","background-media":"","overlay-type":"","overlay-color":"","overlay-opacity":"","overlay-gradient":""}},"footnotes":""},"class_list":["post-320","page","type-page","status-publish","hentry"],"post_mailing_queue_ids":[],"_links":{"self":[{"href":"https:\/\/serveiseducatius.xtec.cat\/noguera\/wp-json\/wp\/v2\/pages\/320","targetHints":{"allow":["GET"]}}],"collection":[{"href":"https:\/\/serveiseducatius.xtec.cat\/noguera\/wp-json\/wp\/v2\/pages"}],"about":[{"href":"https:\/\/serveiseducatius.xtec.cat\/noguera\/wp-json\/wp\/v2\/types\/page"}],"author":[{"embeddable":true,"href":"https:\/\/serveiseducatius.xtec.cat\/noguera\/wp-json\/wp\/v2\/users\/1"}],"replies":[{"embeddable":true,"href":"https:\/\/serveiseducatius.xtec.cat\/noguera\/wp-json\/wp\/v2\/comments?post=320"}],"version-history":[{"count":1,"href":"https:\/\/serveiseducatius.xtec.cat\/noguera\/wp-json\/wp\/v2\/pages\/320\/revisions"}],"predecessor-version":[{"id":11016,"href":"https:\/\/serveiseducatius.xtec.cat\/noguera\/wp-json\/wp\/v2\/pages\/320\/revisions\/11016"}],"up":[{"embeddable":true,"href":"https:\/\/serveiseducatius.xtec.cat\/noguera\/wp-json\/wp\/v2\/pages\/11013"}],"wp:attachment":[{"href":"https:\/\/serveiseducatius.xtec.cat\/noguera\/wp-json\/wp\/v2\/media?parent=320"}],"curies":[{"name":"wp","href":"https:\/\/api.w.org\/{rel}","templated":true}]}}