{"id":306,"date":"2015-11-24T18:02:44","date_gmt":"2015-11-24T17:02:44","guid":{"rendered":"http:\/\/serveiseducatius.xtec.cat\/noguera\/?page_id=306"},"modified":"2025-09-04T15:09:35","modified_gmt":"2025-09-04T13:09:35","slug":"equip","status":"publish","type":"page","link":"https:\/\/serveiseducatius.xtec.cat\/noguera\/el-servei-educatiu\/equip\/","title":{"rendered":"Equip"},"content":{"rendered":"<p>Els <strong>Serveis Educatius<\/strong> del Departament d&#8217;Educaci\u00f3 i Formaci\u00f3 Professional donen suport i assessorament als centres educatius p\u00fablics i privats concertats de nivells educatius no universitaris. Cada servei educatiu est\u00e0 format per un equip multidisciplinari que ofereix els seg\u00fcents serveis:<\/p>\n<ul>\n<li>Suport i assessorament en estrat\u00e8gies organitzatives, did\u00e0ctiques i metodol\u00f2giques per a l\u2019assoliment de les <strong>compet\u00e8ncies b\u00e0siques.<\/strong><\/li>\n<li>Suport en la <strong>tutoria i l\u2019orientaci\u00f3<\/strong> educativa.<\/li>\n<li><strong>Detecci\u00f3 preco\u00e7<\/strong> de les dificultats d\u2019aprenentatge, socials, motrius i fer avaluacions psicopedag\u00f2giques.<\/li>\n<li>Assessorament sobre el proc\u00e9s d\u2019escolaritzaci\u00f3 en <strong>necessitats educatives espec\u00edfiques i especials<\/strong> (NESE).<\/li>\n<li>Assessorament sobre <strong>adaptacions curriculars individuals<\/strong> (CI).<\/li>\n<li>Suport en la <strong>prevenci\u00f3 de l\u2019abandonament escolar<\/strong> prematur.<\/li>\n<li>Suport en el tractament integrat de <strong>llengua i continguts<\/strong>.<\/li>\n<li>Planificaci\u00f3 i gesti\u00f3 del cat\u00e0leg de <strong>formaci\u00f3 del professorat<\/strong> de la zona.<\/li>\n<li>Suport i assessorament en did\u00e0ctica, <strong>innovaci\u00f3<\/strong> i\/o <strong>planificaci\u00f3<\/strong>: plans de millora, compet\u00e8ncia digital, suport a la lectura\u2026<\/li>\n<li><strong>Servei de pr\u00e9stec<\/strong> de maquinari, v\u00eddeos i textos especialitzats en temes educatius.<\/li>\n<li>Suport a <strong>projectes internacionals<\/strong> pel desenvolupament del <strong>pluriling\u00fcisme<\/strong> i de les <strong>compet\u00e8ncies comunicatives<\/strong> dels alumnes.<\/li>\n<\/ul>\n<p>L&#8217;\u00e0mbit d&#8217;actuaci\u00f3 del servei educatiu\u00a0\u00e9s la comarca de La Noguera a m\u00e9s d&#8217;algunes poblacions de comarques ve\u00efnes que, per motius diversos (pertinen\u00e7a a una ZER o a una zona d&#8217;inspecci\u00f3), s&#8217;integren al territori.<\/p>\n<h4>Qui pot fer la demanda dels serveis?<\/h4>\n<ul>\n<li>Els centres, mitjan\u00e7ant els seus equips de direcci\u00f3.<\/li>\n<li>Col\u00b7lectius de docents, d\u2019especialitat, de nivell, d\u2019interessos, etc.<\/li>\n<li>Els docents directament.<\/li>\n<li>Altres entitats vinculades a l\u2019Educaci\u00f3.<\/li>\n<\/ul>\n<h4>Com es fa la demanda?<\/h4>\n<p>Trucant al tel\u00e8fon\u00a0<strong>973 44 63 62<\/strong>\u00a0o enviant un correu electr\u00f2nic a\u00a0<strong>se-noguera@xtec.cat<\/strong><strong>El Servei Educatiu de la Noguera est\u00e0 format per un conjunt de professionals de diferents disciplines que treballen conj<a href=\"https:\/\/serveiseducatius.xtec.cat\/noguera\/wp-content\/uploads\/usu1149\/2022\/11\/Presentacio-sense-titol-e1668604093818.png\"><img loading=\"lazy\" decoding=\"async\" class=\"wp-image-12312 alignright\" src=\"https:\/\/serveiseducatius.xtec.cat\/noguera\/wp-content\/uploads\/usu1149\/2022\/11\/Presentacio-sense-titol-e1668604093818.png\" alt=\"\" width=\"560\" height=\"312\" srcset=\"https:\/\/serveiseducatius.xtec.cat\/noguera\/wp-content\/uploads\/usu1149\/2022\/11\/Presentacio-sense-titol-e1668604093818.png 775w, https:\/\/serveiseducatius.xtec.cat\/noguera\/wp-content\/uploads\/usu1149\/2022\/11\/Presentacio-sense-titol-e1668604093818-300x167.png 300w, https:\/\/serveiseducatius.xtec.cat\/noguera\/wp-content\/uploads\/usu1149\/2022\/11\/Presentacio-sense-titol-e1668604093818-768x428.png 768w\" sizes=\"auto, (max-width: 560px) 100vw, 560px\" \/><\/a>untament, per poder donar respostes educatives integrals als centres educatius del territori. <\/strong><\/p>\n<p><em>(Feu clic <a href=\"https:\/\/serveiseducatius.xtec.cat\/noguera\/el-servei-educatiu\/equip\/eap\/\">al men\u00fa esquerre<\/a>\u00a0 o sobre els enlla\u00e7os per veure la relaci\u00f3 de professionals adscrits als centres)<\/em><\/p>\n<ul style=\"list-style-type: disc;\">\n<li><a href=\"https:\/\/serveiseducatius.xtec.cat\/noguera\/el-servei-educatiu\/equip\/eap\/\"><strong>EAP<\/strong>\u00a0<\/a> Els Equips d\u2019Assessorament Psicopedag\u00f2gic s\u00f3n equips d\u2019assessorament i orientaci\u00f3 psicopedag\u00f2gic que donen suport al professorat i als centres educatius en la resposta a la diversitat de l\u2019alumnat i en relaci\u00f3 amb els alumnes que presenten necessitats espec\u00edfiques de suport educatiu, aix\u00ed com a les seves fam\u00edlies.<\/li>\n<li><a href=\"https:\/\/serveiseducatius.xtec.cat\/noguera\/el-servei-educatiu\/equip\/crp\/\"><strong>CRP<\/strong> <\/a>El Centre de Recursos Pedag\u00f2gics \u00e9s un equip que d\u00f3na suport a l\u2019activitat pedag\u00f2gica dels centres i a la tasca docent de mestres i professorat, especialment, en temes de formaci\u00f3 permanent, de recursos pedag\u00f2gics i de dinamitzaci\u00f3 de projectes de centre i de la zona. Tamb\u00e9 inclou un educador social del programa Reconnect-ES que treballa per la reducci\u00f3 de l&#8217;abandonament escolar prematur.<\/li>\n<li><a href=\"https:\/\/serveiseducatius.xtec.cat\/noguera\/el-servei-educatiu\/equip\/lic\/\"><strong>LIC<\/strong> <\/a>L&#8217;Assessora de llengua, interculturalitat i cohesi\u00f3 social d\u00f3na suport al professorat en l\u2019atenci\u00f3 a la diversitat relacionada amb l\u2019alumnat, especialment procedent de la immigraci\u00f3 i\/o amb l\u2019alumnat amb risc d\u2019exclusi\u00f3 social, en l\u2019\u00e0mbit dels centres educatius i els plans educatius d\u2019entorn.<\/li>\n<li><a href=\"https:\/\/serveiseducatius.xtec.cat\/noguera\/el-servei-educatiu\/equip\/creda\/\"><strong>CREDA<\/strong> <\/a>(Centre de recursos educatius per a deficients auditius) s\u00f3n serveis educatius espec\u00edfics de refor\u00e7 a la tasca docent del professorat pel que fa a alumnes amb greus dificultats d\u2019audici\u00f3 i\/o llenguatge.<\/li>\n<\/ul>\n<p><strong>El Servei Educatiu de la Noguera tamb\u00e9 treballa de forma coordinada amb:<\/strong><\/p>\n<ul>\n<li><a href=\"https:\/\/projectes.xtec.cat\/edc-suport\/mentoria-digital\/?_ga=2.169009953.1081745486.1668590967-1857927181.1610364950\"><strong>Equip de mentors digitals.<\/strong><\/a> Col\u00b7laboren amb els centres de la Noguera en el treball de pensament computacional als centres de la zona<\/li>\n<li><a href=\"https:\/\/www.balaguer.cat\/portal\/12\/?EC=ReadArticle&amp;ArticleID=13134\"><strong>Oficina Municipal d&#8217;Escolaritzaci\u00f3 (OME) de la Paeria de Balaguer.<\/strong><\/a> Aquest organisme local t\u00e9 la seu a l&#8217;edifici del Servei Educatiu, i treballa de forma conjunta amb la Comissi\u00f3 local de garanties d&#8217;escolaritzaci\u00f3 per assignar pla\u00e7a escolar a l&#8217;alumnat arribat a la ciutat de Balaguer fora dels per\u00edodes de preinscripci\u00f3 (matr\u00edcula viva)<\/li>\n<li><span style=\"color: #1fa9cc;\"><strong>Pla Educatiu d&#8217;Entorn de Balaguer<\/strong><\/span><\/li>\n<li><span style=\"color: #1fa9cc;\"><strong>Pla Educatiu d&#8217;Entorn d&#8217;Artesa de Segre<\/strong><\/span><\/li>\n<li><strong><a href=\"https:\/\/xtec.gencat.cat\/web\/.content\/alfresco\/d\/d\/workspace\/SpacesStore\/0071\/a72d6c9b-f940-4d6e-bbee-34645026f92d\/Projecte_promocio-escolar.pdf\">Promotor escolar del poble gitano<\/a>.<\/strong> Els seus objectius s\u00f3n aconseguir l\u2019escolaritzaci\u00f3 plena de l\u2019alumnat gitano a les diferents<br \/>\netapes del sistema educatiu de Catalunya mitjan\u00e7ant la prevenci\u00f3, la diagnosi i l\u2019actuaci\u00f3 preco\u00e7 contra l\u2019absentisme i el frac\u00e0s escolar, contribuir a l\u2019\u00e8xit escolar i a la promoci\u00f3 sociolaboral de l\u2019alumnat gitano, i potenciar la visibilitzaci\u00f3 i els valors de la cultura gitana dins el curr\u00edculum escolar i la vida del centre educatiu.<\/li>\n<li><a href=\"https:\/\/serveiseducatius.xtec.cat\/cda-noguera\/\"><strong>Camp d\u2019Aprenentatge de la Noguera<\/strong><\/a>. Els camps d\u2019aprenentatge (CdA) s\u00f3n serveis educatius que treballen conjuntament amb els centres educatius per promoure l\u2019aprenentatge de l\u2019alumnat a trav\u00e9s d\u2019oferir activitats did\u00e0ctiques innovadores realitzades en un medi natural o cultural singular de Catalunya i contribuir a l\u2019aprofundiment de la formaci\u00f3 competencial de l\u2019alumne. Tenim un fluid canal de comunicaci\u00f3 amb el CdA de la Noguera, que t\u00e9 la seu a Sant Lloren\u00e7 de Montgai, amb el que col\u00b7laborem en la difusi\u00f3 de propostes pedag\u00f2giques i l&#8217;organitzaci\u00f3 d&#8217;actes i jornades.<\/li>\n<\/ul>\n","protected":false},"excerpt":{"rendered":"<p>Els Serveis Educatius del Departament d&#8217;Educaci\u00f3 i Formaci\u00f3 Professional donen suport i assessorament als centres educatius p\u00fablics i privats concertats de nivells educatius no universitaris. Cada servei educatiu est\u00e0 format per un equip multidisciplinari que ofereix els seg\u00fcents serveis: Suport i assessorament en estrat\u00e8gies organitzatives, did\u00e0ctiques i metodol\u00f2giques per a l\u2019assoliment de les compet\u00e8ncies b\u00e0siques. [&hellip;]<\/p>\n","protected":false},"author":1,"featured_media":0,"parent":806,"menu_order":20,"comment_status":"closed","ping_status":"closed","template":"","meta":{"_bbp_topic_count":0,"_bbp_reply_count":0,"_bbp_total_topic_count":0,"_bbp_total_reply_count":0,"_bbp_voice_count":0,"_bbp_anonymous_reply_count":0,"_bbp_topic_count_hidden":0,"_bbp_reply_count_hidden":0,"_bbp_forum_subforum_count":0,"site-sidebar-layout":"default","site-content-layout":"","ast-site-content-layout":"default","site-content-style":"default","site-sidebar-style":"default","ast-global-header-display":"","ast-banner-title-visibility":"","ast-main-header-display":"","ast-hfb-above-header-display":"","ast-hfb-below-header-display":"","ast-hfb-mobile-header-display":"","site-post-title":"","ast-breadcrumbs-content":"","ast-featured-img":"","footer-sml-layout":"","theme-transparent-header-meta":"default","adv-header-id-meta":"","stick-header-meta":"","header-above-stick-meta":"","header-main-stick-meta":"","header-below-stick-meta":"","astra-migrate-meta-layouts":"set","ast-page-background-enabled":"default","ast-page-background-meta":{"desktop":{"background-color":"var(--ast-global-color-4)","background-image":"","background-repeat":"repeat","background-position":"center center","background-size":"auto","background-attachment":"scroll","background-type":"","background-media":"","overlay-type":"","overlay-color":"","overlay-opacity":"","overlay-gradient":""},"tablet":{"background-color":"","background-image":"","background-repeat":"repeat","background-position":"center center","background-size":"auto","background-attachment":"scroll","background-type":"","background-media":"","overlay-type":"","overlay-color":"","overlay-opacity":"","overlay-gradient":""},"mobile":{"background-color":"","background-image":"","background-repeat":"repeat","background-position":"center center","background-size":"auto","background-attachment":"scroll","background-type":"","background-media":"","overlay-type":"","overlay-color":"","overlay-opacity":"","overlay-gradient":""}},"ast-content-background-meta":{"desktop":{"background-color":"var(--ast-global-color-5)","background-image":"","background-repeat":"repeat","background-position":"center center","background-size":"auto","background-attachment":"scroll","background-type":"","background-media":"","overlay-type":"","overlay-color":"","overlay-opacity":"","overlay-gradient":""},"tablet":{"background-color":"var(--ast-global-color-5)","background-image":"","background-repeat":"repeat","background-position":"center center","background-size":"auto","background-attachment":"scroll","background-type":"","background-media":"","overlay-type":"","overlay-color":"","overlay-opacity":"","overlay-gradient":""},"mobile":{"background-color":"var(--ast-global-color-5)","background-image":"","background-repeat":"repeat","background-position":"center center","background-size":"auto","background-attachment":"scroll","background-type":"","background-media":"","overlay-type":"","overlay-color":"","overlay-opacity":"","overlay-gradient":""}},"footnotes":""},"class_list":["post-306","page","type-page","status-publish","hentry"],"post_mailing_queue_ids":[],"_links":{"self":[{"href":"https:\/\/serveiseducatius.xtec.cat\/noguera\/wp-json\/wp\/v2\/pages\/306","targetHints":{"allow":["GET"]}}],"collection":[{"href":"https:\/\/serveiseducatius.xtec.cat\/noguera\/wp-json\/wp\/v2\/pages"}],"about":[{"href":"https:\/\/serveiseducatius.xtec.cat\/noguera\/wp-json\/wp\/v2\/types\/page"}],"author":[{"embeddable":true,"href":"https:\/\/serveiseducatius.xtec.cat\/noguera\/wp-json\/wp\/v2\/users\/1"}],"replies":[{"embeddable":true,"href":"https:\/\/serveiseducatius.xtec.cat\/noguera\/wp-json\/wp\/v2\/comments?post=306"}],"version-history":[{"count":8,"href":"https:\/\/serveiseducatius.xtec.cat\/noguera\/wp-json\/wp\/v2\/pages\/306\/revisions"}],"predecessor-version":[{"id":15080,"href":"https:\/\/serveiseducatius.xtec.cat\/noguera\/wp-json\/wp\/v2\/pages\/306\/revisions\/15080"}],"up":[{"embeddable":true,"href":"https:\/\/serveiseducatius.xtec.cat\/noguera\/wp-json\/wp\/v2\/pages\/806"}],"wp:attachment":[{"href":"https:\/\/serveiseducatius.xtec.cat\/noguera\/wp-json\/wp\/v2\/media?parent=306"}],"curies":[{"name":"wp","href":"https:\/\/api.w.org\/{rel}","templated":true}]}}