{"id":15918,"date":"2025-12-17T09:43:26","date_gmt":"2025-12-17T08:43:26","guid":{"rendered":"https:\/\/serveiseducatius.xtec.cat\/noguera\/?page_id=15918"},"modified":"2025-12-17T09:44:53","modified_gmt":"2025-12-17T08:44:53","slug":"diari-curricular","status":"publish","type":"page","link":"https:\/\/serveiseducatius.xtec.cat\/noguera\/diari-curricular\/","title":{"rendered":"Diari curricular"},"content":{"rendered":"<p>El diari curricular facilita tenir informaci\u00f3 b\u00e0sica dels elements curriculars que s\u2019han treballat en un grup classe al llarg d\u2019un per\u00edode i regular la programaci\u00f3.<\/p>\n<p>\u00c9s un\u00a0<b>instrument que faciliti la recollida de la informaci\u00f3<\/b>\u00a0b\u00e0sica dels elements curriculars que s\u2019han treballat i es treballen en un grup classe i aix\u00ed poder:<\/p>\n<ol>\n<li>Recollir la informaci\u00f3 b\u00e0sica dels elements curriculars que ha treballat un grup d\u2019alumnes en el seu pas per l\u2019escola.<\/li>\n<li>Afavorir el treball col\u00b7laboratiu entre els docents tot facilitant que la informaci\u00f3 sobre els ensenyaments sigui compartida<\/li>\n<li>Regular la programaci\u00f3 del grup prenent decisions en funci\u00f3 dels objectius i les prioritats acordades pel centre, el cicle o el nivell.<\/li>\n<li style=\"list-style-type: none;\">\n<ol>\n<li style=\"list-style-type: none;\"><\/li>\n<\/ol>\n<\/li>\n<\/ol>\n<p>Aquesta eina ha estat pilotada en fase de proves als centres de la Xarxa de Compet\u00e8ncies i, un cop validada la seva utilitat, el seu \u00fas pot fer-se extensiu a tots els centres p\u00fablics.<\/p>\n<p>Els centres interessats a tenir acc\u00e9s\u00a0<a href=\"https:\/\/docs.google.com\/forms\/d\/e\/1FAIpQLSfuCQXnMV3yy_f8xV6nRx2nvjt3n3Zy7mI7S94Zo_EXUx3yhA\/viewform\" target=\"_blank\" rel=\"noopener\">han d\u2019omplir el seg\u00fcent formulari<\/a>. En funci\u00f3 de les demandes que tinguem de la zona es valorar\u00e0 la possibilitat de fer una petita formaci\u00f3 al respecte.<\/p>\n<p>Aprofitem aquest article per recordar-vos que aquesta eina pot ser complementada amb la proposta dels companys de l\u2019Alt Urgell per facilitar la programaci\u00f3 de les Situacions d\u2019Aprenentatge a les diferents etapes educatives del nou curr\u00edculum que ja vam presentar fa uns mesos.<\/p>\n<p>Es tracta de documents de google sheets (full de c\u00e0lcul)\u00a0<strong>on trobareu tots els apartats del curr\u00edculum en llistes desplegables<\/strong>\u00a0<strong>condicionades<\/strong>\u00a0segons l\u2019etapa educativa:<\/p>\n<ul>\n<li><strong><a href=\"https:\/\/docs.google.com\/spreadsheets\/d\/1hng1s7s1foLsOm3I5dQMVjV6LHd9kuVZeOAJitffmPY\/template\/preview\" target=\"_blank\" rel=\"noopener\">SA Infantil<\/a><\/strong><\/li>\n<li><strong><a href=\"https:\/\/docs.google.com\/spreadsheets\/d\/1CneWJSMfG68aicSw2grkUP8iTuT5OoITTaA4H_uiESE\/template\/preview\" target=\"_blank\" rel=\"noopener\">SA Prim\u00e0ria<\/a><\/strong><\/li>\n<li><strong><a href=\"https:\/\/docs.google.com\/spreadsheets\/d\/1_5izqNTV7XeDDRwS0kNaHCksHhifiTLrh987btfu5cU\/template\/preview\" target=\"_blank\" rel=\"noopener\">SA ESO<\/a><\/strong><\/li>\n<\/ul>\n<p><strong>Instruccions d\u2019\u00fas:<\/strong><\/p>\n<ol>\n<li><strong>Clica a l\u2019enlla\u00e7 corresponent (prim\u00e0ria\u00a0\/\u00a0infantil\u00a0\/\u00a0ESO)<\/strong><\/li>\n<li><strong>Un cop dins el fitxer, clica a\u00a0<em>Fitxer \/ Fes una c\u00f2pia\u00a0<\/em><\/strong>(a partir d\u2019aquest moment, el fitxer ja \u00e9s nom\u00e9s teu: pots fer tots els canvis que vulguis, compartir-lo, etc).<strong><em><br \/>\n<\/em><\/strong><\/li>\n<li><strong>Moveu-vos pel fitxer amb els botons de la dreta<\/strong>\u00a0(el primer cop que cliqueu en un bot\u00f3 us demanar\u00e0 perm\u00eds per executar un script: trieu\u00a0<em>Permet<\/em>\u00a0i ja no us ho demanar\u00e0 m\u00e9s)\u00a0<strong>o b\u00e9 amb les pestanyes inferiors.<\/strong><\/li>\n<li><strong>Indiqueu el Cicle \/ Curs \/ Eix (o \u00c0rea o Mat\u00e8ria) i tota la part \u201coficial\u201d que haur\u00edeu de buscar als nous curr\u00edculums la trobareu en llistes desplegables en les diferents pestanyes.<\/strong><\/li>\n<li><strong>Quan hagueu acabat, si ho necessiteu, imprimiu tot el \u201c<em>Llibre de treball<\/em>\u201d.<\/strong><\/li>\n<\/ol>\n<p>&nbsp;<\/p>\n<p><strong>Finalment trobeu en aquest\u00a0<a href=\"http:\/\/ja.cat\/model_programacio\">enlla\u00e7<\/a>\u00a0una altra eina creada per Jaume Feliu que permet desenvolupar un model de programaci\u00f3 basat en Situacions d\u2019Aprenentatge per ESO<\/strong>.<\/p>\n<p><a href=\"https:\/\/serveiseducatius.xtec.cat\/solsones\/wp-content\/uploads\/usu1176\/2024\/01\/SdA_Jaume_Feliu.jpg\"><img loading=\"lazy\" decoding=\"async\" class=\"wp-image-14900 aligncenter\" src=\"https:\/\/serveiseducatius.xtec.cat\/solsones\/wp-content\/uploads\/usu1176\/2024\/01\/SdA_Jaume_Feliu-1024x542.jpg\" sizes=\"auto, (max-width: 573px) 100vw, 573px\" srcset=\"https:\/\/serveiseducatius.xtec.cat\/solsones\/wp-content\/uploads\/usu1176\/2024\/01\/SdA_Jaume_Feliu-1024x542.jpg 1024w, https:\/\/serveiseducatius.xtec.cat\/solsones\/wp-content\/uploads\/usu1176\/2024\/01\/SdA_Jaume_Feliu-300x159.jpg 300w, https:\/\/serveiseducatius.xtec.cat\/solsones\/wp-content\/uploads\/usu1176\/2024\/01\/SdA_Jaume_Feliu-768x407.jpg 768w, https:\/\/serveiseducatius.xtec.cat\/solsones\/wp-content\/uploads\/usu1176\/2024\/01\/SdA_Jaume_Feliu.jpg 1331w\" alt=\"\" width=\"573\" height=\"303\" \/><\/a><\/p>\n","protected":false},"excerpt":{"rendered":"<p>El diari curricular facilita tenir informaci\u00f3 b\u00e0sica dels elements curriculars que s\u2019han treballat en un grup classe al llarg d\u2019un per\u00edode i regular la programaci\u00f3. \u00c9s un\u00a0instrument que faciliti la recollida de la informaci\u00f3\u00a0b\u00e0sica dels elements curriculars que s\u2019han treballat i es treballen en un grup classe i aix\u00ed poder: Recollir la informaci\u00f3 b\u00e0sica dels [&hellip;]<\/p>\n","protected":false},"author":28,"featured_media":0,"parent":0,"menu_order":0,"comment_status":"closed","ping_status":"closed","template":"","meta":{"_bbp_topic_count":0,"_bbp_reply_count":0,"_bbp_total_topic_count":0,"_bbp_total_reply_count":0,"_bbp_voice_count":0,"_bbp_anonymous_reply_count":0,"_bbp_topic_count_hidden":0,"_bbp_reply_count_hidden":0,"_bbp_forum_subforum_count":0,"site-sidebar-layout":"default","site-content-layout":"","ast-site-content-layout":"default","site-content-style":"default","site-sidebar-style":"default","ast-global-header-display":"","ast-banner-title-visibility":"","ast-main-header-display":"","ast-hfb-above-header-display":"","ast-hfb-below-header-display":"","ast-hfb-mobile-header-display":"","site-post-title":"","ast-breadcrumbs-content":"","ast-featured-img":"","footer-sml-layout":"","theme-transparent-header-meta":"default","adv-header-id-meta":"","stick-header-meta":"","header-above-stick-meta":"","header-main-stick-meta":"","header-below-stick-meta":"","astra-migrate-meta-layouts":"set","ast-page-background-enabled":"default","ast-page-background-meta":{"desktop":{"background-color":"var(--ast-global-color-4)","background-image":"","background-repeat":"repeat","background-position":"center center","background-size":"auto","background-attachment":"scroll","background-type":"","background-media":"","overlay-type":"","overlay-color":"","overlay-opacity":"","overlay-gradient":""},"tablet":{"background-color":"","background-image":"","background-repeat":"repeat","background-position":"center center","background-size":"auto","background-attachment":"scroll","background-type":"","background-media":"","overlay-type":"","overlay-color":"","overlay-opacity":"","overlay-gradient":""},"mobile":{"background-color":"","background-image":"","background-repeat":"repeat","background-position":"center center","background-size":"auto","background-attachment":"scroll","background-type":"","background-media":"","overlay-type":"","overlay-color":"","overlay-opacity":"","overlay-gradient":""}},"ast-content-background-meta":{"desktop":{"background-color":"var(--ast-global-color-5)","background-image":"","background-repeat":"repeat","background-position":"center center","background-size":"auto","background-attachment":"scroll","background-type":"","background-media":"","overlay-type":"","overlay-color":"","overlay-opacity":"","overlay-gradient":""},"tablet":{"background-color":"var(--ast-global-color-5)","background-image":"","background-repeat":"repeat","background-position":"center center","background-size":"auto","background-attachment":"scroll","background-type":"","background-media":"","overlay-type":"","overlay-color":"","overlay-opacity":"","overlay-gradient":""},"mobile":{"background-color":"var(--ast-global-color-5)","background-image":"","background-repeat":"repeat","background-position":"center center","background-size":"auto","background-attachment":"scroll","background-type":"","background-media":"","overlay-type":"","overlay-color":"","overlay-opacity":"","overlay-gradient":""}},"footnotes":""},"class_list":["post-15918","page","type-page","status-publish","hentry"],"post_mailing_queue_ids":[],"_links":{"self":[{"href":"https:\/\/serveiseducatius.xtec.cat\/noguera\/wp-json\/wp\/v2\/pages\/15918","targetHints":{"allow":["GET"]}}],"collection":[{"href":"https:\/\/serveiseducatius.xtec.cat\/noguera\/wp-json\/wp\/v2\/pages"}],"about":[{"href":"https:\/\/serveiseducatius.xtec.cat\/noguera\/wp-json\/wp\/v2\/types\/page"}],"author":[{"embeddable":true,"href":"https:\/\/serveiseducatius.xtec.cat\/noguera\/wp-json\/wp\/v2\/users\/28"}],"replies":[{"embeddable":true,"href":"https:\/\/serveiseducatius.xtec.cat\/noguera\/wp-json\/wp\/v2\/comments?post=15918"}],"version-history":[{"count":1,"href":"https:\/\/serveiseducatius.xtec.cat\/noguera\/wp-json\/wp\/v2\/pages\/15918\/revisions"}],"predecessor-version":[{"id":15919,"href":"https:\/\/serveiseducatius.xtec.cat\/noguera\/wp-json\/wp\/v2\/pages\/15918\/revisions\/15919"}],"wp:attachment":[{"href":"https:\/\/serveiseducatius.xtec.cat\/noguera\/wp-json\/wp\/v2\/media?parent=15918"}],"curies":[{"name":"wp","href":"https:\/\/api.w.org\/{rel}","templated":true}]}}