{"id":15880,"date":"2025-12-16T16:09:41","date_gmt":"2025-12-16T15:09:41","guid":{"rendered":"https:\/\/serveiseducatius.xtec.cat\/noguera\/?page_id=15880"},"modified":"2025-12-16T16:58:04","modified_gmt":"2025-12-16T15:58:04","slug":"nese-dil","status":"publish","type":"page","link":"https:\/\/serveiseducatius.xtec.cat\/noguera\/educacio-inclusiva\/mapa-de-recursos-nese\/nese-dil\/","title":{"rendered":"NESE DIL"},"content":{"rendered":"<table style=\"border-collapse: collapse; width: 100%; max-width: 1000px; margin: 0 auto;\">\n<tbody>\n<tr>\n<td style=\"width: 50%; text-align: center; vertical-align: top; padding: 10px;\"><a href=\"https:\/\/apps.sjdhospitalbarcelona.org\/infocap\/ca\/informe-faros-aprenentatge-trastorns-neurodesenvolupament-claus-fracas-escolar\/#\/lessons\/C_Mv5dSJA9oly4UxEyonJa95QCJ3qn4x\"><br \/>\n<img decoding=\"async\" style=\"width: 100%; height: auto;\" src=\"https:\/\/serveiseducatius.xtec.cat\/noguera\/wp-content\/uploads\/usu1149\/2025\/12\/2n-TRI-25-26-Publicacions-e1765900046103.jpg\" alt=\"\" \/><br \/>\n<\/a><\/td>\n<td style=\"width: 50%; text-align: center; vertical-align: top; padding: 10px;\"><a href=\"https:\/\/serveiseducatius.xtec.cat\/noguera\/wp-content\/uploads\/usu1149\/2025\/12\/2n-TRI-25-26-Publicacions-1.jpg\"><img decoding=\"async\" class=\"\" style=\"width: 425px; height: 329px;\" src=\"https:\/\/serveiseducatius.xtec.cat\/noguera\/wp-content\/uploads\/usu1149\/2025\/12\/2n-TRI-25-26-Publicacions-1.jpg\" alt=\"\" \/><br \/>\n<\/a><\/td>\n<\/tr>\n<tr>\n<td style=\"width: 50%; text-align: center; padding: 10px;\"><a href=\"https:\/\/apps.sjdhospitalbarcelona.org\/infocap\/ca\/informe-faros-aprenentatge-trastorns-neurodesenvolupament-claus-fracas-escolar\/#\/lessons\/C_Mv5dSJA9oly4UxEyonJa95QCJ3qn4x\"><br \/>\n<strong>La discapacitat intel\u00b7lectual i el funcionament intel\u00b7lectual l\u00edmit<\/strong><br \/>\n<\/a><\/td>\n<td style=\"width: 50%; text-align: center; padding: 10px;\"><a href=\"https:\/\/xtec.gencat.cat\/ca\/curriculum\/diversitat-i-inclusio\/atencio-educativa-als-alumnes\/nese\/nese-derivades-de-discapacitat-intellectual\/\"><br \/>\n<strong>NESE derivades de discapacitat intel\u00b7lectual<\/strong><br \/>\n<\/a><\/td>\n<\/tr>\n<tr>\n<td style=\"width: 50%; padding: 10px; vertical-align: top;\">El 14\u00e8 Informe FAROS revisa els principals trastorns del neurodesenvolupament que dificulten l\u2019aprenentatge escolar<br \/>\n(TDAH, disl\u00e8xia, TEA, etc.) i ofereix claus per prevenir el frac\u00e0s escolar mitjan\u00e7ant atenci\u00f3 preco\u00e7,<br \/>\nadaptacions educatives i suport a fam\u00edlies i docents.<\/td>\n<td style=\"width: 50%; padding: 10px; vertical-align: top;\">Les NESE derivades de discapacitat intel\u00b7lectual fan refer\u00e8ncia a alumnat amb limitacions en el funcionament<br \/>\nintel\u00b7lectual i la conducta adaptativa (conceptual, social i pr\u00e0ctica), que requereixen mesures i suports<br \/>\neducatius espec\u00edfics per garantir la seva inclusi\u00f3 i aprenentatge.<\/td>\n<\/tr>\n<\/tbody>\n<\/table>\n","protected":false},"excerpt":{"rendered":"<p>La discapacitat intel\u00b7lectual i el funcionament intel\u00b7lectual l\u00edmit NESE derivades de discapacitat intel\u00b7lectual El 14\u00e8 Informe FAROS revisa els principals trastorns del neurodesenvolupament que dificulten l\u2019aprenentatge escolar (TDAH, disl\u00e8xia, TEA, etc.) i ofereix claus per prevenir el frac\u00e0s escolar mitjan\u00e7ant atenci\u00f3 preco\u00e7, adaptacions educatives i suport a fam\u00edlies i docents. Les NESE derivades de discapacitat [&hellip;]<\/p>\n","protected":false},"author":28,"featured_media":0,"parent":15580,"menu_order":0,"comment_status":"closed","ping_status":"closed","template":"","meta":{"_bbp_topic_count":0,"_bbp_reply_count":0,"_bbp_total_topic_count":0,"_bbp_total_reply_count":0,"_bbp_voice_count":0,"_bbp_anonymous_reply_count":0,"_bbp_topic_count_hidden":0,"_bbp_reply_count_hidden":0,"_bbp_forum_subforum_count":0,"site-sidebar-layout":"default","site-content-layout":"","ast-site-content-layout":"default","site-content-style":"default","site-sidebar-style":"default","ast-global-header-display":"","ast-banner-title-visibility":"","ast-main-header-display":"","ast-hfb-above-header-display":"","ast-hfb-below-header-display":"","ast-hfb-mobile-header-display":"","site-post-title":"","ast-breadcrumbs-content":"","ast-featured-img":"","footer-sml-layout":"","theme-transparent-header-meta":"default","adv-header-id-meta":"","stick-header-meta":"","header-above-stick-meta":"","header-main-stick-meta":"","header-below-stick-meta":"","astra-migrate-meta-layouts":"set","ast-page-background-enabled":"default","ast-page-background-meta":{"desktop":{"background-color":"var(--ast-global-color-4)","background-image":"","background-repeat":"repeat","background-position":"center center","background-size":"auto","background-attachment":"scroll","background-type":"","background-media":"","overlay-type":"","overlay-color":"","overlay-opacity":"","overlay-gradient":""},"tablet":{"background-color":"","background-image":"","background-repeat":"repeat","background-position":"center center","background-size":"auto","background-attachment":"scroll","background-type":"","background-media":"","overlay-type":"","overlay-color":"","overlay-opacity":"","overlay-gradient":""},"mobile":{"background-color":"","background-image":"","background-repeat":"repeat","background-position":"center center","background-size":"auto","background-attachment":"scroll","background-type":"","background-media":"","overlay-type":"","overlay-color":"","overlay-opacity":"","overlay-gradient":""}},"ast-content-background-meta":{"desktop":{"background-color":"var(--ast-global-color-5)","background-image":"","background-repeat":"repeat","background-position":"center center","background-size":"auto","background-attachment":"scroll","background-type":"","background-media":"","overlay-type":"","overlay-color":"","overlay-opacity":"","overlay-gradient":""},"tablet":{"background-color":"var(--ast-global-color-5)","background-image":"","background-repeat":"repeat","background-position":"center center","background-size":"auto","background-attachment":"scroll","background-type":"","background-media":"","overlay-type":"","overlay-color":"","overlay-opacity":"","overlay-gradient":""},"mobile":{"background-color":"var(--ast-global-color-5)","background-image":"","background-repeat":"repeat","background-position":"center center","background-size":"auto","background-attachment":"scroll","background-type":"","background-media":"","overlay-type":"","overlay-color":"","overlay-opacity":"","overlay-gradient":""}},"footnotes":""},"class_list":["post-15880","page","type-page","status-publish","hentry"],"post_mailing_queue_ids":[],"_links":{"self":[{"href":"https:\/\/serveiseducatius.xtec.cat\/noguera\/wp-json\/wp\/v2\/pages\/15880","targetHints":{"allow":["GET"]}}],"collection":[{"href":"https:\/\/serveiseducatius.xtec.cat\/noguera\/wp-json\/wp\/v2\/pages"}],"about":[{"href":"https:\/\/serveiseducatius.xtec.cat\/noguera\/wp-json\/wp\/v2\/types\/page"}],"author":[{"embeddable":true,"href":"https:\/\/serveiseducatius.xtec.cat\/noguera\/wp-json\/wp\/v2\/users\/28"}],"replies":[{"embeddable":true,"href":"https:\/\/serveiseducatius.xtec.cat\/noguera\/wp-json\/wp\/v2\/comments?post=15880"}],"version-history":[{"count":5,"href":"https:\/\/serveiseducatius.xtec.cat\/noguera\/wp-json\/wp\/v2\/pages\/15880\/revisions"}],"predecessor-version":[{"id":15917,"href":"https:\/\/serveiseducatius.xtec.cat\/noguera\/wp-json\/wp\/v2\/pages\/15880\/revisions\/15917"}],"up":[{"embeddable":true,"href":"https:\/\/serveiseducatius.xtec.cat\/noguera\/wp-json\/wp\/v2\/pages\/15580"}],"wp:attachment":[{"href":"https:\/\/serveiseducatius.xtec.cat\/noguera\/wp-json\/wp\/v2\/media?parent=15880"}],"curies":[{"name":"wp","href":"https:\/\/api.w.org\/{rel}","templated":true}]}}