{"id":15876,"date":"2025-12-16T16:08:38","date_gmt":"2025-12-16T15:08:38","guid":{"rendered":"https:\/\/serveiseducatius.xtec.cat\/noguera\/?page_id=15876"},"modified":"2025-12-16T16:08:38","modified_gmt":"2025-12-16T15:08:38","slug":"programa-tenim-la-paraula","status":"publish","type":"page","link":"https:\/\/serveiseducatius.xtec.cat\/noguera\/programa-tenim-la-paraula\/","title":{"rendered":"Programa &#8220;Tenim la Paraula&#8221;"},"content":{"rendered":"<p><a href=\"https:\/\/serveiseducatius.xtec.cat\/noguera\/wp-content\/uploads\/usu1149\/2021\/08\/Index-Noguera.pptx\">\u00cdndex Noguera<\/a><a href=\"https:\/\/serveiseducatius.xtec.cat\/noguera\/wp-content\/uploads\/usu1149\/2019\/12\/tenimlaparaula.png\"><img loading=\"lazy\" decoding=\"async\" class=\"aligncenter size-full wp-image-9884\" src=\"https:\/\/serveiseducatius.xtec.cat\/noguera\/wp-content\/uploads\/usu1149\/2019\/12\/tenimlaparaula.png\" alt=\"\" width=\"1215\" height=\"192\" srcset=\"https:\/\/serveiseducatius.xtec.cat\/noguera\/wp-content\/uploads\/usu1149\/2019\/12\/tenimlaparaula.png 1215w, https:\/\/serveiseducatius.xtec.cat\/noguera\/wp-content\/uploads\/usu1149\/2019\/12\/tenimlaparaula-300x47.png 300w, https:\/\/serveiseducatius.xtec.cat\/noguera\/wp-content\/uploads\/usu1149\/2019\/12\/tenimlaparaula-768x121.png 768w, https:\/\/serveiseducatius.xtec.cat\/noguera\/wp-content\/uploads\/usu1149\/2019\/12\/tenimlaparaula-1024x162.png 1024w\" sizes=\"auto, (max-width: 1215px) 100vw, 1215px\" \/><\/a><\/p>\n<p style=\"text-align: center;\"><iframe loading=\"lazy\" src=\"https:\/\/docs.google.com\/presentation\/d\/e\/2PACX-1vRTO1NAjKlnlD5N9m_r2snzmsCb3T80TpRPSOG20ah6rcDe1G_2NAz5kbw4OApsovcULWScceaZlI1O\/embed?start=false&amp;loop=false&amp;delayms=3000\" width=\"1215\" height=\"624\" frameborder=\"0\"><\/iframe><\/p>\n<p><iframe loading=\"lazy\" src=\"https:\/\/www.youtube.com\/embed\/uESHfcbZAe4\" width=\"640\" height=\"360\" frameborder=\"0\"><\/iframe><\/p>\n<p style=\"text-align: justify;\">El curs 2019-2020 s\u2019inicia el pilotatge del Programa\u00a0<strong>Tenim la Paraula<\/strong> al Servei Educatiu de la Noguera.<\/p>\n<p style=\"text-align: justify;\">La finalitat d&#8217;aquest programa \u00e9s millorar les habilitats comunicatives orals de l&#8217;alumnat perqu\u00e8 pugui expressar pensaments, sentiments, emocions i viv\u00e8ncies, i participar activament a la societat.<\/p>\n<ul style=\"text-align: justify;\">\n<li>Potenciar la funci\u00f3 socialitzadora de la llengua oral: expressar sentiments i actituds, exposar idees o projectes, defensar i argumentar opinions, construir i compartir coneixement.<\/li>\n<li>Construir bones relacions personals i socials: gestionar conflictes, prevenir viol\u00e8ncies, respectar la difer\u00e8ncia i garantir la conviv\u00e8ncia.<\/li>\n<li>Desenvolupar les habilitats pr\u00f2pies de l&#8217;expressi\u00f3 oral: flu\u00efdesa, pronunciaci\u00f3, adequaci\u00f3 al registre&#8230;<\/li>\n<\/ul>\n","protected":false},"excerpt":{"rendered":"<p>\u00cdndex Noguera El curs 2019-2020 s\u2019inicia el pilotatge del Programa\u00a0Tenim la Paraula al Servei Educatiu de la Noguera. La finalitat d&#8217;aquest programa \u00e9s millorar les habilitats comunicatives orals de l&#8217;alumnat perqu\u00e8 pugui expressar pensaments, sentiments, emocions i viv\u00e8ncies, i participar activament a la societat. Potenciar la funci\u00f3 socialitzadora de la llengua oral: expressar sentiments i [&hellip;]<\/p>\n","protected":false},"author":28,"featured_media":0,"parent":0,"menu_order":0,"comment_status":"closed","ping_status":"closed","template":"","meta":{"_bbp_topic_count":0,"_bbp_reply_count":0,"_bbp_total_topic_count":0,"_bbp_total_reply_count":0,"_bbp_voice_count":0,"_bbp_anonymous_reply_count":0,"_bbp_topic_count_hidden":0,"_bbp_reply_count_hidden":0,"_bbp_forum_subforum_count":0,"site-sidebar-layout":"default","site-content-layout":"","ast-site-content-layout":"default","site-content-style":"default","site-sidebar-style":"default","ast-global-header-display":"","ast-banner-title-visibility":"","ast-main-header-display":"","ast-hfb-above-header-display":"","ast-hfb-below-header-display":"","ast-hfb-mobile-header-display":"","site-post-title":"","ast-breadcrumbs-content":"","ast-featured-img":"","footer-sml-layout":"","theme-transparent-header-meta":"default","adv-header-id-meta":"","stick-header-meta":"","header-above-stick-meta":"","header-main-stick-meta":"","header-below-stick-meta":"","astra-migrate-meta-layouts":"set","ast-page-background-enabled":"default","ast-page-background-meta":{"desktop":{"background-color":"var(--ast-global-color-4)","background-image":"","background-repeat":"repeat","background-position":"center center","background-size":"auto","background-attachment":"scroll","background-type":"","background-media":"","overlay-type":"","overlay-color":"","overlay-opacity":"","overlay-gradient":""},"tablet":{"background-color":"","background-image":"","background-repeat":"repeat","background-position":"center center","background-size":"auto","background-attachment":"scroll","background-type":"","background-media":"","overlay-type":"","overlay-color":"","overlay-opacity":"","overlay-gradient":""},"mobile":{"background-color":"","background-image":"","background-repeat":"repeat","background-position":"center center","background-size":"auto","background-attachment":"scroll","background-type":"","background-media":"","overlay-type":"","overlay-color":"","overlay-opacity":"","overlay-gradient":""}},"ast-content-background-meta":{"desktop":{"background-color":"var(--ast-global-color-5)","background-image":"","background-repeat":"repeat","background-position":"center center","background-size":"auto","background-attachment":"scroll","background-type":"","background-media":"","overlay-type":"","overlay-color":"","overlay-opacity":"","overlay-gradient":""},"tablet":{"background-color":"var(--ast-global-color-5)","background-image":"","background-repeat":"repeat","background-position":"center center","background-size":"auto","background-attachment":"scroll","background-type":"","background-media":"","overlay-type":"","overlay-color":"","overlay-opacity":"","overlay-gradient":""},"mobile":{"background-color":"var(--ast-global-color-5)","background-image":"","background-repeat":"repeat","background-position":"center center","background-size":"auto","background-attachment":"scroll","background-type":"","background-media":"","overlay-type":"","overlay-color":"","overlay-opacity":"","overlay-gradient":""}},"footnotes":""},"class_list":["post-15876","page","type-page","status-publish","hentry"],"post_mailing_queue_ids":[],"_links":{"self":[{"href":"https:\/\/serveiseducatius.xtec.cat\/noguera\/wp-json\/wp\/v2\/pages\/15876","targetHints":{"allow":["GET"]}}],"collection":[{"href":"https:\/\/serveiseducatius.xtec.cat\/noguera\/wp-json\/wp\/v2\/pages"}],"about":[{"href":"https:\/\/serveiseducatius.xtec.cat\/noguera\/wp-json\/wp\/v2\/types\/page"}],"author":[{"embeddable":true,"href":"https:\/\/serveiseducatius.xtec.cat\/noguera\/wp-json\/wp\/v2\/users\/28"}],"replies":[{"embeddable":true,"href":"https:\/\/serveiseducatius.xtec.cat\/noguera\/wp-json\/wp\/v2\/comments?post=15876"}],"version-history":[{"count":1,"href":"https:\/\/serveiseducatius.xtec.cat\/noguera\/wp-json\/wp\/v2\/pages\/15876\/revisions"}],"predecessor-version":[{"id":15879,"href":"https:\/\/serveiseducatius.xtec.cat\/noguera\/wp-json\/wp\/v2\/pages\/15876\/revisions\/15879"}],"wp:attachment":[{"href":"https:\/\/serveiseducatius.xtec.cat\/noguera\/wp-json\/wp\/v2\/media?parent=15876"}],"curies":[{"name":"wp","href":"https:\/\/api.w.org\/{rel}","templated":true}]}}