{"id":15820,"date":"2025-12-10T11:30:33","date_gmt":"2025-12-10T10:30:33","guid":{"rendered":"https:\/\/serveiseducatius.xtec.cat\/noguera\/?page_id=15820"},"modified":"2025-12-10T11:32:04","modified_gmt":"2025-12-10T10:32:04","slug":"noguera-recerca-2025","status":"publish","type":"page","link":"https:\/\/serveiseducatius.xtec.cat\/noguera\/dinamica\/premi-comarcal-de-tdr\/noguera-recerca-2025\/","title":{"rendered":"Noguera Recerca 2025"},"content":{"rendered":"<h3><strong>III Premi comarcal de la Noguera de treballs de recerca de Batxillerat \u2013\u00a0\u00a0<\/strong>Balaguer, dimecres 5 de mar\u00e7 de 2025<\/h3>\n<h4>Treballs presentats:<\/h4>\n<table>\n<tbody>\n<tr>\n<td><a href=\"https:\/\/drive.google.com\/file\/d\/1Zmvxdhrpd4I-4Qh9B9ZUNYMN2qjtCQIu\/view?usp=drive_link\"><img loading=\"lazy\" decoding=\"async\" class=\"alignnone wp-image-14582\" src=\"https:\/\/serveiseducatius.xtec.cat\/noguera\/wp-content\/uploads\/usu1149\/2025\/03\/7.png\" sizes=\"auto, (max-width: 337px) 100vw, 337px\" srcset=\"https:\/\/serveiseducatius.xtec.cat\/noguera\/wp-content\/uploads\/usu1149\/2025\/03\/7.png 713w, https:\/\/serveiseducatius.xtec.cat\/noguera\/wp-content\/uploads\/usu1149\/2025\/03\/7-300x263.png 300w\" alt=\"\" width=\"337\" height=\"296\" \/><\/a><\/td>\n<td><a href=\"https:\/\/drive.google.com\/file\/d\/1lRaolWl1YfWPKwZHe3JzD3kf7ViaBNG6\/view?usp=drive_link\"><img loading=\"lazy\" decoding=\"async\" class=\"alignnone wp-image-14584\" src=\"https:\/\/serveiseducatius.xtec.cat\/noguera\/wp-content\/uploads\/usu1149\/2025\/03\/8.png\" sizes=\"auto, (max-width: 325px) 100vw, 325px\" srcset=\"https:\/\/serveiseducatius.xtec.cat\/noguera\/wp-content\/uploads\/usu1149\/2025\/03\/8.png 712w, https:\/\/serveiseducatius.xtec.cat\/noguera\/wp-content\/uploads\/usu1149\/2025\/03\/8-300x277.png 300w\" alt=\"\" width=\"325\" height=\"300\" \/><\/a><\/td>\n<td><a href=\"https:\/\/drive.google.com\/file\/d\/1DgTew6Yctffnpn7XqzcUC01mRN0ElTl6\/view?usp=drive_link\"><img loading=\"lazy\" decoding=\"async\" class=\"alignnone wp-image-14585\" src=\"https:\/\/serveiseducatius.xtec.cat\/noguera\/wp-content\/uploads\/usu1149\/2025\/03\/9.png\" sizes=\"auto, (max-width: 317px) 100vw, 317px\" srcset=\"https:\/\/serveiseducatius.xtec.cat\/noguera\/wp-content\/uploads\/usu1149\/2025\/03\/9.png 717w, https:\/\/serveiseducatius.xtec.cat\/noguera\/wp-content\/uploads\/usu1149\/2025\/03\/9-300x275.png 300w\" alt=\"\" width=\"317\" height=\"291\" \/><\/a><\/td>\n<td><a href=\"https:\/\/drive.google.com\/file\/d\/1xRpnA3THHJP7HX2YMz_ik2cvpCec40GU\/view?usp=drive_link\"><img loading=\"lazy\" decoding=\"async\" class=\"alignnone wp-image-14576\" src=\"https:\/\/serveiseducatius.xtec.cat\/noguera\/wp-content\/uploads\/usu1149\/2025\/03\/3.png\" sizes=\"auto, (max-width: 345px) 100vw, 345px\" srcset=\"https:\/\/serveiseducatius.xtec.cat\/noguera\/wp-content\/uploads\/usu1149\/2025\/03\/3.png 715w, https:\/\/serveiseducatius.xtec.cat\/noguera\/wp-content\/uploads\/usu1149\/2025\/03\/3-300x247.png 300w\" alt=\"\" width=\"345\" height=\"283\" \/><\/a><\/td>\n<td><a href=\"https:\/\/drive.google.com\/file\/d\/1zmI-Vh4pyLWj4SUU40Llk9r87Wx1GfQP\/view?usp=drive_link\"><img loading=\"lazy\" decoding=\"async\" class=\"alignnone wp-image-14580\" src=\"https:\/\/serveiseducatius.xtec.cat\/noguera\/wp-content\/uploads\/usu1149\/2025\/03\/5.png\" sizes=\"auto, (max-width: 339px) 100vw, 339px\" srcset=\"https:\/\/serveiseducatius.xtec.cat\/noguera\/wp-content\/uploads\/usu1149\/2025\/03\/5.png 713w, https:\/\/serveiseducatius.xtec.cat\/noguera\/wp-content\/uploads\/usu1149\/2025\/03\/5-300x258.png 300w\" alt=\"\" width=\"339\" height=\"291\" \/><\/a><\/td>\n<\/tr>\n<tr>\n<td>\n<h5><strong>Lesi\u00f3 del lligament creuat creuat anterior<\/strong><\/h5>\n<p>S\u00edlvia Bo i Torrades (INS Ciutat de Balaguer)<\/p>\n<p><img loading=\"lazy\" decoding=\"async\" class=\"\" src=\"https:\/\/mail.google.com\/mail\/u\/0?ui=2&amp;ik=75acb7ace1&amp;attid=0.1&amp;permmsgid=msg-a:r1484547512047109618&amp;th=18e65d6b68df7ed5&amp;view=fimg&amp;fur=ip&amp;sz=s0-l75-ft&amp;attbid=ANGjdJ-r9RE4DWnBtpYCSQdq9fFVyTneOorHL0ZicLb73l-rN4ZC2LmgY6nr7cPgUsq-0kzGLm_OsLLWrthPjEHFynp-VQSssPuKex94VkKD1c0UkzPWZwwu21hHzCA&amp;disp=emb&amp;realattid=ii_lu2jde930\" alt=\"image.png\" width=\"123\" height=\"43\" \/><\/td>\n<td>\n<h5><strong>Estudi del gen Rnd3 en la migraci\u00f3 neuronal (<a href=\"https:\/\/drive.google.com\/drive\/folders\/194CwXoq_-ebJDwLQa_xvGgqmwv4ccXV9?usp=drive_link\">annex<\/a>)<\/strong><\/h5>\n<p>Anna Bellart Ribalta (Vedruna Balaguer)<\/p>\n<p><img loading=\"lazy\" decoding=\"async\" class=\"\" src=\"https:\/\/mail.google.com\/mail\/u\/0?ui=2&amp;ik=75acb7ace1&amp;attid=0.1&amp;permmsgid=msg-a:r1484547512047109618&amp;th=18e65d6b68df7ed5&amp;view=fimg&amp;fur=ip&amp;sz=s0-l75-ft&amp;attbid=ANGjdJ-r9RE4DWnBtpYCSQdq9fFVyTneOorHL0ZicLb73l-rN4ZC2LmgY6nr7cPgUsq-0kzGLm_OsLLWrthPjEHFynp-VQSssPuKex94VkKD1c0UkzPWZwwu21hHzCA&amp;disp=emb&amp;realattid=ii_lu2jde930\" alt=\"image.png\" width=\"123\" height=\"43\" \/><\/td>\n<td>\n<h5><strong>Cunicultura: genotips del color de p\u00e8l<\/strong><\/h5>\n<p>Aran Borr\u00e0s Bonich (INS Almat\u00e0)<\/p>\n<p><img loading=\"lazy\" decoding=\"async\" class=\"\" src=\"https:\/\/mail.google.com\/mail\/u\/0?ui=2&amp;ik=75acb7ace1&amp;attid=0.1&amp;permmsgid=msg-a:r1484547512047109618&amp;th=18e65d6b68df7ed5&amp;view=fimg&amp;fur=ip&amp;sz=s0-l75-ft&amp;attbid=ANGjdJ-r9RE4DWnBtpYCSQdq9fFVyTneOorHL0ZicLb73l-rN4ZC2LmgY6nr7cPgUsq-0kzGLm_OsLLWrthPjEHFynp-VQSssPuKex94VkKD1c0UkzPWZwwu21hHzCA&amp;disp=emb&amp;realattid=ii_lu2jde930\" alt=\"image.png\" width=\"123\" height=\"43\" \/><\/td>\n<td>\n<h5><strong>La pintura surrealista. Perspectiva de g\u00e8nere i mercat<\/strong><\/h5>\n<p>Greta Osorio Guti\u00e9rrez (INS Ermengol IV)<\/p>\n<p><img loading=\"lazy\" decoding=\"async\" class=\"\" src=\"https:\/\/mail.google.com\/mail\/u\/0?ui=2&amp;ik=75acb7ace1&amp;attid=0.1&amp;permmsgid=msg-a:r1484547512047109618&amp;th=18e65d6b68df7ed5&amp;view=fimg&amp;fur=ip&amp;sz=s0-l75-ft&amp;attbid=ANGjdJ-r9RE4DWnBtpYCSQdq9fFVyTneOorHL0ZicLb73l-rN4ZC2LmgY6nr7cPgUsq-0kzGLm_OsLLWrthPjEHFynp-VQSssPuKex94VkKD1c0UkzPWZwwu21hHzCA&amp;disp=emb&amp;realattid=ii_lu2jde930\" alt=\"image.png\" width=\"123\" height=\"43\" \/><\/td>\n<td>\n<h5><strong>Com afecta la pressi\u00f3 social en els adolescents<\/strong><\/h5>\n<p>Mariona Gonz\u00e0lez Brufau (INS Ciutat de Balaguer)<\/p>\n<p><img loading=\"lazy\" decoding=\"async\" class=\"\" src=\"https:\/\/mail.google.com\/mail\/u\/0?ui=2&amp;ik=75acb7ace1&amp;attid=0.1&amp;permmsgid=msg-a:r1484547512047109618&amp;th=18e65d6b68df7ed5&amp;view=fimg&amp;fur=ip&amp;sz=s0-l75-ft&amp;attbid=ANGjdJ-r9RE4DWnBtpYCSQdq9fFVyTneOorHL0ZicLb73l-rN4ZC2LmgY6nr7cPgUsq-0kzGLm_OsLLWrthPjEHFynp-VQSssPuKex94VkKD1c0UkzPWZwwu21hHzCA&amp;disp=emb&amp;realattid=ii_lu2jde930\" alt=\"image.png\" width=\"123\" height=\"43\" \/><\/td>\n<\/tr>\n<tr>\n<td><strong>\u00c0mbits<\/strong>: Cient\u00edfic. Biologia. Medicina. Esport<\/td>\n<td><strong>\u00c0mbits<\/strong>: Cient\u00edfic. Biologia. Gen\u00e8tica. Neurologia<\/td>\n<td><strong>\u00c0mbits<\/strong>: Cient\u00edfic. Biologia. Gen\u00e8tica. Cunicultura<\/td>\n<td><strong>\u00c0mbits<\/strong>: Art\u00edstic. Pintura<\/td>\n<td><strong>\u00c0mbits<\/strong>: Social. Psicologia. Adolesc\u00e8ncia<\/td>\n<\/tr>\n<\/tbody>\n<\/table>\n<table>\n<tbody>\n<tr>\n<td><a href=\"https:\/\/drive.google.com\/file\/d\/1CJOANy9sWmLDeoCRVEIZdpa9xmFdbZwL\/view?usp=drive_link\"><img loading=\"lazy\" decoding=\"async\" class=\"alignnone size-full wp-image-14587\" src=\"https:\/\/serveiseducatius.xtec.cat\/noguera\/wp-content\/uploads\/usu1149\/2025\/03\/11.png\" sizes=\"auto, (max-width: 711px) 100vw, 711px\" srcset=\"https:\/\/serveiseducatius.xtec.cat\/noguera\/wp-content\/uploads\/usu1149\/2025\/03\/11.png 711w, https:\/\/serveiseducatius.xtec.cat\/noguera\/wp-content\/uploads\/usu1149\/2025\/03\/11-300x230.png 300w\" alt=\"\" width=\"711\" height=\"545\" \/><\/a><\/td>\n<td><a href=\"https:\/\/drive.google.com\/file\/d\/1xQsQt6-coQ4_PoJJy_BjM9trzheN4g4W\/view?usp=drive_link\"><img loading=\"lazy\" decoding=\"async\" class=\"alignnone wp-image-14590\" src=\"https:\/\/serveiseducatius.xtec.cat\/noguera\/wp-content\/uploads\/usu1149\/2025\/03\/14.png\" sizes=\"auto, (max-width: 293px) 100vw, 293px\" srcset=\"https:\/\/serveiseducatius.xtec.cat\/noguera\/wp-content\/uploads\/usu1149\/2025\/03\/14.png 599w, https:\/\/serveiseducatius.xtec.cat\/noguera\/wp-content\/uploads\/usu1149\/2025\/03\/14-300x270.png 300w\" alt=\"\" width=\"293\" height=\"264\" \/><\/a><\/td>\n<td><a href=\"https:\/\/drive.google.com\/file\/d\/1odT-s7ePgQqkQQ-k2AALfYuLNojAeqdY\/view?usp=drive_link\"><img loading=\"lazy\" decoding=\"async\" class=\"alignnone wp-image-14588\" src=\"https:\/\/serveiseducatius.xtec.cat\/noguera\/wp-content\/uploads\/usu1149\/2025\/03\/12.png\" sizes=\"auto, (max-width: 306px) 100vw, 306px\" srcset=\"https:\/\/serveiseducatius.xtec.cat\/noguera\/wp-content\/uploads\/usu1149\/2025\/03\/12.png 615w, https:\/\/serveiseducatius.xtec.cat\/noguera\/wp-content\/uploads\/usu1149\/2025\/03\/12-300x274.png 300w\" alt=\"\" width=\"306\" height=\"279\" \/><\/a><\/td>\n<td><a href=\"https:\/\/drive.google.com\/file\/d\/1hSZ1JdCTuN7Q_zfq-qLn9kdn3NtY51g9\/view?usp=drive_link\"><img loading=\"lazy\" decoding=\"async\" class=\"alignnone wp-image-14577\" src=\"https:\/\/serveiseducatius.xtec.cat\/noguera\/wp-content\/uploads\/usu1149\/2025\/03\/1-1.png\" sizes=\"auto, (max-width: 318px) 100vw, 318px\" srcset=\"https:\/\/serveiseducatius.xtec.cat\/noguera\/wp-content\/uploads\/usu1149\/2025\/03\/1-1.png 716w, https:\/\/serveiseducatius.xtec.cat\/noguera\/wp-content\/uploads\/usu1149\/2025\/03\/1-1-300x263.png 300w\" alt=\"\" width=\"318\" height=\"278\" \/><\/a><\/td>\n<td><a href=\"https:\/\/drive.google.com\/file\/d\/1x1QJrCCkb1hQ151OhdOO5AO36uBdpiEY\/view?usp=drive_link\"><img loading=\"lazy\" decoding=\"async\" class=\"alignnone wp-image-14578\" src=\"https:\/\/serveiseducatius.xtec.cat\/noguera\/wp-content\/uploads\/usu1149\/2025\/03\/2-1.png\" sizes=\"auto, (max-width: 300px) 100vw, 300px\" srcset=\"https:\/\/serveiseducatius.xtec.cat\/noguera\/wp-content\/uploads\/usu1149\/2025\/03\/2-1.png 659w, https:\/\/serveiseducatius.xtec.cat\/noguera\/wp-content\/uploads\/usu1149\/2025\/03\/2-1-300x289.png 300w\" alt=\"\" width=\"300\" height=\"288\" \/><\/a><\/td>\n<\/tr>\n<tr>\n<td>\n<h5><strong>L\u2019Artter\u00e0pia aplicada a nens hospitalitzats<\/strong><\/h5>\n<p>Helena Saila G\u00fcerre (INS Ciutat de Balaguer)<\/p>\n<p><img loading=\"lazy\" decoding=\"async\" class=\"\" src=\"https:\/\/mail.google.com\/mail\/u\/0?ui=2&amp;ik=75acb7ace1&amp;attid=0.1&amp;permmsgid=msg-a:r1484547512047109618&amp;th=18e65d6b68df7ed5&amp;view=fimg&amp;fur=ip&amp;sz=s0-l75-ft&amp;attbid=ANGjdJ-r9RE4DWnBtpYCSQdq9fFVyTneOorHL0ZicLb73l-rN4ZC2LmgY6nr7cPgUsq-0kzGLm_OsLLWrthPjEHFynp-VQSssPuKex94VkKD1c0UkzPWZwwu21hHzCA&amp;disp=emb&amp;realattid=ii_lu2jde930\" alt=\"image.png\" width=\"123\" height=\"43\" \/><\/td>\n<td>\n<h5><strong>Logotips creuats amb funcions<\/strong><\/h5>\n<p>Adri\u00e0 Gabald\u00f3n Aguilar (INS Almat\u00e0)<\/p>\n<p><img loading=\"lazy\" decoding=\"async\" class=\"\" src=\"https:\/\/mail.google.com\/mail\/u\/0?ui=2&amp;ik=75acb7ace1&amp;attid=0.1&amp;permmsgid=msg-a:r1484547512047109618&amp;th=18e65d6b68df7ed5&amp;view=fimg&amp;fur=ip&amp;sz=s0-l75-ft&amp;attbid=ANGjdJ-r9RE4DWnBtpYCSQdq9fFVyTneOorHL0ZicLb73l-rN4ZC2LmgY6nr7cPgUsq-0kzGLm_OsLLWrthPjEHFynp-VQSssPuKex94VkKD1c0UkzPWZwwu21hHzCA&amp;disp=emb&amp;realattid=ii_lu2jde930\" alt=\"image.png\" width=\"123\" height=\"43\" \/><\/td>\n<td>\n<h5><strong>En noves recurrents: T Cr B<\/strong><\/h5>\n<p>Pau Sala Aizp\u00fan (INS de Ponts)<\/p>\n<p><img loading=\"lazy\" decoding=\"async\" class=\"\" src=\"https:\/\/mail.google.com\/mail\/u\/0?ui=2&amp;ik=75acb7ace1&amp;attid=0.1&amp;permmsgid=msg-a:r1484547512047109618&amp;th=18e65d6b68df7ed5&amp;view=fimg&amp;fur=ip&amp;sz=s0-l75-ft&amp;attbid=ANGjdJ-r9RE4DWnBtpYCSQdq9fFVyTneOorHL0ZicLb73l-rN4ZC2LmgY6nr7cPgUsq-0kzGLm_OsLLWrthPjEHFynp-VQSssPuKex94VkKD1c0UkzPWZwwu21hHzCA&amp;disp=emb&amp;realattid=ii_lu2jde930\" alt=\"image.png\" width=\"123\" height=\"43\" \/><\/td>\n<td>\n<h5><strong>Estudi d\u2019un proc\u00e9s industrial proper i elaboraci\u00f3 d\u2019una pe\u00e7a mecanitzada<\/strong><\/h5>\n<p>Xavi Orteu Sarradell (INS Ermengol IV)<\/p>\n<p><img loading=\"lazy\" decoding=\"async\" class=\"\" src=\"https:\/\/mail.google.com\/mail\/u\/0?ui=2&amp;ik=75acb7ace1&amp;attid=0.1&amp;permmsgid=msg-a:r1484547512047109618&amp;th=18e65d6b68df7ed5&amp;view=fimg&amp;fur=ip&amp;sz=s0-l75-ft&amp;attbid=ANGjdJ-r9RE4DWnBtpYCSQdq9fFVyTneOorHL0ZicLb73l-rN4ZC2LmgY6nr7cPgUsq-0kzGLm_OsLLWrthPjEHFynp-VQSssPuKex94VkKD1c0UkzPWZwwu21hHzCA&amp;disp=emb&amp;realattid=ii_lu2jde930\" alt=\"image.png\" width=\"123\" height=\"43\" \/><\/td>\n<td>\n<h5><strong>\u00a0Disseny d\u2019un poliesportiu (<a href=\"https:\/\/drive.google.com\/drive\/folders\/1louPE4P_18Bsy-irXvwnkq6effiWxWjh?usp=drive_link\">annexos<\/a>)<\/strong><\/h5>\n<p>Laia Fern\u00e1ndez Cort\u00e9s (Vedruna Balaguer)<\/p>\n<p><img loading=\"lazy\" decoding=\"async\" class=\"\" src=\"https:\/\/mail.google.com\/mail\/u\/0?ui=2&amp;ik=75acb7ace1&amp;attid=0.1&amp;permmsgid=msg-a:r1484547512047109618&amp;th=18e65d6b68df7ed5&amp;view=fimg&amp;fur=ip&amp;sz=s0-l75-ft&amp;attbid=ANGjdJ-r9RE4DWnBtpYCSQdq9fFVyTneOorHL0ZicLb73l-rN4ZC2LmgY6nr7cPgUsq-0kzGLm_OsLLWrthPjEHFynp-VQSssPuKex94VkKD1c0UkzPWZwwu21hHzCA&amp;disp=emb&amp;realattid=ii_lu2jde930\" alt=\"image.png\" width=\"123\" height=\"43\" \/><\/td>\n<\/tr>\n<tr>\n<td><strong>\u00c0mbits<\/strong>: Social. Psicologia. Art ter\u00e0pia<\/td>\n<td><strong>\u00c0mbits<\/strong>: Cient\u00edfic. Matem\u00e0tic. Disseny<\/td>\n<td><strong>\u00c0mbits<\/strong>: Cient\u00edfic. F\u00edsica. Astronomia<\/td>\n<td><strong>\u00c0mbits<\/strong>: Cient\u00edfic. Tecnol\u00f2gic. Proc\u00e9s industrial<\/td>\n<td><strong>\u00c0mbits<\/strong>: Tecnol\u00f2gic. Arquitectura. Esport<\/td>\n<\/tr>\n<\/tbody>\n<\/table>\n<table>\n<tbody>\n<tr>\n<td><a href=\"https:\/\/drive.google.com\/file\/d\/1lebTripZYzxkRbzUFRosgMFHc4EjYSXi\/view?usp=drive_link\"><img loading=\"lazy\" decoding=\"async\" class=\"alignnone wp-image-14589\" src=\"https:\/\/serveiseducatius.xtec.cat\/noguera\/wp-content\/uploads\/usu1149\/2025\/03\/13.png\" sizes=\"auto, (max-width: 303px) 100vw, 303px\" srcset=\"https:\/\/serveiseducatius.xtec.cat\/noguera\/wp-content\/uploads\/usu1149\/2025\/03\/13.png 592w, https:\/\/serveiseducatius.xtec.cat\/noguera\/wp-content\/uploads\/usu1149\/2025\/03\/13-300x291.png 300w\" alt=\"\" width=\"303\" height=\"295\" \/><\/a><\/td>\n<td><a href=\"https:\/\/drive.google.com\/file\/d\/1BQ1aVflaJJ2vLdK131XJssLQz43OMYUZ\/view?usp=drive_link\"><img loading=\"lazy\" decoding=\"async\" class=\"alignnone wp-image-14579\" src=\"https:\/\/serveiseducatius.xtec.cat\/noguera\/wp-content\/uploads\/usu1149\/2025\/03\/4.png\" sizes=\"auto, (max-width: 327px) 100vw, 327px\" srcset=\"https:\/\/serveiseducatius.xtec.cat\/noguera\/wp-content\/uploads\/usu1149\/2025\/03\/4.png 595w, https:\/\/serveiseducatius.xtec.cat\/noguera\/wp-content\/uploads\/usu1149\/2025\/03\/4-300x267.png 300w\" alt=\"\" width=\"327\" height=\"291\" \/><\/a><\/td>\n<td><a href=\"https:\/\/drive.google.com\/file\/d\/13m8lPSuSQivo7l5BTBpGazDSXr376HCO\/view?usp=drive_link\"><img loading=\"lazy\" decoding=\"async\" class=\"alignnone wp-image-14586\" src=\"https:\/\/serveiseducatius.xtec.cat\/noguera\/wp-content\/uploads\/usu1149\/2025\/03\/10.png\" sizes=\"auto, (max-width: 309px) 100vw, 309px\" srcset=\"https:\/\/serveiseducatius.xtec.cat\/noguera\/wp-content\/uploads\/usu1149\/2025\/03\/10.png 715w, https:\/\/serveiseducatius.xtec.cat\/noguera\/wp-content\/uploads\/usu1149\/2025\/03\/10-300x284.png 300w\" alt=\"\" width=\"309\" height=\"293\" \/><\/a><\/td>\n<td><a href=\"https:\/\/drive.google.com\/file\/d\/1ToWekSOerTW9RKkF3Jo2Fv9MOJzPkdE7\/view?usp=drive_link\"><img loading=\"lazy\" decoding=\"async\" class=\"alignnone size-full wp-image-14583\" src=\"https:\/\/serveiseducatius.xtec.cat\/noguera\/wp-content\/uploads\/usu1149\/2025\/03\/6-1.png\" alt=\"\" width=\"290\" height=\"276\" \/><\/a><\/td>\n<\/tr>\n<tr>\n<td>\n<h5><strong>L\u2019aroma del Montsec. Perfums. (Annex)<\/strong><\/h5>\n<p>Ona Vilana Nadal (INS Els Planells)<\/p>\n<p><img loading=\"lazy\" decoding=\"async\" class=\"\" src=\"https:\/\/mail.google.com\/mail\/u\/0?ui=2&amp;ik=75acb7ace1&amp;attid=0.1&amp;permmsgid=msg-a:r1484547512047109618&amp;th=18e65d6b68df7ed5&amp;view=fimg&amp;fur=ip&amp;sz=s0-l75-ft&amp;attbid=ANGjdJ-r9RE4DWnBtpYCSQdq9fFVyTneOorHL0ZicLb73l-rN4ZC2LmgY6nr7cPgUsq-0kzGLm_OsLLWrthPjEHFynp-VQSssPuKex94VkKD1c0UkzPWZwwu21hHzCA&amp;disp=emb&amp;realattid=ii_lu2jde930\" alt=\"image.png\" width=\"123\" height=\"43\" \/><\/td>\n<td>\n<h5><strong>La mel del Recaix: creaci\u00f3 d\u2019una campanya de m\u00e0rqueting<\/strong><\/h5>\n<p>Aran Torra Valera (INS Els Planells)<\/p>\n<p><img loading=\"lazy\" decoding=\"async\" class=\"\" src=\"https:\/\/mail.google.com\/mail\/u\/0?ui=2&amp;ik=75acb7ace1&amp;attid=0.1&amp;permmsgid=msg-a:r1484547512047109618&amp;th=18e65d6b68df7ed5&amp;view=fimg&amp;fur=ip&amp;sz=s0-l75-ft&amp;attbid=ANGjdJ-r9RE4DWnBtpYCSQdq9fFVyTneOorHL0ZicLb73l-rN4ZC2LmgY6nr7cPgUsq-0kzGLm_OsLLWrthPjEHFynp-VQSssPuKex94VkKD1c0UkzPWZwwu21hHzCA&amp;disp=emb&amp;realattid=ii_lu2jde930\" alt=\"image.png\" width=\"123\" height=\"43\" \/><\/td>\n<td>\n<h5><strong>Oli i mat\u00f3: conservaci\u00f3? An\u00e0lisi de la conserva del mat\u00f3 amb oli d\u2019oliva<\/strong><\/h5>\n<p>Marc Daviu S\u00e1nchez (INS Almat\u00e0)<\/p>\n<p><img loading=\"lazy\" decoding=\"async\" class=\"\" src=\"https:\/\/mail.google.com\/mail\/u\/0?ui=2&amp;ik=75acb7ace1&amp;attid=0.1&amp;permmsgid=msg-a:r1484547512047109618&amp;th=18e65d6b68df7ed5&amp;view=fimg&amp;fur=ip&amp;sz=s0-l75-ft&amp;attbid=ANGjdJ-r9RE4DWnBtpYCSQdq9fFVyTneOorHL0ZicLb73l-rN4ZC2LmgY6nr7cPgUsq-0kzGLm_OsLLWrthPjEHFynp-VQSssPuKex94VkKD1c0UkzPWZwwu21hHzCA&amp;disp=emb&amp;realattid=ii_lu2jde930\" alt=\"image.png\" width=\"123\" height=\"43\" \/><\/td>\n<td>\n<h5><strong>Fem fem. Millora dels fems bovins<\/strong><\/h5>\n<p>Marc Gensana Benabarre (INS Ciutat de Balaguer)<\/p>\n<p><img loading=\"lazy\" decoding=\"async\" class=\"\" src=\"https:\/\/mail.google.com\/mail\/u\/0?ui=2&amp;ik=75acb7ace1&amp;attid=0.1&amp;permmsgid=msg-a:r1484547512047109618&amp;th=18e65d6b68df7ed5&amp;view=fimg&amp;fur=ip&amp;sz=s0-l75-ft&amp;attbid=ANGjdJ-r9RE4DWnBtpYCSQdq9fFVyTneOorHL0ZicLb73l-rN4ZC2LmgY6nr7cPgUsq-0kzGLm_OsLLWrthPjEHFynp-VQSssPuKex94VkKD1c0UkzPWZwwu21hHzCA&amp;disp=emb&amp;realattid=ii_lu2jde930\" alt=\"image.png\" width=\"123\" height=\"43\" \/><\/td>\n<\/tr>\n<tr>\n<td><strong>\u00c0mbits<\/strong>: Cient\u00edfic. Creaci\u00f3 de perfums<\/td>\n<td><strong>\u00c0mbits<\/strong>: Social. Emprenedoria, M\u00e0rqueting<\/td>\n<td><strong>\u00c0mbits<\/strong>: Cient\u00edfic. Qu\u00edmica. Conservaci\u00f3 aliments<\/td>\n<td><strong>\u00c0mbits<\/strong>: Cient\u00edfic. Qu\u00edmica. Agr\u00f2noms<\/td>\n<\/tr>\n<\/tbody>\n<\/table>\n<h4><a href=\"https:\/\/serveiseducatius.xtec.cat\/noguera\/wp-content\/uploads\/usu1149\/2025\/02\/Publi-TdR-2025-6.png\"><img loading=\"lazy\" decoding=\"async\" class=\"wp-image-14570 alignright\" src=\"https:\/\/serveiseducatius.xtec.cat\/noguera\/wp-content\/uploads\/usu1149\/2025\/02\/Publi-TdR-2025-6.png\" sizes=\"auto, (max-width: 360px) 100vw, 360px\" srcset=\"https:\/\/serveiseducatius.xtec.cat\/noguera\/wp-content\/uploads\/usu1149\/2025\/02\/Publi-TdR-2025-6.png 1080w, https:\/\/serveiseducatius.xtec.cat\/noguera\/wp-content\/uploads\/usu1149\/2025\/02\/Publi-TdR-2025-6-300x300.png 300w, https:\/\/serveiseducatius.xtec.cat\/noguera\/wp-content\/uploads\/usu1149\/2025\/02\/Publi-TdR-2025-6-1024x1024.png 1024w, https:\/\/serveiseducatius.xtec.cat\/noguera\/wp-content\/uploads\/usu1149\/2025\/02\/Publi-TdR-2025-6-150x150.png 150w, https:\/\/serveiseducatius.xtec.cat\/noguera\/wp-content\/uploads\/usu1149\/2025\/02\/Publi-TdR-2025-6-768x768.png 768w\" alt=\"\" width=\"360\" height=\"360\" \/><\/a><\/h4>\n<ul>\n<li><a href=\"https:\/\/serveiseducatius.xtec.cat\/noguera\/wp-content\/uploads\/usu1149\/2024\/12\/20241218_Certificat_05.-CERTIFICAT-ACORD-JUNTA-DE-JUNTA-DE-GOVERN-12-12-2024.-EXP.-2423-2024.pdf\">Bases 2024-25<\/a><\/li>\n<\/ul>\n<p>La tercera edici\u00f3 ha repetit el funcionament del certamen del curs anterior, amb una benvinguda inicial i -tot seguit- dividir els assistents en quatre espais simultanis on s\u2019han exposat 3 o 4 projectes a cadascu, agrupats per \u00e0mbits. Els alumnes assistents han seleccionat l\u2019itinerari que m\u00e9s s\u2019adiu amb les seves prefer\u00e8ncies formatives. Aquests espais s\u00f3n:<\/p>\n<ul>\n<li><strong>Espai A<\/strong>. Sala d\u2019actes del Consell Comarcal de la Noguera\u00a0<strong>(\u00e0mbit cient\u00edfic-biol\u00f2gic)<\/strong><\/li>\n<li><strong>Espai B<\/strong>. Teatre municipal de Balaguer\u00a0<strong>(\u00e0mbit human\u00edstic-social)<\/strong><\/li>\n<li><strong>Espai C<\/strong>. Sala Maria R\u00fabies del Consell Comarcal de la Noguera\u00a0<strong>(\u00e0mbit cient\u00edfic-biol\u00f2gic)<\/strong><\/li>\n<li><strong>Espai D<\/strong>. Aula de formaci\u00f3 del Servei Educatiu de la Noguera\u00a0<strong>(\u00e0mbit ci\u00e8ncies agron\u00f2miques)<\/strong><\/li>\n<\/ul>\n<p>L\u2019acte ha tingut lloc de les 10.00. a les 13.30h, i s\u2019ha clos amb una confer\u00e8ncia del periodista Eloi Vila, adre\u00e7ada als joves assistents.<\/p>\n","protected":false},"excerpt":{"rendered":"<p>III Premi comarcal de la Noguera de treballs de recerca de Batxillerat \u2013\u00a0\u00a0Balaguer, dimecres 5 de mar\u00e7 de 2025 Treballs presentats: Lesi\u00f3 del lligament creuat creuat anterior S\u00edlvia Bo i Torrades (INS Ciutat de Balaguer) Estudi del gen Rnd3 en la migraci\u00f3 neuronal (annex) Anna Bellart Ribalta (Vedruna Balaguer) Cunicultura: genotips del color de p\u00e8l [&hellip;]<\/p>\n","protected":false},"author":28,"featured_media":0,"parent":12483,"menu_order":2,"comment_status":"closed","ping_status":"closed","template":"","meta":{"_bbp_topic_count":0,"_bbp_reply_count":0,"_bbp_total_topic_count":0,"_bbp_total_reply_count":0,"_bbp_voice_count":0,"_bbp_anonymous_reply_count":0,"_bbp_topic_count_hidden":0,"_bbp_reply_count_hidden":0,"_bbp_forum_subforum_count":0,"site-sidebar-layout":"default","site-content-layout":"","ast-site-content-layout":"default","site-content-style":"default","site-sidebar-style":"default","ast-global-header-display":"","ast-banner-title-visibility":"","ast-main-header-display":"","ast-hfb-above-header-display":"","ast-hfb-below-header-display":"","ast-hfb-mobile-header-display":"","site-post-title":"","ast-breadcrumbs-content":"","ast-featured-img":"","footer-sml-layout":"","theme-transparent-header-meta":"default","adv-header-id-meta":"","stick-header-meta":"","header-above-stick-meta":"","header-main-stick-meta":"","header-below-stick-meta":"","astra-migrate-meta-layouts":"set","ast-page-background-enabled":"default","ast-page-background-meta":{"desktop":{"background-color":"var(--ast-global-color-4)","background-image":"","background-repeat":"repeat","background-position":"center center","background-size":"auto","background-attachment":"scroll","background-type":"","background-media":"","overlay-type":"","overlay-color":"","overlay-opacity":"","overlay-gradient":""},"tablet":{"background-color":"","background-image":"","background-repeat":"repeat","background-position":"center center","background-size":"auto","background-attachment":"scroll","background-type":"","background-media":"","overlay-type":"","overlay-color":"","overlay-opacity":"","overlay-gradient":""},"mobile":{"background-color":"","background-image":"","background-repeat":"repeat","background-position":"center center","background-size":"auto","background-attachment":"scroll","background-type":"","background-media":"","overlay-type":"","overlay-color":"","overlay-opacity":"","overlay-gradient":""}},"ast-content-background-meta":{"desktop":{"background-color":"var(--ast-global-color-5)","background-image":"","background-repeat":"repeat","background-position":"center center","background-size":"auto","background-attachment":"scroll","background-type":"","background-media":"","overlay-type":"","overlay-color":"","overlay-opacity":"","overlay-gradient":""},"tablet":{"background-color":"var(--ast-global-color-5)","background-image":"","background-repeat":"repeat","background-position":"center center","background-size":"auto","background-attachment":"scroll","background-type":"","background-media":"","overlay-type":"","overlay-color":"","overlay-opacity":"","overlay-gradient":""},"mobile":{"background-color":"var(--ast-global-color-5)","background-image":"","background-repeat":"repeat","background-position":"center center","background-size":"auto","background-attachment":"scroll","background-type":"","background-media":"","overlay-type":"","overlay-color":"","overlay-opacity":"","overlay-gradient":""}},"footnotes":""},"class_list":["post-15820","page","type-page","status-publish","hentry"],"post_mailing_queue_ids":[],"_links":{"self":[{"href":"https:\/\/serveiseducatius.xtec.cat\/noguera\/wp-json\/wp\/v2\/pages\/15820","targetHints":{"allow":["GET"]}}],"collection":[{"href":"https:\/\/serveiseducatius.xtec.cat\/noguera\/wp-json\/wp\/v2\/pages"}],"about":[{"href":"https:\/\/serveiseducatius.xtec.cat\/noguera\/wp-json\/wp\/v2\/types\/page"}],"author":[{"embeddable":true,"href":"https:\/\/serveiseducatius.xtec.cat\/noguera\/wp-json\/wp\/v2\/users\/28"}],"replies":[{"embeddable":true,"href":"https:\/\/serveiseducatius.xtec.cat\/noguera\/wp-json\/wp\/v2\/comments?post=15820"}],"version-history":[{"count":1,"href":"https:\/\/serveiseducatius.xtec.cat\/noguera\/wp-json\/wp\/v2\/pages\/15820\/revisions"}],"predecessor-version":[{"id":15821,"href":"https:\/\/serveiseducatius.xtec.cat\/noguera\/wp-json\/wp\/v2\/pages\/15820\/revisions\/15821"}],"up":[{"embeddable":true,"href":"https:\/\/serveiseducatius.xtec.cat\/noguera\/wp-json\/wp\/v2\/pages\/12483"}],"wp:attachment":[{"href":"https:\/\/serveiseducatius.xtec.cat\/noguera\/wp-json\/wp\/v2\/media?parent=15820"}],"curies":[{"name":"wp","href":"https:\/\/api.w.org\/{rel}","templated":true}]}}