{"id":15386,"date":"2025-10-22T08:46:12","date_gmt":"2025-10-22T06:46:12","guid":{"rendered":"https:\/\/serveiseducatius.xtec.cat\/noguera\/?page_id=15386"},"modified":"2025-10-22T08:46:12","modified_gmt":"2025-10-22T06:46:12","slug":"proves-davaluacio-daltres-anys-per-a-tots-els-nivells-educatius","status":"publish","type":"page","link":"https:\/\/serveiseducatius.xtec.cat\/noguera\/curriculum\/proves-davaluacio-daltres-anys-per-a-tots-els-nivells-educatius\/","title":{"rendered":"Proves d&#8217;avaluaci\u00f3 d&#8217;altres anys per a tots els nivells educatius"},"content":{"rendered":"<p data-start=\"172\" data-end=\"328\"><strong data-start=\"172\" data-end=\"326\">En aquest <a href=\"https:\/\/projectes.xtec.cat\/nou-curriculum\/proves-davaluacio\/\">enlla\u00e7<\/a> es poden trobar proves d\u2019avaluaci\u00f3 d\u2019altres anys per a tots els nivells educatius, actualitzades cada any pel Departament d\u2019Educaci\u00f3.<\/strong><\/p>\n<h3 data-start=\"330\" data-end=\"365\"><strong data-start=\"334\" data-end=\"365\">\ud83e\udde9Proves de l\u2019educaci\u00f3 b\u00e0sica<\/strong><\/h3>\n<ul data-start=\"366\" data-end=\"623\">\n<li data-start=\"366\" data-end=\"413\">\n<p data-start=\"368\" data-end=\"413\">Avaluaci\u00f3 diagn\u00f2stica de 4t de prim\u00e0ria<\/p>\n<\/li>\n<li data-start=\"414\" data-end=\"466\">\n<p data-start=\"416\" data-end=\"466\">Avaluaci\u00f3 de final d\u2019etapa de 6\u00e8 de prim\u00e0ria<\/p>\n<\/li>\n<li data-start=\"467\" data-end=\"542\">\n<p data-start=\"469\" data-end=\"542\">Avaluaci\u00f3 diagn\u00f2stica de 2n d\u2019ESO (Educaci\u00f3 Secund\u00e0ria Obligat\u00f2ria)<\/p>\n<\/li>\n<li data-start=\"543\" data-end=\"623\">\n<p data-start=\"545\" data-end=\"623\">Avaluaci\u00f3 de final d\u2019etapa de 4t d\u2019ESO (Educaci\u00f3 Secund\u00e0ria Obligat\u00f2ria)<\/p>\n<\/li>\n<li data-start=\"543\" data-end=\"623\">\n<p data-start=\"545\" data-end=\"623\">Avaluaci\u00f3 general del sistema (LOMLOE \u2013 Llei org\u00e0nica de modificaci\u00f3 de la Llei org\u00e0nica d\u2019educaci\u00f3)<\/p>\n<\/li>\n<\/ul>\n<h3 data-start=\"738\" data-end=\"767\"><strong data-start=\"742\" data-end=\"767\">\ud83c\udf0dProves internacionals<\/strong><\/h3>\n<ul data-start=\"768\" data-end=\"1146\">\n<li data-start=\"768\" data-end=\"836\">\n<p data-start=\"770\" data-end=\"836\">PISA (Programa per a l\u2019Avaluaci\u00f3 Internacional dels Alumnes)<\/p>\n<\/li>\n<li data-start=\"837\" data-end=\"910\">\n<p data-start=\"839\" data-end=\"910\">PIRLS (Estudi Internacional del Progr\u00e9s en la Comprensi\u00f3 Lectora)<\/p>\n<\/li>\n<li data-start=\"911\" data-end=\"988\">\n<p data-start=\"913\" data-end=\"988\">TIMSS (Estudi Internacional de Tend\u00e8ncies en Matem\u00e0tiques i Ci\u00e8ncies)<\/p>\n<\/li>\n<li data-start=\"989\" data-end=\"1055\">\n<p data-start=\"991\" data-end=\"1055\">ICCS (Estudi Internacional d\u2019Educaci\u00f3 C\u00edvica i Ciutadania)<\/p>\n<\/li>\n<li data-start=\"1056\" data-end=\"1146\">\n<p data-start=\"1058\" data-end=\"1146\">ICILS (Estudi Internacional de Compet\u00e8ncia Digital i \u00fas de les Tecnologies de la informaci\u00f3)<\/p>\n<\/li>\n<\/ul>\n<h3 data-start=\"1153\" data-end=\"1174\"><strong data-start=\"1157\" data-end=\"1174\">\ud83c\udf93Altres proves<\/strong><\/h3>\n<ul data-start=\"1175\" data-end=\"1313\">\n<li data-start=\"1175\" data-end=\"1220\">\n<p data-start=\"1177\" data-end=\"1220\">PAU (Proves d\u2019Acc\u00e9s a la Universitat)<\/p>\n<\/li>\n<li data-start=\"1221\" data-end=\"1273\">\n<p data-start=\"1223\" data-end=\"1273\">Avaluaci\u00f3 diagn\u00f2stica de l\u2019educaci\u00f3 prim\u00e0ria<\/p>\n<\/li>\n<li data-start=\"1274\" data-end=\"1313\">\n<p data-start=\"1276\" data-end=\"1313\">PAP (Proves d\u2019Aptitud Personal per a l&#8217;admissi\u00f3 als graus en educaci\u00f3 infantil i prim\u00e0ria)<\/p>\n<\/li>\n<\/ul>\n<p>&nbsp;<\/p>\n<p>&nbsp;<\/p>\n","protected":false},"excerpt":{"rendered":"<p>En aquest enlla\u00e7 es poden trobar proves d\u2019avaluaci\u00f3 d\u2019altres anys per a tots els nivells educatius, actualitzades cada any pel Departament d\u2019Educaci\u00f3. \ud83e\udde9Proves de l\u2019educaci\u00f3 b\u00e0sica Avaluaci\u00f3 diagn\u00f2stica de 4t de prim\u00e0ria Avaluaci\u00f3 de final d\u2019etapa de 6\u00e8 de prim\u00e0ria Avaluaci\u00f3 diagn\u00f2stica de 2n d\u2019ESO (Educaci\u00f3 Secund\u00e0ria Obligat\u00f2ria) Avaluaci\u00f3 de final d\u2019etapa de 4t d\u2019ESO [&hellip;]<\/p>\n","protected":false},"author":35,"featured_media":0,"parent":15185,"menu_order":0,"comment_status":"closed","ping_status":"closed","template":"","meta":{"_bbp_topic_count":0,"_bbp_reply_count":0,"_bbp_total_topic_count":0,"_bbp_total_reply_count":0,"_bbp_voice_count":0,"_bbp_anonymous_reply_count":0,"_bbp_topic_count_hidden":0,"_bbp_reply_count_hidden":0,"_bbp_forum_subforum_count":0,"site-sidebar-layout":"default","site-content-layout":"","ast-site-content-layout":"default","site-content-style":"default","site-sidebar-style":"default","ast-global-header-display":"","ast-banner-title-visibility":"","ast-main-header-display":"","ast-hfb-above-header-display":"","ast-hfb-below-header-display":"","ast-hfb-mobile-header-display":"","site-post-title":"","ast-breadcrumbs-content":"","ast-featured-img":"","footer-sml-layout":"","theme-transparent-header-meta":"default","adv-header-id-meta":"","stick-header-meta":"","header-above-stick-meta":"","header-main-stick-meta":"","header-below-stick-meta":"","astra-migrate-meta-layouts":"set","ast-page-background-enabled":"default","ast-page-background-meta":{"desktop":{"background-color":"var(--ast-global-color-4)","background-image":"","background-repeat":"repeat","background-position":"center center","background-size":"auto","background-attachment":"scroll","background-type":"","background-media":"","overlay-type":"","overlay-color":"","overlay-opacity":"","overlay-gradient":""},"tablet":{"background-color":"","background-image":"","background-repeat":"repeat","background-position":"center center","background-size":"auto","background-attachment":"scroll","background-type":"","background-media":"","overlay-type":"","overlay-color":"","overlay-opacity":"","overlay-gradient":""},"mobile":{"background-color":"","background-image":"","background-repeat":"repeat","background-position":"center center","background-size":"auto","background-attachment":"scroll","background-type":"","background-media":"","overlay-type":"","overlay-color":"","overlay-opacity":"","overlay-gradient":""}},"ast-content-background-meta":{"desktop":{"background-color":"var(--ast-global-color-5)","background-image":"","background-repeat":"repeat","background-position":"center center","background-size":"auto","background-attachment":"scroll","background-type":"","background-media":"","overlay-type":"","overlay-color":"","overlay-opacity":"","overlay-gradient":""},"tablet":{"background-color":"var(--ast-global-color-5)","background-image":"","background-repeat":"repeat","background-position":"center center","background-size":"auto","background-attachment":"scroll","background-type":"","background-media":"","overlay-type":"","overlay-color":"","overlay-opacity":"","overlay-gradient":""},"mobile":{"background-color":"var(--ast-global-color-5)","background-image":"","background-repeat":"repeat","background-position":"center center","background-size":"auto","background-attachment":"scroll","background-type":"","background-media":"","overlay-type":"","overlay-color":"","overlay-opacity":"","overlay-gradient":""}},"footnotes":""},"class_list":["post-15386","page","type-page","status-publish","hentry"],"post_mailing_queue_ids":[],"_links":{"self":[{"href":"https:\/\/serveiseducatius.xtec.cat\/noguera\/wp-json\/wp\/v2\/pages\/15386","targetHints":{"allow":["GET"]}}],"collection":[{"href":"https:\/\/serveiseducatius.xtec.cat\/noguera\/wp-json\/wp\/v2\/pages"}],"about":[{"href":"https:\/\/serveiseducatius.xtec.cat\/noguera\/wp-json\/wp\/v2\/types\/page"}],"author":[{"embeddable":true,"href":"https:\/\/serveiseducatius.xtec.cat\/noguera\/wp-json\/wp\/v2\/users\/35"}],"replies":[{"embeddable":true,"href":"https:\/\/serveiseducatius.xtec.cat\/noguera\/wp-json\/wp\/v2\/comments?post=15386"}],"version-history":[{"count":2,"href":"https:\/\/serveiseducatius.xtec.cat\/noguera\/wp-json\/wp\/v2\/pages\/15386\/revisions"}],"predecessor-version":[{"id":15388,"href":"https:\/\/serveiseducatius.xtec.cat\/noguera\/wp-json\/wp\/v2\/pages\/15386\/revisions\/15388"}],"up":[{"embeddable":true,"href":"https:\/\/serveiseducatius.xtec.cat\/noguera\/wp-json\/wp\/v2\/pages\/15185"}],"wp:attachment":[{"href":"https:\/\/serveiseducatius.xtec.cat\/noguera\/wp-json\/wp\/v2\/media?parent=15386"}],"curies":[{"name":"wp","href":"https:\/\/api.w.org\/{rel}","templated":true}]}}