{"id":15295,"date":"2025-10-03T13:56:46","date_gmt":"2025-10-03T11:56:46","guid":{"rendered":"https:\/\/serveiseducatius.xtec.cat\/noguera\/?page_id=15295"},"modified":"2025-10-03T15:52:22","modified_gmt":"2025-10-03T13:52:22","slug":"historia","status":"publish","type":"page","link":"https:\/\/serveiseducatius.xtec.cat\/noguera\/recursos\/historia\/","title":{"rendered":"Hist\u00f2ria"},"content":{"rendered":"<p>Adjuntem el\u00a0 seg\u00fcent web; <a href=\"https:\/\/www.memoria.cat\/edu\/web-les-ultimes-detencions-del-franquisme-a-manresa-material-de-suport\/\">Les \u00faltimes detencions del franquisme a Manresa, material de suport<\/a>, compartit per <a href=\"https:\/\/www.memoria.cat\/\">memoria.cat<\/a> adre\u00e7at a ESO i Batxillerat perqu\u00e8 des dels centres es pugui treballar la repressi\u00f3 del final del franquisme i la lluita de l&#8217;oposici\u00f3 democr\u00e0tica per enderrocar-lo.<\/p>\n<p><a href=\"https:\/\/serveiseducatius.xtec.cat\/noguera\/wp-content\/uploads\/usu1149\/2025\/10\/franquisme-detencions.jpg\"><img loading=\"lazy\" decoding=\"async\" class=\"wp-image-15301 aligncenter\" src=\"https:\/\/serveiseducatius.xtec.cat\/noguera\/wp-content\/uploads\/usu1149\/2025\/10\/franquisme-detencions.jpg\" alt=\"\" width=\"512\" height=\"409\" srcset=\"https:\/\/serveiseducatius.xtec.cat\/noguera\/wp-content\/uploads\/usu1149\/2025\/10\/franquisme-detencions.jpg 1000w, https:\/\/serveiseducatius.xtec.cat\/noguera\/wp-content\/uploads\/usu1149\/2025\/10\/franquisme-detencions-300x240.jpg 300w, https:\/\/serveiseducatius.xtec.cat\/noguera\/wp-content\/uploads\/usu1149\/2025\/10\/franquisme-detencions-768x614.jpg 768w\" sizes=\"auto, (max-width: 512px) 100vw, 512px\" \/><\/a><\/p>\n<p style=\"text-align: center;\"><strong><span style=\"font-size: 16px;\">Taula de continguts<\/span><\/strong><\/p>\n<div id=\"elementor-toc__cd334c3\" class=\"elementor-toc__body\">\n<div class=\"elementor-toc__list-item-text-wrapper\" style=\"text-align: center;\"><a class=\"elementor-toc__list-item-text elementor-toc__top-level elementor-item-active\" href=\"https:\/\/www.memoria.cat\/edu\/web-les-ultimes-detencions-del-franquisme-a-manresa-material-de-suport\/#elementor-toc__heading-anchor-0\">Introducci\u00f3<\/a><\/div>\n<div class=\"elementor-toc__list-item-text-wrapper\" style=\"text-align: center;\"><a class=\"elementor-toc__list-item-text elementor-toc__top-level\" href=\"https:\/\/www.memoria.cat\/edu\/web-les-ultimes-detencions-del-franquisme-a-manresa-material-de-suport\/#elementor-toc__heading-anchor-1\">1. El context<\/a><\/div>\n<div class=\"elementor-toc__list-item-text-wrapper\" style=\"text-align: center;\"><a class=\"elementor-toc__list-item-text elementor-toc__top-level\" href=\"https:\/\/www.memoria.cat\/edu\/web-les-ultimes-detencions-del-franquisme-a-manresa-material-de-suport\/#elementor-toc__heading-anchor-2\">2. La milit\u00e0ncia pol\u00edtica i sindical en la clandestinitat<\/a><\/div>\n<div class=\"elementor-toc__list-item-text-wrapper\" style=\"text-align: center;\"><a class=\"elementor-toc__list-item-text elementor-toc__top-level\" href=\"https:\/\/www.memoria.cat\/edu\/web-les-ultimes-detencions-del-franquisme-a-manresa-material-de-suport\/#elementor-toc__heading-anchor-3\">3. El motiu de les detencions<\/a><\/div>\n<div class=\"elementor-toc__list-item-text-wrapper\" style=\"text-align: center;\"><a class=\"elementor-toc__list-item-text elementor-toc__top-level\" href=\"https:\/\/www.memoria.cat\/edu\/web-les-ultimes-detencions-del-franquisme-a-manresa-material-de-suport\/#elementor-toc__heading-anchor-4\">4. Els detinguts<\/a><\/div>\n<div class=\"elementor-toc__list-item-text-wrapper\" style=\"text-align: center;\"><a class=\"elementor-toc__list-item-text elementor-toc__top-level\" href=\"https:\/\/www.memoria.cat\/edu\/web-les-ultimes-detencions-del-franquisme-a-manresa-material-de-suport\/#elementor-toc__heading-anchor-5\">5. Interrogatoris: tortures i maltractes<\/a><\/div>\n<div class=\"elementor-toc__list-item-text-wrapper\" style=\"text-align: center;\"><a class=\"elementor-toc__list-item-text elementor-toc__top-level\" href=\"https:\/\/www.memoria.cat\/edu\/web-les-ultimes-detencions-del-franquisme-a-manresa-material-de-suport\/#elementor-toc__heading-anchor-6\">6. La pres\u00f3 Model de Barcelona<\/a><\/div>\n<div class=\"elementor-toc__list-item-text-wrapper\" style=\"text-align: center;\"><a class=\"elementor-toc__list-item-text elementor-toc__top-level\" href=\"https:\/\/www.memoria.cat\/edu\/web-les-ultimes-detencions-del-franquisme-a-manresa-material-de-suport\/#elementor-toc__heading-anchor-7\">7. El suport i la solidaritat<\/a><\/div>\n<div class=\"elementor-toc__list-item-text-wrapper\" style=\"text-align: center;\"><a class=\"elementor-toc__list-item-text elementor-toc__top-level\" href=\"https:\/\/www.memoria.cat\/edu\/web-les-ultimes-detencions-del-franquisme-a-manresa-material-de-suport\/#elementor-toc__heading-anchor-8\">8. La llibertat i el retorn a Manresa<\/a><\/div>\n<div class=\"elementor-toc__list-item-text-wrapper\" style=\"text-align: center;\"><a class=\"elementor-toc__list-item-text elementor-toc__top-level\" href=\"https:\/\/www.memoria.cat\/edu\/web-les-ultimes-detencions-del-franquisme-a-manresa-material-de-suport\/#elementor-toc__heading-anchor-9\">9. El retorn al treball<\/a><\/div>\n<div class=\"elementor-toc__list-item-text-wrapper\" style=\"text-align: center;\"><a class=\"elementor-toc__list-item-text elementor-toc__top-level\" href=\"https:\/\/www.memoria.cat\/edu\/web-les-ultimes-detencions-del-franquisme-a-manresa-material-de-suport\/#elementor-toc__heading-anchor-10\">10. Valoraci\u00f3 hist\u00f2rica dels fets<\/a><\/div>\n<\/div>\n","protected":false},"excerpt":{"rendered":"<p>Adjuntem el\u00a0 seg\u00fcent web; Les \u00faltimes detencions del franquisme a Manresa, material de suport, compartit per memoria.cat adre\u00e7at a ESO i Batxillerat perqu\u00e8 des dels centres es pugui treballar la repressi\u00f3 del final del franquisme i la lluita de l&#8217;oposici\u00f3 democr\u00e0tica per enderrocar-lo. Taula de continguts Introducci\u00f3 1. El context 2. La milit\u00e0ncia pol\u00edtica i [&hellip;]<\/p>\n","protected":false},"author":35,"featured_media":0,"parent":906,"menu_order":0,"comment_status":"closed","ping_status":"closed","template":"","meta":{"_bbp_topic_count":0,"_bbp_reply_count":0,"_bbp_total_topic_count":0,"_bbp_total_reply_count":0,"_bbp_voice_count":0,"_bbp_anonymous_reply_count":0,"_bbp_topic_count_hidden":0,"_bbp_reply_count_hidden":0,"_bbp_forum_subforum_count":0,"site-sidebar-layout":"default","site-content-layout":"","ast-site-content-layout":"default","site-content-style":"default","site-sidebar-style":"default","ast-global-header-display":"","ast-banner-title-visibility":"","ast-main-header-display":"","ast-hfb-above-header-display":"","ast-hfb-below-header-display":"","ast-hfb-mobile-header-display":"","site-post-title":"","ast-breadcrumbs-content":"","ast-featured-img":"","footer-sml-layout":"","theme-transparent-header-meta":"default","adv-header-id-meta":"","stick-header-meta":"","header-above-stick-meta":"","header-main-stick-meta":"","header-below-stick-meta":"","astra-migrate-meta-layouts":"set","ast-page-background-enabled":"default","ast-page-background-meta":{"desktop":{"background-color":"var(--ast-global-color-4)","background-image":"","background-repeat":"repeat","background-position":"center center","background-size":"auto","background-attachment":"scroll","background-type":"","background-media":"","overlay-type":"","overlay-color":"","overlay-opacity":"","overlay-gradient":""},"tablet":{"background-color":"","background-image":"","background-repeat":"repeat","background-position":"center center","background-size":"auto","background-attachment":"scroll","background-type":"","background-media":"","overlay-type":"","overlay-color":"","overlay-opacity":"","overlay-gradient":""},"mobile":{"background-color":"","background-image":"","background-repeat":"repeat","background-position":"center center","background-size":"auto","background-attachment":"scroll","background-type":"","background-media":"","overlay-type":"","overlay-color":"","overlay-opacity":"","overlay-gradient":""}},"ast-content-background-meta":{"desktop":{"background-color":"var(--ast-global-color-5)","background-image":"","background-repeat":"repeat","background-position":"center center","background-size":"auto","background-attachment":"scroll","background-type":"","background-media":"","overlay-type":"","overlay-color":"","overlay-opacity":"","overlay-gradient":""},"tablet":{"background-color":"var(--ast-global-color-5)","background-image":"","background-repeat":"repeat","background-position":"center center","background-size":"auto","background-attachment":"scroll","background-type":"","background-media":"","overlay-type":"","overlay-color":"","overlay-opacity":"","overlay-gradient":""},"mobile":{"background-color":"var(--ast-global-color-5)","background-image":"","background-repeat":"repeat","background-position":"center center","background-size":"auto","background-attachment":"scroll","background-type":"","background-media":"","overlay-type":"","overlay-color":"","overlay-opacity":"","overlay-gradient":""}},"footnotes":""},"class_list":["post-15295","page","type-page","status-publish","hentry"],"post_mailing_queue_ids":[],"_links":{"self":[{"href":"https:\/\/serveiseducatius.xtec.cat\/noguera\/wp-json\/wp\/v2\/pages\/15295","targetHints":{"allow":["GET"]}}],"collection":[{"href":"https:\/\/serveiseducatius.xtec.cat\/noguera\/wp-json\/wp\/v2\/pages"}],"about":[{"href":"https:\/\/serveiseducatius.xtec.cat\/noguera\/wp-json\/wp\/v2\/types\/page"}],"author":[{"embeddable":true,"href":"https:\/\/serveiseducatius.xtec.cat\/noguera\/wp-json\/wp\/v2\/users\/35"}],"replies":[{"embeddable":true,"href":"https:\/\/serveiseducatius.xtec.cat\/noguera\/wp-json\/wp\/v2\/comments?post=15295"}],"version-history":[{"count":3,"href":"https:\/\/serveiseducatius.xtec.cat\/noguera\/wp-json\/wp\/v2\/pages\/15295\/revisions"}],"predecessor-version":[{"id":15302,"href":"https:\/\/serveiseducatius.xtec.cat\/noguera\/wp-json\/wp\/v2\/pages\/15295\/revisions\/15302"}],"up":[{"embeddable":true,"href":"https:\/\/serveiseducatius.xtec.cat\/noguera\/wp-json\/wp\/v2\/pages\/906"}],"wp:attachment":[{"href":"https:\/\/serveiseducatius.xtec.cat\/noguera\/wp-json\/wp\/v2\/media?parent=15295"}],"curies":[{"name":"wp","href":"https:\/\/api.w.org\/{rel}","templated":true}]}}