{"id":14810,"date":"2025-07-09T13:58:14","date_gmt":"2025-07-09T11:58:14","guid":{"rendered":"https:\/\/serveiseducatius.xtec.cat\/noguera\/?page_id=14810"},"modified":"2025-09-05T13:06:24","modified_gmt":"2025-09-05T11:06:24","slug":"lic","status":"publish","type":"page","link":"https:\/\/serveiseducatius.xtec.cat\/noguera\/el-servei-educatiu\/equip\/lic\/","title":{"rendered":"LIC"},"content":{"rendered":"<p>Els i les professionals del servei educatiu LIC de les Terres de Lleida formem, assessorem i acompanyem els equips docents dels centres educatius i la xarxa educativa de l&#8217;entorn. A l&#8217;equip LIC treballem per a la millora de la compet\u00e8ncia comunicativa i intercultural de tot l&#8217;alumnat, tot vetllant per l&#8217;atenci\u00f3 de l&#8217;alumnat d&#8217;origen estranger i d&#8217; aquell que es troba en risc d&#8217;exclusi\u00f3 social.<\/p>\n<h5><strong>Assignaci\u00f3 de centres de l&#8217;equip LIC de la Noguera (Curs 2025-26)<\/strong><\/h5>\n<table style=\"margin: auto; border-collapse: collapse; border: 2px solid black; text-align: center; table-layout: auto; white-space: nowrap;\">\n<tbody>\n<tr>\n<td style=\"border: 1px solid gray; padding: 8px;\"><strong style=\"font-size: 16px;\">PROFESSIONAL LIC<\/strong><\/td>\n<td style=\"border: 1px solid gray; padding: 8px;\"><strong style=\"font-size: 16px;\">FUNCIONS<\/strong><\/td>\n<\/tr>\n<tr>\n<td style=\"border: 1px solid gray; padding: 8px; text-align: left; line-height: 1.6;\">\n<p style=\"font-size: 16px;\"><strong>\u00c0ngels Vidal Bar\u00f3<\/strong><\/p>\n<p style=\"font-size: 16px;\">\ud83d\udc64 Assessora LIC<\/p>\n<p style=\"font-size: 16px;\">\u2709\ufe0f<a href=\"mailto:avidal26@xtec.cat\">avidal26<span class=\"\">@xtec.ca<\/span>t<\/a><\/p>\n<\/td>\n<td style=\"border: 1px solid gray; padding: 8px; text-align: left;\">\n<ul>\n<li>Participaci\u00f3 en la Comissi\u00f3 T\u00e8cnica del Servei Educatiu<\/li>\n<li>Formaci\u00f3 docent de l&#8217;\u00e0mbit ling\u00fc\u00edstic<\/li>\n<li>Assessorament i suport a l&#8217;alumnat d&#8217;origen estranger (aula d&#8217;acollida)<\/li>\n<\/ul>\n<\/td>\n<\/tr>\n<tr>\n<td style=\"border: 1px solid gray; padding: 8px; text-align: left; line-height: 1.6;\"><strong>Rosa Miralles Pascual<\/strong><\/p>\n<p>\ud83d\udc64 Assessora LIC<\/p>\n<p>\u2709\ufe0f<a href=\"mailto:rmirall4@xtec.cat\">rmirall4<span class=\"atwho-query\">@xtec.cat<\/span><\/a><\/td>\n<td style=\"border: 1px solid gray; padding: 8px; text-align: left;\">\n<ul>\n<li>Coordinaci\u00f3 del Pla Educatiu de Balaguer<\/li>\n<li>Coordinaci\u00f3 del Pla Educatiu d&#8217;Artesa de Segre<\/li>\n<li>Assessorament i suport a l&#8217;alumnat d&#8217;origen estranger (aula d&#8217;acollida)<\/li>\n<\/ul>\n<\/td>\n<\/tr>\n<\/tbody>\n<\/table>\n","protected":false},"excerpt":{"rendered":"<p>Els i les professionals del servei educatiu LIC de les Terres de Lleida formem, assessorem i acompanyem els equips docents dels centres educatius i la xarxa educativa de l&#8217;entorn. A l&#8217;equip LIC treballem per a la millora de la compet\u00e8ncia comunicativa i intercultural de tot l&#8217;alumnat, tot vetllant per l&#8217;atenci\u00f3 de l&#8217;alumnat d&#8217;origen estranger i [&hellip;]<\/p>\n","protected":false},"author":28,"featured_media":0,"parent":306,"menu_order":2,"comment_status":"closed","ping_status":"closed","template":"","meta":{"_bbp_topic_count":0,"_bbp_reply_count":0,"_bbp_total_topic_count":0,"_bbp_total_reply_count":0,"_bbp_voice_count":0,"_bbp_anonymous_reply_count":0,"_bbp_topic_count_hidden":0,"_bbp_reply_count_hidden":0,"_bbp_forum_subforum_count":0,"site-sidebar-layout":"default","site-content-layout":"","ast-site-content-layout":"default","site-content-style":"default","site-sidebar-style":"default","ast-global-header-display":"","ast-banner-title-visibility":"","ast-main-header-display":"","ast-hfb-above-header-display":"","ast-hfb-below-header-display":"","ast-hfb-mobile-header-display":"","site-post-title":"","ast-breadcrumbs-content":"","ast-featured-img":"","footer-sml-layout":"","theme-transparent-header-meta":"default","adv-header-id-meta":"","stick-header-meta":"","header-above-stick-meta":"","header-main-stick-meta":"","header-below-stick-meta":"","astra-migrate-meta-layouts":"set","ast-page-background-enabled":"default","ast-page-background-meta":{"desktop":{"background-color":"var(--ast-global-color-4)","background-image":"","background-repeat":"repeat","background-position":"center center","background-size":"auto","background-attachment":"scroll","background-type":"","background-media":"","overlay-type":"","overlay-color":"","overlay-opacity":"","overlay-gradient":""},"tablet":{"background-color":"","background-image":"","background-repeat":"repeat","background-position":"center center","background-size":"auto","background-attachment":"scroll","background-type":"","background-media":"","overlay-type":"","overlay-color":"","overlay-opacity":"","overlay-gradient":""},"mobile":{"background-color":"","background-image":"","background-repeat":"repeat","background-position":"center center","background-size":"auto","background-attachment":"scroll","background-type":"","background-media":"","overlay-type":"","overlay-color":"","overlay-opacity":"","overlay-gradient":""}},"ast-content-background-meta":{"desktop":{"background-color":"var(--ast-global-color-5)","background-image":"","background-repeat":"repeat","background-position":"center center","background-size":"auto","background-attachment":"scroll","background-type":"","background-media":"","overlay-type":"","overlay-color":"","overlay-opacity":"","overlay-gradient":""},"tablet":{"background-color":"var(--ast-global-color-5)","background-image":"","background-repeat":"repeat","background-position":"center center","background-size":"auto","background-attachment":"scroll","background-type":"","background-media":"","overlay-type":"","overlay-color":"","overlay-opacity":"","overlay-gradient":""},"mobile":{"background-color":"var(--ast-global-color-5)","background-image":"","background-repeat":"repeat","background-position":"center center","background-size":"auto","background-attachment":"scroll","background-type":"","background-media":"","overlay-type":"","overlay-color":"","overlay-opacity":"","overlay-gradient":""}},"footnotes":""},"class_list":["post-14810","page","type-page","status-publish","hentry"],"post_mailing_queue_ids":[],"_links":{"self":[{"href":"https:\/\/serveiseducatius.xtec.cat\/noguera\/wp-json\/wp\/v2\/pages\/14810","targetHints":{"allow":["GET"]}}],"collection":[{"href":"https:\/\/serveiseducatius.xtec.cat\/noguera\/wp-json\/wp\/v2\/pages"}],"about":[{"href":"https:\/\/serveiseducatius.xtec.cat\/noguera\/wp-json\/wp\/v2\/types\/page"}],"author":[{"embeddable":true,"href":"https:\/\/serveiseducatius.xtec.cat\/noguera\/wp-json\/wp\/v2\/users\/28"}],"replies":[{"embeddable":true,"href":"https:\/\/serveiseducatius.xtec.cat\/noguera\/wp-json\/wp\/v2\/comments?post=14810"}],"version-history":[{"count":5,"href":"https:\/\/serveiseducatius.xtec.cat\/noguera\/wp-json\/wp\/v2\/pages\/14810\/revisions"}],"predecessor-version":[{"id":15083,"href":"https:\/\/serveiseducatius.xtec.cat\/noguera\/wp-json\/wp\/v2\/pages\/14810\/revisions\/15083"}],"up":[{"embeddable":true,"href":"https:\/\/serveiseducatius.xtec.cat\/noguera\/wp-json\/wp\/v2\/pages\/306"}],"wp:attachment":[{"href":"https:\/\/serveiseducatius.xtec.cat\/noguera\/wp-json\/wp\/v2\/media?parent=14810"}],"curies":[{"name":"wp","href":"https:\/\/api.w.org\/{rel}","templated":true}]}}