{"id":141,"date":"2014-06-06T09:53:39","date_gmt":"2014-06-06T09:53:39","guid":{"rendered":"http:\/\/blocs.xtec.cat\/experimentsdepelicula\/?page_id=141"},"modified":"2021-10-25T11:02:09","modified_gmt":"2021-10-25T09:02:09","slug":"videos-premiats-de-la-1a-edicio-del-concurs-2013-2014","status":"publish","type":"page","link":"https:\/\/serveiseducatius.xtec.cat\/noguera\/dinamica\/experiments\/videos-premiats\/videos-premiats-de-la-1a-edicio-del-concurs-2013-2014\/","title":{"rendered":"V\u00eddeos premiats 1a edici\u00f3 (2013-2014)"},"content":{"rendered":"<p><iframe loading=\"lazy\" src=\"\/\/www.youtube.com\/embed\/QA9Cw0nWBVs\" width=\"420\" height=\"315\" frameborder=\"0\" allowfullscreen=\"allowfullscreen\"><\/iframe><\/p>\n<p>Relaci\u00f3 d\u2019alumnat premiat:<\/p>\n<p>Categoria A (Educaci\u00f3 Infantil i Cicle Inicial d\u2019Educaci\u00f3 Prim\u00e0ria)<\/p>\n<p style=\"padding-left: 60px;\"><strong><em>Experimentem amb els trens i el pla inclinat<\/em><\/strong><\/p>\n<p style=\"padding-left: 60px;\">Escola Salvador Espriu (Vallfogona de Balaguer)<\/p>\n<p style=\"padding-left: 60px;\"><strong>Professorat responsable:<\/strong> Ver\u00f2nica Oliva Puigvert<\/p>\n<p style=\"padding-left: 60px;\"><strong>Alumnat:<\/strong> (P-3) Salvador Farr\u00e9, X\u00e8nia Clop Hidalgo, Marc Sorribes Balasch, Sol Albareda Tena, Biel Cruz Rosell\u00f3.<\/p>\n<p style=\"padding-left: 30px;\">\u00a0Categoria B (Cicle Mitj\u00e0 i Cicle Superior d\u2019Educaci\u00f3 Prim\u00e0ria)<\/p>\n<p style=\"padding-left: 60px;\"><strong>Premi <em>Ex aequo<\/em><\/strong><\/p>\n<p style=\"padding-left: 60px;\"><strong><em>L\u00e0mpada de lava casolana<\/em><\/strong><\/p>\n<p style=\"padding-left: 60px;\">Escola \u00c0ngel Guimer\u00e0 (Balaguer)<\/p>\n<p style=\"padding-left: 60px;\"><strong>Professorat responsable:<\/strong> Silvia Isda<\/p>\n<p style=\"padding-left: 60px;\"><strong>Alumnat:<\/strong> (6\u00e8 PRI) Douae Alaoui Kasbaoui, Tatima Azzi, Kevin Batista, Jos\u00e9 Carbonell, Chenoa Gim\u00e9nez Reyes.<\/p>\n<p style=\"padding-left: 60px;\"><strong><em>Experiments with the light<\/em><\/strong><\/p>\n<p style=\"padding-left: 60px;\">Escola Salvador Espriu (Vallfogona de Balaguer)<\/p>\n<p style=\"padding-left: 60px;\"><strong>Professorat responsable:<\/strong> \u00c8ric Berga Ses\u00e9<\/p>\n<p style=\"padding-left: 60px;\"><strong>Alumnat:<\/strong> (4t PRI) Naila Blanch Riasol, Mariona Oms Duaig\u00fces, Jan Pallis\u00e9 Viola, Derek Sim\u00f3 Camins i Paula Trib\u00f3 Mas<\/p>\n<p style=\"padding-left: 30px;\">Categoria C (Educaci\u00f3 Secund\u00e0ria Obligat\u00f2ria)<\/p>\n<p style=\"padding-left: 60px;\"><strong><em>Qu\u00e8 li passa al pes dins d\u2019un ascensor?<\/em><\/strong><\/p>\n<p style=\"padding-left: 60px;\">Escola Pia\u00a0 (Balaguer)<\/p>\n<p style=\"padding-left: 60px;\"><strong>Professorat responsable:<\/strong> Marta Llovera<\/p>\n<p style=\"padding-left: 60px;\"><strong>Alumnat:<\/strong> (4t ESO)\u00a0 Alba Babot, Carlota Gregori, J\u00falia Castell\u00e0 i Mireia Gin\u00e9<\/p>\n<p style=\"padding-left: 30px;\">Categoria D (Educaci\u00f3 Secund\u00e0ria Postobligat\u00f2ria: Batxillerat i CF)<\/p>\n<p style=\"padding-left: 60px;\"><strong><em>Apagar una espelma sense bufar<\/em><\/strong><\/p>\n<p style=\"padding-left: 60px;\">INS Ciutat de Balaguer\u00a0 (Balaguer)<\/p>\n<p style=\"padding-left: 60px;\"><strong>Professorat responsable:<\/strong> Sergi Palou<\/p>\n<p style=\"padding-left: 60px;\"><strong>Alumnat:<\/strong> (1r BATX) Thiago Eduardo Hachikyan, Hicham Haji i Marc Ca\u00f1ada Mart\u00ednez<\/p>\n<p>&nbsp;<\/p>\n","protected":false},"excerpt":{"rendered":"<p>Relaci\u00f3 d\u2019alumnat premiat: Categoria A (Educaci\u00f3 Infantil i Cicle Inicial d\u2019Educaci\u00f3 Prim\u00e0ria) Experimentem amb els trens i el pla inclinat Escola Salvador Espriu (Vallfogona de Balaguer) Professorat responsable: Ver\u00f2nica Oliva Puigvert Alumnat: (P-3) Salvador Farr\u00e9, X\u00e8nia Clop Hidalgo, Marc Sorribes Balasch, Sol Albareda Tena, Biel Cruz Rosell\u00f3. \u00a0Categoria B (Cicle Mitj\u00e0 i Cicle Superior d\u2019Educaci\u00f3 [&hellip;]<\/p>\n","protected":false},"author":1,"featured_media":0,"parent":11013,"menu_order":99,"comment_status":"closed","ping_status":"open","template":"page-templates\/side-menu.php","meta":{"_bbp_topic_count":0,"_bbp_reply_count":0,"_bbp_total_topic_count":0,"_bbp_total_reply_count":0,"_bbp_voice_count":0,"_bbp_anonymous_reply_count":0,"_bbp_topic_count_hidden":0,"_bbp_reply_count_hidden":0,"_bbp_forum_subforum_count":0,"site-sidebar-layout":"default","site-content-layout":"","ast-site-content-layout":"","site-content-style":"default","site-sidebar-style":"default","ast-global-header-display":"","ast-banner-title-visibility":"","ast-main-header-display":"","ast-hfb-above-header-display":"","ast-hfb-below-header-display":"","ast-hfb-mobile-header-display":"","site-post-title":"","ast-breadcrumbs-content":"","ast-featured-img":"","footer-sml-layout":"","theme-transparent-header-meta":"","adv-header-id-meta":"","stick-header-meta":"","header-above-stick-meta":"","header-main-stick-meta":"","header-below-stick-meta":"","astra-migrate-meta-layouts":"default","ast-page-background-enabled":"default","ast-page-background-meta":{"desktop":{"background-color":"var(--ast-global-color-4)","background-image":"","background-repeat":"repeat","background-position":"center center","background-size":"auto","background-attachment":"scroll","background-type":"","background-media":"","overlay-type":"","overlay-color":"","overlay-opacity":"","overlay-gradient":""},"tablet":{"background-color":"","background-image":"","background-repeat":"repeat","background-position":"center center","background-size":"auto","background-attachment":"scroll","background-type":"","background-media":"","overlay-type":"","overlay-color":"","overlay-opacity":"","overlay-gradient":""},"mobile":{"background-color":"","background-image":"","background-repeat":"repeat","background-position":"center center","background-size":"auto","background-attachment":"scroll","background-type":"","background-media":"","overlay-type":"","overlay-color":"","overlay-opacity":"","overlay-gradient":""}},"ast-content-background-meta":{"desktop":{"background-color":"var(--ast-global-color-5)","background-image":"","background-repeat":"repeat","background-position":"center center","background-size":"auto","background-attachment":"scroll","background-type":"","background-media":"","overlay-type":"","overlay-color":"","overlay-opacity":"","overlay-gradient":""},"tablet":{"background-color":"var(--ast-global-color-5)","background-image":"","background-repeat":"repeat","background-position":"center center","background-size":"auto","background-attachment":"scroll","background-type":"","background-media":"","overlay-type":"","overlay-color":"","overlay-opacity":"","overlay-gradient":""},"mobile":{"background-color":"var(--ast-global-color-5)","background-image":"","background-repeat":"repeat","background-position":"center center","background-size":"auto","background-attachment":"scroll","background-type":"","background-media":"","overlay-type":"","overlay-color":"","overlay-opacity":"","overlay-gradient":""}},"footnotes":""},"class_list":["post-141","page","type-page","status-publish","hentry"],"post_mailing_queue_ids":[],"_links":{"self":[{"href":"https:\/\/serveiseducatius.xtec.cat\/noguera\/wp-json\/wp\/v2\/pages\/141","targetHints":{"allow":["GET"]}}],"collection":[{"href":"https:\/\/serveiseducatius.xtec.cat\/noguera\/wp-json\/wp\/v2\/pages"}],"about":[{"href":"https:\/\/serveiseducatius.xtec.cat\/noguera\/wp-json\/wp\/v2\/types\/page"}],"author":[{"embeddable":true,"href":"https:\/\/serveiseducatius.xtec.cat\/noguera\/wp-json\/wp\/v2\/users\/1"}],"replies":[{"embeddable":true,"href":"https:\/\/serveiseducatius.xtec.cat\/noguera\/wp-json\/wp\/v2\/comments?post=141"}],"version-history":[{"count":2,"href":"https:\/\/serveiseducatius.xtec.cat\/noguera\/wp-json\/wp\/v2\/pages\/141\/revisions"}],"predecessor-version":[{"id":11019,"href":"https:\/\/serveiseducatius.xtec.cat\/noguera\/wp-json\/wp\/v2\/pages\/141\/revisions\/11019"}],"up":[{"embeddable":true,"href":"https:\/\/serveiseducatius.xtec.cat\/noguera\/wp-json\/wp\/v2\/pages\/11013"}],"wp:attachment":[{"href":"https:\/\/serveiseducatius.xtec.cat\/noguera\/wp-json\/wp\/v2\/media?parent=141"}],"curies":[{"name":"wp","href":"https:\/\/api.w.org\/{rel}","templated":true}]}}