{"id":13783,"date":"2024-05-27T17:58:59","date_gmt":"2024-05-27T15:58:59","guid":{"rendered":"https:\/\/serveiseducatius.xtec.cat\/noguera\/?page_id=13783"},"modified":"2025-11-20T13:11:26","modified_gmt":"2025-11-20T12:11:26","slug":"propostes-pee-balaguer","status":"publish","type":"page","link":"https:\/\/serveiseducatius.xtec.cat\/noguera\/servei-comunitari\/propostes-pee-balaguer\/","title":{"rendered":"Projectes de SC PEE Balaguer"},"content":{"rendered":"<p>Des de la Comissi\u00f3 de Servei Comunitari del Pla Educatiu d&#8217;Entorn es preparen diverses propostes de Servei Comunitari, que s&#8217;afegeixen a les propostes que ja coneixen els centres. Pel present curs 2025-26 s&#8217;ofereixen aquestes possibilitats.<\/p>\n<table style=\"border-collapse: collapse; width: 100%; height: 1044px;\">\n<tbody>\n<tr style=\"height: 318px;\">\n<td style=\"width: 25%; height: 318px;\"><a href=\"https:\/\/serveiseducatius.xtec.cat\/noguera\/wp-content\/uploads\/usu1149\/2025\/10\/cosmoludic-bo.jpeg\"><img loading=\"lazy\" decoding=\"async\" class=\"alignnone wp-image-15319\" src=\"https:\/\/serveiseducatius.xtec.cat\/noguera\/wp-content\/uploads\/usu1149\/2025\/10\/cosmoludic-bo.jpeg\" alt=\"\" width=\"474\" height=\"190\" \/><\/a><\/p>\n<p style=\"text-align: center;\"><strong>CASAL D&#8217;HIVERN<\/strong><\/p>\n<\/td>\n<td style=\"width: 25%; height: 318px;\"><a href=\"https:\/\/serveiseducatius.xtec.cat\/noguera\/wp-content\/uploads\/usu1149\/2025\/10\/esport-balaguer.jpeg\"><img loading=\"lazy\" decoding=\"async\" class=\"alignnone wp-image-15322\" src=\"https:\/\/serveiseducatius.xtec.cat\/noguera\/wp-content\/uploads\/usu1149\/2025\/10\/esport-balaguer.jpeg\" alt=\"\" width=\"466\" height=\"208\" srcset=\"https:\/\/serveiseducatius.xtec.cat\/noguera\/wp-content\/uploads\/usu1149\/2025\/10\/esport-balaguer.jpeg 336w, https:\/\/serveiseducatius.xtec.cat\/noguera\/wp-content\/uploads\/usu1149\/2025\/10\/esport-balaguer-300x134.jpeg 300w\" sizes=\"auto, (max-width: 466px) 100vw, 466px\" \/><\/a><\/p>\n<p style=\"text-align: center;\"><strong>ESDEVENIMENTS ESPORTIUS<\/strong><\/p>\n<\/td>\n<td style=\"width: 25%; height: 318px;\"><a href=\"https:\/\/serveiseducatius.xtec.cat\/noguera\/wp-content\/uploads\/usu1149\/2025\/10\/reixos.jpeg\"><img loading=\"lazy\" decoding=\"async\" class=\"alignnone wp-image-15321\" src=\"https:\/\/serveiseducatius.xtec.cat\/noguera\/wp-content\/uploads\/usu1149\/2025\/10\/reixos.jpeg\" alt=\"\" width=\"350\" height=\"233\" \/><\/a><\/p>\n<p style=\"text-align: center;\"><strong>REIXOS BALAGUER<\/strong><\/p>\n<\/td>\n<td style=\"width: 25%; height: 318px;\"><a href=\"https:\/\/serveiseducatius.xtec.cat\/noguera\/wp-content\/uploads\/usu1149\/2025\/10\/gimcana.jpeg\"><img loading=\"lazy\" decoding=\"async\" class=\"alignnone wp-image-15320\" src=\"https:\/\/serveiseducatius.xtec.cat\/noguera\/wp-content\/uploads\/usu1149\/2025\/10\/gimcana.jpeg\" alt=\"\" width=\"402\" height=\"225\" \/><\/a><\/p>\n<p style=\"text-align: center;\"><strong>GIMCANA LING\u00dc\u00cdSTICA PRIM\u00c0RIA<\/strong><\/p>\n<\/td>\n<\/tr>\n<tr style=\"height: 643px;\">\n<td style=\"width: 25%; height: 643px;\"><span style=\"font-weight: 400;\"><strong>Descripci\u00f3<\/strong>: <\/span><\/p>\n<p><span style=\"font-weight: 400;\">Participaci\u00f3 activa com a monitores i monitors d\u2019activitats de lleure als casals d\u2019hivern \u201cCosmol\u00fadic\u201d, que tenen lloc al pavell\u00f3 Inpacsa durant les vacances d\u2019hivern. \u00c9s un casal que t\u00e9 un baix cost econ\u00f2mic amb la qual cosa es pret\u00e9n afavorir al m\u00e0xim la igualtat d\u2019oportunitats. Cada dia i cada torn hi ha infants diferents, aix\u00ed que les activitats poden ser repetitives durant diversos dies, ja siguin seguits o b\u00e9 alterns.<\/span><\/p>\n<p>&nbsp;<\/p>\n<p><strong>Data<\/strong>: Entre el 28 de desembre i el 5 de gener<\/p>\n<p>&nbsp;<\/p>\n<p><strong>Places<\/strong>: 70<\/p>\n<p><strong>Coordina<\/strong>:<\/p>\n<p>Paeria de Balaguer, \u00e0rea de joventut. Pla Educatiu d&#8217;entorn de Balaguer. CRP de la Noguera<\/td>\n<td style=\"width: 25%; height: 643px;\"><span style=\"font-weight: 400;\"><strong>Descripci\u00f3<\/strong>: <\/span><\/p>\n<p><span style=\"font-weight: 400;\">Col\u00b7laboraran en l\u2019organitzaci\u00f3 de diferents esdeveniments esportius que es duen a terme a la ciutat de Balaguer impulsades per la Regidoria d\u2019Esports de la Paeria.<br \/>\nL\u2019\u00e0rea d\u2019esports comunicar\u00e0 el calendari previst de curses i actes esportius. Els centres educatius marcaran aquells events en el que hi puguin fer participar alumnat del seu centre.<\/span><\/p>\n<p>&nbsp;<\/p>\n<p>&nbsp;<\/p>\n<p><strong>Data<\/strong>: Tot el curs escolar, segons calendari d&#8217;events.<\/p>\n<p>&nbsp;<\/p>\n<p><strong>Places<\/strong>: 10 per cada esdeveniment<\/p>\n<p><strong>Coordina<\/strong>:<\/p>\n<p>Paeria de Balaguer, \u00e0rea d&#8217;esports. Pla Educatiu d&#8217;entorn de Balaguer. CRP de la Noguera<\/td>\n<td style=\"width: 25%; height: 643px;\"><span style=\"font-weight: 400;\"><strong>Descripci\u00f3<\/strong>: <\/span><\/p>\n<p><span style=\"font-weight: 400;\">Els proposarem participar activament com a personatges de la desfilada dels Reixos d\u2019Orient de Balaguer, que tindr\u00e0 lloc la nit de Reis (5 de gener). Les seves funcions passaran per desenvolupar el rol\/personatge que acordin amb l\u2019organitzaci\u00f3 (emissaris, llamineres, etc.) durant la cavalcada.\u00a0 Ser\u00e0 necessari assistir a la reuni\u00f3 inicial i a la jornada d\u2019assaig per tenir clares les funcions i l\u2019organitzaci\u00f3 de la festa<\/span><\/p>\n<p>&nbsp;<\/p>\n<p><strong>Data<\/strong>:<\/p>\n<p>Reuni\u00f3 pr\u00e8via: 28 de novembre.<\/p>\n<p>Assaig general: 2 de gener.<\/p>\n<p>Acte oficial: 5 de gener.<\/p>\n<p>&nbsp;<\/p>\n<p><strong>Places<\/strong>: 24<\/p>\n<p><strong>Coordina<\/strong>:<\/p>\n<p>Paeria de Balaguer, \u00e0rea de cultura. Pla Educatiu d&#8217;entorn de Balaguer. CRP de la Noguera<\/p>\n<p>&nbsp;<\/td>\n<td style=\"width: 25%; height: 643px;\"><strong>Descripci\u00f3:<\/strong><\/p>\n<p>L\u2019alumnat participar\u00e0 activament en la preparaci\u00f3 i coordinaci\u00f3 de les diferents activitats i proves pr\u00e8vies, aix\u00ed com en la gesti\u00f3 i acompanyament dels grups participants durant la jornada. Tamb\u00e9 podr\u00e0 donar suport log\u00edstic, vetllar pel bon funcionament de les proves i contribuir a crear un ambient din\u00e0mic i participatiu que fomenti l\u2019\u00fas i el gaudi de la llengua.<\/p>\n<p>&nbsp;<\/p>\n<p><strong>Data:\u00a0<\/strong>Preparaci\u00f3: dimecres 15 d&#8217;abril de 16:00h a 18:00h. Jornada: 23 abril al mat\u00ed<\/p>\n<p>&nbsp;<\/p>\n<p><strong>Places:<\/strong> 16<\/p>\n<p><strong>Coordina:\u00a0<\/strong><\/p>\n<p>Paeria de Balaguer, \u00e0rea d&#8217;educaci\u00f3. Pla Educatiu d&#8217;entorn de Balaguer. CRP de la Noguera<\/p>\n<p>&nbsp;<\/td>\n<\/tr>\n<tr style=\"height: 83px;\">\n<td style=\"width: 25%; height: 83px;\"><strong><a href=\"https:\/\/drive.google.com\/drive\/folders\/1q5964hGv2a9E6T1tWDBNT8XxrMF6wMcr\"><img loading=\"lazy\" decoding=\"async\" class=\"\" src=\"https:\/\/upload.wikimedia.org\/wikipedia\/commons\/thumb\/1\/12\/Google_Drive_icon_%282020%29.svg\/512px-Google_Drive_icon_%282020%29.svg.png\" alt=\"Archivo:Google Drive icon (2020).svg - Wikipedia, la enciclopedia libre\" width=\"20\" height=\"18\" \/><\/a><\/strong><a href=\"https:\/\/drive.google.com\/drive\/folders\/1NSYojiJHQXgdGV8-_IOiqbAq9SC0U4tQ?usp=sharing\">Acc\u00e9s a Cosmol\u00fadic<\/a> (usuaris autoritzats)<\/td>\n<td style=\"width: 25%; height: 83px;\"><strong><a href=\"https:\/\/drive.google.com\/drive\/folders\/1q5964hGv2a9E6T1tWDBNT8XxrMF6wMcr\"><img loading=\"lazy\" decoding=\"async\" class=\"\" src=\"https:\/\/upload.wikimedia.org\/wikipedia\/commons\/thumb\/1\/12\/Google_Drive_icon_%282020%29.svg\/512px-Google_Drive_icon_%282020%29.svg.png\" alt=\"Archivo:Google Drive icon (2020).svg - Wikipedia, la enciclopedia libre\" width=\"20\" height=\"18\" \/><\/a><\/strong><a href=\"https:\/\/drive.google.com\/drive\/folders\/1q5964hGv2a9E6T1tWDBNT8XxrMF6wMcr\">Acc\u00e9s a esdeveniments esportius<\/a> (usuaris autoritzats)<\/td>\n<td style=\"width: 25%; height: 83px;\"><strong><a href=\"https:\/\/drive.google.com\/drive\/folders\/1q5964hGv2a9E6T1tWDBNT8XxrMF6wMcr\"><img loading=\"lazy\" decoding=\"async\" class=\"\" src=\"https:\/\/upload.wikimedia.org\/wikipedia\/commons\/thumb\/1\/12\/Google_Drive_icon_%282020%29.svg\/512px-Google_Drive_icon_%282020%29.svg.png\" alt=\"Archivo:Google Drive icon (2020).svg - Wikipedia, la enciclopedia libre\" width=\"20\" height=\"18\" \/><\/a><\/strong> <a href=\"https:\/\/drive.google.com\/drive\/folders\/1wTyoaRE9LOYslQeNPFbUgk_XFJPUMwnW\">Acc\u00e9s a\u00a0 Reixos <\/a>(usuaris autoritzats)<\/td>\n<td style=\"width: 25%; height: 83px;\"><strong><a href=\"https:\/\/drive.google.com\/drive\/folders\/1q5964hGv2a9E6T1tWDBNT8XxrMF6wMcr\"><img loading=\"lazy\" decoding=\"async\" class=\"\" src=\"https:\/\/upload.wikimedia.org\/wikipedia\/commons\/thumb\/1\/12\/Google_Drive_icon_%282020%29.svg\/512px-Google_Drive_icon_%282020%29.svg.png\" alt=\"Archivo:Google Drive icon (2020).svg - Wikipedia, la enciclopedia libre\" width=\"20\" height=\"18\" \/><\/a><\/strong><a href=\"https:\/\/drive.google.com\/drive\/folders\/10bNu-bn-k-2gNHfdix-j8vA-Tem1oxDg\">Acc\u00e9s a Gimcana Ling\u00fc\u00edstica <\/a>(usuaris autoritzats)<\/td>\n<\/tr>\n<\/tbody>\n<\/table>\n<p>&nbsp;<\/p>\n","protected":false},"excerpt":{"rendered":"<p>Des de la Comissi\u00f3 de Servei Comunitari del Pla Educatiu d&#8217;Entorn es preparen diverses propostes de Servei Comunitari, que s&#8217;afegeixen a les propostes que ja coneixen els centres. Pel present curs 2025-26 s&#8217;ofereixen aquestes possibilitats. CASAL D&#8217;HIVERN ESDEVENIMENTS ESPORTIUS REIXOS BALAGUER GIMCANA LING\u00dc\u00cdSTICA PRIM\u00c0RIA Descripci\u00f3: Participaci\u00f3 activa com a monitores i monitors d\u2019activitats de lleure [&hellip;]<\/p>\n","protected":false},"author":28,"featured_media":0,"parent":8095,"menu_order":6,"comment_status":"closed","ping_status":"closed","template":"","meta":{"_bbp_topic_count":0,"_bbp_reply_count":0,"_bbp_total_topic_count":0,"_bbp_total_reply_count":0,"_bbp_voice_count":0,"_bbp_anonymous_reply_count":0,"_bbp_topic_count_hidden":0,"_bbp_reply_count_hidden":0,"_bbp_forum_subforum_count":0,"site-sidebar-layout":"default","site-content-layout":"","ast-site-content-layout":"default","site-content-style":"default","site-sidebar-style":"default","ast-global-header-display":"","ast-banner-title-visibility":"","ast-main-header-display":"","ast-hfb-above-header-display":"","ast-hfb-below-header-display":"","ast-hfb-mobile-header-display":"","site-post-title":"","ast-breadcrumbs-content":"","ast-featured-img":"","footer-sml-layout":"","theme-transparent-header-meta":"default","adv-header-id-meta":"","stick-header-meta":"","header-above-stick-meta":"","header-main-stick-meta":"","header-below-stick-meta":"","astra-migrate-meta-layouts":"set","ast-page-background-enabled":"default","ast-page-background-meta":{"desktop":{"background-color":"var(--ast-global-color-4)","background-image":"","background-repeat":"repeat","background-position":"center center","background-size":"auto","background-attachment":"scroll","background-type":"","background-media":"","overlay-type":"","overlay-color":"","overlay-opacity":"","overlay-gradient":""},"tablet":{"background-color":"","background-image":"","background-repeat":"repeat","background-position":"center center","background-size":"auto","background-attachment":"scroll","background-type":"","background-media":"","overlay-type":"","overlay-color":"","overlay-opacity":"","overlay-gradient":""},"mobile":{"background-color":"","background-image":"","background-repeat":"repeat","background-position":"center center","background-size":"auto","background-attachment":"scroll","background-type":"","background-media":"","overlay-type":"","overlay-color":"","overlay-opacity":"","overlay-gradient":""}},"ast-content-background-meta":{"desktop":{"background-color":"var(--ast-global-color-5)","background-image":"","background-repeat":"repeat","background-position":"center center","background-size":"auto","background-attachment":"scroll","background-type":"","background-media":"","overlay-type":"","overlay-color":"","overlay-opacity":"","overlay-gradient":""},"tablet":{"background-color":"var(--ast-global-color-5)","background-image":"","background-repeat":"repeat","background-position":"center center","background-size":"auto","background-attachment":"scroll","background-type":"","background-media":"","overlay-type":"","overlay-color":"","overlay-opacity":"","overlay-gradient":""},"mobile":{"background-color":"var(--ast-global-color-5)","background-image":"","background-repeat":"repeat","background-position":"center center","background-size":"auto","background-attachment":"scroll","background-type":"","background-media":"","overlay-type":"","overlay-color":"","overlay-opacity":"","overlay-gradient":""}},"footnotes":""},"class_list":["post-13783","page","type-page","status-publish","hentry"],"post_mailing_queue_ids":[],"_links":{"self":[{"href":"https:\/\/serveiseducatius.xtec.cat\/noguera\/wp-json\/wp\/v2\/pages\/13783","targetHints":{"allow":["GET"]}}],"collection":[{"href":"https:\/\/serveiseducatius.xtec.cat\/noguera\/wp-json\/wp\/v2\/pages"}],"about":[{"href":"https:\/\/serveiseducatius.xtec.cat\/noguera\/wp-json\/wp\/v2\/types\/page"}],"author":[{"embeddable":true,"href":"https:\/\/serveiseducatius.xtec.cat\/noguera\/wp-json\/wp\/v2\/users\/28"}],"replies":[{"embeddable":true,"href":"https:\/\/serveiseducatius.xtec.cat\/noguera\/wp-json\/wp\/v2\/comments?post=13783"}],"version-history":[{"count":7,"href":"https:\/\/serveiseducatius.xtec.cat\/noguera\/wp-json\/wp\/v2\/pages\/13783\/revisions"}],"predecessor-version":[{"id":15729,"href":"https:\/\/serveiseducatius.xtec.cat\/noguera\/wp-json\/wp\/v2\/pages\/13783\/revisions\/15729"}],"up":[{"embeddable":true,"href":"https:\/\/serveiseducatius.xtec.cat\/noguera\/wp-json\/wp\/v2\/pages\/8095"}],"wp:attachment":[{"href":"https:\/\/serveiseducatius.xtec.cat\/noguera\/wp-json\/wp\/v2\/media?parent=13783"}],"curies":[{"name":"wp","href":"https:\/\/api.w.org\/{rel}","templated":true}]}}