{"id":13414,"date":"2024-02-13T11:23:16","date_gmt":"2024-02-13T10:23:16","guid":{"rendered":"https:\/\/serveiseducatius.xtec.cat\/noguera\/?page_id=13414"},"modified":"2024-02-15T13:05:02","modified_gmt":"2024-02-15T12:05:02","slug":"radio-a-lescola","status":"publish","type":"page","link":"https:\/\/serveiseducatius.xtec.cat\/noguera\/radio-a-lescola\/","title":{"rendered":"R\u00e0dio a l\u2019escola"},"content":{"rendered":"<p><strong>R\u00e0dio a l\u2019escola: 100 anys explicant hist\u00f2ries<\/strong><\/p>\n<p><img decoding=\"async\" src=\"https:\/\/serveiseducatius.xtec.cat\/alturgell\/wp-content\/uploads\/usu770\/2024\/01\/100-ANYS-EXPLICANT-HISTORIES-IMATGE-2.png\" \/><\/p>\n<p>Aquest 2024 celebrem els\u00a0<strong>100 anys de la r\u00e0dio a Catalunya<\/strong>, commemorant la primera emissi\u00f3 de R\u00e0dio a Catalunya amb l\u2019emissi\u00f3 de R\u00e0dio Barcelona EAJ-1 el 1924. El desembre del 2011 l\u2019Assemblea General de les Nacions Unides van acordar la celebraci\u00f3 del\u00a0<strong>dia Mundial de la R\u00e0dio el 13 de febrer<\/strong>\u00a0de cada any. Es va triar aquesta data, per ser el dia en qu\u00e8 es va establir la R\u00e0dio de les Nacions Unides el 1946.<\/p>\n<p>Alguns centres de la Noguera han elaborat programes de r\u00e0dio, que podeu veure recollits en aquest web.<\/p>\n<table dir=\"ltr\" style=\"width: 78.9619%; height: 139px;\" border=\"1\" cellspacing=\"0\" cellpadding=\"0\" data-sheets-root=\"1\">\n<tbody>\n<tr>\n<td style=\"width: 10.9172%;\" data-sheets-value=\"{&quot;1&quot;:2,&quot;2&quot;:&quot;Nom del Centre&quot;}\"><strong>Centre<\/strong><\/td>\n<td style=\"width: 16.0862%;\" data-sheets-value=\"{&quot;1&quot;:2,&quot;2&quot;:&quot;Municipi&quot;}\"><strong>Localitat<\/strong><\/td>\n<td style=\"width: 16.6693%;\" data-sheets-value=\"{&quot;1&quot;:2,&quot;2&quot;:&quot;T\u00edtol de la llegenda&quot;}\"><strong>T\u00edtol<\/strong><\/td>\n<td style=\"width: 52.5219%;\"><strong>\u00c0udio<\/strong><\/td>\n<\/tr>\n<tr>\n<td style=\"width: 10.9172%;\" data-sheets-value=\"{&quot;1&quot;:2,&quot;2&quot;:&quot;&quot;}\">ESC l&#8217;\u00c0lber<\/td>\n<td style=\"width: 16.0862%;\" data-sheets-value=\"{&quot;1&quot;:2,&quot;2&quot;:&quot;&quot;}\">Albesa<\/td>\n<td style=\"width: 16.6693%;\" data-sheets-value=\"{&quot;1&quot;:2,&quot;2&quot;:&quot;&quot;}\">P\u00f2dcast<\/td>\n<td style=\"width: 52.5219%;\"><!--[if lt IE 9]><script>document.createElement('audio');<\/script><![endif]-->\n<audio class=\"wp-audio-shortcode\" id=\"audio-13414-1\" preload=\"none\" style=\"width: 100%;\" controls=\"controls\"><source type=\"audio\/mpeg\" src=\"https:\/\/serveiseducatius.xtec.cat\/noguera\/wp-content\/uploads\/usu1149\/2024\/02\/podcast-lAlber-CS2324_v4.mp3?_=1\" \/><a href=\"https:\/\/serveiseducatius.xtec.cat\/noguera\/wp-content\/uploads\/usu1149\/2024\/02\/podcast-lAlber-CS2324_v4.mp3\">https:\/\/serveiseducatius.xtec.cat\/noguera\/wp-content\/uploads\/usu1149\/2024\/02\/podcast-lAlber-CS2324_v4.mp3<\/a><\/audio><\/p>\n<p style=\"text-align: center;\">https:\/\/www.emunfmradio.cat\/embed\/podcast?id=emunfmradio_podcast_8633<\/p>\n<\/td>\n<\/tr>\n<tr>\n<td style=\"width: 10.9172%;\" data-sheets-value=\"{&quot;1&quot;:2,&quot;2&quot;:&quot;ESC l'\u00c0lber&quot;}\"><\/td>\n<td style=\"width: 16.0862%;\" data-sheets-value=\"{&quot;1&quot;:2,&quot;2&quot;:&quot;Albesa&quot;}\"><\/td>\n<td style=\"width: 16.6693%;\" data-sheets-value=\"{&quot;1&quot;:2,&quot;2&quot;:&quot;Podcast&quot;}\"><\/td>\n<td style=\"width: 52.5219%;\"><\/td>\n<\/tr>\n<\/tbody>\n<\/table>\n","protected":false},"excerpt":{"rendered":"<p>R\u00e0dio a l\u2019escola: 100 anys explicant hist\u00f2ries Aquest 2024 celebrem els\u00a0100 anys de la r\u00e0dio a Catalunya, commemorant la primera emissi\u00f3 de R\u00e0dio a Catalunya amb l\u2019emissi\u00f3 de R\u00e0dio Barcelona EAJ-1 el 1924. El desembre del 2011 l\u2019Assemblea General de les Nacions Unides van acordar la celebraci\u00f3 del\u00a0dia Mundial de la R\u00e0dio el 13 de [&hellip;]<\/p>\n","protected":false},"author":28,"featured_media":0,"parent":0,"menu_order":0,"comment_status":"closed","ping_status":"closed","template":"","meta":{"_bbp_topic_count":0,"_bbp_reply_count":0,"_bbp_total_topic_count":0,"_bbp_total_reply_count":0,"_bbp_voice_count":0,"_bbp_anonymous_reply_count":0,"_bbp_topic_count_hidden":0,"_bbp_reply_count_hidden":0,"_bbp_forum_subforum_count":0,"site-sidebar-layout":"default","site-content-layout":"","ast-site-content-layout":"","site-content-style":"default","site-sidebar-style":"default","ast-global-header-display":"","ast-banner-title-visibility":"","ast-main-header-display":"","ast-hfb-above-header-display":"","ast-hfb-below-header-display":"","ast-hfb-mobile-header-display":"","site-post-title":"","ast-breadcrumbs-content":"","ast-featured-img":"","footer-sml-layout":"","theme-transparent-header-meta":"","adv-header-id-meta":"","stick-header-meta":"","header-above-stick-meta":"","header-main-stick-meta":"","header-below-stick-meta":"","astra-migrate-meta-layouts":"default","ast-page-background-enabled":"default","ast-page-background-meta":{"desktop":{"background-color":"var(--ast-global-color-4)","background-image":"","background-repeat":"repeat","background-position":"center center","background-size":"auto","background-attachment":"scroll","background-type":"","background-media":"","overlay-type":"","overlay-color":"","overlay-opacity":"","overlay-gradient":""},"tablet":{"background-color":"","background-image":"","background-repeat":"repeat","background-position":"center center","background-size":"auto","background-attachment":"scroll","background-type":"","background-media":"","overlay-type":"","overlay-color":"","overlay-opacity":"","overlay-gradient":""},"mobile":{"background-color":"","background-image":"","background-repeat":"repeat","background-position":"center center","background-size":"auto","background-attachment":"scroll","background-type":"","background-media":"","overlay-type":"","overlay-color":"","overlay-opacity":"","overlay-gradient":""}},"ast-content-background-meta":{"desktop":{"background-color":"var(--ast-global-color-5)","background-image":"","background-repeat":"repeat","background-position":"center center","background-size":"auto","background-attachment":"scroll","background-type":"","background-media":"","overlay-type":"","overlay-color":"","overlay-opacity":"","overlay-gradient":""},"tablet":{"background-color":"var(--ast-global-color-5)","background-image":"","background-repeat":"repeat","background-position":"center center","background-size":"auto","background-attachment":"scroll","background-type":"","background-media":"","overlay-type":"","overlay-color":"","overlay-opacity":"","overlay-gradient":""},"mobile":{"background-color":"var(--ast-global-color-5)","background-image":"","background-repeat":"repeat","background-position":"center center","background-size":"auto","background-attachment":"scroll","background-type":"","background-media":"","overlay-type":"","overlay-color":"","overlay-opacity":"","overlay-gradient":""}},"footnotes":""},"class_list":["post-13414","page","type-page","status-publish","hentry"],"post_mailing_queue_ids":[],"_links":{"self":[{"href":"https:\/\/serveiseducatius.xtec.cat\/noguera\/wp-json\/wp\/v2\/pages\/13414","targetHints":{"allow":["GET"]}}],"collection":[{"href":"https:\/\/serveiseducatius.xtec.cat\/noguera\/wp-json\/wp\/v2\/pages"}],"about":[{"href":"https:\/\/serveiseducatius.xtec.cat\/noguera\/wp-json\/wp\/v2\/types\/page"}],"author":[{"embeddable":true,"href":"https:\/\/serveiseducatius.xtec.cat\/noguera\/wp-json\/wp\/v2\/users\/28"}],"replies":[{"embeddable":true,"href":"https:\/\/serveiseducatius.xtec.cat\/noguera\/wp-json\/wp\/v2\/comments?post=13414"}],"version-history":[{"count":6,"href":"https:\/\/serveiseducatius.xtec.cat\/noguera\/wp-json\/wp\/v2\/pages\/13414\/revisions"}],"predecessor-version":[{"id":13439,"href":"https:\/\/serveiseducatius.xtec.cat\/noguera\/wp-json\/wp\/v2\/pages\/13414\/revisions\/13439"}],"wp:attachment":[{"href":"https:\/\/serveiseducatius.xtec.cat\/noguera\/wp-json\/wp\/v2\/media?parent=13414"}],"curies":[{"name":"wp","href":"https:\/\/api.w.org\/{rel}","templated":true}]}}