{"id":13321,"date":"2024-01-15T09:13:02","date_gmt":"2024-01-15T08:13:02","guid":{"rendered":"https:\/\/serveiseducatius.xtec.cat\/noguera\/?page_id=13321"},"modified":"2025-09-19T16:56:43","modified_gmt":"2025-09-19T14:56:43","slug":"prova-html","status":"publish","type":"page","link":"https:\/\/serveiseducatius.xtec.cat\/noguera\/formacio\/prova-html\/","title":{"rendered":"Els meus certificats"},"content":{"rendered":"<header class=\"entry-header\">\n<h4 class=\"entry-title\"><\/h4>\n<\/header>\n<p><span style=\"font-size: 16px;\">Des del men\u00fa principal podeu accedir als vostres certificats de formaci\u00f3 i d&#8217;innovaci\u00f3, entre altres. <\/span><span style=\"font-size: 16px;\">Pel que fa als certificats de formaci\u00f3, trobareu tant els de les activitats en les quals heu participat com a <\/span><strong style=\"font-size: 16px;\">Alumnes<\/strong><span style=\"font-size: 16px;\"> i tamb\u00e9 com a persones <\/span><strong style=\"font-size: 16px;\">Formadores<\/strong><span style=\"font-size: 16px;\"> (al final del llistat). Tingueu en compte que els certificats d&#8217;innovaci\u00f3 es validen durant el segon trimestre del curs seg\u00fcent, moment a partir del qual ja constaran al vostre expedient.<\/span><\/p>\n<div class=\"entry-content\">\n<p><iframe loading=\"lazy\" src=\"https:\/\/aplicacions.gestioeducativa.gencat.cat\/pls\/e13_cert_pub\/certificacio_formacio.menu_opcions\" width=\"800px\" height=\"400px\"><span data-mce-type=\"bookmark\" style=\"display: inline-block; width: 0px; overflow: hidden; line-height: 0;\" class=\"mce_SELRES_start\">\ufeff<\/span><span data-mce-type=\"bookmark\" style=\"display: inline-block; width: 0px; overflow: hidden; line-height: 0;\" class=\"mce_SELRES_start\">\ufeff<\/span><\/iframe><\/p>\n<div class=\"addtoany_share_save_container addtoany_content addtoany_content_bottom\">\n<div class=\"a2a_kit a2a_kit_size_25 addtoany_list\" data-a2a-url=\"https:\/\/aplicacions.gestioeducativa.gencat.cat\/pls\/soloas\/pk_for_mod_ins.p_for_form_cons_selec\" data-a2a-title=\"Consulta d\u2019assignacions\"><span style=\"font-size: 1.3em; font-weight: 400;\">Consulta de les activitats de formaci\u00f3 a les quals us heu inscrit<\/span><\/div>\n<\/div>\n<\/div>\n<div class=\"entry-content\">\n<p>Des d\u2019aqu\u00ed podreu revisar les dades de les vostres sol\u00b7licituds d\u2019inscripci\u00f3 a les activitats de formaci\u00f3 i l&#8217;estat d&#8217;assignaci\u00f3 de les mateixes.<\/p>\n<p><iframe loading=\"lazy\" src=\"https:\/\/aplicacions.gestioeducativa.gencat.cat\/pls\/soloas\/pk_for_mod_ins.p_for_form_cons_selec\" width=\"800px\" height=\"650px\"><span data-mce-type=\"bookmark\" style=\"display: inline-block; width: 0px; overflow: hidden; line-height: 0;\" class=\"mce_SELRES_start\">\ufeff<\/span><\/iframe><\/p>\n<div class=\"addtoany_share_save_container addtoany_content addtoany_content_bottom\">\n<div class=\"a2a_kit a2a_kit_size_25 addtoany_list\" data-a2a-url=\"https:\/\/aplicacions.gestioeducativa.gencat.cat\/pls\/soloas\/pk_for_mod_ins.p_for_form_cons_selec\" data-a2a-title=\"Consulta d\u2019assignacions\"><\/div>\n<\/div>\n<\/div>\n","protected":false},"excerpt":{"rendered":"<p>Des del men\u00fa principal podeu accedir als vostres certificats de formaci\u00f3 i d&#8217;innovaci\u00f3, entre altres. Pel que fa als certificats de formaci\u00f3, trobareu tant els de les activitats en les quals heu participat com a Alumnes i tamb\u00e9 com a persones Formadores (al final del llistat). Tingueu en compte que els certificats d&#8217;innovaci\u00f3 es validen [&hellip;]<\/p>\n","protected":false},"author":1,"featured_media":0,"parent":416,"menu_order":79,"comment_status":"closed","ping_status":"closed","template":"","meta":{"_bbp_topic_count":0,"_bbp_reply_count":0,"_bbp_total_topic_count":0,"_bbp_total_reply_count":0,"_bbp_voice_count":0,"_bbp_anonymous_reply_count":0,"_bbp_topic_count_hidden":0,"_bbp_reply_count_hidden":0,"_bbp_forum_subforum_count":0,"site-sidebar-layout":"default","site-content-layout":"","ast-site-content-layout":"default","site-content-style":"default","site-sidebar-style":"default","ast-global-header-display":"","ast-banner-title-visibility":"","ast-main-header-display":"","ast-hfb-above-header-display":"","ast-hfb-below-header-display":"","ast-hfb-mobile-header-display":"","site-post-title":"","ast-breadcrumbs-content":"","ast-featured-img":"","footer-sml-layout":"","theme-transparent-header-meta":"default","adv-header-id-meta":"","stick-header-meta":"","header-above-stick-meta":"","header-main-stick-meta":"","header-below-stick-meta":"","astra-migrate-meta-layouts":"set","ast-page-background-enabled":"default","ast-page-background-meta":{"desktop":{"background-color":"var(--ast-global-color-4)","background-image":"","background-repeat":"repeat","background-position":"center center","background-size":"auto","background-attachment":"scroll","background-type":"","background-media":"","overlay-type":"","overlay-color":"","overlay-opacity":"","overlay-gradient":""},"tablet":{"background-color":"","background-image":"","background-repeat":"repeat","background-position":"center center","background-size":"auto","background-attachment":"scroll","background-type":"","background-media":"","overlay-type":"","overlay-color":"","overlay-opacity":"","overlay-gradient":""},"mobile":{"background-color":"","background-image":"","background-repeat":"repeat","background-position":"center center","background-size":"auto","background-attachment":"scroll","background-type":"","background-media":"","overlay-type":"","overlay-color":"","overlay-opacity":"","overlay-gradient":""}},"ast-content-background-meta":{"desktop":{"background-color":"var(--ast-global-color-5)","background-image":"","background-repeat":"repeat","background-position":"center center","background-size":"auto","background-attachment":"scroll","background-type":"","background-media":"","overlay-type":"","overlay-color":"","overlay-opacity":"","overlay-gradient":""},"tablet":{"background-color":"var(--ast-global-color-5)","background-image":"","background-repeat":"repeat","background-position":"center center","background-size":"auto","background-attachment":"scroll","background-type":"","background-media":"","overlay-type":"","overlay-color":"","overlay-opacity":"","overlay-gradient":""},"mobile":{"background-color":"var(--ast-global-color-5)","background-image":"","background-repeat":"repeat","background-position":"center center","background-size":"auto","background-attachment":"scroll","background-type":"","background-media":"","overlay-type":"","overlay-color":"","overlay-opacity":"","overlay-gradient":""}},"footnotes":""},"class_list":["post-13321","page","type-page","status-publish","hentry"],"post_mailing_queue_ids":[],"_links":{"self":[{"href":"https:\/\/serveiseducatius.xtec.cat\/noguera\/wp-json\/wp\/v2\/pages\/13321","targetHints":{"allow":["GET"]}}],"collection":[{"href":"https:\/\/serveiseducatius.xtec.cat\/noguera\/wp-json\/wp\/v2\/pages"}],"about":[{"href":"https:\/\/serveiseducatius.xtec.cat\/noguera\/wp-json\/wp\/v2\/types\/page"}],"author":[{"embeddable":true,"href":"https:\/\/serveiseducatius.xtec.cat\/noguera\/wp-json\/wp\/v2\/users\/1"}],"replies":[{"embeddable":true,"href":"https:\/\/serveiseducatius.xtec.cat\/noguera\/wp-json\/wp\/v2\/comments?post=13321"}],"version-history":[{"count":7,"href":"https:\/\/serveiseducatius.xtec.cat\/noguera\/wp-json\/wp\/v2\/pages\/13321\/revisions"}],"predecessor-version":[{"id":15233,"href":"https:\/\/serveiseducatius.xtec.cat\/noguera\/wp-json\/wp\/v2\/pages\/13321\/revisions\/15233"}],"up":[{"embeddable":true,"href":"https:\/\/serveiseducatius.xtec.cat\/noguera\/wp-json\/wp\/v2\/pages\/416"}],"wp:attachment":[{"href":"https:\/\/serveiseducatius.xtec.cat\/noguera\/wp-json\/wp\/v2\/media?parent=13321"}],"curies":[{"name":"wp","href":"https:\/\/api.w.org\/{rel}","templated":true}]}}