{"id":12483,"date":"2023-01-30T09:42:03","date_gmt":"2023-01-30T08:42:03","guid":{"rendered":"https:\/\/serveiseducatius.xtec.cat\/noguera\/?page_id=12483"},"modified":"2026-03-16T10:05:42","modified_gmt":"2026-03-16T09:05:42","slug":"premi-comarcal-de-tdr","status":"publish","type":"page","link":"https:\/\/serveiseducatius.xtec.cat\/noguera\/dinamica\/premi-comarcal-de-tdr\/","title":{"rendered":"Premi comarcal de TDR &#8220;Noguera Recerca&#8221;"},"content":{"rendered":"<p><span style=\"font-weight: 400;\">El Centre de Recursos Pedag\u00f2gics del Servei Educatiu de la Noguera organitza els <strong>Premis &#8220;Noguera Recerca&#8221;,<\/strong> de Treballs de Recerca de l&#8217;alumnat de Batxillerat de la comarca. <\/span><span style=\"font-family: inherit; font-size: 1em;\">Aquesta convocat\u00f2ria compta amb el patrocini del Consell Comarcal de la Noguera i la col\u00b7laboraci\u00f3 de la Paeria de Balaguer, l&#8217;Ajuntament de Bellcaire d\u2019Urgell, l\u2019Ajuntament de Ponts i l\u2019Ajuntament d\u2019Artesa de Segre, que s\u00f3n els consistoris dels municipis amb Institut.<\/span><\/p>\n<p><span style=\"font-family: inherit; font-size: 1em;\">La finalitat d&#8217;aquest premi \u00e9s incentivar, potenciar i valorar l&#8217;esperit de recerca, de treball ben documentat, el sentit cr\u00edtic i la creativitat cient\u00edfica de l&#8217;alumnat de de Batxillerat de la comarca, visibilitzant el talent dels instituts del territori i premiant l\u2019excel\u00b7l\u00e8ncia. <\/span>Aquest premi s&#8217;adre\u00e7a al p\u00fablic de 1r de Batxillerat de tota la comarca, qui es despla\u00e7ar\u00e0 a la localitat que aculli l&#8217;acte gr\u00e0cies a la col\u00b7laboraci\u00f3 dels ajuntaments implicats.<\/p>\n<h3><a href=\"https:\/\/serveiseducatius.xtec.cat\/noguera\/dinamica\/premi-comarcal-de-tdr\/noguera-recerca-2026\/\">Edici\u00f3 2026<\/a><\/h3>\n<h3><a href=\"https:\/\/serveiseducatius.xtec.cat\/noguera\/dinamica\/premi-comarcal-de-tdr\/noguera-recerca-2025\/\">Edici\u00f3 2025<\/a><\/h3>\n<h3><a href=\"https:\/\/serveiseducatius.xtec.cat\/noguera\/dinamica\/premi-comarcal-de-tdr\/noguera-recerca-2024\/\">Edici\u00f3 2024<\/a><\/h3>\n<h3><a href=\"https:\/\/serveiseducatius.xtec.cat\/noguera\/dinamica\/premi-comarcal-de-tdr\/noguera-recerca-2023\/\">Edici\u00f3 2023<\/a><\/h3>\n","protected":false},"excerpt":{"rendered":"<p>El Centre de Recursos Pedag\u00f2gics del Servei Educatiu de la Noguera organitza els Premis &#8220;Noguera Recerca&#8221;, de Treballs de Recerca de l&#8217;alumnat de Batxillerat de la comarca. Aquesta convocat\u00f2ria compta amb el patrocini del Consell Comarcal de la Noguera i la col\u00b7laboraci\u00f3 de la Paeria de Balaguer, l&#8217;Ajuntament de Bellcaire d\u2019Urgell, l\u2019Ajuntament de Ponts i [&hellip;]<\/p>\n","protected":false},"author":28,"featured_media":0,"parent":15205,"menu_order":0,"comment_status":"closed","ping_status":"closed","template":"","meta":{"_bbp_topic_count":0,"_bbp_reply_count":0,"_bbp_total_topic_count":0,"_bbp_total_reply_count":0,"_bbp_voice_count":0,"_bbp_anonymous_reply_count":0,"_bbp_topic_count_hidden":0,"_bbp_reply_count_hidden":0,"_bbp_forum_subforum_count":0,"site-sidebar-layout":"default","site-content-layout":"","ast-site-content-layout":"default","site-content-style":"default","site-sidebar-style":"default","ast-global-header-display":"","ast-banner-title-visibility":"","ast-main-header-display":"","ast-hfb-above-header-display":"","ast-hfb-below-header-display":"","ast-hfb-mobile-header-display":"","site-post-title":"","ast-breadcrumbs-content":"","ast-featured-img":"","footer-sml-layout":"","theme-transparent-header-meta":"default","adv-header-id-meta":"","stick-header-meta":"","header-above-stick-meta":"","header-main-stick-meta":"","header-below-stick-meta":"","astra-migrate-meta-layouts":"set","ast-page-background-enabled":"default","ast-page-background-meta":{"desktop":{"background-color":"var(--ast-global-color-4)","background-image":"","background-repeat":"repeat","background-position":"center center","background-size":"auto","background-attachment":"scroll","background-type":"","background-media":"","overlay-type":"","overlay-color":"","overlay-opacity":"","overlay-gradient":""},"tablet":{"background-color":"","background-image":"","background-repeat":"repeat","background-position":"center center","background-size":"auto","background-attachment":"scroll","background-type":"","background-media":"","overlay-type":"","overlay-color":"","overlay-opacity":"","overlay-gradient":""},"mobile":{"background-color":"","background-image":"","background-repeat":"repeat","background-position":"center center","background-size":"auto","background-attachment":"scroll","background-type":"","background-media":"","overlay-type":"","overlay-color":"","overlay-opacity":"","overlay-gradient":""}},"ast-content-background-meta":{"desktop":{"background-color":"var(--ast-global-color-5)","background-image":"","background-repeat":"repeat","background-position":"center center","background-size":"auto","background-attachment":"scroll","background-type":"","background-media":"","overlay-type":"","overlay-color":"","overlay-opacity":"","overlay-gradient":""},"tablet":{"background-color":"var(--ast-global-color-5)","background-image":"","background-repeat":"repeat","background-position":"center center","background-size":"auto","background-attachment":"scroll","background-type":"","background-media":"","overlay-type":"","overlay-color":"","overlay-opacity":"","overlay-gradient":""},"mobile":{"background-color":"var(--ast-global-color-5)","background-image":"","background-repeat":"repeat","background-position":"center center","background-size":"auto","background-attachment":"scroll","background-type":"","background-media":"","overlay-type":"","overlay-color":"","overlay-opacity":"","overlay-gradient":""}},"footnotes":""},"class_list":["post-12483","page","type-page","status-publish","hentry"],"post_mailing_queue_ids":[],"_links":{"self":[{"href":"https:\/\/serveiseducatius.xtec.cat\/noguera\/wp-json\/wp\/v2\/pages\/12483","targetHints":{"allow":["GET"]}}],"collection":[{"href":"https:\/\/serveiseducatius.xtec.cat\/noguera\/wp-json\/wp\/v2\/pages"}],"about":[{"href":"https:\/\/serveiseducatius.xtec.cat\/noguera\/wp-json\/wp\/v2\/types\/page"}],"author":[{"embeddable":true,"href":"https:\/\/serveiseducatius.xtec.cat\/noguera\/wp-json\/wp\/v2\/users\/28"}],"replies":[{"embeddable":true,"href":"https:\/\/serveiseducatius.xtec.cat\/noguera\/wp-json\/wp\/v2\/comments?post=12483"}],"version-history":[{"count":6,"href":"https:\/\/serveiseducatius.xtec.cat\/noguera\/wp-json\/wp\/v2\/pages\/12483\/revisions"}],"predecessor-version":[{"id":16338,"href":"https:\/\/serveiseducatius.xtec.cat\/noguera\/wp-json\/wp\/v2\/pages\/12483\/revisions\/16338"}],"up":[{"embeddable":true,"href":"https:\/\/serveiseducatius.xtec.cat\/noguera\/wp-json\/wp\/v2\/pages\/15205"}],"wp:attachment":[{"href":"https:\/\/serveiseducatius.xtec.cat\/noguera\/wp-json\/wp\/v2\/media?parent=12483"}],"curies":[{"name":"wp","href":"https:\/\/api.w.org\/{rel}","templated":true}]}}