{"id":11986,"date":"2022-06-14T17:56:53","date_gmt":"2022-06-14T15:56:53","guid":{"rendered":"https:\/\/serveiseducatius.xtec.cat\/noguera\/?page_id=11986"},"modified":"2022-06-14T18:37:58","modified_gmt":"2022-06-14T16:37:58","slug":"nodes-del-servei-de-suport-a-la-comunitat-educativa","status":"publish","type":"page","link":"https:\/\/serveiseducatius.xtec.cat\/noguera\/servei-comunitari\/nodes-del-servei-de-suport-a-la-comunitat-educativa\/","title":{"rendered":"Nodes del Servei de Suport a la Comunitat educativa"},"content":{"rendered":"<p>Des del Servei de Suport a la Comunitat educativa han publicat un nou NODES on es recull tota la informaci\u00f3 i actualitzaci\u00f3 de tot el que fa refer\u00e8ncia a Aprenentatge Servei i Servei Comunitari<\/p>\n<p><a href=\"https:\/\/projectes.xtec.cat\/pee\/\" target=\"_blank\" rel=\"noopener\"><img loading=\"lazy\" decoding=\"async\" class=\"aligncenter wp-image-11987 size-large\" src=\"https:\/\/serveiseducatius.xtec.cat\/noguera\/wp-content\/uploads\/usu1149\/2022\/06\/ssce2-1024x219.png\" alt=\"\" width=\"1024\" height=\"219\" srcset=\"https:\/\/serveiseducatius.xtec.cat\/noguera\/wp-content\/uploads\/usu1149\/2022\/06\/ssce2-1024x219.png 1024w, https:\/\/serveiseducatius.xtec.cat\/noguera\/wp-content\/uploads\/usu1149\/2022\/06\/ssce2-300x64.png 300w, https:\/\/serveiseducatius.xtec.cat\/noguera\/wp-content\/uploads\/usu1149\/2022\/06\/ssce2-768x164.png 768w, https:\/\/serveiseducatius.xtec.cat\/noguera\/wp-content\/uploads\/usu1149\/2022\/06\/ssce2.png 1230w\" sizes=\"auto, (max-width: 1024px) 100vw, 1024px\" \/><\/a><br \/>\nFuncions:<\/p>\n<p>a) Portar a terme la interlocuci\u00f3 i l\u2019atenci\u00f3 ordin\u00e0ria de la comunitat educativa.<br \/>\nb) Donar suport al funcionament dels \u00f2rgans d\u2019interlocuci\u00f3 i participaci\u00f3 de la comunitat educativa.<br \/>\nc) Promoure la col\u00b7laboraci\u00f3 i la coordinaci\u00f3 amb els ens locals en mat\u00e8ria educativa.<br \/>\nd) Definir les l\u00ednies de col\u00b7laboraci\u00f3 amb els agents socioeducatius del territori.<br \/>\ne) Elaborar criteris que facilitin el funcionament i l\u2019optimaci\u00f3 de tots els recursos educatius, socials, esportius i culturals del territori per tal de contribuir a la millora de l\u2019\u00e8xit educatiu dels alumnes, especialment dels m\u00e9s necessitats, fr\u00e0gils o desmotivats.<br \/>\nf) Elaborar i facilitar orientacions i recursos per als t\u00e8cnics d\u2019integraci\u00f3 social per facilitar-los la tasca i alinearla amb les estrat\u00e8gies educatives del Departament d\u2019Educaci\u00f3.<br \/>\ng) Elaborar i difondre estrat\u00e8gies i recursos per promoure l\u2019\u00e8xit educatiu de tots els alumnes, especialment dels m\u00e9s desfavorits, i millorar la conviv\u00e8ncia i la cohesi\u00f3 social.<br \/>\nh) Gestionar i coordinar l\u2019acci\u00f3 territorial dels plans educatius d\u2019entorn.<br \/>\ni) Elaborar orientacions i estrat\u00e8gies per consolidar i millorar els plans educatius d\u2019entorn.<br \/>\nj) Elaborar estrat\u00e8gies per promoure el treball i l\u2019aprenentatge en xarxa dels diferents agents educatius que operen en un territori.<br \/>\nk) Dissenyar eines de seguiment dels projectes desenvolupats i elaborar els informes d\u2019avaluaci\u00f3 corresponents.<br \/>\nl) Qualsevol altra funci\u00f3 que li sigui encomanada en relaci\u00f3 amb les anteriors.<\/p>\n<h4>Materials de formaci\u00f3 2021-2022<\/h4>\n<p><a href=\"https:\/\/projectes.xtec.cat\/pee\/materials-formacions-sc\/\" target=\"_blank\" rel=\"noopener\"><img loading=\"lazy\" decoding=\"async\" class=\"aligncenter wp-image-11993 size-large\" src=\"https:\/\/serveiseducatius.xtec.cat\/noguera\/wp-content\/uploads\/usu1149\/2022\/06\/Servei-Comunitari_2022_page-0001-527x1024.jpg\" alt=\"\" width=\"527\" height=\"1024\" srcset=\"https:\/\/serveiseducatius.xtec.cat\/noguera\/wp-content\/uploads\/usu1149\/2022\/06\/Servei-Comunitari_2022_page-0001-527x1024.jpg 527w, https:\/\/serveiseducatius.xtec.cat\/noguera\/wp-content\/uploads\/usu1149\/2022\/06\/Servei-Comunitari_2022_page-0001-154x300.jpg 154w, https:\/\/serveiseducatius.xtec.cat\/noguera\/wp-content\/uploads\/usu1149\/2022\/06\/Servei-Comunitari_2022_page-0001-768x1493.jpg 768w, https:\/\/serveiseducatius.xtec.cat\/noguera\/wp-content\/uploads\/usu1149\/2022\/06\/Servei-Comunitari_2022_page-0001-790x1536.jpg 790w, https:\/\/serveiseducatius.xtec.cat\/noguera\/wp-content\/uploads\/usu1149\/2022\/06\/Servei-Comunitari_2022_page-0001-1053x2048.jpg 1053w, https:\/\/serveiseducatius.xtec.cat\/noguera\/wp-content\/uploads\/usu1149\/2022\/06\/Servei-Comunitari_2022_page-0001.jpg 1063w\" sizes=\"auto, (max-width: 527px) 100vw, 527px\" \/><\/a><\/p>\n","protected":false},"excerpt":{"rendered":"<p>Des del Servei de Suport a la Comunitat educativa han publicat un nou NODES on es recull tota la informaci\u00f3 i actualitzaci\u00f3 de tot el que fa refer\u00e8ncia a Aprenentatge Servei i Servei Comunitari Funcions: a) Portar a terme la interlocuci\u00f3 i l\u2019atenci\u00f3 ordin\u00e0ria de la comunitat educativa. b) Donar suport al funcionament dels \u00f2rgans [&hellip;]<\/p>\n","protected":false},"author":1,"featured_media":0,"parent":8095,"menu_order":10,"comment_status":"closed","ping_status":"closed","template":"page-templates\/side-menu.php","meta":{"_bbp_topic_count":0,"_bbp_reply_count":0,"_bbp_total_topic_count":0,"_bbp_total_reply_count":0,"_bbp_voice_count":0,"_bbp_anonymous_reply_count":0,"_bbp_topic_count_hidden":0,"_bbp_reply_count_hidden":0,"_bbp_forum_subforum_count":0,"site-sidebar-layout":"default","site-content-layout":"","ast-site-content-layout":"","site-content-style":"default","site-sidebar-style":"default","ast-global-header-display":"","ast-banner-title-visibility":"","ast-main-header-display":"","ast-hfb-above-header-display":"","ast-hfb-below-header-display":"","ast-hfb-mobile-header-display":"","site-post-title":"","ast-breadcrumbs-content":"","ast-featured-img":"","footer-sml-layout":"","theme-transparent-header-meta":"","adv-header-id-meta":"","stick-header-meta":"","header-above-stick-meta":"","header-main-stick-meta":"","header-below-stick-meta":"","astra-migrate-meta-layouts":"default","ast-page-background-enabled":"default","ast-page-background-meta":{"desktop":{"background-color":"var(--ast-global-color-4)","background-image":"","background-repeat":"repeat","background-position":"center center","background-size":"auto","background-attachment":"scroll","background-type":"","background-media":"","overlay-type":"","overlay-color":"","overlay-opacity":"","overlay-gradient":""},"tablet":{"background-color":"","background-image":"","background-repeat":"repeat","background-position":"center center","background-size":"auto","background-attachment":"scroll","background-type":"","background-media":"","overlay-type":"","overlay-color":"","overlay-opacity":"","overlay-gradient":""},"mobile":{"background-color":"","background-image":"","background-repeat":"repeat","background-position":"center center","background-size":"auto","background-attachment":"scroll","background-type":"","background-media":"","overlay-type":"","overlay-color":"","overlay-opacity":"","overlay-gradient":""}},"ast-content-background-meta":{"desktop":{"background-color":"var(--ast-global-color-5)","background-image":"","background-repeat":"repeat","background-position":"center center","background-size":"auto","background-attachment":"scroll","background-type":"","background-media":"","overlay-type":"","overlay-color":"","overlay-opacity":"","overlay-gradient":""},"tablet":{"background-color":"var(--ast-global-color-5)","background-image":"","background-repeat":"repeat","background-position":"center center","background-size":"auto","background-attachment":"scroll","background-type":"","background-media":"","overlay-type":"","overlay-color":"","overlay-opacity":"","overlay-gradient":""},"mobile":{"background-color":"var(--ast-global-color-5)","background-image":"","background-repeat":"repeat","background-position":"center center","background-size":"auto","background-attachment":"scroll","background-type":"","background-media":"","overlay-type":"","overlay-color":"","overlay-opacity":"","overlay-gradient":""}},"footnotes":""},"class_list":["post-11986","page","type-page","status-publish","hentry"],"post_mailing_queue_ids":[],"_links":{"self":[{"href":"https:\/\/serveiseducatius.xtec.cat\/noguera\/wp-json\/wp\/v2\/pages\/11986","targetHints":{"allow":["GET"]}}],"collection":[{"href":"https:\/\/serveiseducatius.xtec.cat\/noguera\/wp-json\/wp\/v2\/pages"}],"about":[{"href":"https:\/\/serveiseducatius.xtec.cat\/noguera\/wp-json\/wp\/v2\/types\/page"}],"author":[{"embeddable":true,"href":"https:\/\/serveiseducatius.xtec.cat\/noguera\/wp-json\/wp\/v2\/users\/1"}],"replies":[{"embeddable":true,"href":"https:\/\/serveiseducatius.xtec.cat\/noguera\/wp-json\/wp\/v2\/comments?post=11986"}],"version-history":[{"count":2,"href":"https:\/\/serveiseducatius.xtec.cat\/noguera\/wp-json\/wp\/v2\/pages\/11986\/revisions"}],"predecessor-version":[{"id":11994,"href":"https:\/\/serveiseducatius.xtec.cat\/noguera\/wp-json\/wp\/v2\/pages\/11986\/revisions\/11994"}],"up":[{"embeddable":true,"href":"https:\/\/serveiseducatius.xtec.cat\/noguera\/wp-json\/wp\/v2\/pages\/8095"}],"wp:attachment":[{"href":"https:\/\/serveiseducatius.xtec.cat\/noguera\/wp-json\/wp\/v2\/media?parent=11986"}],"curies":[{"name":"wp","href":"https:\/\/api.w.org\/{rel}","templated":true}]}}