{"id":11929,"date":"2022-06-01T10:11:31","date_gmt":"2022-06-01T08:11:31","guid":{"rendered":"https:\/\/serveiseducatius.xtec.cat\/noguera\/?page_id=11929"},"modified":"2022-06-01T14:04:11","modified_gmt":"2022-06-01T12:04:11","slug":"refugi-2021-2022","status":"publish","type":"page","link":"https:\/\/serveiseducatius.xtec.cat\/noguera\/refugi-llavors-noguera\/refugi-2021-2022\/","title":{"rendered":"Refugi 2021-2022"},"content":{"rendered":"<table style=\"height: 29px; background-color: #121010;\" width=\"1090\">\n<tbody>\n<tr>\n<td style=\"width: 1084px;\">\n<h3><span style=\"color: #ffffff;\"><strong>Curs 2021-2022<\/strong><\/span><\/h3>\n<\/td>\n<\/tr>\n<\/tbody>\n<\/table>\n<h3><strong>Sessi\u00f3 1. Tornem a l&#8217;activitat<\/strong><\/h3>\n<p>Ara m\u00e9s que mai, les activitats i els projectes que permetin treballar a l&#8217;exterior ofereixen un espai de treball on compartir i treballar plegats es fa m\u00e9s f\u00e0cil i amb molt poc risc.<\/p>\n<p>Com cada any reprendrem l&#8217;activitat de dinamitzaci\u00f3 dels nostres horts escolars amb el <strong>Projecte del Refugi de Llavors de la Noguera<\/strong>, i com ja sabeu, tenim una data clau en el calendari per engegar els horts d&#8217;hivern que \u00e9s la festa del Pilar. En aquest sentit<\/p>\n<p>En el vostre cas, no hi ha cap limitaci\u00f3 per poder continuar treballant en el projecte de l&#8217;hort en el vostre centre educatiu, ja que es tracta d&#8217;una activitat a l&#8217;aire lliure i que es pot dur a terme amb seguretat amb els grups bombolla de cada curs.<\/p>\n<p><strong>A partir del 4 d&#8217;octubre podeu passar pel CRP de La Noguera en horari de mat\u00ed a buscar llavors de la nostra col\u00b7lecci\u00f3 per posar en marxa el vostre hort. Al mateix temps, us farem tot l&#8217;assessorament personalitzat que necessiteu, aclarirem dubtes i us proposarem noves idees d&#8217;activitats i recursos que podeu treballar amb els cultius del vostre hort i en altres aspectes relacionats amb la sostenibilitat i els medi ambient. Continuarem fent la feina, per\u00f2 diferent!<\/strong><\/p>\n<p><span style=\"font-size: 1.125em; font-weight: bold;\">Recursos:<\/span><\/p>\n<div class=\"row\" style=\"margin-bottom: 1em !important;\">\n<p><a href=\"https:\/\/escoles.fundesplai.org\/blog\/educacio-ambiental\/com-vincular-lhort-escolar-al-curriculum\/\" target=\"_blank\" rel=\"noopener noreferrer\"><strong>Com vincular l&#8217;hort escolar al curriculum<\/strong><\/a>. Fundesplai<\/p>\n<h3><strong>Sessi\u00f3 2. Parlem de Biodiversitat<\/strong><\/h3>\n<p><a href=\"https:\/\/www.un.org\/sustainabledevelopment\/es\/biodiversity\/\"><img loading=\"lazy\" decoding=\"async\" class=\"alignleft wp-image-11132\" src=\"https:\/\/serveiseducatius.xtec.cat\/noguera\/wp-content\/uploads\/usu1149\/2021\/11\/S_SDG-goals_icons-individual-rgb-15-1024x1024.png\" alt=\"\" width=\"120\" height=\"120\" srcset=\"https:\/\/serveiseducatius.xtec.cat\/noguera\/wp-content\/uploads\/usu1149\/2021\/11\/S_SDG-goals_icons-individual-rgb-15-1024x1024.png 1024w, https:\/\/serveiseducatius.xtec.cat\/noguera\/wp-content\/uploads\/usu1149\/2021\/11\/S_SDG-goals_icons-individual-rgb-15-300x300.png 300w, https:\/\/serveiseducatius.xtec.cat\/noguera\/wp-content\/uploads\/usu1149\/2021\/11\/S_SDG-goals_icons-individual-rgb-15-150x150.png 150w, https:\/\/serveiseducatius.xtec.cat\/noguera\/wp-content\/uploads\/usu1149\/2021\/11\/S_SDG-goals_icons-individual-rgb-15-768x768.png 768w, https:\/\/serveiseducatius.xtec.cat\/noguera\/wp-content\/uploads\/usu1149\/2021\/11\/S_SDG-goals_icons-individual-rgb-15.png 1500w\" sizes=\"auto, (max-width: 120px) 100vw, 120px\" \/><\/a>La biodiversitat \u00e9s un dels temes de m\u00e9s actualitat en aquest moment i est\u00e0 vinculada a l&#8217;Objectiu de desenvolupament sostenible 15.<\/p>\n<p>Per\u00f2, qu\u00e8 en sabem de la Biodiversitat? I nosaltres des del Refugi de llavors, com la podem treballar dins del nostre projecte? A continuaci\u00f3 en teniu unes quantes idees que potser us poden ser d&#8217;utilitat.<\/p>\n<p><iframe loading=\"lazy\" src=\"https:\/\/docs.google.com\/presentation\/d\/e\/2PACX-1vQRQlAq2CLuRtwm7wpNlVRgid1kD1Hz0Qg3bgXeT0Y9SQpwUvSJn4FSIcDTvoZXhepZBTmvXnP3kdbE\/embed?start=false&amp;loop=false&amp;delayms=3000\" width=\"800\" height=\"479\" frameborder=\"0\" allowfullscreen=\"allowfullscreen\"><\/iframe><\/p>\n<p><span style=\"font-size: 1.125em; font-weight: bold;\">Recursos:<\/span><\/p>\n<p><a href=\"https:\/\/escoles.fundesplai.org\/blog\/educacio-ambiental\/com-fer-un-hotel-dinsectes-a-lescola-o-lesplai\/\" target=\"_blank\" rel=\"noopener\"><strong>Qui pot viure en un hotel d&#8217;insectes?<\/strong><\/a>\u00a0Fundesplai<\/p>\n<\/div>\n<h3><strong>Sessi\u00f3 3. Tornem a l&#8217;activitat<\/strong><\/h3>\n<p>El calendari avan\u00e7a i ja s\u00f3n ben evidents els canvis en la durada del dia i en les temperatures, per tant, toca escalfar motor i enfilar l&#8217;activitat per preparar l&#8217;hort de primavera.<\/p>\n<p><strong>A partir del 14 de febrer de 2022 podreu passar pel CRP de La Noguera en horari de mat\u00ed a buscar llavors de la nostra col\u00b7lecci\u00f3 per a l&#8217;hort de primavera del vostre centre. Com sempre, aprofitarem per revisar els cultius d&#8217;hivern que encara estiguin en proc\u00e9s, com les faves i p\u00e8sols, i us farem tot l&#8217;assessorament per als nous cultius, aclarirem dubtes.<\/strong><\/p>\n<p>Com sempre, ens podreu demanar suport per dissenyar o repensar noves idees per a activitats i recursos per treballar amb els cultius del vostre hort i en altres aspectes relacionats amb la sostenibilitat i els medi ambient.<\/p>\n<p>Seguim!!<\/p>\n<h3><strong>Sessi\u00f3 4. Renaturalitzaci\u00f3 dels patis escolars<\/strong><\/h3>\n<p>En el marc del projecte \u201c<a href=\"https:\/\/serveiseducatius.xtec.cat\/segria\/general\/espais-que-eduquen-patis-per-a-tothom\/\" target=\"_blank\" rel=\"noopener\">Espais que Eduquen, Patis per a Tothom<\/a>\u201d que s&#8217;est\u00e0 desplegant a les escoles de Lleida ciutat i en el qual participa el CRP de la Noguera, us presentem la confer\u00e8ncia que s&#8217;ha dut a terme al voltant de la renaturalitzaci\u00f3 dels diferents espais escolars.<\/p>\n<p>Amb aquesta xerrada volem avan\u00e7ar en la transformaci\u00f3 dels espais exteriors de les escoles a partir de la reflexi\u00f3 pedag\u00f2gica que ha de conduir als canvis f\u00edsics que ens portin a l\u2019escola que volem i que ens portin a convertir aquest espai exterior, el nostre pati, en un espai d\u2019aprenentatge vivencial, en el qual s&#8217;emmarca el nostre projecte del Refugi de Llavors de la Noguera.<\/p>\n<div class=\"ast-oembed-container \" style=\"height: 100%;\"><iframe loading=\"lazy\" title=\"Llavor de coneixement: Renaturalitzaci\u00f3 dels patis escolars\" width=\"500\" height=\"281\" src=\"https:\/\/www.youtube.com\/embed\/bOiasVTpicI?feature=oembed\" frameborder=\"0\" allow=\"accelerometer; autoplay; clipboard-write; encrypted-media; gyroscope; picture-in-picture; web-share\" referrerpolicy=\"strict-origin-when-cross-origin\" allowfullscreen><\/iframe><\/div>\n<h3><strong>Sessi\u00f3 5. Indagaci\u00f3 i experimentaci\u00f3 a l&#8217;hort<\/strong><\/h3>\n<table style=\"border-collapse: collapse; width: 57.387%;\">\n<tbody>\n<tr>\n<td style=\"width: 14.0411%;\"><a href=\"https:\/\/www.un.org\/sustainabledevelopment\/es\/biodiversity\/\"><img loading=\"lazy\" decoding=\"async\" class=\"alignleft wp-image-11132\" src=\"https:\/\/serveiseducatius.xtec.cat\/noguera\/wp-content\/uploads\/usu1149\/2021\/11\/S_SDG-goals_icons-individual-rgb-15-1024x1024.png\" alt=\"\" width=\"120\" height=\"120\" srcset=\"https:\/\/serveiseducatius.xtec.cat\/noguera\/wp-content\/uploads\/usu1149\/2021\/11\/S_SDG-goals_icons-individual-rgb-15-1024x1024.png 1024w, https:\/\/serveiseducatius.xtec.cat\/noguera\/wp-content\/uploads\/usu1149\/2021\/11\/S_SDG-goals_icons-individual-rgb-15-300x300.png 300w, https:\/\/serveiseducatius.xtec.cat\/noguera\/wp-content\/uploads\/usu1149\/2021\/11\/S_SDG-goals_icons-individual-rgb-15-150x150.png 150w, https:\/\/serveiseducatius.xtec.cat\/noguera\/wp-content\/uploads\/usu1149\/2021\/11\/S_SDG-goals_icons-individual-rgb-15-768x768.png 768w, https:\/\/serveiseducatius.xtec.cat\/noguera\/wp-content\/uploads\/usu1149\/2021\/11\/S_SDG-goals_icons-individual-rgb-15.png 1500w\" sizes=\"auto, (max-width: 120px) 100vw, 120px\" \/><\/a><\/td>\n<td style=\"width: 14.1991%;\"><span style=\"color: #2795b6;\"><span style=\"font-size: 16px;\"><a style=\"color: #2795b6; font-size: 16px;\" href=\"https:\/\/serveiseducatius.xtec.cat\/noguera\/wp-content\/uploads\/usu1149\/2022\/04\/ods4.jpg\"><img loading=\"lazy\" decoding=\"async\" class=\"wp-image-11724 alignleft\" src=\"https:\/\/serveiseducatius.xtec.cat\/noguera\/wp-content\/uploads\/usu1149\/2022\/04\/ods4-1024x1024.jpg\" alt=\"\" width=\"120\" height=\"120\" \/><\/a><\/span><\/span><\/p>\n<p>&nbsp;<\/td>\n<td style=\"width: 14.4738%;\"><span style=\"color: #2795b6;\"><span style=\"font-size: 16px;\"><a style=\"color: #2795b6; font-size: 16px;\" href=\"https:\/\/serveiseducatius.xtec.cat\/noguera\/wp-content\/uploads\/usu1149\/2022\/04\/ods11.jpg\"><img loading=\"lazy\" decoding=\"async\" class=\"wp-image-11725 alignleft\" src=\"https:\/\/serveiseducatius.xtec.cat\/noguera\/wp-content\/uploads\/usu1149\/2022\/04\/ods11-1024x1024.jpg\" alt=\"\" width=\"120\" height=\"120\" \/><\/a><\/span><\/span><\/p>\n<p>&nbsp;<\/td>\n<td style=\"width: 13.8816%;\"><a href=\"https:\/\/serveiseducatius.xtec.cat\/noguera\/wp-content\/uploads\/usu1149\/2022\/04\/ods13.png\"><img loading=\"lazy\" decoding=\"async\" class=\"wp-image-11726 alignleft\" src=\"https:\/\/serveiseducatius.xtec.cat\/noguera\/wp-content\/uploads\/usu1149\/2022\/04\/ods13-1024x1024.png\" alt=\"\" width=\"120\" height=\"120\" srcset=\"https:\/\/serveiseducatius.xtec.cat\/noguera\/wp-content\/uploads\/usu1149\/2022\/04\/ods13-1024x1024.png 1024w, https:\/\/serveiseducatius.xtec.cat\/noguera\/wp-content\/uploads\/usu1149\/2022\/04\/ods13-300x300.png 300w, https:\/\/serveiseducatius.xtec.cat\/noguera\/wp-content\/uploads\/usu1149\/2022\/04\/ods13-150x150.png 150w, https:\/\/serveiseducatius.xtec.cat\/noguera\/wp-content\/uploads\/usu1149\/2022\/04\/ods13-768x768.png 768w, https:\/\/serveiseducatius.xtec.cat\/noguera\/wp-content\/uploads\/usu1149\/2022\/04\/ods13.png 1500w\" sizes=\"auto, (max-width: 120px) 100vw, 120px\" \/><\/a><\/td>\n<\/tr>\n<\/tbody>\n<\/table>\n<p>La indagaci\u00f3 i l&#8217;experimentaci\u00f3 a l&#8217;aula s\u00f3n essencials a l&#8217;hora de fomentar el pensament cr\u00edtic de l&#8217;alumnat i treballar col\u00b7laborativament a l&#8217;aula.\u00a0Per\u00f2, com podem portar la indagi\u00f3 i l&#8217;experimentaci\u00f3 des de l&#8217;hort a l&#8217;aula? A continuaci\u00f3 en teniu unes quantes idees que potser us poden ser d&#8217;utilitat.<\/p>\n<p><iframe loading=\"lazy\" src=\"https:\/\/docs.google.com\/presentation\/d\/e\/2PACX-1vRsEQ_vMok3SoFNYrxp8ARCRpIc55Opbbyfxlv9n6khW6KxBFQjwtRCCI3pw1IfDiVxfg5RnUYbM69e\/embed?start=false&amp;loop=false&amp;delayms=3000\" width=\"800\" height=\"479\" frameborder=\"0\" allowfullscreen=\"allowfullscreen\"><span data-mce-type=\"bookmark\" style=\"display: inline-block; width: 0px; overflow: hidden; line-height: 0;\" class=\"mce_SELRES_start\">\ufeff<\/span><\/iframe><\/p>\n<h3><strong>Sessi\u00f3 6. Celebraci\u00f3 del DMMA<\/strong><\/h3>\n<p><a href=\"https:\/\/drive.google.com\/file\/d\/1wJRqdtZxcrC5G_WgIfDWzYK1utvRsZsF\/view\" target=\"_blank\" rel=\"noopener\"><img loading=\"lazy\" decoding=\"async\" class=\"aligncenter wp-image-11910\" src=\"https:\/\/serveiseducatius.xtec.cat\/noguera\/wp-content\/uploads\/usu1149\/2022\/05\/2022-Poster-DMMA-1024.png\" alt=\"\" width=\"530\" height=\"475\" srcset=\"https:\/\/serveiseducatius.xtec.cat\/noguera\/wp-content\/uploads\/usu1149\/2022\/05\/2022-Poster-DMMA-1024.png 1024w, https:\/\/serveiseducatius.xtec.cat\/noguera\/wp-content\/uploads\/usu1149\/2022\/05\/2022-Poster-DMMA-1024-300x269.png 300w, https:\/\/serveiseducatius.xtec.cat\/noguera\/wp-content\/uploads\/usu1149\/2022\/05\/2022-Poster-DMMA-1024-768x688.png 768w\" sizes=\"auto, (max-width: 530px) 100vw, 530px\" \/><\/a><\/p>\n<p><span style=\"font-size: 1.125em; font-weight: bold;\">Recursos:<\/span><\/p>\n<table style=\"border-collapse: collapse; width: 100%;\">\n<tbody>\n<tr>\n<td style=\"width: 37.3482%;\"><a href=\"https:\/\/www.fcaixescatalanes.cat\/guardes-del-clima\/\" target=\"_blank\" rel=\"noopener\"><img loading=\"lazy\" decoding=\"async\" class=\"alignleft wp-image-11927\" src=\"https:\/\/serveiseducatius.xtec.cat\/noguera\/wp-content\/uploads\/usu1149\/2022\/06\/Guardes-del-clima.png\" alt=\"\" width=\"345\" height=\"145\" srcset=\"https:\/\/serveiseducatius.xtec.cat\/noguera\/wp-content\/uploads\/usu1149\/2022\/06\/Guardes-del-clima.png 829w, https:\/\/serveiseducatius.xtec.cat\/noguera\/wp-content\/uploads\/usu1149\/2022\/06\/Guardes-del-clima-300x126.png 300w, https:\/\/serveiseducatius.xtec.cat\/noguera\/wp-content\/uploads\/usu1149\/2022\/06\/Guardes-del-clima-768x322.png 768w\" sizes=\"auto, (max-width: 345px) 100vw, 345px\" \/><\/a><\/td>\n<td style=\"width: 62.6518%;\">\n<p style=\"font-family: 'Helvetica Neue', Helvetica, Helvetica, Arial, sans-serif; font-size: 16px;\">En qualitat d\u2019agents educatius, hem de facilitar la integraci\u00f3 de bones pr\u00e0ctiques en les accions quotidianes dels nostres infants perqu\u00e8 tots plegats puguem adoptar mesures per combatre el canvi clim\u00e0tic i els seus efectes.<\/p>\n<p style=\"font-family: 'Helvetica Neue', Helvetica, Helvetica, Arial, sans-serif; font-size: 16px;\">Aquest recurs educatiu \u201c<a href=\"https:\/\/www.fcaixescatalanes.cat\/guardes-del-clima\/\" target=\"_blank\" rel=\"noopener\"><strong>Guardes del Clima<\/strong><\/a>\u201d est\u00e0 adre\u00e7at a infants d\u2019entre 9 i 12 anys i consisteix en un joc on la Coral, la protagonista, gr\u00e0cies a les decisions i accions dels participants, podr\u00e0 aconseguir el seu objectiu: convertir-se en una bona Guarda del Clima! Amb ella aprendran com combatre l\u2019emerg\u00e8ncia clim\u00e0tica a trav\u00e9s de 3 missions.<\/p>\n<\/td>\n<\/tr>\n<tr>\n<td style=\"width: 37.3482%;\"><a href=\"https:\/\/serveiseducatius.xtec.cat\/noguera\/wp-content\/uploads\/usu1149\/2022\/06\/diamundialmedi22.png\"><img loading=\"lazy\" decoding=\"async\" class=\" wp-image-11932 alignleft\" src=\"https:\/\/serveiseducatius.xtec.cat\/noguera\/wp-content\/uploads\/usu1149\/2022\/06\/diamundialmedi22.png\" alt=\"\" width=\"344\" height=\"217\" srcset=\"https:\/\/serveiseducatius.xtec.cat\/noguera\/wp-content\/uploads\/usu1149\/2022\/06\/diamundialmedi22.png 581w, https:\/\/serveiseducatius.xtec.cat\/noguera\/wp-content\/uploads\/usu1149\/2022\/06\/diamundialmedi22-300x190.png 300w\" sizes=\"auto, (max-width: 344px) 100vw, 344px\" \/><\/a><\/td>\n<td style=\"width: 62.6518%;\">\n<p style=\"font-family: 'Helvetica Neue', Helvetica, Helvetica, Arial, sans-serif; font-size: 16px;\">Des d\u2019Unicef us proposen\u00a0crear\u00a0<a href=\"https:\/\/www.unicef.es\/cat\/educa\/mots-climatics\" target=\"_blank\" rel=\"noopener\"><strong>mots clim\u00e0tics<\/strong><\/a>: paraules noves, rares i fins i tot pomposes i altisonants per poder definir algunes de les q\u00fcestions mediambientals que m\u00e9s preocupen a les aules. Com fer-ho?<\/p>\n<ul style=\"font-size: 16px; font-family: 'Helvetica Neue', Helvetica, Helvetica, Arial, sans-serif;\">\n<li>Exploreu un tema<\/li>\n<li>Trieu alguna cosa per a la qual no hi hagi una paraula.<\/li>\n<li>Enregistreu el vostre mot clim\u00e0tic.<\/li>\n<li>Compartiu-lo al vostre bloc o xarxes socials amb el hashtag\u00a0 #motsclimatics<\/li>\n<\/ul>\n<p style=\"font-family: 'Helvetica Neue', Helvetica, Helvetica, Arial, sans-serif; font-size: 16px;\">Aquesta activitat permet desenvolupar habilitats cient\u00edfiques, ling\u00fc\u00edstiques, art\u00edstiques i de participaci\u00f3 infantil.\u00a0Descobriu totes les possibilitats d\u2019aquesta activitat descarregant-vos la\u00a0<strong><a href=\"https:\/\/www.unicef.es\/sites\/unicef.es\/files\/educa\/c21-22\/unicef-educa-guia-activitat-dia-medioambient-mots-climatics-CAT.pdf\" target=\"_blank\" rel=\"noopener\">guia per a l\u2019aula<\/a><\/strong>.<\/p>\n<\/td>\n<\/tr>\n<\/tbody>\n<\/table>\n<p>&nbsp;<\/p>\n","protected":false},"excerpt":{"rendered":"<p>Curs 2021-2022 Sessi\u00f3 1. Tornem a l&#8217;activitat Ara m\u00e9s que mai, les activitats i els projectes que permetin treballar a l&#8217;exterior ofereixen un espai de treball on compartir i treballar plegats es fa m\u00e9s f\u00e0cil i amb molt poc risc. Com cada any reprendrem l&#8217;activitat de dinamitzaci\u00f3 dels nostres horts escolars amb el Projecte del [&hellip;]<\/p>\n","protected":false},"author":1,"featured_media":0,"parent":8991,"menu_order":18,"comment_status":"closed","ping_status":"closed","template":"page-templates\/side-menu.php","meta":{"_bbp_topic_count":0,"_bbp_reply_count":0,"_bbp_total_topic_count":0,"_bbp_total_reply_count":0,"_bbp_voice_count":0,"_bbp_anonymous_reply_count":0,"_bbp_topic_count_hidden":0,"_bbp_reply_count_hidden":0,"_bbp_forum_subforum_count":0,"site-sidebar-layout":"default","site-content-layout":"","ast-site-content-layout":"","site-content-style":"default","site-sidebar-style":"default","ast-global-header-display":"","ast-banner-title-visibility":"","ast-main-header-display":"","ast-hfb-above-header-display":"","ast-hfb-below-header-display":"","ast-hfb-mobile-header-display":"","site-post-title":"","ast-breadcrumbs-content":"","ast-featured-img":"","footer-sml-layout":"","theme-transparent-header-meta":"","adv-header-id-meta":"","stick-header-meta":"","header-above-stick-meta":"","header-main-stick-meta":"","header-below-stick-meta":"","astra-migrate-meta-layouts":"default","ast-page-background-enabled":"default","ast-page-background-meta":{"desktop":{"background-color":"var(--ast-global-color-4)","background-image":"","background-repeat":"repeat","background-position":"center center","background-size":"auto","background-attachment":"scroll","background-type":"","background-media":"","overlay-type":"","overlay-color":"","overlay-opacity":"","overlay-gradient":""},"tablet":{"background-color":"","background-image":"","background-repeat":"repeat","background-position":"center center","background-size":"auto","background-attachment":"scroll","background-type":"","background-media":"","overlay-type":"","overlay-color":"","overlay-opacity":"","overlay-gradient":""},"mobile":{"background-color":"","background-image":"","background-repeat":"repeat","background-position":"center center","background-size":"auto","background-attachment":"scroll","background-type":"","background-media":"","overlay-type":"","overlay-color":"","overlay-opacity":"","overlay-gradient":""}},"ast-content-background-meta":{"desktop":{"background-color":"var(--ast-global-color-5)","background-image":"","background-repeat":"repeat","background-position":"center center","background-size":"auto","background-attachment":"scroll","background-type":"","background-media":"","overlay-type":"","overlay-color":"","overlay-opacity":"","overlay-gradient":""},"tablet":{"background-color":"var(--ast-global-color-5)","background-image":"","background-repeat":"repeat","background-position":"center center","background-size":"auto","background-attachment":"scroll","background-type":"","background-media":"","overlay-type":"","overlay-color":"","overlay-opacity":"","overlay-gradient":""},"mobile":{"background-color":"var(--ast-global-color-5)","background-image":"","background-repeat":"repeat","background-position":"center center","background-size":"auto","background-attachment":"scroll","background-type":"","background-media":"","overlay-type":"","overlay-color":"","overlay-opacity":"","overlay-gradient":""}},"footnotes":""},"class_list":["post-11929","page","type-page","status-publish","hentry"],"post_mailing_queue_ids":[],"_links":{"self":[{"href":"https:\/\/serveiseducatius.xtec.cat\/noguera\/wp-json\/wp\/v2\/pages\/11929","targetHints":{"allow":["GET"]}}],"collection":[{"href":"https:\/\/serveiseducatius.xtec.cat\/noguera\/wp-json\/wp\/v2\/pages"}],"about":[{"href":"https:\/\/serveiseducatius.xtec.cat\/noguera\/wp-json\/wp\/v2\/types\/page"}],"author":[{"embeddable":true,"href":"https:\/\/serveiseducatius.xtec.cat\/noguera\/wp-json\/wp\/v2\/users\/1"}],"replies":[{"embeddable":true,"href":"https:\/\/serveiseducatius.xtec.cat\/noguera\/wp-json\/wp\/v2\/comments?post=11929"}],"version-history":[{"count":2,"href":"https:\/\/serveiseducatius.xtec.cat\/noguera\/wp-json\/wp\/v2\/pages\/11929\/revisions"}],"predecessor-version":[{"id":11935,"href":"https:\/\/serveiseducatius.xtec.cat\/noguera\/wp-json\/wp\/v2\/pages\/11929\/revisions\/11935"}],"up":[{"embeddable":true,"href":"https:\/\/serveiseducatius.xtec.cat\/noguera\/wp-json\/wp\/v2\/pages\/8991"}],"wp:attachment":[{"href":"https:\/\/serveiseducatius.xtec.cat\/noguera\/wp-json\/wp\/v2\/media?parent=11929"}],"curies":[{"name":"wp","href":"https:\/\/api.w.org\/{rel}","templated":true}]}}